{"id":8813,"date":"2018-09-27T16:00:38","date_gmt":"2018-09-27T14:00:38","guid":{"rendered":"https:\/\/www.urlaub-auf-madagaskar.com\/?page_id=8813"},"modified":"2020-02-04T13:23:26","modified_gmt":"2020-02-04T12:23:26","slug":"geographie","status":"publish","type":"page","link":"https:\/\/www.urlaub-auf-madagaskar.com\/en\/geography\/","title":{"rendered":"Geography"},"content":{"rendered":"<h1>The geographical position of Madagascar<\/h1>\n<div class=\"bg_white\">\n<div class=\"col-md-12 col-sm-12 bg_white border no_padding margin_bottom_content\">\n<div class=\"col-md-12 col-sm-12 no_padding\">\n<div class=\"home_bg text-center side_bar_padding\"><a href=\"https:\/\/www.urlaub-auf-madagaskar.com\/wp-content\/uploads\/2015\/07\/madagascar_1895.jpg\"><img decoding=\"async\" class=\"side_bar_img size-medium wp-image-474 alignnone\" src=\"https:\/\/www.urlaub-auf-madagaskar.com\/wp-content\/uploads\/2015\/07\/madagascar_1895-215x300.jpg\" alt=\"madagascar_1895\" \/><\/a><\/div>\n<\/div>\n<div class=\"col-md-12 col-sm-12 no_padding\">\n<div class=\"home_content_div\">\n<p><strong>Madagascar is an island country<\/strong>which means that several smaller or larger islands or parts of islands form this state. It is important that none of these islands is connected to the land area of a continent. In fact, this is not the case with Madagascar, because the island is approximately <strong>600 kilometers from the east coast of Africa<\/strong>. In total, there are only four other islands in the world larger than Madagascar: Australia, Greenland, New Guinea and Borneo.<\/p>\n<p>Madagascar covers an area of exactly <strong>587,041 square kilometers<\/strong> and is home to more than <strong>23 million<\/strong> Inhabitants. The coastline of the island state covers more than 4,800 kilometers and Madagascar is located in the Indian Ocean. It is not uncommon for scientists and experts to speak of Madagascar as if it were a separate continent. However, this is not at all due to the considerable size of the island, but because of the complete isolation in which Madagascar has spent many centuries or millennia. What exactly are the fascinating <strong>geographical features of Madagascar<\/strong> and what this means for you and your<strong> Trip to Madagascar <\/strong>The following article will describe what this can mean. However, it is important to bear in mind that we are primarily focusing on the basic information about the <strong>geographical position and situation of Madagascar<\/strong> have limited. In the further subitems you can then, if you wish <strong>more information<\/strong> to discover the islands of Madagascar, the provinces and cities, and the rivers and waters.<\/p>\n<\/div>\n<\/div>\n<\/div>\n<\/div>\n<div class=\"col-md-12 col-sm-12 bg_white border no_padding margin_bottom_content\">\n<div class=\"col-md-12 col-sm-12 home_content_div\">\n<h3>The formation of Madagascar<\/h3>\n<p>Madagascar is today an island, but many millions of years ago belonged to a so-called <strong>Supercontinent named Gondwana<\/strong>. This supercontinent sometimes had dimensions of more than <strong>73 million square kilometers<\/strong> and included the now independent countries and continents of South America, New Guinea, Australia, Africa, Madagascar, India, Arabia and Antarctica. In the course of the <strong>Displacement of the so-called continental plates<\/strong>In the course of history, Gondwana broke up into individual parts, one of which was able to assert itself as Madagascar as an independent island. Since Madagascar was formed at the latest <strong>90 million years<\/strong> completely detached from the remains of Gondwana, the island existed since then as an independent island off the coast of Africa. The consequence of this development was that the <strong>Flora and fauna in Madagascar<\/strong> began to develop completely independently. Today, the relationships can hardly be reconstructed and many species that have long since become extinct in other parts of the world can still be found on Madagascar. This alone represents for many travelers a distinct advantage of a <strong>Madagascar vacation<\/strong> here: Here it is possible to immerse oneself in a world that is so completely alien to everything one is normally familiar with that the <strong>Trip to Madagascar<\/strong> developed into a spectacular and unforgettable adventure.<\/p>\n<\/div>\n<\/div>\n<div class=\"col-md-12 col-sm-12 bg_white border no_padding margin_bottom_content\">\n<div class=\"col-md-12 col-sm-12 home_content_div\">\n<h3>The exact characteristics of the island<\/h3>\n<p>As noted above, Madagascar is currently located about 400 kilometers from the east coast of Africa. However, as the continental plates continue to move, it is quite possible that this position will change over the next few millennia. The island currently measures a <strong>Length of 1,580 kilometers<\/strong>when measured from the southernmost tip to the northernmost tip. In latitude, the island covers a maximum of 580 kilometers. Especially for those travelers who are on the island of <strong>from north to south<\/strong> or vice versa are on the road, this <strong>Journey through Madagascar<\/strong> to a real adventure, since the infrastructure in most regions is by no means up to the standards known in this country. The highest <strong>Madagascar mountain<\/strong> hears on the name <strong>Maromocotro<\/strong>which is 2,876 meters high and thus only undercuts the German Zugspitze by a little less than 100 meters. The <strong>largest city in Madagascar<\/strong> is also the capital of the island, Antananarivo. Other large and important cities are Antsirabe, Toamasina and also Fianarantsoa. Some islands lie in front of the <strong>Madagascar coast<\/strong>, which includes, for example, the island of Nosy Be, which is very popular with tourists.,\/p&gt;<\/p>\n<\/div>\n<\/div>\n<div class=\"col-md-12 col-sm-12 bg_white border no_padding margin_bottom_content\">\n<div class=\"col-md-12 col-sm-12 home_content_div\">\n<h3>The different zones of Madagascar<\/h3>\n<p>From a geographical point of view, Madagascar is divided into <strong>Five different zones<\/strong> divided into: the central highlands, the east coast, the Tsaratanana massif in the north of the island, the southwest and the west coast of the country. The central highlands are formed by a plateau that slopes gently from east to west. On the east coast, there are sometimes steep slopes, resulting in a characteristic step formation. On the east coast are also found the <strong>Rainiest areas of the island<\/strong>The most important part of the island is the coast, where not only the rough ocean influences the climate, but also the trade winds are most noticeable. On the following subpages we dedicate ourselves in detail to the <strong>geographical peculiarities of Madagascar<\/strong>. If you have any questions about this or any of our travel offers, we would be happy to hear from you.<\/p>\n<\/div>\n<\/div>","protected":false},"excerpt":{"rendered":"<p>Die geographische Lage Madagaskars Madagaskar ist ein Inselstaat, was bedeutet, dass mehrere kleinere oder gr\u00f6\u00dfere Inseln bzw. Teile von Inseln diesen Staat bilden. Wichtig ist dabei, dass keine dieser Inseln mit der Landfl\u00e4che eines Kontinents verbunden ist. Bei Madagaskar ist dies tats\u00e4chlich nicht der Fall, denn die Insel ist ungef\u00e4hr 600 Kilometer von der Ostk\u00fcste [&hellip;]<\/p>\n","protected":false},"author":4,"featured_media":474,"parent":0,"menu_order":0,"comment_status":"open","ping_status":"closed","template":"","meta":{"footnotes":""},"categories":[488],"class_list":["post-8813","page","type-page","status-publish","has-post-thumbnail","hentry","category-geographie","group-cat-geografhie","hierachie-level-level-1"],"_links":{"self":[{"href":"https:\/\/www.urlaub-auf-madagaskar.com\/en\/wp-json\/wp\/v2\/pages\/8813","targetHints":{"allow":["GET"]}}],"collection":[{"href":"https:\/\/www.urlaub-auf-madagaskar.com\/en\/wp-json\/wp\/v2\/pages"}],"about":[{"href":"https:\/\/www.urlaub-auf-madagaskar.com\/en\/wp-json\/wp\/v2\/types\/page"}],"author":[{"embeddable":true,"href":"https:\/\/www.urlaub-auf-madagaskar.com\/en\/wp-json\/wp\/v2\/users\/4"}],"replies":[{"embeddable":true,"href":"https:\/\/www.urlaub-auf-madagaskar.com\/en\/wp-json\/wp\/v2\/comments?post=8813"}],"version-history":[{"count":0,"href":"https:\/\/www.urlaub-auf-madagaskar.com\/en\/wp-json\/wp\/v2\/pages\/8813\/revisions"}],"wp:featuredmedia":[{"embeddable":true,"href":"https:\/\/www.urlaub-auf-madagaskar.com\/en\/wp-json\/wp\/v2\/media\/474"}],"wp:attachment":[{"href":"https:\/\/www.urlaub-auf-madagaskar.com\/en\/wp-json\/wp\/v2\/media?parent=8813"}],"wp:term":[{"taxonomy":"category","embeddable":true,"href":"https:\/\/www.urlaub-auf-madagaskar.com\/en\/wp-json\/wp\/v2\/categories?post=8813"}],"curies":[{"name":"wp","href":"https:\/\/api.w.org\/{rel}","templated":true}]}}