{"id":8138,"date":"2018-07-17T14:43:21","date_gmt":"2018-07-17T12:43:21","guid":{"rendered":"https:\/\/www.urlaub-auf-madagaskar.com\/?page_id=8138"},"modified":"2020-01-20T15:02:23","modified_gmt":"2020-01-20T14:02:23","slug":"antananarivo-tulear-14-tage","status":"publish","type":"page","link":"https:\/\/www.urlaub-auf-madagaskar.com\/en\/antananarivo-tulear-14-days\/","title":{"rendered":"Antananarivo Tul\u00e9ar 14 days"},"content":{"rendered":"<h1>14 days Madagascar individual trip from Antananarivo to Tulear<\/h1>\n<div class=\"bg_white\">\n<div class=\"col-md-12 col-sm-12 bg_white border no_padding margin_bottom_content\">\n<div class=\"col-md-12 col-sm-12 no_padding\">\n<div class=\"home_bg text-center side_bar_padding\"><a href=\"https:\/\/www.urlaub-auf-madagaskar.com\/wp-content\/uploads\/2015\/07\/RN7-mit-Ranomafana.jpg\" rel=\"attachment wp-att-2093\"><img decoding=\"async\" class=\"side_bar_img size-medium wp-image-3005 alignnone\" src=\"https:\/\/www.urlaub-auf-madagaskar.com\/wp-content\/uploads\/2015\/07\/RN7-mit-Ranomafana-257x300.jpg\" alt=\"RN7 with Ranomafana\" \/><\/a><\/div>\n<\/div>\n<div class=\"col-md-12 col-sm-12 no_padding\">\n<div class=\"home_content_div\">\n<p>If you want to experience Madagascar as an island in its full splendor, you should <strong>Madagascar vacation<\/strong> concentrate on a round trip. We have designed our 14-day individual tour, which we would like to present below, in such a way that the <strong>diverse landscapes of Madagascar<\/strong> as well as smaller local projects, several nature parks and fantastic bathing possibilities. The <strong>14 days trip through Madagascar<\/strong> can also be extended or customized according to your individual wishes. All you need to do is send us an e-mail. We will then contact you directly and discuss what is possible. The same applies, of course, if you have any questions about the following information on this individual tour.<\/p>\n<\/div>\n<\/div>\n<\/div>\n<\/div>\n<div class=\"col-md-12 col-sm-12 bg_white border no_padding margin_bottom_content\">\n<div class=\"col-md-12 col-sm-12 home_content_div\">\n<h3>Day 1: Arrival in Antananarivo<\/h3>\n<p>The first day is initially dedicated to the <strong>Arrival in Madagascar<\/strong>. We will pick you up after your landing at Ivato airport in the Malagasy capital Antanarivo and take you to your accommodation in the <a href=\"https:\/\/www.urlaub-auf-madagaskar.com\/en\/hotels\/#villa_sibylle\">Villa Sibyl<\/a>. Should you still need for your arrival <strong>Wishes<\/strong> in the form of food and drinks, it is best to let us know in advance so that we can take care of it.<\/p>\n<\/div>\n<\/div>\n<div class=\"bg_white\">\n<div class=\"col-md-12 col-sm-12 bg_white border no_padding margin_bottom_content\">\n<div class=\"col-md-12 col-sm-12 no_padding\">\n<div class=\"home_bg text-center side_bar_padding\"><a href=\"https:\/\/www.urlaub-auf-madagaskar.com\/wp-content\/uploads\/2015\/07\/3913259116_24a46ebf08_b.jpg\"><img decoding=\"async\" class=\"side_bar_img size-medium wp-image-8139 alignnone\" src=\"https:\/\/www.urlaub-auf-madagaskar.com\/wp-content\/uploads\/2015\/07\/3913259116_24a46ebf08_b.jpg\" alt=\"OLYMPUS DIGITAL CAMERA\" \/><\/a><\/div>\n<\/div>\n<div class=\"col-md-12 col-sm-12 no_padding\">\n<div class=\"home_content_div\">\n<h3>Day 2: Drive from Antananarivo to Antsirabe<\/h3>\n<p>On the second day of your <strong>14 days trip through Madagascar<\/strong>You will travel from the capital Antananarivo to Antsirabe. The journey takes you first through <strong>the colorful hustle and bustle of the suburbs<\/strong> the capital and then through Behenjy and Ambatolampy. In one of these two places you will have a lunch break and you can strengthen yourself in one of the restaurants there. Afterwards you will continue to Antsirabe, a <strong>important business location in Madagascar<\/strong>. The distance from Antananarivo to Antsirabe is about 170 kilometers and is <strong>lined with exciting landscapes<\/strong>. Antsirabe itself inspires with its <strong>attractive colonial villas<\/strong> and its European look. The overnight stay is in the hotel <em>Chambres du Voyageur<\/em> in whose garden, with a little luck, numerous chameleons and even ray turtles can be discovered.<\/p>\n<\/div>\n<\/div>\n<\/div>\n<\/div>\n<div class=\"col-md-12 col-sm-12 bg_white border no_padding margin_bottom_content\">\n<div class=\"col-md-12 col-sm-12 home_content_div\">\n<h3>Day 3: Drive from Antsirabe via Ambositra to Ranomafana<\/h3>\n<p>On the third day of the trip you will first have the opportunity to enjoy a <strong>exciting reforestation project<\/strong> to visit. Orange trees are cultivated in this project for reforestation purposes. Afterwards we drive directly to the nearby Ambositra, a small town, which is mainly known for <strong>handicraft carvings from precious woods <\/strong>has become famous. After lunch and a short tour we continue to the so-called <em>Ialatsara Lemurs Forest Camp<\/em>, where already <strong>numerous lemurs<\/strong> waiting for an encounter with you. At the Ialatsara camp is a <strong>private reserve<\/strong>where the animals can live under optimal conditions. After an extensive walk through the reserve we continue to the <strong>Mountain Cloud Forest<\/strong> or to the <strong>Ranomafana National Park<\/strong>. On the way there you will again see breathtaking landscapes and increasingly green vegetation. In the evening you can enjoy a relaxing bath in a <strong>Thermal swimming pool<\/strong> as well as the overnight stay in the hotel <a href=\"https:\/\/www.urlaub-auf-madagaskar.com\/en\/hotels\/#hote_grenat\">Grenat<\/a>.<\/p>\n<\/div>\n<\/div>\n<div class=\"bg_white\">\n<div class=\"col-md-12 col-sm-12 bg_white border no_padding margin_bottom_content\">\n<div class=\"col-md-12 col-sm-12 no_padding\">\n<div class=\"home_bg text-center side_bar_padding\"><a href=\"https:\/\/www.urlaub-auf-madagaskar.com\/wp-content\/uploads\/2015\/07\/thomas-marent-red-ruffed-lemur-varecia-variegata-ruber-masoala-madagascar.jpg\"><img decoding=\"async\" class=\"side_bar_img size-medium wp-image-1099 alignnone\" src=\"https:\/\/www.urlaub-auf-madagaskar.com\/wp-content\/uploads\/2015\/07\/thomas-marent-red-ruffed-lemur-varecia-variegata-ruber-masoala-madagascar.jpg\" alt=\"Thomas Marent\"  \/><\/a><\/div>\n<\/div>\n<div class=\"col-md-12 col-sm-12 no_padding\">\n<div class=\"home_content_div\">\n<h3>Day 4: Visit Ranomafana National Park<\/h3>\n<p>The <strong>Ranomafana National Park<\/strong> is on the fourth day the goal of your <strong>Journey through Madagascar<\/strong>. The park covers more than 40,000 hectares and is located about 1,300 meters above sea level. Numerous different species of lemurs, insects, birds, frogs and reptiles are at home in the mountain forest and with a little luck you will get to see some particularly spectacular specimens and in front of the camera lens. The concrete arrangement of the day in Ranomafana National Park is <strong>depending on your individual wishes and constitution<\/strong>. The overnight stay will be this day again in the hotel <a href=\"https:\/\/www.urlaub-auf-madagaskar.com\/en\/hotels\/#hote_grenat\">Grenat<\/a>, where you can enjoy the extraordinary <strong>Adventures of the day<\/strong> can recover.<\/p>\n<\/div>\n<\/div>\n<\/div>\n<\/div>\n<div class=\"bg_white\">\n<div class=\"col-md-12 col-sm-12 bg_white border no_padding margin_bottom_content\">\n<div class=\"col-md-12 col-sm-12 no_padding\">\n<div class=\"home_bg text-center side_bar_padding\"><a href=\"https:\/\/www.urlaub-auf-madagaskar.com\/wp-content\/uploads\/2015\/07\/RN7-1.jpg\" rel=\"attachment wp-att-2091\"><img fetchpriority=\"high\" decoding=\"async\" width=\"300\" height=\"200\" class=\"side_bar_img size-medium wp-image-2091 alignnone wp-image-2091 size-medium\" src=\"https:\/\/www.urlaub-auf-madagaskar.com\/wp-content\/uploads\/2015\/07\/RN7-1-300x200.jpg\" alt=\"Between Ambalavao and Ihosy\" srcset=\"https:\/\/www.urlaub-auf-madagaskar.com\/wp-content\/uploads\/2015\/07\/RN7-1-300x200.jpg 300w, https:\/\/www.urlaub-auf-madagaskar.com\/wp-content\/uploads\/2015\/07\/RN7-1-20x13.jpg 20w, https:\/\/www.urlaub-auf-madagaskar.com\/wp-content\/uploads\/2015\/07\/RN7-1.jpg 420w\" sizes=\"(max-width: 300px) 100vw, 300px\" \/><\/a><\/div>\n<\/div>\n<div class=\"col-md-12 col-sm-12 no_padding\">\n<div class=\"home_content_div\">\n<h3>Day 5: Drive from Ranomafana via Fianarantsoa to Ambalavao<\/h3>\n<p>After the exciting <strong>Tours of Ranomafana National Park<\/strong> the journey through Madagascar continues on the fifth day of the trip. It goes through many small villages where you can get an impression of the <strong>Habits of the Malagasy<\/strong> can catch a glimpse of, and through extraordinary landscapes, some of which alternate very quickly. In Fianarantsoa we will have a rest, during which you can look around the town a bit and, if you wish, observe an internationally famous photographer at work. After that we will go <strong>further south<\/strong>. If you look out the window during this stretch of road, you'll spot towering granite boulders, blood-red laterite soils and ever-leaner grasses - an unmistakable sign that <strong>the southern part of Madagascar<\/strong> is getting closer and closer. Once in Ambalavao, there are several options available to you. A visit to a nearby village, where a drinking water well project has been implemented by us for over ten years, is a possible stop, as is the local zebu market, which is indeed always a real spectacle. The overnight stay this evening will be at the hotel <a href=\"https:\/\/www.urlaub-auf-madagaskar.com\/en\/hotels\/#tsienimparihy_lodge\">Tsienimparihy Lodge<\/a> held.<\/p>\n<\/div>\n<\/div>\n<\/div>\n<\/div>\n<div class=\"col-md-12 col-sm-12 bg_white border no_padding margin_bottom_content\">\n<div class=\"col-md-12 col-sm-12 home_content_div\">\n<h3>Day 6: from Ambalavao to Ranohira to Isalo National Park<\/h3>\n<p>The sixth day begins with a <strong>Hike to a private reserve<\/strong> with the name <em>Anja Park<\/em>. This reserve is about three hectares in size and is home to numerous <strong>Kattas<\/strong>who are already waiting for your visit with their fun-loving nature. In addition, you can in the Anja Park but also <strong>numerous reptiles as well as burial caves and spiritual meeting places<\/strong> of the Betsileo tribe. Afterwards we will continue our journey by car and head south again. Towards afternoon our arrival in Ranohira is already expected. This stop will take us to the <strong>Isalo National Park<\/strong>which, however, is our destination only the next day. First there is a <strong>comfortable overnight stay<\/strong> at the hotel <a href=\"https:\/\/www.urlaub-auf-madagaskar.com\/en\/hotels\/#isalo_rock_lodge\">Isalo Rock Lodge<\/a> (4****).<\/p>\n<\/div>\n<\/div>\n<div class=\"bg_white\">\n<div class=\"col-md-12 col-sm-12 bg_white border no_padding margin_bottom_content\">\n<div class=\"col-md-12 col-sm-12 no_padding\">\n<div class=\"home_bg text-center side_bar_padding\"><a href=\"https:\/\/www.urlaub-auf-madagaskar.com\/wp-content\/uploads\/2015\/07\/iSALO-11.jpg\" rel=\"attachment wp-att-2092\"><img decoding=\"async\" width=\"300\" height=\"200\" class=\"side_bar_img size-medium wp-image-2092 alignnone\" src=\"https:\/\/www.urlaub-auf-madagaskar.com\/wp-content\/uploads\/2015\/07\/iSALO-11-300x200.jpg\" alt=\"iSALO \" srcset=\"https:\/\/www.urlaub-auf-madagaskar.com\/wp-content\/uploads\/2015\/07\/iSALO-11-300x200.jpg 300w, https:\/\/www.urlaub-auf-madagaskar.com\/wp-content\/uploads\/2015\/07\/iSALO-11.jpg 420w\" sizes=\"(max-width: 300px) 100vw, 300px\" \/><\/a><\/div>\n<\/div>\n<div class=\"col-md-12 col-sm-12 no_padding\">\n<div class=\"home_content_div\">\n<h3>Day 7: The Isalo National Park<\/h3>\n<p>On the seventh day you will go to one of the <strong>most famous national parks in Madagascar<\/strong>, the <strong>Isalo National Park<\/strong>. This is a huge mountain massif where granite and sandstone sculptures alternate with waterfalls and tropical nature. The entire national park includes <strong>more than 80,000 hectares of land<\/strong> and offers you a maximum of scenic variety. The level of difficulty and also the length of the tour through the park are adapted to <strong>Your personal wishes<\/strong> as well as adapted to your conditional requirements. After the exciting day trip follows again an overnight stay in the hotel <a href=\"https:\/\/www.urlaub-auf-madagaskar.com\/en\/hotels\/#isalo_rock_lodge\"><em>Isalo Rock Lodge <\/em><\/a>(4****).<\/p>\n<\/div>\n<\/div>\n<\/div>\n<\/div>\n<div class=\"col-md-12 col-sm-12 bg_white border no_padding margin_bottom_content\">\n<div class=\"col-md-12 col-sm-12 home_content_div\">\n<h3>Day 8: Drive from Ranohira via Ilakaka to Sarondrano<\/h3>\n<p>On the eighth day of the <strong>Journey through Madagascar<\/strong> Say goodbye to Ranohira and go by car to Ranohira. <strong>further south<\/strong>. Along the way there are several opportunities for <strong>Excursions<\/strong> an: Ilakaka Sapphire Mine, Zombitse Vohibasia National Park or the giant Baobab trees are just three possible examples. You will leave Tulear behind you and then directly <strong>go to Sarondrano<\/strong>. Here extends a <strong>stunning headland<\/strong> into the sea and <strong>beautiful dream beaches<\/strong> await you. The overnight stay takes place in the <a href=\"https:\/\/www.urlaub-auf-madagaskar.com\/en\/hotels\/#residence_eden_lodge\">R\u00e9sidence Eden Lodge<\/a> an excellent guesthouse, which is still considered a real insider tip on the island.<\/p>\n<\/div>\n<\/div>\n<div class=\"bg_white\">\n<div class=\"col-md-12 col-sm-12 bg_white border no_padding margin_bottom_content\">\n<div class=\"col-md-12 col-sm-12 no_padding\">\n<div class=\"home_bg text-center side_bar_padding\"><a href=\"https:\/\/www.urlaub-auf-madagaskar.com\/wp-content\/uploads\/2015\/07\/4169421303_6c6b71d68a_m.jpg\"><img decoding=\"async\" width=\"240\" height=\"158\" class=\"side_bar_img size-medium wp-image-1042 alignnone\" src=\"https:\/\/www.urlaub-auf-madagaskar.com\/wp-content\/uploads\/2015\/07\/4169421303_6c6b71d68a_m.jpg\"  \/><\/a><\/div>\n<\/div>\n<div class=\"col-md-12 col-sm-12 no_padding\">\n<div class=\"home_content_div\">\n<h3>Day 9 to 11: Stay in Sarondrano and the surrounding area<\/h3>\n<p>Days nine to eleven on your <strong>Journey through Madagascar<\/strong> are all about <strong>various day trips and individual activities<\/strong>. During these three days you will stay exclusively in Sarondrano and the nearby surroundings, staying throughout the night in the wonderful <a href=\"https:\/\/www.urlaub-auf-madagaskar.com\/en\/hotels\/#residence_eden_lodge\">R\u00e9sidence Eden Lodge<\/a>. Your daily program you can <strong>Assemble yourself<\/strong>We will gladly support you in this to the best of our ability: Relaxing hours on the dream beach are just as imaginable as sailing trips, diving or a boat trip to the humpback whales. Simply contact us and we will take care of a <strong>Program package<\/strong>, which corresponds to your individual wishes.<\/p>\n<\/div>\n<\/div>\n<\/div>\n<\/div>\n<div class=\"col-md-12 col-sm-12 bg_white border no_padding margin_bottom_content\">\n<div class=\"col-md-12 col-sm-12 home_content_div\">\n<h3>Day 12: Flight from Tulear to Antananarivo<\/h3>\n<p>The twelfth day is from <strong>Spirit of optimism<\/strong> characterized: After the relaxing days in Sarondrano, it's back to Tulear and from there <strong>by plane directly to the capital Antananarivo<\/strong>. Depending on the time of day you can then still explore the surrounding area, otherwise it goes directly to the hotel <a href=\"https:\/\/www.urlaub-auf-madagaskar.com\/en\/hotels\/#villa_sibylle\">Villa Sybille<\/a> or to an exceptional restaurant with excellent dining options.<\/p>\n<\/div>\n<\/div>\n<div class=\"bg_white\">\n<div class=\"col-md-12 col-sm-12 bg_white border no_padding margin_bottom_content\">\n<div class=\"col-md-12 col-sm-12 no_padding\">\n<div class=\"home_bg text-center side_bar_padding\"><a href=\"https:\/\/www.urlaub-auf-madagaskar.com\/wp-content\/uploads\/2016\/12\/antananarivo.jpg\"><img loading=\"lazy\" decoding=\"async\" width=\"300\" height=\"190\" class=\"side_bar_img size-medium wp-image-3712 alignnone\" src=\"https:\/\/www.urlaub-auf-madagaskar.com\/wp-content\/uploads\/2016\/12\/antananarivo-300x190.jpg\" srcset=\"https:\/\/www.urlaub-auf-madagaskar.com\/wp-content\/uploads\/2016\/12\/antananarivo-300x190.jpg 300w, https:\/\/www.urlaub-auf-madagaskar.com\/wp-content\/uploads\/2016\/12\/antananarivo-20x13.jpg 20w, https:\/\/www.urlaub-auf-madagaskar.com\/wp-content\/uploads\/2016\/12\/antananarivo.jpg 480w\" sizes=\"(max-width: 300px) 100vw, 300px\" \/><\/a><\/div>\n<\/div>\n<div class=\"col-md-12 col-sm-12 no_padding\">\n<div class=\"home_content_div\">\n<h3>Day 13: Stay in Antananarivo and the surrounding area<\/h3>\n<p>On the penultimate day of your <strong>exciting journey through Madagascar<\/strong> the capital of the island state is once again on the program: In Antananarivo, you will have numerous opportunities to go on <strong>Discovery tour<\/strong> to go. An example of a <strong>real attraction<\/strong> is the <em>Lemurs Park<\/em>where many of the cute animals can be studied in detail. For this day we have a <strong>Day Use<\/strong> in the <a href=\"https:\/\/www.urlaub-auf-madagaskar.com\/en\/hotels\/#villa_sibylle\">Villa Sybille<\/a> so that you can store your luggage there and freshen up in the evening, if necessary, before we take you to the airport.<\/p>\n<\/div>\n<\/div>\n<\/div>\n<\/div>\n<div class=\"col-md-12 col-sm-12 bg_white border no_padding margin_bottom_content\">\n<div class=\"col-md-12 col-sm-12 home_content_div\">\n<h3>Day 14: The return flight to Europe<\/h3>\n<p>The last day of your <strong>14 days vacation in Madagascar<\/strong> is entirely devoted to the return journey. This day you will <strong>on the plane to Europe<\/strong> and presumably learn about the different experiences and impressions of their <strong>Journey through Madagascar<\/strong> dream<\/p>\n<\/div>\n<\/div>\n<div class=\"col-md-12 col-sm-12 bg_white border no_padding margin_bottom_content\">\n<div class=\"col-md-12 col-sm-12 home_content_div\">\n<h3>Facts and figures about the tour<\/h3>\n<p>As already mentioned above, you have with this <strong>Journey through Madagascar<\/strong> numerous possibilities for a <strong>individual recreational activities<\/strong>. If you need help, for example, to fill the days in Sarondrano with activities, we will be happy to help you with numerous recommendations and assistance. Different sections of the tours can be <strong>additionally individualized on request<\/strong> become. All you need to do is contact us. Together we can then ensure that your <strong>Madagascar vacation<\/strong> becomes a real dream.<\/p>\n<p><strong>Various connection tours<\/strong> can harmoniously enrich this trip, we adapt the possibilities to your wishes and expectations.<\/p>\n<p>Below you can see the list of costs as well as the services included or to be paid by the customer:<\/p>\n<table>\n<tbody>\n<tr>\n<td width=\"307\"><strong>14 days tour from Antananarivo to Tulear<\/strong><\/td>\n<td width=\"307\"><strong>Price per person<\/strong><\/td>\n<\/tr>\n<tr>\n<td width=\"307\">2 to 3 guests<\/td>\n<td width=\"307\">2190 \u20ac<\/td>\n<\/tr>\n<tr>\n<td width=\"307\">4 to 5 guests<\/td>\n<td width=\"307\">2080 \u20ac<\/td>\n<\/tr>\n<tr>\n<td width=\"307\">6 - 7 guests<\/td>\n<td width=\"307\">1990 \u20ac<\/td>\n<\/tr>\n<tr>\n<td width=\"307\">8 - 9 guests<\/td>\n<td width=\"307\">1850 \u20ac<\/td>\n<\/tr>\n<tr>\n<td width=\"307\">10 guests or more<\/td>\n<td width=\"307\">1790 \u20ac<\/td>\n<\/tr>\n<\/tbody>\n<\/table>\n<p>&nbsp;<\/p>\n<p>For single rooms we have to charge a supplement of 480 \u20ac.<\/p>\n<p><strong>Integrated into the basic price:<\/strong><\/p>\n<ul>\n<li>English or German speaking tour guide<\/li>\n<li>Accompaniment and logistics<\/li>\n<li>all nights<\/li>\n<li>Breakfast and dinner<\/li>\n<li>Transfers and trips as specified<\/li>\n<li>Four-wheel drive car and driver and fuel<\/li>\n<\/ul>\n<p><strong>Not integrated into the basic price:<\/strong><\/p>\n<ul>\n<li>Lunch<\/li>\n<li>personal expenses<\/li>\n<li>German speaking tour guide possible with surcharge<\/li>\n<li>individual leisure activities<\/li>\n<li>Entrance fees to the national parks (about 20\u20ac per person and per park)<\/li>\n<li>Sightseeings and excursions (about 20\u20ac per person and per park)<\/li>\n<li>national and international flights<\/li>\n<li>Visa (available at the airport for 25\u20ac)<\/li>\n<\/ul>\n<\/div>\n<\/div>","protected":false},"excerpt":{"rendered":"<p>14 Tage Madagaskar Individualreise von Antananarivo nach Tulear Wer Madagaskar als Insel in ihrer vollen Pracht erleben m\u00f6chte, der sollte sich bei seinem Urlaub auf Madagaskar auf eine Rundreise konzentrieren. Unsere 14-t\u00e4gige Individualreise, die wir nachfolgend vorstellen m\u00f6chten, haben wir so konzipiert, dass die vielf\u00e4ltigen Landschaften Madagaskars genauso auf dem Plan stehen wie kleinere lokale [&hellip;]<\/p>\n","protected":false},"author":3,"featured_media":2091,"parent":0,"menu_order":0,"comment_status":"open","ping_status":"closed","template":"","meta":{"footnotes":""},"categories":[467],"class_list":["post-8138","page","type-page","status-publish","has-post-thumbnail","hentry","category-hochlandroute"],"_links":{"self":[{"href":"https:\/\/www.urlaub-auf-madagaskar.com\/en\/wp-json\/wp\/v2\/pages\/8138","targetHints":{"allow":["GET"]}}],"collection":[{"href":"https:\/\/www.urlaub-auf-madagaskar.com\/en\/wp-json\/wp\/v2\/pages"}],"about":[{"href":"https:\/\/www.urlaub-auf-madagaskar.com\/en\/wp-json\/wp\/v2\/types\/page"}],"author":[{"embeddable":true,"href":"https:\/\/www.urlaub-auf-madagaskar.com\/en\/wp-json\/wp\/v2\/users\/3"}],"replies":[{"embeddable":true,"href":"https:\/\/www.urlaub-auf-madagaskar.com\/en\/wp-json\/wp\/v2\/comments?post=8138"}],"version-history":[{"count":0,"href":"https:\/\/www.urlaub-auf-madagaskar.com\/en\/wp-json\/wp\/v2\/pages\/8138\/revisions"}],"wp:featuredmedia":[{"embeddable":true,"href":"https:\/\/www.urlaub-auf-madagaskar.com\/en\/wp-json\/wp\/v2\/media\/2091"}],"wp:attachment":[{"href":"https:\/\/www.urlaub-auf-madagaskar.com\/en\/wp-json\/wp\/v2\/media?parent=8138"}],"wp:term":[{"taxonomy":"category","embeddable":true,"href":"https:\/\/www.urlaub-auf-madagaskar.com\/en\/wp-json\/wp\/v2\/categories?post=8138"}],"curies":[{"name":"wp","href":"https:\/\/api.w.org\/{rel}","templated":true}]}}