{"id":7945,"date":"2018-07-18T11:34:17","date_gmt":"2018-07-18T09:34:17","guid":{"rendered":"https:\/\/www.urlaub-auf-madagaskar.com\/?page_id=7945"},"modified":"2025-05-17T09:18:46","modified_gmt":"2025-05-17T07:18:46","slug":"mietwagen","status":"publish","type":"page","link":"https:\/\/www.urlaub-auf-madagaskar.com\/en\/car-hire\/","title":{"rendered":"Rental car"},"content":{"rendered":"<h1>Car rental with driver in Madagascar<\/h1>\n<div class=\"bg_white\">\n<div class=\"col-md-12 col-sm-12 bg_white border no_padding margin_bottom_content\">\n<div class=\"col-md-12 col-sm-12 no_padding\">\n<div class=\"home_bg text-center side_bar_padding\"><a href=\"https:\/\/www.urlaub-auf-madagaskar.com\/wp-content\/uploads\/2015\/06\/Ariary_Vary_400_x_266.jpg\"><img fetchpriority=\"high\" decoding=\"async\" width=\"300\" height=\"200\" class=\"side_bar_img alignnone wp-image-642 size-medium\" src=\"https:\/\/www.urlaub-auf-madagaskar.com\/wp-content\/uploads\/2015\/06\/Ariary_Vary_400_x_266-300x200.jpg\" alt=\"Ariary Vary\" srcset=\"https:\/\/www.urlaub-auf-madagaskar.com\/wp-content\/uploads\/2015\/06\/Ariary_Vary_400_x_266-300x200.jpg 300w, https:\/\/www.urlaub-auf-madagaskar.com\/wp-content\/uploads\/2015\/06\/Ariary_Vary_400_x_266.jpg 400w\" sizes=\"(max-width: 300px) 100vw, 300px\" \/><\/a><\/div>\n<\/div>\n<div class=\"col-md-12 col-sm-12 no_padding\">\n<div class=\"home_content_div\">\n<p>Every trip to Madagascar stands and falls with successful logistics. As a developing country, Madagascar has all the typical phenomena that make a trip more difficult than in other parts of the world. These include not only the often very bad roads and tracks, which in some areas change their course from year to year. Also signposting and appropriate assistance for travelers are almost always sought in vain.<\/p>\n<p>If you don't necessarily want to travel around the country with the typical shared cabs, the \"cab brousses\", which is not without risk and stress, you will hardly get around renting a car!<br \/>\nThere are always people interested in Madagascar who absolutely want to rent a car for self-driving. Their experiences in countries like Namibia, South Africa or elsewhere lead them to the insane opinion that one can also reach the destination in Madagascar well as a self-driver. Since in most cases a four-wheel drive car is required and these people have a fair command of the often not easy operation of such vehicles, the fallacy is obvious that an individual drive with a rental car is a tempting alternative.<br \/>\nWe strongly advise renting a car including driver for several reasons!<\/p>\n<p>While the driver can assist with hotel reservations and general logistics, it is not a tour guide who handles the complete planning and logistics of a trip.<br \/>\nFor one thing, a driver's local and language skills are practically irreplaceable. Especially in remote regions, you can get lost very quickly and get into serious trouble. No GPS will help - especially since there are no exact, detailed maps!<br \/>\nOn the other hand, it is the rule that the roads are also walked by herds of cattle. In the villages or even outside, people, feathered cattle, dogs and other inhabitants of the red island often appear on the lane. The risk of an accident is incomparably higher than in Europe!<br \/>\nWhile it is almost normal to kill a chicken or to graze a dog while driving, we don't even stop for that. More problematic are accidents involving people: liability insurance in our sense does not exist. As a white tourist you quickly find yourself in enormous trouble in such a case. This may mean imprisonment and immense costs!<br \/>\nIn addition, there are many roadside checks by uniformed people who often just want to \"cash in\" because something is allegedly wrong with the vehicle documents. This is annoying and costs time and money if you don't know your way around!<br \/>\nAnd finally, you always have to expect a breakdown or simply impassable routes. Without a driver who can order help and spare parts via his cell phone, you're practically out of luck!<br \/>\nIt is not for nothing that hardly anyone in Madagascar rents a car without a driver. The few agencies that were on the market in the past with this difficult business model have learned from painful experience and no longer do this.<br \/>\nThe costs for the driver are extremely moderate and hardly add to the total price - they are included in the rental price anyway. We employ only reliable and competent drivers who know the country and its people and, on top of that, are fluent in at least one relevant foreign language spoken by the guests. A German-speaking tour guide can join the trip for an extra charge.<br \/>\nThe technical condition of our vehicles is a point that is particularly close to our hearts.<br \/>\nComfort and safety are indispensable components of a successful trip. Therefore, our vehicles are intensively maintained and cared for - for this, our drivers may not wash the cars every day, as do the drivers of the countless rust buckets that are on the road in the country and bring the travelers more poorly than not to their destination (or not).<\/p>\n<p>We will select the right type of vehicle and driver for you and ensure that you travel safely through the country.<\/p>\n<p>The prices below are valid for paved roads and easy slopes, for more demanding slopes tours the price is calculated on an individual basis.<\/p>\n<p>Ask us!<\/p>\n<div>\n<table border=\"1\" cellspacing=\"0\" cellpadding=\"0\">\n<tbody>\n<tr>\n<td><strong>Vehicle<\/strong><\/td>\n<td><strong>Fuel<\/strong><\/td>\n<td><strong>Places<\/strong><\/td>\n<td><strong>Prices per day<\/strong><\/td>\n<\/tr>\n<tr>\n<td><strong>Off-road vehicles<\/strong><\/td>\n<td><\/td>\n<td><\/td>\n<td><\/td>\n<\/tr>\n<tr>\n<td>Toyota Land Cruiser<\/td>\n<td>Diesel<\/td>\n<td>4<\/td>\n<td>130 \u20ac<\/td>\n<\/tr>\n<tr>\n<td>Nissan Patrol Y 61<\/td>\n<td>Diesel<\/td>\n<td>4 to 6<\/td>\n<td>130 \u20ac<\/td>\n<\/tr>\n<tr>\n<td>Toyota Land Cruiser II<\/td>\n<td>Diesel<\/td>\n<td>4<\/td>\n<td>130 \u20ac<\/td>\n<\/tr>\n<tr>\n<td>Hyundai Starex<\/td>\n<td>Diesel<\/td>\n<td>6<\/td>\n<td>130 \u20ac<\/td>\n<\/tr>\n<tr>\n<td><strong>BUSSE<\/strong><\/td>\n<td><\/td>\n<td><\/td>\n<td><\/td>\n<\/tr>\n<tr>\n<td>Mercedes Sprinter<\/td>\n<td>Diesel<\/td>\n<td>14 to 18<\/td>\n<td>170 \u20ac<\/td>\n<\/tr>\n<tr>\n<td>Bus Hyundai or Toyota<\/td>\n<td>Diesel<\/td>\n<td>18 to 21<\/td>\n<td>220 \u20ac<\/td>\n<\/tr>\n<\/tbody>\n<\/table>\n<\/div>\n<\/div>\n<\/div>\n<\/div>\n<\/div>\n<div class=\"col-md-12 col-sm-12 bg_white border no_padding margin_bottom_content\">\n<div class=\"col-md-12 col-sm-12 home_content_div\">\n<h3>Conditions for car rental in Madagascar<\/h3>\n<p><strong>Rent<br \/>\n<\/strong>The appropriate vehicle is rented in Antananarivo or exceptionally in Antsirabe, the driver is at your disposal from 6 am until about 7 pm. The car cannot be used at night, except in case of emergency. The cost of gasoline is not included in the indicated price. The kilometers are unlimited.<\/p>\n<p><strong>Expenses for the driver<br \/>\n<\/strong>All costs for the driver (food and accommodation) are included in the price.<\/p>\n<p><strong>Gasoline<br \/>\n<\/strong>The cost of gasoline is paid by the renter. The car starts the tour with a full tank of gas and is refueled by the renter at the end of the trip.<\/p>\n<p><strong>Return of the vehicles<br \/>\n<\/strong>All vehicles must return to their starting point. The round trip of the vehicles will be calculated as follows: Antsirabe or Fianarantsoa to Antananarivo (one day), Tulear to Antananarivo (2 days), Tamatave to Antananarivo (1 day), Morondava to Antananarivo (2 days), Fort Dauphin or Diego Suarez to Antananarivo (3 days). The cost of gasoline for the return trip is paid in full by the renter.<\/p>\n<p><strong>Solutions for possible breakdowns<br \/>\n<\/strong>Although we place a great emphasis on vehicles that are as good as new or at least in perfect condition, breakdowns are always possible in road conditions. A replacement vehicle will be provided and sent to the zone where the breakdown occurred in the best possible time frame. The corresponding days that the guests have to wait for the replacement car will not be charged.<\/p>\n<p><strong>Down payments<br \/>\n<\/strong>After the firm reservation, a deposit of 30% of the total price is due.<\/p>\n<p><strong>Payment<br \/>\n<\/strong>The final invoice must be paid in full before the start of the tour.<\/p>\n<p><strong>Prices<br \/>\n<\/strong>The basic prices shown are calculated for paved roads only. For slopes, there are surcharges corresponding to the levels of difficulty, which are calculated individually when planning the trip.<\/p>\n<\/div>\n<\/div>\n<div class=\"bg_white\">\n<div class=\"col-md-12 col-sm-12 bg_white border no_padding margin_bottom_content\">\n<div class=\"col-md-12 col-sm-12 no_padding\">\n<div class=\"home_bg text-center side_bar_padding\"><a href=\"https:\/\/www.urlaub-auf-madagaskar.com\/wp-content\/uploads\/2015\/06\/RN52.jpg\"><img decoding=\"async\" width=\"266\" height=\"400\" class=\"side_bar_img size-medium wp-image-3657 alignnone\" style=\"width: auto;\" src=\"https:\/\/www.urlaub-auf-madagaskar.com\/wp-content\/uploads\/2015\/06\/RN52.jpg\" alt=\"RN52\" \/><\/a><\/div>\n<\/div>\n<div class=\"col-md-12 col-sm-12 no_padding\">\n<div class=\"home_content_div\">\n<p><a href=\"https:\/\/www.urlaub-auf-madagaskar.com\/en\/feste-reisen\/die-4x4-extrempiste-nach-masoala-zum-selberfahren\/\">The extreme road to Masoala<\/a><\/p>\n<p><a href=\"https:\/\/www.urlaub-auf-madagaskar.com\/en\/feste-reisen\/baobab-tour-mit-tsingy-zum-selberfahren\/\">The Baobab Tour in the West<\/a><\/p>\n<\/div>\n<\/div>\n<\/div>\n<\/div>","protected":false},"excerpt":{"rendered":"<p>Autovermietung mit Fahrer auf Madagaskar Jede Madagaskar-Reise steht und f\u00e4llt mit einer gelungenen Logistik. Als Entwicklungsland hat Madagaskar all jene typischen Erscheinungen vorzuweisen, welche eine Reise schwieriger gestalten als in anderen Weltgegenden. Dazu geh\u00f6ren nicht nur die oft sehr schlechten Stra\u00dfen und Pisten, welche obendrein in manchen Gegenden von Jahr zu Jahr ihren Verlauf \u00e4ndern. [&hellip;]<\/p>\n","protected":false},"author":3,"featured_media":205,"parent":0,"menu_order":0,"comment_status":"open","ping_status":"open","template":"","meta":{"footnotes":""},"categories":[442],"class_list":["post-7945","page","type-page","status-publish","has-post-thumbnail","hentry","category-automiete-mit-fahrer"],"_links":{"self":[{"href":"https:\/\/www.urlaub-auf-madagaskar.com\/en\/wp-json\/wp\/v2\/pages\/7945","targetHints":{"allow":["GET"]}}],"collection":[{"href":"https:\/\/www.urlaub-auf-madagaskar.com\/en\/wp-json\/wp\/v2\/pages"}],"about":[{"href":"https:\/\/www.urlaub-auf-madagaskar.com\/en\/wp-json\/wp\/v2\/types\/page"}],"author":[{"embeddable":true,"href":"https:\/\/www.urlaub-auf-madagaskar.com\/en\/wp-json\/wp\/v2\/users\/3"}],"replies":[{"embeddable":true,"href":"https:\/\/www.urlaub-auf-madagaskar.com\/en\/wp-json\/wp\/v2\/comments?post=7945"}],"version-history":[{"count":1,"href":"https:\/\/www.urlaub-auf-madagaskar.com\/en\/wp-json\/wp\/v2\/pages\/7945\/revisions"}],"predecessor-version":[{"id":17336,"href":"https:\/\/www.urlaub-auf-madagaskar.com\/en\/wp-json\/wp\/v2\/pages\/7945\/revisions\/17336"}],"wp:featuredmedia":[{"embeddable":true,"href":"https:\/\/www.urlaub-auf-madagaskar.com\/en\/wp-json\/wp\/v2\/media\/205"}],"wp:attachment":[{"href":"https:\/\/www.urlaub-auf-madagaskar.com\/en\/wp-json\/wp\/v2\/media?parent=7945"}],"wp:term":[{"taxonomy":"category","embeddable":true,"href":"https:\/\/www.urlaub-auf-madagaskar.com\/en\/wp-json\/wp\/v2\/categories?post=7945"}],"curies":[{"name":"wp","href":"https:\/\/api.w.org\/{rel}","templated":true}]}}