{"id":786,"date":"2015-07-27T08:56:17","date_gmt":"2015-07-27T06:56:17","guid":{"rendered":"https:\/\/urlaub-auf-madagaskar.alpha-beta.de\/?page_id=786"},"modified":"2020-01-14T16:41:30","modified_gmt":"2020-01-14T15:41:30","slug":"reisen-mit-kindern","status":"publish","type":"page","link":"https:\/\/www.urlaub-auf-madagaskar.com\/en\/travel-with-kids\/","title":{"rendered":"Travel with children"},"content":{"rendered":"<h1>Madagascar vacation with children<\/h1>\n<div class=\"bg_white\">\n<div class=\"col-md-12 col-sm-12 bg_white border no_padding margin_bottom_content\">\n<div class=\"col-md-12 col-sm-12 no_padding\">\n<div class=\"home_bg text-center side_bar_padding\"><a href=\"https:\/\/www.urlaub-auf-madagaskar.com\/wp-content\/uploads\/2015\/07\/Madagaskar-mit-Kindern.jpg\" rel=\"attachment wp-att-2387\"><img fetchpriority=\"high\" decoding=\"async\" width=\"300\" height=\"184\" class=\"side_bar_img size-medium wp-image-2387 alignnone\" src=\"https:\/\/www.urlaub-auf-madagaskar.com\/wp-content\/uploads\/2015\/07\/Madagaskar-mit-Kindern-300x184.jpg\" alt=\"Madagascar with children\" srcset=\"https:\/\/www.urlaub-auf-madagaskar.com\/wp-content\/uploads\/2015\/07\/Madagaskar-mit-Kindern.jpg 300w, https:\/\/www.urlaub-auf-madagaskar.com\/wp-content\/uploads\/2015\/07\/Madagaskar-mit-Kindern-20x12.jpg 20w\" sizes=\"(max-width: 300px) 100vw, 300px\" \/><\/a><\/div>\n<\/div>\n<div class=\"col-md-12 col-sm-12 no_padding\">\n<div class=\"home_content_div\">\n<h3>An unforgettable experience<\/h3>\n<p>Many nature-loving parents dream of a tropical trip, but imagine it extremely difficult or even impossible with children. With a view to a <strong>Trip to Madagascar<\/strong> you can confidently put these fears aside. With the <strong>proper planning and organization<\/strong> a vacation in Madagascar can also be a great experience with children. <strong>absolutely unique experience<\/strong> become. Fears about stress and problems are then blown away. However, it is important that you rely on experienced organizers when planning. In the past we were allowed to take care of numerous families with children during their vacation on Madagascar. Here we were able to <strong>numerous experiences<\/strong> collect that will benefit you when you plan your trip to Madagascar with our help.<\/p>\n<\/div>\n<\/div>\n<\/div>\n<\/div>\n<div class=\"col-md-12 col-sm-12 bg_white border no_padding margin_bottom_content\">\n<div class=\"col-md-12 col-sm-12 home_content_div\">\n<h3>Madagascar is a very child friendly country<\/h3>\n<p>The red island state is a country rich in children. Children are omnipresent and therefore a <strong>large and important part of society<\/strong>. This is reflected in a general <strong>Appreciation of the children <\/strong>as well as a basic friendliness of the Madagascans towards the youngest inhabitants and visitors of the island. This basic friendly attitude can also be seen in everyday contact with tourists (and their children). If you go on your tours to the <strong>Sights in Madagascar<\/strong> need help or have questions, you will, especially with children, on <strong>Helpfulness and goodwill<\/strong> bump<\/p>\n<\/div>\n<\/div>\n<div class=\"bg_white\">\n<div class=\"col-md-12 col-sm-12 bg_white border no_padding margin_bottom_content\">\n<div class=\"col-md-12 col-sm-12 no_padding\">\n<div class=\"home_bg text-center side_bar_padding\"><a href=\"https:\/\/www.urlaub-auf-madagaskar.com\/wp-content\/uploads\/2015\/07\/Frida.jpg\"><img decoding=\"async\" width=\"300\" height=\"201\" class=\"side_bar_img size-medium wp-image-2419 alignnone\" src=\"https:\/\/www.urlaub-auf-madagaskar.com\/wp-content\/uploads\/2015\/07\/Frida-300x201.jpg\" alt=\"Madagascar with children Frida\" \/><\/a><\/div>\n<\/div>\n<div class=\"col-md-12 col-sm-12 no_padding\">\n<div class=\"home_content_div\">\n<h3>A safe trip to Madagascar and nature - even with your children<\/h3>\n<p>The classical dangers, which the tropical nature carries in many countries of this world, do not exist in Madagascar. Thanks to the isolation of Madagascar due to its island location, the island has produced something special in the animal and plant world: <strong>There are neither predators dangerous to humans nor poisonous spiders or even snakes<\/strong>. In Madagascar, on the other hand, all the areas where we organize trips with children are free of malaria, although the risk is generally not equally high everywhere and depends on geography and season.  From the <strong>Prophylactic agents<\/strong> there are quite also for children suitable representatives they prove however with almost all journeys as unnecessary, Vorbeugung and selection of the Malariafreie Regione is completely sufficient. Who this is not safe enough, however, should refer to the <strong>Masoala National Park <\/strong>which even still offers a natural paradise in the middle of the jungle referred. There also the children can <strong>safely enjoy and discover the adventure of the rainforest<\/strong>.\u00a0<strong>The highlands, the south and the west of Madagascar<\/strong>, are also <strong>free from malaria and other tropical diseases<\/strong>. In addition to the breathtaking forests of Madagascar, including the extraordinary animals and plants, the beaches on the Indian Ocean are absolutely among the <strong>Sights in Madagascar<\/strong>. There you can take a refreshing swim while playing and having fun without dangerous animals.<\/p>\n<\/div>\n<\/div>\n<\/div>\n<\/div>\n<div class=\"bg_white\">\n<div class=\"col-md-12 col-sm-12 bg_white border no_padding margin_bottom_content\">\n<div class=\"col-md-12 col-sm-12 no_padding\">\n<div class=\"home_bg text-center side_bar_padding\"><a href=\"https:\/\/www.urlaub-auf-madagaskar.com\/wp-content\/uploads\/2015\/07\/Kinder.jpg\" rel=\"attachment wp-att-2388\"><img decoding=\"async\" width=\"300\" height=\"197\" class=\"side_bar_img size-medium wp-image-2388 alignnone\" src=\"https:\/\/www.urlaub-auf-madagaskar.com\/wp-content\/uploads\/2015\/07\/Kinder-300x197.jpg\" alt=\"Children in Madagascar\" srcset=\"https:\/\/www.urlaub-auf-madagaskar.com\/wp-content\/uploads\/2015\/07\/Kinder-300x197.jpg 300w, https:\/\/www.urlaub-auf-madagaskar.com\/wp-content\/uploads\/2015\/07\/Kinder-768x504.jpg 768w, https:\/\/www.urlaub-auf-madagaskar.com\/wp-content\/uploads\/2015\/07\/Kinder-20x13.jpg 20w, https:\/\/www.urlaub-auf-madagaskar.com\/wp-content\/uploads\/2015\/07\/Kinder.jpg 901w\" sizes=\"(max-width: 300px) 100vw, 300px\" \/><\/a><\/div>\n<\/div>\n<div class=\"col-md-12 col-sm-12 no_padding\">\n<div class=\"home_content_div\">\n<h3>Madagascar with children is also worthwhile from a financial point of view<\/h3>\n<p>Travel for families or even single parents with children can often be quite expensive. Because often you have to pay unnecessarily the full price for an adult in package tours for their own children. This is with a <strong>Madagascar vacation<\/strong> not the case in the vast majority of hotels. There can <strong>Children in the room in an extra bed<\/strong> or similar <strong>without additional costs<\/strong> be accommodated. In very many hotel facilities, for a small extra charge, you can even \"<strong>Family Suites<\/strong>\", which have several bedrooms and thus offer space for the whole family. All in all, a tropical vacation including nature experience in the island state of Madagascar can be <strong>without any dangers or problems <\/strong>also be experienced with children. Therefore, for further information, please feel free to contact us directly with any questions or suggestions. We will be happy to help you and, if necessary, also put together individual tours that also focus on the needs and interests of your children, if desired. After all, even the youngest should have a <strong>wonderful vacation in Madagascar<\/strong> can spend.<\/p>\n<\/div>\n<\/div>\n<\/div>\n<\/div>","protected":false},"excerpt":{"rendered":"<p>Urlaub auf Madagaskar mit Kindern Ein unvergessliches Erlebnis Viele naturbegeisterte Eltern tr\u00e4umen von einer Tropenreise, stellen sich diese jedoch mit Kindern extrem schwierig oder gar unm\u00f6glich vor. Mit Blick auf eine Reise nach Madagaskar k\u00f6nnen Sie diese Bef\u00fcrchtungen getrost beiseitelegen. Mit der richtigen Planung und Organisation kann ein Urlaub auf Madagaskar auch mit Kindern zu [&hellip;]<\/p>\n","protected":false},"author":3,"featured_media":2387,"parent":0,"menu_order":0,"comment_status":"open","ping_status":"closed","template":"","meta":{"footnotes":""},"categories":[452],"class_list":["post-786","page","type-page","status-publish","has-post-thumbnail","hentry","category-reisen-mit-kindern","group-cat-reisen-mit-kindern","hierachie-level-level-1"],"_links":{"self":[{"href":"https:\/\/www.urlaub-auf-madagaskar.com\/en\/wp-json\/wp\/v2\/pages\/786","targetHints":{"allow":["GET"]}}],"collection":[{"href":"https:\/\/www.urlaub-auf-madagaskar.com\/en\/wp-json\/wp\/v2\/pages"}],"about":[{"href":"https:\/\/www.urlaub-auf-madagaskar.com\/en\/wp-json\/wp\/v2\/types\/page"}],"author":[{"embeddable":true,"href":"https:\/\/www.urlaub-auf-madagaskar.com\/en\/wp-json\/wp\/v2\/users\/3"}],"replies":[{"embeddable":true,"href":"https:\/\/www.urlaub-auf-madagaskar.com\/en\/wp-json\/wp\/v2\/comments?post=786"}],"version-history":[{"count":0,"href":"https:\/\/www.urlaub-auf-madagaskar.com\/en\/wp-json\/wp\/v2\/pages\/786\/revisions"}],"wp:featuredmedia":[{"embeddable":true,"href":"https:\/\/www.urlaub-auf-madagaskar.com\/en\/wp-json\/wp\/v2\/media\/2387"}],"wp:attachment":[{"href":"https:\/\/www.urlaub-auf-madagaskar.com\/en\/wp-json\/wp\/v2\/media?parent=786"}],"wp:term":[{"taxonomy":"category","embeddable":true,"href":"https:\/\/www.urlaub-auf-madagaskar.com\/en\/wp-json\/wp\/v2\/categories?post=786"}],"curies":[{"name":"wp","href":"https:\/\/api.w.org\/{rel}","templated":true}]}}