{"id":762,"date":"2015-07-23T09:43:38","date_gmt":"2015-07-23T07:43:38","guid":{"rendered":"https:\/\/urlaub-auf-madagaskar.alpha-beta.de\/?page_id=762"},"modified":"2020-02-07T11:23:56","modified_gmt":"2020-02-07T10:23:56","slug":"wirbellose","status":"publish","type":"page","link":"https:\/\/www.urlaub-auf-madagaskar.com\/en\/invertebrates-2\/","title":{"rendered":"Invertebrates"},"content":{"rendered":"<h1>The invertebrates of Madagascar<\/h1>\n<div class=\"bg_white\">\n<div class=\"col-md-12 col-sm-12 bg_white border no_padding margin_bottom_content\">\n<div class=\"col-md-12 col-sm-12 no_padding\">\n<div class=\"home_bg text-center side_bar_padding\"><a href=\"https:\/\/www.urlaub-auf-madagaskar.com\/wp-content\/uploads\/2015\/07\/pt79982.jpg\"> <img decoding=\"async\" class=\"side_bar_img\" src=\"https:\/\/www.urlaub-auf-madagaskar.com\/wp-content\/uploads\/2015\/07\/pt79982-300x200.jpg\" alt=\"Comet butterfly\" \/><\/a><\/div>\n<\/div>\n<div class=\"col-md-12 col-sm-12 no_padding\">\n<div class=\"home_content_div\">\n<p>Madagascar is an island that is home not only to many extraordinary mammals, birds and reptiles, but also to many <strong>Insects and other invertebrates<\/strong> feel at home. Estimates regarding the numbers vary widely, but usually researchers talk about the fact that in Madagascar, probably <strong>more than 100,000 different species native<\/strong> are. With this figure, however, it is important to consider that especially in the world of insects and invertebrates <strong>numerous species still undiscovered<\/strong> have remained. After all, many insects are very small and can be easily overlooked with the naked eye. Or they <strong>live in the treetops of the high rainforest trees<\/strong> and will therefore probably never be discovered by humans. Thereby <strong>the world of insects a real fascination<\/strong>: There are true beauties, real survivors and spectacular daredevils. In the following sections we would like to take you into this world of the smallest animals and give you an insight into the diversity of species living there. For the sake of simplicity, subsequent <strong>various invertebrates from different genera and families<\/strong> presented. Many of these animals will be presented to you on a <strong>Journey through Madagascar<\/strong> you will certainly encounter, some others you will probably not get to see. However, if you have your <strong>Madagascar vacation<\/strong> then you should definitely make a trip to the great <a href=\"https:\/\/www.urlaub-auf-madagaskar.com\/en\/hintergrundinformationen\/nationalparks\/\" target=\"_self\" rel=\"noopener noreferrer\"><strong>National parks and nature reserves<\/strong><\/a> of the island. Our <a href=\"https:\/\/www.urlaub-auf-madagaskar.com\/en\/themenreisen\/reisen-fuer-naturliebhaber\/\" target=\"_self\" rel=\"noopener noreferrer\"><strong>Nature travel<\/strong> <\/a>will take you to a fascinating world and will give you experiences that you will never want to forget. Inquire about the various offers on our site or contact us directly.<\/p>\n<\/div>\n<\/div>\n<\/div>\n<\/div>\n<div class=\"bg_white\">\n<div class=\"col-md-12 col-sm-12 bg_white border no_padding margin_bottom_content\">\n<div class=\"col-md-12 col-sm-12 no_padding\">\n<div class=\"home_bg text-center side_bar_padding\"><img decoding=\"async\" class=\"side_bar_img\" src=\"https:\/\/www.urlaub-auf-madagaskar.com\/wp-content\/uploads\/2015\/07\/Madagascar_Flatid_Leaf_Bug_Nymph.jpg\" alt=\"Madagascar_Flatid_Leaf_Bug_Nymph\" \/><\/div>\n<\/div>\n<div class=\"col-md-12 col-sm-12 no_padding\">\n<div class=\"home_content_div\">\n<h3>What are actually invertebrates<\/h3>\n<p>Among the invertebrates, which are also known as <strong>Invertebrata<\/strong> are basically all multicellular creatures that do not have a spinal column. Mammals, birds, reptiles and amphibians are therefore excluded. Meant are in the first place <strong>Insects such as ants, butterflies, moths, earthworms, etc.<\/strong> and many other different animal species, of which there are almost innumerable on Madagascar. But even if the number of insects living there seems almost unmanageable, it should be kept in mind that also the <strong>Insect habitats<\/strong> have been significantly decimated in recent years. Clearing of forest stands as well as the expansion of human settlements have reduced the space and the <strong>Food supply for many insects <\/strong>shrink. Even if most insects are not as cute as the cute lemurs, these creatures also have a right to exist that must be protected.<\/p>\n<\/div>\n<\/div>\n<\/div>\n<\/div>\n<div class=\"bg_white\">\n<div class=\"col-md-12 col-sm-12 bg_white border no_padding margin_bottom_content\">\n<div class=\"col-md-12 col-sm-12 no_padding\">\n<div class=\"home_bg text-center side_bar_padding\"><img decoding=\"async\" class=\"side_bar_img\" src=\"https:\/\/www.urlaub-auf-madagaskar.com\/wp-content\/uploads\/2015\/07\/3233667999_0b1a655d51.jpg\" alt=\"3233667999_0b1a655d51\" \/><\/div>\n<\/div>\n<div class=\"col-md-12 col-sm-12 no_padding\">\n<div class=\"home_content_div\">\n<h3>Millipedes and Co. on Madagascar<\/h3>\n<p>The different systematic groupings in the realm of insects are partly very difficult to distinguish and are therefore differentiated to the maximum. For the sake of simplicity, our presentation follows a somewhat separate sorting. Especially conspicuous in Madagascar are the so-called <strong>Saftkugler<\/strong>, of which there are very many different species on Madagascar. These sap bugs form <strong>a separate order in the group of millipedes<\/strong> and surprise with a very <strong>exceptional feature<\/strong>In case of danger, the small arthropods roll up and then form a ball. This behavior is strongly reminiscent of the way small hedgehogs face danger in this country. Also <strong>the classic millipedes<\/strong> can be discovered in Madagascar at every corner, so to speak.some species can be <strong>up to 30 centimeters long <\/strong>and they are by no means harmless: Hydrocyanic acid-containing secretions are supposed to protect the millipede from predators, and these secretions can also be dangerous to humans. Therefore, it is expressly warned against consumption.<\/p>\n<\/div>\n<\/div>\n<\/div>\n<\/div>\n<div class=\"bg_white\">\n<div class=\"col-md-12 col-sm-12 bg_white border no_padding margin_bottom_content\">\n<div class=\"col-md-12 col-sm-12 no_padding\">\n<div class=\"home_bg text-center side_bar_padding\"><img decoding=\"async\" class=\"side_bar_img\" src=\"https:\/\/www.urlaub-auf-madagaskar.com\/wp-content\/uploads\/2015\/07\/Millipede.jpg\" alt=\"Millipede\" \/><\/div>\n<\/div>\n<div class=\"col-md-12 col-sm-12 no_padding\">\n<div class=\"home_content_div\">\n<p>In addition to millipedes, the somewhat smaller representatives of the genus, the <strong>Centipede<\/strong> <strong>in Madagascar<\/strong> native. They have, as the name implies, a smaller number of pairs of legs and also have a <strong>powerful bite scissors on the head<\/strong>. About this bite claw centipedes can secrete a poison that is also unpleasant for humans. A bite causes a painful swelling that can last for several days. The bite of a centipede is usually not life-threatening, moreover, the animals are nocturnal, so it is <strong>rarely to encounters with people<\/strong> comes. However, some of the approximately 70 different species native to Madagascar like to hide in shoes. A morning check of the same is therefore highly recommended.<\/p>\n<p>Often seen are the <strong>Centipede<\/strong> Chilopodae, which can be found quite often especially in the forest areas of Madagascar. Some of the animals are almost 30 cm long and can be easily recognized by their reddish brown color and the light tentacles. They protect themselves with hydrocyanic acid secretions from predators, but this at least the <strong>brown lemur<\/strong> (Eulemur fulvus) from consumption. The ability of some lemurs to chemically neutralize cyanide-containing food is also obvious here.<\/p>\n<\/div>\n<\/div>\n<\/div>\n<\/div>\n<div class=\"bg_white\">\n<div class=\"col-md-12 col-sm-12 bg_white border no_padding margin_bottom_content\">\n<div class=\"col-md-12 col-sm-12 no_padding\">\n<div class=\"home_bg text-center side_bar_padding\"><img decoding=\"async\" class=\"side_bar_img\" src=\"https:\/\/www.urlaub-auf-madagaskar.com\/wp-content\/uploads\/2015\/07\/2831535686_0c3357d736.jpg\" alt=\"2831535686_0c3357d736\" \/><\/div>\n<\/div>\n<div class=\"col-md-12 col-sm-12 no_padding\">\n<div class=\"home_content_div\">\n<p>70 types of <strong>Centipedes<\/strong> of the genus <strong>Diplopodae<\/strong>, also<strong> Skolopender<\/strong> are native to Madagascar. The animals are brown to green-blue in color and can be recognized by the much smaller number of pairs of legs compared to centipedes and the powerful biting claw at the end of the head. Since centipedes are nocturnal, the traveler will rarely if ever see them. However, in the coastal regions of Madagascar, it is recommended to check your shoes in the morning, as the scolopenders sometimes hide in them. The bite is extremely painful and the pain lasts for a very long time - the subsequent swelling at the bite site as well. The poisonous effect is apparently considerable.<\/p>\n<\/div>\n<\/div>\n<\/div>\n<\/div>\n<div class=\"bg_white\">\n<div class=\"col-md-12 col-sm-12 bg_white border no_padding margin_bottom_content\">\n<div class=\"col-md-12 col-sm-12 no_padding\">\n<div class=\"home_bg text-center side_bar_padding\"><img decoding=\"async\" class=\"side_bar_img\" src=\"https:\/\/www.urlaub-auf-madagaskar.com\/wp-content\/uploads\/2015\/07\/3823972372_bea339cd3c.jpg\" alt=\"3823972372_bea339cd3c\" \/><\/div>\n<\/div>\n<div class=\"col-md-12 col-sm-12 no_padding\">\n<div class=\"home_content_div\">\n<h3>Butterflies and moths in Madagascar<\/h3>\n<p>The number of <strong>Butterflies and moths in Madagascar<\/strong> is surprisingly high.Overall, it is possible to <strong>more than 3,000 different species <\/strong>in this respect, too, it can be assumed that there are also species that have not yet been discovered. How exactly the <strong>Butterflies and moths<\/strong> <strong>to Madagascar <\/strong>is unclear today. However, it is certain that some species must have arrived on the isolated island after Madagascar's separation from the supercontinent. The <strong>Variety of butterflies, moths and butterflies in Madagascar<\/strong> is hard to describe. In all colors and patterns the agile flying insects can be seen in front of <strong>especially at ponds and smaller water areas<\/strong> observe. Over the years, regular gathering places for butterflies have developed, where hundreds of the little fellows cavort. Particularly imposing butterflies are for example the <strong>Hypolimnas dexitheia<\/strong> or the <strong>Charaxes andara.<\/strong> Both species are characterized by a <strong>beautiful composition of base color and drawing<\/strong> out, whereby the <strong>Hypolimnas dexitheia<\/strong> additionally impresses with its imposing size. Its wingspan can be up to 11 centimeters. Even more impressive in terms of size it becomes only with the so-called <strong>Comet tail<\/strong>, a moth that has a <strong>Wingspan up to 30 centimeters <\/strong>can show.<\/p>\n<\/div>\n<\/div>\n<\/div>\n<\/div>\n<div class=\"bg_white\">\n<div class=\"col-md-12 col-sm-12 bg_white border no_padding margin_bottom_content\">\n<div class=\"col-md-12 col-sm-12 no_padding\">\n<div class=\"home_bg text-center side_bar_padding\"><img decoding=\"async\" class=\"side_bar_img\" src=\"https:\/\/www.urlaub-auf-madagaskar.com\/wp-content\/uploads\/2015\/07\/tumblr_laxfxdMtiB1qzs4d0o1_500.jpg\" alt=\"tumblr_laxfxdMtiB1qzs4d0o1_500\" \/><\/div>\n<\/div>\n<div class=\"col-md-12 col-sm-12 no_padding\">\n<div class=\"home_content_div\">\n<h3>Madagascar beetle<\/h3>\n<p>Looking at the number of beetles discovered so far in Madagascar, it is no exaggeration to say that Madagascar is home to a great many different beetles. <strong>More than 20,000 different species <\/strong>are currently described by researchers, most of which are endemic species. The special thing about the <strong>Madagascar beetles<\/strong>: Many types <strong>have only a very narrowly limited habitat <\/strong>us are therefore only found in one particular place on the island. This is precisely what makes it so difficult for local scientists to discover new species of beetles. Particularly abundant on Madagascar is the number of the so-called <strong>Jewel beetle<\/strong> off. Splendid beetles are called \"splendid beetles\" because of their <strong>light metallic sheen<\/strong> designated as such and on Madagascar alone have so far been <strong>more than 500 different species<\/strong> discovered. Particularly well known is also the <strong>Giraffe neck beetle<\/strong>which is endemic to Madagascar. This is a beetle of only about two and a half centimeters in size, which is mainly due to its <strong>overlong neck<\/strong> stands out. The neck of an adult giraffe neck beetle makes a <strong>Length from 1.80 millimeter<\/strong> and is thus longer than the entire fuselage of the Beetle. In various <strong><a href=\"https:\/\/www.urlaub-auf-madagaskar.com\/en\/hintergrundinformationen\/nationalparks\/\" target=\"_self\" rel=\"noopener noreferrer\">National Parks <\/a>on the island of Madagascar<\/strong> let these <strong>exceptionally spectacular beetle <\/strong>observe. Even more frequently, however, one encounters the altogether <strong>twelve different species of dung beetles or pill bugs<\/strong>, which are found practically everywhere on the island where other creatures also exist. After all, the dung beetles need the excrement of other animals to survive themselves.<\/p>\n<\/div>\n<\/div>\n<\/div>\n<\/div>\n<div class=\"bg_white\">\n<div class=\"col-md-12 col-sm-12 bg_white border no_padding margin_bottom_content\">\n<div class=\"col-md-12 col-sm-12 no_padding\">\n<div class=\"home_bg text-center side_bar_padding\"><img decoding=\"async\" class=\"side_bar_img\" src=\"https:\/\/www.urlaub-auf-madagaskar.com\/wp-content\/uploads\/2015\/07\/A051.jpg\" alt=\"A051\" \/><\/div>\n<\/div>\n<div class=\"col-md-12 col-sm-12 no_padding\">\n<div class=\"home_content_div\">\n<h3>Spiders and scorpions in Madagascar<\/h3>\n<p>Madagascar is home to around <strong>400 different species of spiders<\/strong> and also offers for <strong>twelve different types of scorpions<\/strong> Place. Tourists who are not familiar with both species should keep their distance. The stings of various scorpions can cause allergic reactions, which in turn can be dangerous for the human organism.<\/p>\n<p><strong>Tarantulas<\/strong> are also found on Madagascar, but very rarely. The few known species are found in the dry forest areas of the west coast,such as in <a href=\"https:\/\/www.urlaub-auf-madagaskar.com\/en\/hintergrundinformationen\/national-parks-madagaskar\/kirindy-mitea\/\" target=\"_self\" rel=\"noopener noreferrer\"><strong>Kirindy<\/strong><\/a>.<\/p>\n<p><strong>Wheel web spider<\/strong><strong>n<\/strong> of the genera <strong>Nephila<\/strong> and <strong>Careostris<\/strong> are encountered more frequently by the traveler: the huge webs regularly span even smaller river courses - an amazing feat of engineering by a single spider! The spiders themselves are not exactly small either, with a wingspan of up to 15 cm, and usually sit in the middle of the web.<\/p>\n<p>For all lovers of the eight-legged creepy crawlies: On Madagascar is <strong>the largest spider species in the world <\/strong>domiciled. Under the name <strong>Nephila komaci<\/strong> is known this species, whose leg length can include up to twelve centimeters.<\/p>\n<\/div>\n<\/div>\n<\/div>\n<\/div>\n<div class=\"col-md-12 col-sm-12 bg_white border no_padding margin_bottom_content\">\n<div class=\"col-md-12 col-sm-12 home_content_div\">\n<h3>Grasshoppers and praying mantises in Madagascar<\/h3>\n<p><strong>Praying mantises and grasshoppers are in Madagascar<\/strong> not a rarity. Around <strong>150 different species<\/strong> classified as true grasshoppers, are known in Madagascar. Just the <strong><a href=\"https:\/\/www.urlaub-auf-madagaskar.com\/en\/information-about-ideas-for-a-locusts-catcher\/\" target=\"_self\" rel=\"noopener noreferrer\">Migratory locust<\/a> <\/strong>does not have a particularly good reputation among the population of the island state, since the small animals are sometimes considered as <a href=\"https:\/\/www.urlaub-auf-madagaskar.com\/en\/migratory-locusts-crisis-situation-on-madagascar\/\" target=\"_self\" rel=\"noopener noreferrer\"><strong>real nuisance<\/strong><\/a> as they significantly reduced crop yields over a period of years. Also <strong>Stick insects<\/strong>, which impress due to their interesting body shape, are native to Madagascar. A total of 80 different species have been discovered so far. The special thing about the stick insects: Most of them <strong>master the so-called mimicry<\/strong>. This is the art of almost <strong>Fully adapt to the environment<\/strong> and so to camouflage. Accordingly, many stick insects are often mistaken for leaves or small branches. Also these <strong>Leaf mimicry <\/strong>can lead to <strong>numerous species on Madagascar still undiscovered<\/strong> remain. Also very impressive are the praying mantises, of which there are at least 53 different species in Madagascar. 47 of them have been classified as endemic.<\/p>\n<\/div>\n<\/div>\n<div class=\"col-md-12 col-sm-12 bg_white border no_padding margin_bottom_content\">\n<div class=\"col-md-12 col-sm-12 home_content_div\">\n<h3>Numerous other insects and invertebrates are at home in Madagascar<\/h3>\n<p>In principle, the list of different <strong>Insects and invertebrates in Madagascar<\/strong> to be continued almost indefinitely. For example, there are <strong>1,300 different species of bugs<\/strong> on the island, <strong>76 species of dragonflies<\/strong> and <strong>hundreds of different species of mosquitoes and mosquitoes<\/strong>. The latter are feared mainly because of their ability to transmit diseases. Cicadas, ants and snails can also be discovered in Madagascar.<\/p>\n<\/div>\n<\/div>\n<div class=\"bg_white\">\n<div class=\"col-md-12 col-sm-12 bg_white border no_padding margin_bottom_content\">\n<div class=\"col-md-12 col-sm-12 no_padding\">\n<div class=\"home_bg text-center side_bar_padding\"><a href=\"https:\/\/www.urlaub-auf-madagaskar.com\/wp-content\/uploads\/2015\/07\/cercopis_vulnerata_15may05_600.jpg\"><img decoding=\"async\" class=\"side_bar_img\" src=\"https:\/\/www.urlaub-auf-madagaskar.com\/wp-content\/uploads\/2015\/07\/cercopis_vulnerata_15may05_600-265x300.jpg\" alt=\"Bugs\" \/><\/a><\/div>\n<\/div>\n<div class=\"col-md-12 col-sm-12 no_padding\">\n<div class=\"home_content_div\">\n<p><strong>Bugs<\/strong> are very numerous with 1300 species. As everywhere in the world, they are a major problem in Madagascar as a crop pest as well as a household parasite. A quite well known and very peculiar bug species is <strong>Phromnia rosea rasa<\/strong>. In the larval stage, this bug forms snow-white, lichen-like tufts on its abdomen, which on the one hand actually makes it look like a lichen species, and on the other hand makes it all the more protected by the inedible consistency of this camouflage weave. After the larval stage, an amazing transformation of the bug happens: it transforms its abdomen so that the wings look like pink flowers, which at first glance looks like an orchid. Since the animals always appear in clusters, this effect is very effectively amplified. Moreover, Phromnia rosea apparently plays an important role as a provider of food and water for the tiny<strong> Mausmaki<\/strong> (Microcebus). Recent research has shown that some species of mouse maki can only survive the extreme dry periods in their habitats in hot western Madagascar by licking up a water- and sugar-containing secretion secreted by the bug larvae!<\/p>\n<p><strong>Bees<\/strong> are widespread in Madagascar. Almost as old and widespread is also beekeeping! Everywhere in the highlands you can buy the most different kinds of honey in the southern spring. I had personally organized and accompanied a trip for French beekeepers. The beekeepers organize themselves and on the east coast there is even an association of beekeepers to export the Litchi or the Niauly honey to Europe. The best eucalyptus honey in Madagascar is available from Daniel at Ialatsara Lemurs Forest Camp.<\/p>\n<p><strong>Dragonflies<\/strong> are also among the most beautiful inhabitants of wetlands on Madagascar. 76 species, 40 of them endemic, have been counted so far.<\/p>\n<p>Almost as annoying are the<strong> Leech,<\/strong> that can be found in areas like <strong>Montagne d \u0301 Ambre<\/strong>, <strong>Ranomafana<\/strong> and <strong>Marojejy<\/strong> permanently want to the leather! Contrary to statements to the contrary, it is not enough to protect only the legs from the penetration of the pests: the animals also drop from above and look for the way through the outer clothing. The animals, called lychees by the locals, are initially only about 5mm long and have a diameter of 1mm. These animals are completely harmless.<\/p>\n<p><strong>Cicadas<\/strong> are also on the red island the night orchestra of the tropics. But there are amazing deviations from the usual chirp-chirp: in the dry forests of the west lives a very large, nocturnal cicada species, which has a wingspan of 12 cm and is more like a small bird or a giant wasp. The animals make it impossible to stay outdoors near a light source, especially in the evenings in the spring: the loud and shrill giant buzzers swarm in from all sides, crashing into all sorts of obstacles, including people. During the day, although not in motion, cicadas in the <strong>Dry forests<\/strong> and especially in the <strong>Tsingy from Bemaraha<\/strong> a stay to a deafening affair.<\/p>\n<p><strong>Snails<\/strong> are found in great diversity on Madagascar: almost 400 species have been counted so far, most of them endemic. Especially in the coastal regions of the west and in the mountainous regions of the north, one finds an astonishing number of species.  On the west coast, one finds very large shells of snails in the dry forests, which have extremely steep coils and look more like sea snails.<\/p>\n<p>If you are interested in this <strong>Species-rich insect diversity <\/strong>interested, we will gladly take you to the places where you can observe these animals particularly well or also photograph them. Our <strong>Nature tours in Madagascar<\/strong> are specially adapted to your individual needs. Find out more today and plan your very own personalized <strong>Dream vacation in Madagascar<\/strong>.<\/p>\n<\/div>\n<\/div>\n<\/div>\n<\/div>","protected":false},"excerpt":{"rendered":"<p>Die Wirbellosen auf Madagaskar Madagaskar ist eine Insel, auf der nicht nur zahlreiche au\u00dfergew\u00f6hnliche S\u00e4ugetiere, V\u00f6gel und Reptilien leben, sondern auf der sich auch viele Insekten und andere Wirbellose heimisch f\u00fchlen. Die Sch\u00e4tzungen bez\u00fcglich der Zahlen gehen weit auseinander, normalerweise sprechen Forscher jedoch dar\u00fcber, dass auf Madagaskar vermutlich mehr als 100.000 verschiedene Arten heimisch sind. [&hellip;]<\/p>\n","protected":false},"author":3,"featured_media":10228,"parent":0,"menu_order":5,"comment_status":"closed","ping_status":"closed","template":"","meta":{"footnotes":""},"categories":[245],"class_list":["post-762","page","type-page","status-publish","has-post-thumbnail","hentry","category-fauna","hierachie-level-level-2"],"_links":{"self":[{"href":"https:\/\/www.urlaub-auf-madagaskar.com\/en\/wp-json\/wp\/v2\/pages\/762","targetHints":{"allow":["GET"]}}],"collection":[{"href":"https:\/\/www.urlaub-auf-madagaskar.com\/en\/wp-json\/wp\/v2\/pages"}],"about":[{"href":"https:\/\/www.urlaub-auf-madagaskar.com\/en\/wp-json\/wp\/v2\/types\/page"}],"author":[{"embeddable":true,"href":"https:\/\/www.urlaub-auf-madagaskar.com\/en\/wp-json\/wp\/v2\/users\/3"}],"replies":[{"embeddable":true,"href":"https:\/\/www.urlaub-auf-madagaskar.com\/en\/wp-json\/wp\/v2\/comments?post=762"}],"version-history":[{"count":0,"href":"https:\/\/www.urlaub-auf-madagaskar.com\/en\/wp-json\/wp\/v2\/pages\/762\/revisions"}],"wp:featuredmedia":[{"embeddable":true,"href":"https:\/\/www.urlaub-auf-madagaskar.com\/en\/wp-json\/wp\/v2\/media\/10228"}],"wp:attachment":[{"href":"https:\/\/www.urlaub-auf-madagaskar.com\/en\/wp-json\/wp\/v2\/media?parent=762"}],"wp:term":[{"taxonomy":"category","embeddable":true,"href":"https:\/\/www.urlaub-auf-madagaskar.com\/en\/wp-json\/wp\/v2\/categories?post=762"}],"curies":[{"name":"wp","href":"https:\/\/api.w.org\/{rel}","templated":true}]}}