{"id":756,"date":"2015-07-23T09:35:41","date_gmt":"2015-07-23T07:35:41","guid":{"rendered":"https:\/\/urlaub-auf-madagaskar.alpha-beta.de\/?page_id=756"},"modified":"2020-02-05T12:47:17","modified_gmt":"2020-02-05T11:47:17","slug":"private-parks-in-madagaskar-2","status":"publish","type":"page","link":"https:\/\/www.urlaub-auf-madagaskar.com\/en\/private-parks-in-madagascar-2\/","title":{"rendered":"Private Parks in Madagascar"},"content":{"rendered":"<h1>Private Parks in Madagascar<\/h1>\n<div class=\"bg_white\">\n<div class=\"col-md-12 col-sm-12 bg_white border no_padding margin_bottom_content\">\n<div class=\"col-md-12 col-sm-12 no_padding\">\n<div class=\"home_bg text-center side_bar_padding\"><a href=\"https:\/\/www.urlaub-auf-madagaskar.com\/wp-content\/uploads\/2018\/08\/img.jpg\"><img fetchpriority=\"high\" decoding=\"async\" width=\"300\" height=\"200\" class=\"side_bar_img size-medium wp-image-8490 alignnone\" src=\"https:\/\/www.urlaub-auf-madagaskar.com\/wp-content\/uploads\/2018\/08\/img.jpg\" srcset=\"https:\/\/www.urlaub-auf-madagaskar.com\/wp-content\/uploads\/2018\/08\/img.jpg 300w, https:\/\/www.urlaub-auf-madagaskar.com\/wp-content\/uploads\/2018\/08\/img-20x13.jpg 20w\" sizes=\"(max-width: 300px) 100vw, 300px\" \/><\/a><\/div>\n<\/div>\n<div class=\"col-md-12 col-sm-12 no_padding\">\n<div class=\"home_content_div\">\n<h3>Nature conservation concerns everyone<\/h3>\n<p><strong>National parks, integral protected areas and special reserves<\/strong> play an important role on Madagascar. Since the arrival of man on this island, nature conservation has unfortunately been neglected far too much. The lack of awareness for this important factor can still be seen in large parts of the population of Madagascar. <strong>Active and lived nature conservation<\/strong> are unfortunately still foreign words for most average inhabitants of Madagascar today. In one of the poorest countries in the world, where people have to struggle every day anew for a dignified existence, nature is for many nothing more than a valuable place for resources. For keywords or concepts like <strong>Sustainability or ecological awareness<\/strong> there is often no room. The consequence is a <strong>Change of nature on the island<\/strong>Where a few centuries ago there were rainforests rich in species, today there is only dry desert sand or a karstified rocky desert. But even if the <strong>Madagascar nature<\/strong> has changed and large parts of what are now only very small areas of original primary forest are still endangered today, have <strong>Flora and fauna in Madagascar<\/strong> found numerous supporters. In recent years and decades, more and more <strong>private parks<\/strong> organizations and individualists to promote the cause of the <strong>Welfare of nature and the preservation of biodiversity<\/strong> insert<\/p>\n<\/div>\n<\/div>\n<\/div>\n<\/div>\n<div class=\"bg_white\">\n<div class=\"col-md-12 col-sm-12 bg_white border no_padding margin_bottom_content\">\n<div class=\"col-md-12 col-sm-12 no_padding\">\n<div class=\"home_bg text-center side_bar_padding\"><a href=\"https:\/\/www.urlaub-auf-madagaskar.com\/wp-content\/uploads\/2015\/07\/11134140_101993586799112_4735217593105845351_o-1.jpg\" rel=\"side_bar_img size-medium wp-image-2847\"><img decoding=\"async\" width=\"300\" height=\"225\" class=\"side_bar_img size-medium wp-image-3901 alignnone\" src=\"https:\/\/www.urlaub-auf-madagaskar.com\/wp-content\/uploads\/2015\/07\/11134140_101993586799112_4735217593105845351_o-1-300x225.jpg\" alt=\"Uroplatys\" \/><\/a><\/div>\n<\/div>\n<div class=\"col-md-12 col-sm-12 no_padding\">\n<div class=\"home_content_div\">\n<h3>Private commitment to the preservation of biodiversity<\/h3>\n<p>Many private organizations dedicated to conservation in Madagascar through the establishment of private parks usually start in relatively small areas. They often have a single fixed purpose at the beginning, such as the conservation of a particular species of animal. In the course of developments <strong>However, the protection efforts then often expand <\/strong>and the private parks get their own infrastructure and implement various <strong>smaller conservation projects or even research stations<\/strong>. The operators behind the private parks usually put all their heart and soul into nature conservation, and they often depend on outside investors. This is precisely why visitors from outside are so welcome. Through entrance fees or fees for guided tours, the private operators get the financial resources they need to maintain nature conservation in the respective area.<\/p>\n<\/div>\n<\/div>\n<\/div>\n<\/div>\n<div class=\"bg_white\">\n<div class=\"col-md-12 col-sm-12 bg_white border no_padding margin_bottom_content\">\n<div class=\"col-md-12 col-sm-12 no_padding\">\n<div class=\"home_bg text-center side_bar_padding\"><a href=\"https:\/\/www.urlaub-auf-madagaskar.com\/wp-content\/uploads\/2015\/07\/11143288_123314808000323_6584081619393613201_o.jpg\" rel=\"attachment wp-att-2848\"><img decoding=\"async\" width=\"300\" height=\"230\" class=\"side_bar_img size-medium wp-image-2848 alignnone wp-image-2848 size-medium\" src=\"https:\/\/www.urlaub-auf-madagaskar.com\/wp-content\/uploads\/2015\/07\/11143288_123314808000323_6584081619393613201_o-300x230.jpg\" alt=\"Kingfisher Madagascar\" srcset=\"https:\/\/www.urlaub-auf-madagaskar.com\/wp-content\/uploads\/2015\/07\/11143288_123314808000323_6584081619393613201_o-300x230.jpg 300w, https:\/\/www.urlaub-auf-madagaskar.com\/wp-content\/uploads\/2015\/07\/11143288_123314808000323_6584081619393613201_o-20x15.jpg 20w, https:\/\/www.urlaub-auf-madagaskar.com\/wp-content\/uploads\/2015\/07\/11143288_123314808000323_6584081619393613201_o.jpg 346w\" sizes=\"(max-width: 300px) 100vw, 300px\" \/><\/a><\/div>\n<\/div>\n<div class=\"col-md-12 col-sm-12 no_padding\">\n<div class=\"home_content_div\">\n<h3>Information dissemination plus nature conservation<\/h3>\n<p>If you are in your <strong>Madagascar vacation<\/strong> have the opportunity to make a detour to a private park, then you should definitely take this opportunity. You will meet passionate people who dedicate their free time and complete commitment to the <strong>lived nature conservation<\/strong> have dedicated. Most of the time, these people are happy to let you in on the details and particulars of their work. This way you can understand how reforestation projects work or take a look at various research stations. We would like not only to introduce you to the various most interesting private parks in Madagascar, but at the same time to give you the opportunity to visit them on your <strong>Journey through Madagascar<\/strong> to visit. Since contact options are not always easy, a visit often requires extensive planning work, which we can take care of on site in your interest. We also take care of all the logistics around <strong>the excursion in your vacation in Madagascar<\/strong>, because the <strong>Nature conservation on this diverse and fascinating island <\/strong>is very important to us. Therefore, if you are looking for additional information about the private parks in Madagascar or if you are already planning a trip to Madagascar, please feel free to contact us.<\/p>\n<\/div>\n<\/div>\n<\/div>\n<\/div>","protected":false},"excerpt":{"rendered":"<p>Private Parks auf Madagaskar Naturschutz geht jeden etwas an Nationalparks, integrale Schutzgebiete und Spezialreservate spielen auf Madagaskar eine wichtige Rolle. Seit dem Eintreffen der Menschen auf dieser Insel wurde der Naturschutz leider viel zu stark vernachl\u00e4ssigt. Das fehlende Bewusstsein f\u00fcr diesen doch so wichtigen Faktor, l\u00e4sst sich leider auch heute noch in weiten Teilen der [&hellip;]<\/p>\n","protected":false},"author":3,"featured_media":8490,"parent":0,"menu_order":0,"comment_status":"closed","ping_status":"closed","template":"","meta":{"footnotes":""},"categories":[483],"class_list":["post-756","page","type-page","status-publish","has-post-thumbnail","hentry","category-private-parks","group-cat-private-parks","hierachie-level-level-1"],"_links":{"self":[{"href":"https:\/\/www.urlaub-auf-madagaskar.com\/en\/wp-json\/wp\/v2\/pages\/756","targetHints":{"allow":["GET"]}}],"collection":[{"href":"https:\/\/www.urlaub-auf-madagaskar.com\/en\/wp-json\/wp\/v2\/pages"}],"about":[{"href":"https:\/\/www.urlaub-auf-madagaskar.com\/en\/wp-json\/wp\/v2\/types\/page"}],"author":[{"embeddable":true,"href":"https:\/\/www.urlaub-auf-madagaskar.com\/en\/wp-json\/wp\/v2\/users\/3"}],"replies":[{"embeddable":true,"href":"https:\/\/www.urlaub-auf-madagaskar.com\/en\/wp-json\/wp\/v2\/comments?post=756"}],"version-history":[{"count":0,"href":"https:\/\/www.urlaub-auf-madagaskar.com\/en\/wp-json\/wp\/v2\/pages\/756\/revisions"}],"wp:featuredmedia":[{"embeddable":true,"href":"https:\/\/www.urlaub-auf-madagaskar.com\/en\/wp-json\/wp\/v2\/media\/8490"}],"wp:attachment":[{"href":"https:\/\/www.urlaub-auf-madagaskar.com\/en\/wp-json\/wp\/v2\/media?parent=756"}],"wp:term":[{"taxonomy":"category","embeddable":true,"href":"https:\/\/www.urlaub-auf-madagaskar.com\/en\/wp-json\/wp\/v2\/categories?post=756"}],"curies":[{"name":"wp","href":"https:\/\/api.w.org\/{rel}","templated":true}]}}