{"id":711,"date":"2015-07-21T15:15:28","date_gmt":"2015-07-21T13:15:28","guid":{"rendered":"https:\/\/urlaub-auf-madagaskar.alpha-beta.de\/?page_id=711"},"modified":"2020-02-07T11:23:50","modified_gmt":"2020-02-07T10:23:50","slug":"amphibian","status":"publish","type":"page","link":"https:\/\/www.urlaub-auf-madagaskar.com\/en\/amphibian\/","title":{"rendered":"Amphibians"},"content":{"rendered":"<h1>Ambhibia<\/h1>\n<div class=\"bg_white\">\n<div class=\"col-md-12 col-sm-12 bg_white border no_padding margin_bottom_content\">\n<div class=\"col-md-12 col-sm-12 no_padding\">\n<div class=\"home_bg text-center side_bar_padding\"><a href=\"\/wp-content\/uploads\/2015\/07\/1032165.jpg\"><img fetchpriority=\"high\" decoding=\"async\" width=\"485\" height=\"272\" class=\"side_bar_img size-medium wp-image-747 alignnone\" src=\"https:\/\/www.urlaub-auf-madagaskar.com\/wp-content\/uploads\/2015\/07\/1032165.jpg\" srcset=\"https:\/\/www.urlaub-auf-madagaskar.com\/wp-content\/uploads\/2015\/07\/1032165.jpg 485w, https:\/\/www.urlaub-auf-madagaskar.com\/wp-content\/uploads\/2015\/07\/1032165-300x168.jpg 300w\" sizes=\"(max-width: 485px) 100vw, 485px\" \/><\/a><\/div>\n<\/div>\n<div class=\"col-md-12 col-sm-12 no_padding\">\n<div class=\"home_content_div\">\n<h3>Frogs<\/h3>\n<p>amphibians, Madagascar has produced an almost incalculable variety of frogs: more than 400 species have been described so far and new ones are constantly being added.<\/p>\n<p>Considering the sometimes extremely small distribution area of some species (the <strong>Gold Frog<\/strong> Mantella auritiaca, for example, lives in only one swamp area in Analamazoatra), we can still expect all kinds of exciting new discoveries, since the exploration of this animal genus is far from complete.<\/p>\n<p>Except for two species, the frogs of Madagascar are all endemic (to 99%). Fossil finds prove that already 200 million years ago frogs hopped over Madagascar's earth.<\/p>\n<p>Of particular charm, relatively common and therefore particularly interesting for the Madagascar traveler are the colorful <strong>Mantella frogs<\/strong>. The Mantella frogs today form a separate family, the Mantellidae. The family is divided into three subfamilies and five genera. Until today about 150 (!) different species have been counted<\/p>\n<\/div>\n<\/div>\n<\/div>\n<\/div>\n<div class=\"bg_white\">\n<div class=\"col-md-12 col-sm-12 bg_white border no_padding margin_bottom_content\">\n<div class=\"col-md-12 col-sm-12 no_padding\">\n<div class=\"home_bg text-center side_bar_padding\"><a href=\"\/wp-content\/uploads\/2015\/07\/1002.jpg\"><img decoding=\"async\" width=\"315\" height=\"234\" class=\"side_bar_img size-medium wp-image-746 alignnone\" src=\"https:\/\/www.urlaub-auf-madagaskar.com\/wp-content\/uploads\/2015\/07\/1002.jpg\" srcset=\"https:\/\/www.urlaub-auf-madagaskar.com\/wp-content\/uploads\/2015\/07\/1002.jpg 315w, https:\/\/www.urlaub-auf-madagaskar.com\/wp-content\/uploads\/2015\/07\/1002-300x223.jpg 300w\" sizes=\"(max-width: 315px) 100vw, 315px\" \/><\/a><\/div>\n<\/div>\n<div class=\"col-md-12 col-sm-12 no_padding\">\n<div class=\"home_content_div\">\n<div>\n<p>1. subfamily Boophinae with one genus:<\/p>\n<ul>\n<li>Boophis - 56 species<\/li>\n<\/ul>\n<p>2. subfamily Laliostominae with two genera:<\/p>\n<ul>\n<li>Aglyptodactylus - 3 species<\/li>\n<li>Laliostoma - 1 species<\/li>\n<\/ul>\n<p>3. subfamily Mantelliniae with two genera:<\/p>\n<ul>\n<li>Mantella - 15 species<\/li>\n<li>Mantidactylus - 85 species<\/li>\n<\/ul>\n<\/div>\n<p>The best known Mantella species are the distinctly colorful Mantella madagascariensis and the famous Andasibe golden frog Mantella aurantiaca.<\/p>\n<p>In addition, there are numerous other frog species on Madagascar, whose description is omitted here in view of the abundance of information. Interested travelers will find plenty of information in \"Glaw&amp;Vences, Amphibians and Reptiles of Madagascar\", Glaw Verlag Bonn.<\/p>\n<p>Merely mentioned are:<\/p>\n<ul>\n<li>Stumpffia pygmea, the smallest frog with 12 mm body length<\/li>\n<li>Boophis luteus, the biggest frog of the red island with exceptionally more than 50 cm body length<\/li>\n<li>Dyscophus antongil, the famous tomato frog<\/li>\n<\/ul>\n<\/div>\n<\/div>\n<\/div>\n<\/div>","protected":false},"excerpt":{"rendered":"<p>Ambhibien Fr\u00f6sche Amphibien hat Madagaskar eine schier un\u00fcbersehbare Vielfalt an Fr\u00f6schen hervorgebracht: mehr als 400 Arten wurden bislang beschrieben und st\u00e4ndig kommen neue hinzu. Bedenkt man das z.T. extrem kleine Verbreitungsgebiet mancher Arten (das Goldfr\u00f6schchen Mantella auritiaca z.B. lebt nur in einem einzigen Sumpfgebiet in Analamazoatra), d\u00fcrfen wir noch allerhand aufregende Neuentdeckungen erwarten, da die [&hellip;]<\/p>\n","protected":false},"author":3,"featured_media":10226,"parent":0,"menu_order":1,"comment_status":"closed","ping_status":"closed","template":"","meta":{"footnotes":""},"categories":[245],"class_list":["post-711","page","type-page","status-publish","has-post-thumbnail","hentry","category-fauna","hierachie-level-level-2"],"_links":{"self":[{"href":"https:\/\/www.urlaub-auf-madagaskar.com\/en\/wp-json\/wp\/v2\/pages\/711","targetHints":{"allow":["GET"]}}],"collection":[{"href":"https:\/\/www.urlaub-auf-madagaskar.com\/en\/wp-json\/wp\/v2\/pages"}],"about":[{"href":"https:\/\/www.urlaub-auf-madagaskar.com\/en\/wp-json\/wp\/v2\/types\/page"}],"author":[{"embeddable":true,"href":"https:\/\/www.urlaub-auf-madagaskar.com\/en\/wp-json\/wp\/v2\/users\/3"}],"replies":[{"embeddable":true,"href":"https:\/\/www.urlaub-auf-madagaskar.com\/en\/wp-json\/wp\/v2\/comments?post=711"}],"version-history":[{"count":0,"href":"https:\/\/www.urlaub-auf-madagaskar.com\/en\/wp-json\/wp\/v2\/pages\/711\/revisions"}],"wp:featuredmedia":[{"embeddable":true,"href":"https:\/\/www.urlaub-auf-madagaskar.com\/en\/wp-json\/wp\/v2\/media\/10226"}],"wp:attachment":[{"href":"https:\/\/www.urlaub-auf-madagaskar.com\/en\/wp-json\/wp\/v2\/media?parent=711"}],"wp:term":[{"taxonomy":"category","embeddable":true,"href":"https:\/\/www.urlaub-auf-madagaskar.com\/en\/wp-json\/wp\/v2\/categories?post=711"}],"curies":[{"name":"wp","href":"https:\/\/api.w.org\/{rel}","templated":true}]}}