{"id":6740,"date":"2018-07-17T14:47:18","date_gmt":"2018-07-17T12:47:18","guid":{"rendered":"https:\/\/www.urlaub-auf-madagaskar.com\/?page_id=6740"},"modified":"2020-02-12T23:21:59","modified_gmt":"2020-02-12T22:21:59","slug":"andasibe","status":"publish","type":"page","link":"https:\/\/www.urlaub-auf-madagaskar.com\/en\/andasibe\/","title":{"rendered":"Andasibe"},"content":{"rendered":"<h1>Andasibe Nationalpark<\/h1>\n<div class=\"bg_white\">\n<div class=\"col-md-12 col-sm-12 bg_white border no_padding margin_bottom_content\">\n<div class=\"col-md-12 col-sm-12 no_padding\">\n<div class=\"home_bg text-center side_bar_padding\"><a href=\"https:\/\/www.urlaub-auf-madagaskar.com\/wp-content\/uploads\/2015\/08\/lemurien-269003.jpg\"><img decoding=\"async\" class=\"side_bar_img size-medium wp-image-1286 alignnone\" src=\"https:\/\/www.urlaub-auf-madagaskar.com\/wp-content\/uploads\/2015\/08\/lemurien-269003.jpg\" alt=\"\" width=\"540\" \/><\/a><\/div>\n<\/div>\n<div class=\"col-md-12 col-sm-12 no_padding\">\n<div class=\"home_content_div\">\n<p>Der <a href=\"https:\/\/www.urlaub-auf-madagaskar.com\/hintergrundinformationen\/national-parks-madagaskar\/\" target=\"_self\" rel=\"noopener noreferrer\">Andasibe Nationalpark<\/a> im Osten Madagaskars ist f\u00fcr alle Touristen, die sich in der <strong>Hauptstadt Antananarivo<\/strong> aufhalten, unbedingt eine Reise wert. Der urspr\u00fcngliche Prim\u00e4rwald bietet vielen exotischen und <strong>au\u00dfergew\u00f6hnlichen Tier- und Pflanzenarten<\/strong> ein Zuhause. Das Mitsinjo Reservat ist ganz besonders interessant f\u00fcr Herpetologische Reisen, f\u00fcr Fr\u00f6sche und f\u00fcr <a href=\"https:\/\/www.urlaub-auf-madagaskar.com\/themenreisen\/reisen-fuer-wissenschaftler\/\" target=\"_self\" rel=\"noopener noreferrer\">wissenschafliche Reisen<\/a>. Die Indri-Indri Lemuren sind nat\u00fcrlich die bekannteste Attraktion im Andasibe Nationalpark.<\/p>\n<p>Viele dieser Arten sind bereits vom Aussterben bedroht und finden an kaum einem anderen Ort auf der Insel noch das Nahrungsangebot, welches sie zum \u00dcberleben brauchen. Unsere <strong>dreit\u00e4gige Tour<\/strong> durch den Andasibe Nationalparkt richtet sich an alle Naturinteressenten, die auf einen gewissen Komfort nicht verzichten wollen. Die genauen Punkte der Tour werden ja nach Kondition der Reisenden direkt mit den <strong>erfahrenen Guides <\/strong>abgesprochen. Wenn Sie n\u00e4here Informationen zu diesem dreit\u00e4gigen Abenteuer erhalten m\u00f6chten, sprechen Sie uns einfach an. Die verschiedenen Leistungen und Stationen dieser kleinen <strong>Reise durch Madagaskar<\/strong> werden nachfolgend pr\u00e4sentiert. Diese Tour ist eine ideale Erg\u00e4nzung zu der Hochlandroute von Antananarivo nach Tulear.<\/p>\n<\/div>\n<\/div>\n<\/div>\n<\/div>\n<div class=\"bg_white\">\n<div class=\"col-md-12 col-sm-12 bg_white border no_padding margin_bottom_content\">\n<div class=\"col-md-12 col-sm-12 no_padding\">\n<div class=\"home_bg text-center side_bar_padding\"><a href=\"https:\/\/www.urlaub-auf-madagaskar.com\/wp-content\/uploads\/2015\/08\/Andasibe-25.jpg\"><img fetchpriority=\"high\" decoding=\"async\" class=\"side_bar_img size-medium wp-image-2044 alignnone\" src=\"https:\/\/www.urlaub-auf-madagaskar.com\/wp-content\/uploads\/2015\/08\/Andasibe-25-200x300.jpg\" alt=\"Indri Indri\" width=\"200\" height=\"300\" \/><\/a><\/div>\n<\/div>\n<div class=\"col-md-12 col-sm-12 no_padding\">\n<div class=\"home_content_div\">\n<h2>Individualreise in den Andasibe Nationalpark<\/h2>\n<p>Der Start der Reise in den Andasibe Nationalpark ist in Madagaskars Hauptstadt Antananarivo, von wo aus wir durch <strong>au\u00dfergew\u00f6hnliche Landschaften<\/strong> und mehrere Naturreservate zun\u00e4chst zum <strong>Privatreservat <em>Madagascar Exotique<\/em><\/strong> und anschlie\u00dfend direkt zur <strong><em>Vakona Lodge<\/em><\/strong>, dem \u00dcbernachtungsort vor dem Eingang des Andasibe Nationalparks fahren. Am zweiten Tag geht es dann direkt in das <strong>Naturreservat<\/strong>, wobei ein ortskundiger Guide die F\u00fchrung \u00fcbernimmt. Die L\u00e4nge der Tour kann je nach Interesse und Kondition der Reisenden festgelegt werden. Am Abend besteht zudem die M\u00f6glichkeit an einer <strong>Nachtexkursion<\/strong> teilzunehmen. Der dritte Tag steht dann im Zeichen des <strong>Mitsinjo Reservates<\/strong>, in dem viele seltene Lemuren-Arten leben. Sofern der <strong>Mantadia Nationalpark<\/strong> w\u00e4hrend der Tour ge\u00f6ffnet hat, erfolgt ein Abstecher in diesen Park, der ebenfalls mit einer gef\u00fchrten Wanderung abschlie\u00dfen kann. Danach steht dann der R\u00fccktransport nach Antananarivo an.<\/p>\n<h2>Zahlen und Fakten zur Tour<\/h2>\n<p>Diese Tour kann auf Wunsch in Kombination mit verschiedenen anderen Reisepaketen aus unserem Angebot gebucht und gegebenenfalls zus\u00e4tzlich individualisiert werden. Nachfolgend werden die Preise und Leistungen zus\u00e4tzlich aufgef\u00fchrt:<\/p>\n<p>&nbsp;<\/p>\n<table>\n<tbody>\n<tr>\n<td width=\"307\"><strong>3-t\u00e4gige Andasibe-Tour<\/strong><\/td>\n<td width=\"307\"><strong>Preis pro Person<\/strong><\/td>\n<\/tr>\n<tr>\n<td width=\"307\">2 bis 3 G\u00e4ste<\/td>\n<td width=\"307\">480 \u20ac<\/td>\n<\/tr>\n<tr>\n<td width=\"307\">4 bis 5 G\u00e4ste<\/td>\n<td width=\"307\">420 \u20ac<\/td>\n<\/tr>\n<tr>\n<td width=\"307\">6 bis 7 G\u00e4ste<\/td>\n<td width=\"307\">340 \u20ac<\/td>\n<\/tr>\n<tr>\n<td width=\"307\">8 bis 9 G\u00e4ste<\/td>\n<td width=\"307\">290 \u20ac<\/td>\n<\/tr>\n<tr>\n<td width=\"307\">10 G\u00e4ste oder mehr<\/td>\n<td width=\"307\">250 \u20ac<\/td>\n<\/tr>\n<\/tbody>\n<\/table>\n<p>&nbsp;<\/p>\n<p><strong>Im Grundpreis inkludiert:<\/strong><\/p>\n<ul>\n<li>alle Transfers und Fahrten, die im Programm angezeigt werden<\/li>\n<li>Fr\u00fchst\u00fcck und Abendessen<\/li>\n<li>Allradauto inklusive Fahrer und Treibstoff<\/li>\n<li>Logistik und Begleitung durch den deutschsprachigen Reiseleiter<\/li>\n<\/ul>\n<p><strong>Nicht im Grundpreis inkludiert:<\/strong><\/p>\n<ul>\n<li>Preis f\u00fcr Eintritt und F\u00fchrung im Andasibe Nationalpark<\/li>\n<li>Mittagessen und Getr\u00e4nke<\/li>\n<li>pers\u00f6nliche Ausgaben und Trinkgelder<\/li>\n<li>optionale Besichtigungen mit oder ohne Guides<\/li>\n<\/ul>\n<p>&nbsp;<\/p>\n<\/div>\n<\/div>\n<\/div>\n<h3>Reisebeschreibung zum Download<\/h3>\n<p>[wpfd_single_file id=&#8220;10859&#8243; catid=&#8220;548&#8243; name=&#8220;Andasibe Nationalpark&#8220;]\n<\/p><\/div>\n","protected":false},"excerpt":{"rendered":"<p>Andasibe Nationalpark Der Andasibe Nationalpark im Osten Madagaskars ist f\u00fcr alle Touristen, die sich in der Hauptstadt Antananarivo aufhalten, unbedingt eine Reise wert. Der urspr\u00fcngliche Prim\u00e4rwald bietet vielen exotischen und au\u00dfergew\u00f6hnlichen Tier- und Pflanzenarten ein Zuhause. Das Mitsinjo Reservat ist ganz besonders interessant f\u00fcr Herpetologische Reisen, f\u00fcr Fr\u00f6sche und f\u00fcr wissenschafliche Reisen. Die Indri-Indri Lemuren [&hellip;]<\/p>\n","protected":false},"author":3,"featured_media":1286,"parent":0,"menu_order":0,"comment_status":"open","ping_status":"closed","template":"","meta":{"footnotes":""},"categories":[469],"class_list":["post-6740","page","type-page","status-publish","has-post-thumbnail","hentry","category-anschlusstouren"],"_links":{"self":[{"href":"https:\/\/www.urlaub-auf-madagaskar.com\/en\/wp-json\/wp\/v2\/pages\/6740","targetHints":{"allow":["GET"]}}],"collection":[{"href":"https:\/\/www.urlaub-auf-madagaskar.com\/en\/wp-json\/wp\/v2\/pages"}],"about":[{"href":"https:\/\/www.urlaub-auf-madagaskar.com\/en\/wp-json\/wp\/v2\/types\/page"}],"author":[{"embeddable":true,"href":"https:\/\/www.urlaub-auf-madagaskar.com\/en\/wp-json\/wp\/v2\/users\/3"}],"replies":[{"embeddable":true,"href":"https:\/\/www.urlaub-auf-madagaskar.com\/en\/wp-json\/wp\/v2\/comments?post=6740"}],"version-history":[{"count":0,"href":"https:\/\/www.urlaub-auf-madagaskar.com\/en\/wp-json\/wp\/v2\/pages\/6740\/revisions"}],"wp:featuredmedia":[{"embeddable":true,"href":"https:\/\/www.urlaub-auf-madagaskar.com\/en\/wp-json\/wp\/v2\/media\/1286"}],"wp:attachment":[{"href":"https:\/\/www.urlaub-auf-madagaskar.com\/en\/wp-json\/wp\/v2\/media?parent=6740"}],"wp:term":[{"taxonomy":"category","embeddable":true,"href":"https:\/\/www.urlaub-auf-madagaskar.com\/en\/wp-json\/wp\/v2\/categories?post=6740"}],"curies":[{"name":"wp","href":"https:\/\/api.w.org\/{rel}","templated":true}]}}