{"id":657,"date":"2015-07-21T10:17:51","date_gmt":"2015-07-21T08:17:51","guid":{"rendered":"https:\/\/urlaub-auf-madagaskar.alpha-beta.de\/?page_id=657"},"modified":"2020-02-05T11:52:07","modified_gmt":"2020-02-05T10:52:07","slug":"inseln","status":"publish","type":"page","link":"https:\/\/www.urlaub-auf-madagaskar.com\/en\/islands\/","title":{"rendered":"Islands"},"content":{"rendered":"<h1>The islands of Madagascar<\/h1>\n<div class=\"bg_white\">\n<div class=\"col-md-12 col-sm-12 bg_white border no_padding margin_bottom_content\">\n<div class=\"col-md-12 col-sm-12 no_padding\">\n<div class=\"home_bg text-center side_bar_padding\"><a href=\"https:\/\/www.urlaub-auf-madagaskar.com\/wp-content\/uploads\/2015\/07\/Nosy-Iranja.jpg\"><img fetchpriority=\"high\" decoding=\"async\" width=\"300\" height=\"225\" class=\"side_bar_img size-medium wp-image-3406 alignnone\" src=\"https:\/\/www.urlaub-auf-madagaskar.com\/wp-content\/uploads\/2015\/07\/Nosy-Iranja-300x225.jpg\" alt=\"Nosy Iranja\" \/><\/a><\/div>\n<\/div>\n<div class=\"col-md-12 col-sm-12 no_padding\">\n<div class=\"home_content_div\">\n<p>Madagascar is a so-called <strong>Island state<\/strong>, which means that there is not only a large main island, but also that <strong>many smaller islands<\/strong> belong to this archipelago. In fact, the number of Malagasy islands is so large that it is almost impossible to quantify. However, many of these islands are so small that not only are they not inhabited, but they are also not of major interest from a tourist point of view. The larger islands, however, can be of <strong>Holidaymakers in Madagascar<\/strong> numerous <strong>exciting adventures and thrilling experiences<\/strong> offer. Exactly for this reason, the following is a small presentation of the most important islands, which are also suitable for your <strong>Trip to Madagascar<\/strong> can be of particular interest. Therefore, simply let the following information inspire you and feel free to contact us if you have any questions. These questions may and should of course also refer to <strong>our different travel offers<\/strong> which we partly compile completely according to your own wishes.<\/p>\n<\/div>\n<\/div>\n<\/div>\n<\/div>\n<div class=\"bg_white\">\n<div class=\"col-md-12 col-sm-12 bg_white border no_padding margin_bottom_content\">\n<div class=\"col-md-12 col-sm-12 no_padding\">\n<div class=\"home_bg text-center side_bar_padding\"><a href=\"https:\/\/www.urlaub-auf-madagaskar.com\/wp-content\/uploads\/2015\/07\/Tauchen-auf-Mosy-Be.jpg\"><img decoding=\"async\" width=\"300\" height=\"225\" class=\"side_bar_img size-medium wp-image-1984 alignnone\" src=\"https:\/\/www.urlaub-auf-madagaskar.com\/wp-content\/uploads\/2015\/07\/Tauchen-auf-Mosy-Be-300x225.jpg\" alt=\"Diving on Nosy Be\" srcset=\"https:\/\/www.urlaub-auf-madagaskar.com\/wp-content\/uploads\/2015\/07\/Tauchen-auf-Mosy-Be-300x225.jpg 300w, https:\/\/www.urlaub-auf-madagaskar.com\/wp-content\/uploads\/2015\/07\/Tauchen-auf-Mosy-Be-768x576.jpg 768w, https:\/\/www.urlaub-auf-madagaskar.com\/wp-content\/uploads\/2015\/07\/Tauchen-auf-Mosy-Be-20x15.jpg 20w, https:\/\/www.urlaub-auf-madagaskar.com\/wp-content\/uploads\/2015\/07\/Tauchen-auf-Mosy-Be.jpg 775w\" sizes=\"(max-width: 300px) 100vw, 300px\" \/><\/a><\/div>\n<\/div>\n<div class=\"col-md-12 col-sm-12 no_padding\">\n<div class=\"home_content_div\">\n<h3>The island of Nosy Be<\/h3>\n<p>The <strong>Nosy Be Island<\/strong> is considered the best known of the Malagasy islands, except for the main island of the island nation. Nosy Be is <strong>volcanic origin<\/strong> and covers an area of slightly more than <strong>three hundred square kilometers<\/strong>. The island belongs to the former <strong>Antsiranana Province<\/strong> and has a capital city called <strong>Andoany<\/strong> or Hell-Ville. The warm and humid climate on Nosy Be takes a little getting used to for vacationers from Germany at first, but on the other hand it invites with its <strong>breathtakingly beautiful dream beaches <\/strong>invite you to linger. In general, many classic tourists, who are not necessarily looking for adventure and nature experiences, usually feel most comfortable on Nosy Be, because it has a <strong>well-developed infrastructure and also many hotels of western standards.<\/strong> correspond. The smaller islands <strong>Nosy Sakatia<\/strong>, <strong>Nosy Komba<\/strong>, <strong>Nosy Mitsio<\/strong>, <strong>Nosy Tsara Banjina<\/strong>, <strong>Nosy Tanikely<\/strong> and <strong>Nosy Iranja<\/strong> are considered secondary islands. Sometimes some are also heavily used for tourism.<\/p>\n<\/div>\n<\/div>\n<\/div>\n<\/div>\n<div class=\"bg_white\">\n<div class=\"col-md-12 col-sm-12 bg_white border no_padding margin_bottom_content\">\n<div class=\"col-md-12 col-sm-12 no_padding\">\n<div class=\"home_bg text-center side_bar_padding\"><a href=\"https:\/\/www.urlaub-auf-madagaskar.com\/wp-content\/uploads\/2015\/07\/imagesmmmmmmmmm.jpg\"><img decoding=\"async\" width=\"270\" height=\"187\" class=\"side_bar_img size-medium wp-image-639 alignnone\" src=\"https:\/\/www.urlaub-auf-madagaskar.com\/wp-content\/uploads\/2015\/07\/imagesmmmmmmmmm.jpg\" alt=\"Sainte Marie\" srcset=\"https:\/\/www.urlaub-auf-madagaskar.com\/wp-content\/uploads\/2015\/07\/imagesmmmmmmmmm.jpg 270w, https:\/\/www.urlaub-auf-madagaskar.com\/wp-content\/uploads\/2015\/07\/imagesmmmmmmmmm-20x14.jpg 20w\" sizes=\"(max-width: 270px) 100vw, 270px\" \/><\/a><\/div>\n<\/div>\n<div class=\"col-md-12 col-sm-12 no_padding\">\n<div class=\"home_content_div\">\n<h3>The island of Sainte Marie<\/h3>\n<p>The island <strong>Sainte Marie<\/strong> covers an area of about <strong>two hundred square kilometers<\/strong> and is accordingly much smaller than Nosy Be. It lies in the <strong>Toamasina Province<\/strong> and has a capital city that goes by the name of <strong>Ambodifotatra<\/strong> hears. The island is best reached either by boat or by plane from Antananarivo. In the past, Sainte Marie was an important base for the Madagascar-based <strong>Pirates<\/strong>. William Kidd or Henry Every repeatedly stopped off on the island to recover from their grueling journeys. Today it is above all the <strong>beautiful small bays and sandy beaches<\/strong>which ensure that tourists are increasingly coming to Sainte Marie. The <strong>fascinating coral reefs<\/strong> in the lagoon of Sainte Marie invite to extended dives, where a breathtaking underwater world reveals itself. Also the <strong>Humpback whales<\/strong> can be observed particularly well on their migrations from Sainte Marie. Also noteworthy is the small side island <strong>Ile aux Nattes<\/strong> in the south.<\/p>\n<\/div>\n<\/div>\n<\/div>\n<\/div>\n<div class=\"bg_white\">\n<div class=\"col-md-12 col-sm-12 bg_white border no_padding margin_bottom_content\">\n<div class=\"col-md-12 col-sm-12 no_padding\">\n<div class=\"home_bg text-center side_bar_padding\"><a href=\"https:\/\/www.urlaub-auf-madagaskar.com\/wp-content\/uploads\/2015\/07\/DSC_2643.jpg\"><img loading=\"lazy\" decoding=\"async\" width=\"300\" height=\"200\" class=\"side_bar_img size-medium wp-image-1969 alignnone\" src=\"https:\/\/www.urlaub-auf-madagaskar.com\/wp-content\/uploads\/2015\/07\/DSC_2643-300x200.jpg\" srcset=\"https:\/\/www.urlaub-auf-madagaskar.com\/wp-content\/uploads\/2015\/07\/DSC_2643-300x200.jpg 300w, https:\/\/www.urlaub-auf-madagaskar.com\/wp-content\/uploads\/2015\/07\/DSC_2643-20x13.jpg 20w, https:\/\/www.urlaub-auf-madagaskar.com\/wp-content\/uploads\/2015\/07\/DSC_2643.jpg 448w\" sizes=\"(max-width: 300px) 100vw, 300px\" \/><\/a><\/div>\n<\/div>\n<div class=\"col-md-12 col-sm-12 no_padding\">\n<div class=\"home_content_div\">\n<h3>The island of Nosy Mangabe<\/h3>\n<p>The <strong>Nosy Mangabe Island<\/strong> lies before the <strong>West Coast Madagascar<\/strong> and comprises just a little more than a size of <strong>five square kilometers<\/strong>. The island is accessible to visitors primarily by boat, because the island itself is part of the important <strong>National Parks Masoala<\/strong>. Covered by the tropical rainforest, visitors to Nosy Mangabe can enjoy the <strong>Finger animal<\/strong> (<strong>Daubentonia Madagascariensis<\/strong>) with the name <strong>Aye-Aye<\/strong> discover, although this is only on <strong>guided night hikes<\/strong> is possible. Tourists can stay overnight on Nosy Mangabe in a rather simple camp and will be introduced to the world of the nocturnal rainforest by experienced guides and wildlife experts. This can be a <strong>outstanding adventure<\/strong> that you will live off for a long time to come.<\/p>\n<p>Now when you decide to travel to one of the <strong>Madagascar islands<\/strong> interested, then the next best thing to do is to take a look directly into the <strong>Travel offers<\/strong> throw. There we offer numerous <strong>Theme Travel<\/strong> which also include stays on the various islands. Of course, we are always ready to cater to your individual wishes. If you want a <strong>Trip to Madagascar<\/strong> plan or your <strong>Vacation<\/strong> If you would like to spend your holidays on Nosy Be or Sainte Marie, please contact us without obligation.<\/p>\n<\/div>\n<\/div>\n<\/div>\n<\/div>","protected":false},"excerpt":{"rendered":"<p>Die Inseln Madagaskars Madagaskar ist ein sogenannter Inselstaat, was bedeutet, dass nicht nur eine gro\u00dfe Hauptinsel existiert, sondern dass auch viele kleinere Inseln zu diesem Archipel geh\u00f6ren. Tats\u00e4chlich ist die Zahl der madagassischen Inseln derart gro\u00df, dass sie kaum zu beziffern ist. Allerdings sind viele dieser Inseln so klein, dass sie nicht nur nicht bewohnt [&hellip;]<\/p>\n","protected":false},"author":3,"featured_media":3406,"parent":0,"menu_order":0,"comment_status":"open","ping_status":"closed","template":"","meta":{"footnotes":""},"categories":[488],"class_list":["post-657","page","type-page","status-publish","has-post-thumbnail","hentry","category-geographie"],"_links":{"self":[{"href":"https:\/\/www.urlaub-auf-madagaskar.com\/en\/wp-json\/wp\/v2\/pages\/657","targetHints":{"allow":["GET"]}}],"collection":[{"href":"https:\/\/www.urlaub-auf-madagaskar.com\/en\/wp-json\/wp\/v2\/pages"}],"about":[{"href":"https:\/\/www.urlaub-auf-madagaskar.com\/en\/wp-json\/wp\/v2\/types\/page"}],"author":[{"embeddable":true,"href":"https:\/\/www.urlaub-auf-madagaskar.com\/en\/wp-json\/wp\/v2\/users\/3"}],"replies":[{"embeddable":true,"href":"https:\/\/www.urlaub-auf-madagaskar.com\/en\/wp-json\/wp\/v2\/comments?post=657"}],"version-history":[{"count":0,"href":"https:\/\/www.urlaub-auf-madagaskar.com\/en\/wp-json\/wp\/v2\/pages\/657\/revisions"}],"wp:featuredmedia":[{"embeddable":true,"href":"https:\/\/www.urlaub-auf-madagaskar.com\/en\/wp-json\/wp\/v2\/media\/3406"}],"wp:attachment":[{"href":"https:\/\/www.urlaub-auf-madagaskar.com\/en\/wp-json\/wp\/v2\/media?parent=657"}],"wp:term":[{"taxonomy":"category","embeddable":true,"href":"https:\/\/www.urlaub-auf-madagaskar.com\/en\/wp-json\/wp\/v2\/categories?post=657"}],"curies":[{"name":"wp","href":"https:\/\/api.w.org\/{rel}","templated":true}]}}