{"id":537,"date":"2015-07-14T14:52:01","date_gmt":"2015-07-14T12:52:01","guid":{"rendered":"https:\/\/urlaub-auf-madagaskar.alpha-beta.de\/?page_id=537"},"modified":"2019-06-28T17:10:05","modified_gmt":"2019-06-28T15:10:05","slug":"wirtschaft-politik","status":"publish","type":"page","link":"https:\/\/www.urlaub-auf-madagaskar.com\/en\/about-madagascar\/economy-politics\/","title":{"rendered":"Economy &amp; Politics"},"content":{"rendered":"<h1>The economy and politics in Madagascar<\/h1>\n<div class=\"col-md-12 col-sm-12 bg_white border no_padding margin_bottom_content\">\n<div class=\"col-md-12 col-sm-12 home_content_div\">\n<p><strong>The economy and politics<\/strong> of a country are important factors in keeping it alive. Madagascar was <strong>a French colony for many years<\/strong> and has only been independent for a comparatively short period of time, unfortunately France still interferes in Malagasy politics more than 50 years after the country's independence. The following sections will provide a brief overview of the <strong>current political and economic situation of Madagascar<\/strong> be given. Of course, only the most important key data and information are presented here. A more comprehensive overview, especially with regard to the political developments in Madagascar, can be found in the section on the <strong><a href=\"https:\/\/www.urlaub-auf-madagaskar.com\/en\/hintergrundinformationen\/geschichte\/\" target=\"_self\" rel=\"noopener\">History of the country<\/a><\/strong> extract. The <a href=\"https:\/\/www.urlaub-auf-madagaskar.com\/en\/hintergrundinformationen\/tourismus\/\" target=\"_self\" rel=\"noopener\"><strong>Tourism<\/strong><\/a> as an important industry in the country is also discussed in a separate item on this page.<\/p>\n<\/div>\n<\/div>\n<div class=\"bg_white\">\n<div class=\"col-md-12 col-sm-12 bg_white border no_padding margin_bottom_content\">\n<div class=\"col-md-12 col-sm-12 no_padding\">\n<div class=\"home_bg text-center side_bar_padding\"><a href=\"https:\/\/www.urlaub-auf-madagaskar.com\/wp-content\/uploads\/2015\/07\/Madagaskar-Wappen.gif\"><img fetchpriority=\"high\" decoding=\"async\" width=\"270\" height=\"269\" class=\"side_bar_img size-medium wp-image-1930 alignnone\" src=\"https:\/\/www.urlaub-auf-madagaskar.com\/wp-content\/uploads\/2015\/07\/Madagaskar-Wappen.gif\" alt=\"Madagascar coat of arms\" \/><\/a><\/div>\n<\/div>\n<div class=\"col-md-12 col-sm-12 no_padding\">\n<div class=\"home_content_div\">\n<h3>The current political situation<\/h3>\n<p>Especially the <strong>political upheavals in 2009<\/strong> have damaged Madagascar's reputation in many ways. This year saw the fall of the then <strong>Mayor of Antananarivo<\/strong>Andry Rajoelina, together with the Malagasy military, formed the government that had been in power until then. The democratically oriented <a href=\"https:\/\/www.urlaub-auf-madagaskar.com\/wp-content\/uploads\/2019\/01\/Rajoalina.jpg\"><img decoding=\"async\" class=\"alignleft size-medium wp-image-9294\" src=\"https:\/\/www.urlaub-auf-madagaskar.com\/wp-content\/uploads\/2019\/01\/Rajoalina-300x263.jpg\" alt=\"\" width=\"300\" height=\"263\" srcset=\"https:\/\/www.urlaub-auf-madagaskar.com\/wp-content\/uploads\/2019\/01\/Rajoalina-300x263.jpg 300w, https:\/\/www.urlaub-auf-madagaskar.com\/wp-content\/uploads\/2019\/01\/Rajoalina-20x18.jpg 20w, https:\/\/www.urlaub-auf-madagaskar.com\/wp-content\/uploads\/2019\/01\/Rajoalina.jpg 720w\" sizes=\"(max-width: 300px) 100vw, 300px\" \/><\/a>However, the transitional government was not recognized everywhere, which led to various <strong>Unrest and international diplomatic sanctions<\/strong> led. In the meantime, this crisis is considered to be over, also thanks to the help of the SADC. Elections monitored by the international community were held in October 2013. The finance minister from the previous transitional government, <strong>Hery Rajaonarimampianina<\/strong>, became the <strong>new president<\/strong> selected.<\/p>\n<p>Since January 8,2019 <strong>Andry Nirina Rajoelina<\/strong> been recognized as president of the state.<\/p>\n<p>In Madagascar there is a so-called <strong>Two-chamber system<\/strong>, which is derived from the<strong> National Assembly <\/strong>with 160 elected members<strong> and the Senate <\/strong>is composed of. The latter represents the country's six provinces. In the provinces themselves, there are additional <strong>Provincial Parliaments<\/strong>who are directly elected by the Malagasy. The heads of the provincial governments, on the other hand, are appointed by the president.<\/p>\n<p>In Madagascar, much emphasis is placed on the fact that the political structures can now be described as democratic again. In fact, the local <strong>democratic structures<\/strong> but have little in common with those we are familiar with from Germany. Corruption is still a big and serious issue in Madagascar. The Madagascans also have to accept various cutbacks in freedom of expression time and again. For the people of Madagascar, it would be desirable if the new government would finally manage to <strong>Stability and good crisis management<\/strong> to be set in motion. Nature conservation, education, health and also nutrition are important factors that should be tackled as quickly as possible by the current government. In this way, Madagascar's reputation in the rest of the world will eventually rise again, which will ultimately benefit the poor population in particular. How exactly the <strong>political conditions<\/strong> However, it is, of course, not possible at this point to predict how the market will develop in the future.<\/p>\n<\/div>\n<\/div>\n<\/div>\n<\/div>\n<div class=\"bg_white\">\n<div class=\"col-md-12 col-sm-12 bg_white border no_padding margin_bottom_content\">\n<div class=\"col-md-12 col-sm-12 no_padding\">\n<div class=\"home_bg text-center side_bar_padding\"><a href=\"https:\/\/www.urlaub-auf-madagaskar.com\/wp-content\/uploads\/2015\/07\/Reisanbau-Betafo.jpg\"><img decoding=\"async\" width=\"300\" height=\"200\" class=\"side_bar_img size-medium wp-image-1931 alignnone\" src=\"https:\/\/www.urlaub-auf-madagaskar.com\/wp-content\/uploads\/2015\/07\/Reisanbau-Betafo-300x200.jpg\" alt=\"Rice cultivation Betafo\" srcset=\"https:\/\/www.urlaub-auf-madagaskar.com\/wp-content\/uploads\/2015\/07\/Reisanbau-Betafo-300x200.jpg 300w, https:\/\/www.urlaub-auf-madagaskar.com\/wp-content\/uploads\/2015\/07\/Reisanbau-Betafo-20x13.jpg 20w, https:\/\/www.urlaub-auf-madagaskar.com\/wp-content\/uploads\/2015\/07\/Reisanbau-Betafo.jpg 448w\" sizes=\"(max-width: 300px) 100vw, 300px\" \/><\/a><\/div>\n<\/div>\n<div class=\"col-md-12 col-sm-12 no_padding\">\n<div class=\"home_content_div\">\n<h3>The current economic situation<\/h3>\n<p>Madagascar is still considered one of the poorest countries in the world today. With a <strong>Gross domestic product of about $21 billion in 2012.<\/strong> Madagascar presents itself as a typical <strong>Developing country<\/strong>. In 2003, nearly fifty percent of Madagascans had resources of less than a dollar a day to spend on food or consumer goods. In this sense, it is not surprising that the <strong>Agriculture particularly important for many people<\/strong> to be able to ensure a continuous supply of food. Many Malagasy operate smaller fields or keep livestock. This in turn brings catastrophic <strong>Consequences for the<\/strong> <strong>Environment Madagascar<\/strong> The rainforests are being cleared in a completely uncontrolled manner to make way for the fields. Especially in the course of the transitional government, many forest stands have been mercilessly destroyed.<\/p>\n<p>Madagascar is <strong>not an industrialized nation<\/strong>but first and foremost rural. This also explains the fact that the <strong>Import of many different products<\/strong> plays an important role. Food, consumer goods and earth products have to be imported to Madagascar. This effort is associated with high costs. Many Madagascans cannot afford the expensive products and stick to the products they have earned with agriculture. This ultimately results in a kind of spiral of action that has a negative impact on the economy.<\/p>\n<p>Also particularly important for Madagascar is the <strong>Export<\/strong>. Agriculturally produced goods from Madagascar are in great demand in other countries. However, since Madagascar has always been relatively <strong>Offer small stocks<\/strong> can, the country usually plays only a minor role on the world market. <strong>Vanilla, cloves, lychees, cocoa, fish and coffee<\/strong> as well as various cosmetic products are very important in connection with export. Also lychees, sisal and tea make up a significant part of the export goods. This is how most of the money is flushed into Madagascar's coffers, even if <strong>hectares of rainforest destroyed for the plantations <\/strong>will. In recent years, there has also been an increase in <strong>Raw materials and mining products exported from Madagascar<\/strong>: Graphite, titanium, chrome ore and titanium as well as (semi-)precious stones have become extremely important in this context. The disadvantage especially with the mining products is the fact that here a lot of <strong>Illegally mined<\/strong> and then exported. Thus, the revenue that Madagascar officially receives from this industry is very small. In most cases, corrupt officials and politicians are involved in such illegal activities. New investments can probably ensure that Madagascar will have more economic revenues to report in the mining sector in the future. The <strong>Ambatovy nickel-cobalt mine<\/strong> near Moramanga was supported by a gigantic investment volume and <strong>is expected to create around 8,000 secure jobs<\/strong>. On the other hand, a large part of the rainforest had to be removed again in this context.<\/p>\n<\/div>\n<\/div>\n<\/div>\n<\/div>\n<div class=\"bg_white\">\n<div class=\"col-md-12 col-sm-12 bg_white border no_padding margin_bottom_content\">\n<div class=\"col-md-12 col-sm-12 no_padding\">\n<div class=\"home_bg text-center side_bar_padding\"><a href=\"https:\/\/www.urlaub-auf-madagaskar.com\/wp-content\/uploads\/2015\/07\/Tourismus-Madagaskar.jpg\"><img loading=\"lazy\" decoding=\"async\" width=\"300\" height=\"166\" class=\"side_bar_img size-medium wp-image-1932 alignnone\" src=\"https:\/\/www.urlaub-auf-madagaskar.com\/wp-content\/uploads\/2015\/07\/Tourismus-Madagaskar-300x166.jpg\" alt=\"Tourism Madagascar\" srcset=\"https:\/\/www.urlaub-auf-madagaskar.com\/wp-content\/uploads\/2015\/07\/Tourismus-Madagaskar-300x166.jpg 300w, https:\/\/www.urlaub-auf-madagaskar.com\/wp-content\/uploads\/2015\/07\/Tourismus-Madagaskar-20x11.jpg 20w, https:\/\/www.urlaub-auf-madagaskar.com\/wp-content\/uploads\/2015\/07\/Tourismus-Madagaskar.jpg 424w\" sizes=\"(max-width: 300px) 100vw, 300px\" \/><\/a><\/div>\n<\/div>\n<div class=\"col-md-12 col-sm-12 no_padding\">\n<div class=\"home_content_div\">\n<p>The <a href=\"https:\/\/www.urlaub-auf-madagaskar.com\/en\/hintergrundinformationen\/tourismus\/\" target=\"_self\" rel=\"noopener\"><strong>Tourism<\/strong> <\/a>is also of particular importance to Madagascar's economy, but has not yet reached the proportions that many Malagasy would like to see. If <strong>continuous flow of tourists <\/strong>would travel to Madagascar, this sector could be <strong>important jobs created<\/strong> and secure revenues would be booked. The money generated in this way could be invested in important <strong>Areas such as health, education and nutrition<\/strong> as well as in nature conservation. However, the political instabilities of recent years have not necessarily contributed to a stabilization of the tourism industry. After the free democratic elections in 2014, however, the signs seem to be finally pointing to success again. We would also like to support the <strong>Economy of Madagascar<\/strong> with our <strong>Travel<\/strong> support and at the same time give you an unforgettable <strong>Vacation<\/strong> offer. Come for your <strong>Honeymoon to Madagascar<\/strong> or experience a <strong>Adventure vacation<\/strong>that you will remember for a long time. With our <strong>individual travel packages<\/strong> we are already waiting for you. Just contact us.<\/p>\n<\/div>\n<\/div>\n<\/div>\n<\/div>","protected":false},"excerpt":{"rendered":"<p>Die Wirtschaft und Politik auf Madagaskar Die Wirtschaft und die Politik eines Landes sind wichtige Faktoren, um selbiges am Leben zu erhalten. Madagaskar war viele Jahre lang eine franz\u00f6sische Kolonie und ist erst seit einem vergleichsweise kurzen Zeitraum unabh\u00e4ngig, leider mischt sich Frankreich auch \u00fcber 50 Jahre nach der Unabh\u00e4ngigkeit des Landes noch in die [&hellip;]<\/p>\n","protected":false},"author":3,"featured_media":1931,"parent":24,"menu_order":0,"comment_status":"open","ping_status":"open","template":"templates\/Template_New_Sidebar.php","meta":{"footnotes":""},"categories":[496],"class_list":["post-537","page","type-page","status-publish","has-post-thumbnail","hentry","category-wirtschaft-politik","group-cat-wirtschaft-politik","hierachie-level-level-1"],"_links":{"self":[{"href":"https:\/\/www.urlaub-auf-madagaskar.com\/en\/wp-json\/wp\/v2\/pages\/537","targetHints":{"allow":["GET"]}}],"collection":[{"href":"https:\/\/www.urlaub-auf-madagaskar.com\/en\/wp-json\/wp\/v2\/pages"}],"about":[{"href":"https:\/\/www.urlaub-auf-madagaskar.com\/en\/wp-json\/wp\/v2\/types\/page"}],"author":[{"embeddable":true,"href":"https:\/\/www.urlaub-auf-madagaskar.com\/en\/wp-json\/wp\/v2\/users\/3"}],"replies":[{"embeddable":true,"href":"https:\/\/www.urlaub-auf-madagaskar.com\/en\/wp-json\/wp\/v2\/comments?post=537"}],"version-history":[{"count":0,"href":"https:\/\/www.urlaub-auf-madagaskar.com\/en\/wp-json\/wp\/v2\/pages\/537\/revisions"}],"up":[{"embeddable":true,"href":"https:\/\/www.urlaub-auf-madagaskar.com\/en\/wp-json\/wp\/v2\/pages\/24"}],"wp:featuredmedia":[{"embeddable":true,"href":"https:\/\/www.urlaub-auf-madagaskar.com\/en\/wp-json\/wp\/v2\/media\/1931"}],"wp:attachment":[{"href":"https:\/\/www.urlaub-auf-madagaskar.com\/en\/wp-json\/wp\/v2\/media?parent=537"}],"wp:term":[{"taxonomy":"category","embeddable":true,"href":"https:\/\/www.urlaub-auf-madagaskar.com\/en\/wp-json\/wp\/v2\/categories?post=537"}],"curies":[{"name":"wp","href":"https:\/\/api.w.org\/{rel}","templated":true}]}}