{"id":533,"date":"2015-07-14T14:50:24","date_gmt":"2015-07-14T12:50:24","guid":{"rendered":"https:\/\/urlaub-auf-madagaskar.alpha-beta.de\/?page_id=533"},"modified":"2020-02-07T18:40:58","modified_gmt":"2020-02-07T17:40:58","slug":"nationalparks","status":"publish","type":"page","link":"https:\/\/www.urlaub-auf-madagaskar.com\/en\/national-parks\/","title":{"rendered":"National Parks"},"content":{"rendered":"<h1>National Parks<\/h1>\n<div class=\"bg_white\">\n<div class=\"col-md-12 col-sm-12 bg_white border no_padding margin_bottom_content\">\n<div class=\"col-md-12 col-sm-12 no_padding\">\n<div class=\"home_bg text-center side_bar_padding\"><a href=\"\/wp-content\/uploads\/2015\/07\/Biodiversit\u00e4t_Madagaskar.jpg\"><img fetchpriority=\"high\" decoding=\"async\" width=\"380\" height=\"214\" class=\"side_bar_img size-medium wp-image-627 alignnone\" src=\"https:\/\/www.urlaub-auf-madagaskar.com\/wp-content\/uploads\/2015\/07\/Biodiversit\u00e4t_Madagaskar.jpg\" alt=\"Biodiversity_Madagascar\" srcset=\"https:\/\/www.urlaub-auf-madagaskar.com\/wp-content\/uploads\/2015\/07\/Biodiversit\u00e4t_Madagaskar.jpg 380w, https:\/\/www.urlaub-auf-madagaskar.com\/wp-content\/uploads\/2015\/07\/Biodiversit\u00e4t_Madagaskar-300x169.jpg 300w, https:\/\/www.urlaub-auf-madagaskar.com\/wp-content\/uploads\/2015\/07\/Biodiversit\u00e4t_Madagaskar-20x11.jpg 20w\" sizes=\"(max-width: 380px) 100vw, 380px\" \/><\/a><\/div>\n<\/div>\n<div class=\"col-md-12 col-sm-12 no_padding\">\n<div class=\"home_content_div\">\n<p>Madagascar is particularly spoiled by nature.this fascinating island in the Indian Ocean is known worldwide for its absolutely incredible wealth of its biodiversity. The flora and fauna in Madagascar has a very high endemic rate of over 80% in terms of animal species, and even over 90% of flora is found only here. Compared to the rest of the world, Madagascar is indeed a condensate of biodiversity due to its extraordinary and impressive mega-diversity. Madagascar is so rich in species that many have not even been discovered. The potential is huge, but the maintenance of the daily disappearing ecosystem caused by overexploitation, deforestation, fire, precious wood, poachers and demographic pressures on the environment are very likely to make species disappear forever before they could even be discovered.Unfortunately, diversity in Madagascar is in mortal danger. Every year, about 200,000 Ha disappear due to deforestation and especially bushfires.<\/p>\n<p>Social and economic pressures, along with galloping demographics, growing poverty and mismanagement, are a huge problem for Madagascar's natural resources.<br \/>\nWhat can be saved must be saved, and protected areas are indispensable. The mission of the National Parks, Special Reserves, Protected Areas, Private Reserves and Intergral Reserves are explained in detail in the attached articles.<br \/>\nMadagascar National Parks face this emergency and their mission is multidisciplinary. In fact, the conservation and management of natural resources today are largely subordinated as a tributary to the various political wills. For the emergence of strong and sustainable ecotourism, the involvement of local people is very important. Biodiversity management and policy should align their strategy with the conservation and development of protected areas.<br \/>\nIt would be high time!<\/p>\n<\/div>\n<\/div>\n<\/div>\n<\/div>","protected":false},"excerpt":{"rendered":"<p>Nationalparks Madagaskar ist ganz besonders von der Natur verw\u00f6hnt.Diese faszinierende Insel im Indischen Ozean ist weltweit f\u00fcr seinen absolut unglaublich gro\u00dfen Reichtum seiner\u00a0Artenvielfalt bekannt. Die Flora und Fauna hat auf Madagaskar eine sehr hohe endemisch Rate von \u00fcber 80%, was die Tierarten betrifft, und sogar \u00fcber 90% der Flora ist nur hier anzutreffen. Im Vergleich [&hellip;]<\/p>\n","protected":false},"author":3,"featured_media":627,"parent":0,"menu_order":0,"comment_status":"open","ping_status":"closed","template":"","meta":{"footnotes":""},"categories":[419],"class_list":["post-533","page","type-page","status-publish","has-post-thumbnail","hentry","category-nationalparks","group-cat-nationalparks","hierachie-level-level-1"],"_links":{"self":[{"href":"https:\/\/www.urlaub-auf-madagaskar.com\/en\/wp-json\/wp\/v2\/pages\/533","targetHints":{"allow":["GET"]}}],"collection":[{"href":"https:\/\/www.urlaub-auf-madagaskar.com\/en\/wp-json\/wp\/v2\/pages"}],"about":[{"href":"https:\/\/www.urlaub-auf-madagaskar.com\/en\/wp-json\/wp\/v2\/types\/page"}],"author":[{"embeddable":true,"href":"https:\/\/www.urlaub-auf-madagaskar.com\/en\/wp-json\/wp\/v2\/users\/3"}],"replies":[{"embeddable":true,"href":"https:\/\/www.urlaub-auf-madagaskar.com\/en\/wp-json\/wp\/v2\/comments?post=533"}],"version-history":[{"count":0,"href":"https:\/\/www.urlaub-auf-madagaskar.com\/en\/wp-json\/wp\/v2\/pages\/533\/revisions"}],"wp:featuredmedia":[{"embeddable":true,"href":"https:\/\/www.urlaub-auf-madagaskar.com\/en\/wp-json\/wp\/v2\/media\/627"}],"wp:attachment":[{"href":"https:\/\/www.urlaub-auf-madagaskar.com\/en\/wp-json\/wp\/v2\/media?parent=533"}],"wp:term":[{"taxonomy":"category","embeddable":true,"href":"https:\/\/www.urlaub-auf-madagaskar.com\/en\/wp-json\/wp\/v2\/categories?post=533"}],"curies":[{"name":"wp","href":"https:\/\/api.w.org\/{rel}","templated":true}]}}