{"id":531,"date":"2015-07-14T14:49:41","date_gmt":"2015-07-14T12:49:41","guid":{"rendered":"https:\/\/urlaub-auf-madagaskar.alpha-beta.de\/?page_id=531"},"modified":"2020-02-07T14:02:42","modified_gmt":"2020-02-07T13:02:42","slug":"fauna","status":"publish","type":"page","link":"https:\/\/www.urlaub-auf-madagaskar.com\/en\/fauna\/","title":{"rendered":"Fauna"},"content":{"rendered":"<h1>The fauna of Madagascar<\/h1>\n<div class=\"bg_white\">\n<div class=\"col-md-12 col-sm-12 bg_white border no_padding margin_bottom_content\">\n<div class=\"col-md-12 col-sm-12 no_padding\">\n<div class=\"home_bg text-center side_bar_padding\"><a href=\"https:\/\/www.urlaub-auf-madagaskar.com\/wp-content\/uploads\/2015\/07\/M\u00fctterthies-Photo-1.jpg\"> <img fetchpriority=\"high\" decoding=\"async\" width=\"200\" height=\"300\" class=\"side_bar_img size-medium wp-image-1856\" src=\"https:\/\/www.urlaub-auf-madagaskar.com\/wp-content\/uploads\/2015\/07\/M\u00fctterthies-Photo-1-200x300.jpg\" alt=\"Chameleon\" srcset=\"\" sizes=\"(max-width: 200px) 100vw, 200px\" data-srcset=\"\" \/><\/a><\/div>\n<\/div>\n<div class=\"col-md-12 col-sm-12 no_padding\">\n<div class=\"home_content_div\">\n<h3>A spectacular species paradise<\/h3>\n<p>The reason many people today are so fond of a <strong>Trip to Madagascar<\/strong> is due, among other things, to the extraordinary biodiversity in the <strong>Fauna and flora<\/strong> of this island. Madagascar developed independently from the rest of the world for many millennia, bringing a <strong>Biodiversity<\/strong> which is not found in any other place on this planet. Especially in the animal kingdom, the endemic species, i.e. only found on Madagascar, are extremely numerous. Among the best known representatives are probably the <strong>Lemurs<\/strong>The number of endemic species in the <strong>Insects<\/strong> incomparably larger. Particularly surprising for many might be the fact that predators are almost non-existent on the island. There are only a few <strong>few crocodiles<\/strong>However, these can often only be found on expeditions under controlled conditions. For humans dangerous predatory cats or poisonous snakes, on the other hand, which feel exceedingly at home on the neighboring African continent, do not exist in Madagascar. Therefore also <strong>Expeditions and tours through the rainforests of Madagascar<\/strong> to be considered far less dangerous. On our <strong>Nature travel<\/strong>which we have specially compiled on the basis of some specific criteria, you will be accompanied by experienced guides who will show you the exciting <strong>Fauna of Madagascar<\/strong> can bring closer. Often you can discover hidden or camouflaged animals that would otherwise have remained hidden from your eye. The <strong>Wildlife of Madagascar<\/strong> is on our earth <strong>unique<\/strong> and if you have the possibility to <strong>Madagascar vacation <\/strong>you should take the chance to visit the national parks or nature reserves. Feel free to contact us for more information.<\/p>\n<\/div>\n<\/div>\n<\/div>\n<\/div>\n<div class=\"bg_white\">\n<div class=\"col-md-12 col-sm-12 bg_white border no_padding margin_bottom_content\">\n<div class=\"col-md-12 col-sm-12 no_padding\">\n<div class=\"home_bg text-center side_bar_padding\"><a href=\"https:\/\/www.urlaub-auf-madagaskar.com\/wp-content\/uploads\/2015\/08\/Satanic-Leaf-taile_1870679i.jpg\"><img decoding=\"async\" width=\"258\" height=\"300\" class=\"side_bar_img size-medium wp-image-1343\" src=\"https:\/\/www.urlaub-auf-madagaskar.com\/wp-content\/uploads\/2015\/08\/Satanic-Leaf-taile_1870679i-258x300.jpg\" alt=\"Gecko\" srcset=\"https:\/\/www.urlaub-auf-madagaskar.com\/wp-content\/uploads\/2015\/08\/Satanic-Leaf-taile_1870679i-258x300.jpg 258w, https:\/\/www.urlaub-auf-madagaskar.com\/wp-content\/uploads\/2015\/08\/Satanic-Leaf-taile_1870679i-17x20.jpg 17w, https:\/\/www.urlaub-auf-madagaskar.com\/wp-content\/uploads\/2015\/08\/Satanic-Leaf-taile_1870679i.jpg 620w\" sizes=\"(max-width: 258px) 100vw, 258px\" \/><\/a><\/div>\n<\/div>\n<div class=\"col-md-12 col-sm-12 no_padding\">\n<div class=\"home_content_div\">\n<h3>Madagascar's fauna is still being discovered today<\/h3>\n<p>Many people assume that humans have already discovered all the plants and animals there are to discover on our planet. However, the rainforests in particular provide a habitat for animals that is difficult to penetrate and not easily accessible for systematic study. Furthermore, Madagascar has long remained <strong>untouched by foreign civilizations<\/strong> and comparatively late, researchers and biologists strayed to the island. Many of the now known <strong>Animal species in Madagascar<\/strong> for example, were not discovered and documented until the 1990s. Very little is known about many of these species today, and numerous researchers are investing a great deal of time and effort in cataloging the individual species. This is also important because <strong>Madagascar's fauna<\/strong> is definitely to be classified as endangered. In the last decades, large parts of the original rainforest had to give way for villages, cities and plantations. Agriculture is very important in Madagascar and in order to grow the various crops, the rainforest is being cleared on a large scale. <strong>cleared<\/strong>. Today, only 10 percent of the original <strong>Rainforest in Madagascar<\/strong> present. No one knows how many species of animals may have already become extinct in recent years and decades without ever having been seen by a human being. Whoever sees a <strong>Madagascar trip<\/strong> who may well have the good fortune to be on a <strong>Tour through the rainforest<\/strong> to photograph a previously undiscovered species. This is the exciting luck of such a special <strong>Ecosystem<\/strong>as we are allowed to get to know it in Madagascar.<\/p>\n<\/div>\n<\/div>\n<\/div>\n<\/div>\n<div class=\"col-md-12 col-sm-12 bg_white border no_padding margin_bottom_content\">\n<div class=\"col-md-12 col-sm-12 home_content_div\">\n<h3>Madagascar is home to numerous endemic species<\/h3>\n<p>The following sections deal with a brief description of the <strong>animal species native to Madagascar<\/strong>. Of course, not all animal species can be presented in this context, the selection is exemplary. Some of the larger groups, will be further explained on the subpages from the fauna section.<\/p>\n<\/div>\n<\/div>\n<div class=\"bg_white\">\n<div class=\"col-md-12 col-sm-12 bg_white border no_padding margin_bottom_content\">\n<div class=\"col-md-12 col-sm-12 no_padding\">\n<div class=\"home_bg text-center side_bar_padding\"><a href=\"https:\/\/www.urlaub-auf-madagaskar.com\/wp-content\/uploads\/2015\/08\/indri-indri.jpg\"><img decoding=\"async\" width=\"300\" height=\"214\" class=\"side_bar_img size-medium wp-image-1398\" src=\"https:\/\/www.urlaub-auf-madagaskar.com\/wp-content\/uploads\/2015\/08\/indri-indri-300x214.jpg\" alt=\"indri-indri\" srcset=\"https:\/\/www.urlaub-auf-madagaskar.com\/wp-content\/uploads\/2015\/08\/indri-indri-300x214.jpg 300w, https:\/\/www.urlaub-auf-madagaskar.com\/wp-content\/uploads\/2015\/08\/indri-indri-20x14.jpg 20w, https:\/\/www.urlaub-auf-madagaskar.com\/wp-content\/uploads\/2015\/08\/indri-indri.jpg 500w\" sizes=\"(max-width: 300px) 100vw, 300px\" \/><\/a><\/div>\n<\/div>\n<div class=\"col-md-12 col-sm-12 no_padding\">\n<div class=\"home_content_div\">\n<h3>The mammals of Madagascar<\/h3>\n<p>As was mentioned at the beginning, there are very few classic <strong>Predators in Madagascar<\/strong>. This is due, among other things, to the fact that in Madagascar, in general, only relatively <strong>few mammals<\/strong> are at home. The current state of research on Madagascar's fauna can be summarized as follows: Madagascar is home to around <strong>120 different<\/strong> mammal species. Alone 100 of them are included in the suborder of the <strong>Lemurs<\/strong> to locate. The lemurs are among the most famous animals of Madagascar, which is due not only to a famous animated film, but also to the posh and unusual nature of these animals. Among the mammals are also the so-called <strong>Fossa's<\/strong>. This is a member of the family of the <strong>Madagascar predators<\/strong>. This systematic family, established only recently, includes very few members: only eight living species belong to the Malagasy carnivores. Beside the fossa also belong the <strong>Ringtailmungo<\/strong> and the <strong>Narrow strip mongoose<\/strong> to the endemic predators of Madagascar.<\/p>\n<\/div>\n<\/div>\n<\/div>\n<\/div>\n<div class=\"bg_white\">\n<div class=\"col-md-12 col-sm-12 bg_white border no_padding margin_bottom_content\">\n<div class=\"col-md-12 col-sm-12 no_padding\">\n<div class=\"home_bg text-center side_bar_padding\"><a href=\"https:\/\/www.urlaub-auf-madagaskar.com\/wp-content\/uploads\/2015\/07\/6245581539_cd3f72415c_b.jpg\"><img loading=\"lazy\" decoding=\"async\" width=\"193\" height=\"300\" class=\"side_bar_img size-medium wp-image-759\" src=\"https:\/\/www.urlaub-auf-madagaskar.com\/wp-content\/uploads\/2015\/07\/6245581539_cd3f72415c_b-193x300.jpg\" alt=\"Drongo in Madagascar\" srcset=\"https:\/\/www.urlaub-auf-madagaskar.com\/wp-content\/uploads\/2015\/07\/6245581539_cd3f72415c_b-193x300.jpg 193w, https:\/\/www.urlaub-auf-madagaskar.com\/wp-content\/uploads\/2015\/07\/6245581539_cd3f72415c_b.jpg 660w, https:\/\/www.urlaub-auf-madagaskar.com\/wp-content\/uploads\/2015\/07\/6245581539_cd3f72415c_b-13x20.jpg 13w\" sizes=\"(max-width: 193px) 100vw, 193px\" \/><\/a><\/div>\n<\/div>\n<div class=\"col-md-12 col-sm-12 no_padding\">\n<div class=\"home_content_div\">\n<h3>The bird species of Madagascar<\/h3>\n<p>While the general <strong>Wildlife of Madagascar<\/strong> is made up of around 95 percent endemic species, the figure for birds is only around 50 percent. This is due to the fact that most birds are airborne and it is easy for them to cover the distance to the nearest mainland. Therefore, external influences are most noticeable in the bird life of Madagascar. In total there are about <strong>260 different species<\/strong> of birds that are native to Madagascar. This includes for example the <strong>Malachite kingfisher<\/strong>which can also be found in Germany from time to time. Also particularly striking is the <strong>Madagascar Weaver<\/strong>, in which especially the male specimens impress with an unusually colored plumage. The <strong>blue vanga<\/strong>also known as the vanga shrike or blue shrike, is a complete family of birds found only on Madagascar and the Comoros. Many of the total 21 species of this family are now threatened, because the clearing of the rainforest destroys their habitat.<\/p>\n<\/div>\n<\/div>\n<\/div>\n<\/div>\n<div class=\"bg_white\">\n<div class=\"col-md-12 col-sm-12 bg_white border no_padding margin_bottom_content\">\n<div class=\"col-md-12 col-sm-12 no_padding\">\n<div class=\"home_bg text-center side_bar_padding\"><a href=\"https:\/\/www.urlaub-auf-madagaskar.com\/wp-content\/uploads\/2015\/07\/inReptilientext-3-von-3-1.jpg\"><img loading=\"lazy\" decoding=\"async\" width=\"300\" height=\"200\" class=\"side_bar_img size-medium wp-image-1860\" src=\"https:\/\/www.urlaub-auf-madagaskar.com\/wp-content\/uploads\/2015\/07\/inReptilientext-3-von-3-1-300x200.jpg\" alt=\"Boa in Madagascar\" srcset=\"https:\/\/www.urlaub-auf-madagaskar.com\/wp-content\/uploads\/2015\/07\/inReptilientext-3-von-3-1-300x200.jpg 300w, https:\/\/www.urlaub-auf-madagaskar.com\/wp-content\/uploads\/2015\/07\/inReptilientext-3-von-3-1-20x13.jpg 20w, https:\/\/www.urlaub-auf-madagaskar.com\/wp-content\/uploads\/2015\/07\/inReptilientext-3-von-3-1.jpg 640w\" sizes=\"(max-width: 300px) 100vw, 300px\" \/><\/a><\/div>\n<\/div>\n<div class=\"col-md-12 col-sm-12 no_padding\">\n<div class=\"home_content_div\">\n<h3>The reptiles of Madagascar<\/h3>\n<p>The world of <strong>Reptiles in Madagascar<\/strong> is breathtakingly versatile and varied. More than <strong>370 different species<\/strong> live on the so-called Red Island and have adapted perfectly to their individual living conditions. <strong>Tortoises in Madagascar<\/strong>, and <strong>six different iguana species<\/strong>. This is so astonishing alone because otherwise only in America other iguana species exist. In neighboring Africa, on the other hand, there is no native species. Also <strong>Geckos<\/strong> feel right at home in Madagascar, as they are represented by around 70 different species. Among the most exotic reptiles, however, are probably the <strong>Chameleons<\/strong>of which there are more than 80 endemic species in Madagascar. Particularly alarming: almost 40 percent of the reptiles living in Madagascar are currently <strong>Endangered by extinction<\/strong>. Snakes, lizards and turtles are equally affected by this.<\/p>\n<\/div>\n<\/div>\n<\/div>\n<\/div>\n<div class=\"bg_white\">\n<div class=\"col-md-12 col-sm-12 bg_white border no_padding margin_bottom_content\">\n<div class=\"col-md-12 col-sm-12 no_padding\">\n<div class=\"home_bg text-center side_bar_padding\"><a href=\"\/wp-content\/uploads\/2015\/07\/M\u00fctterthies-Photo-3.jpg\"><img loading=\"lazy\" decoding=\"async\" width=\"300\" height=\"218\" class=\"side_bar_img size-medium wp-image-1857\" src=\"https:\/\/www.urlaub-auf-madagaskar.com\/wp-content\/uploads\/2015\/07\/M\u00fctterthies-Photo-3-300x218.jpg\" alt=\"Frog in Madagascar\" srcset=\"https:\/\/www.urlaub-auf-madagaskar.com\/wp-content\/uploads\/2015\/07\/M\u00fctterthies-Photo-3-300x218.jpg 300w, https:\/\/www.urlaub-auf-madagaskar.com\/wp-content\/uploads\/2015\/07\/M\u00fctterthies-Photo-3-768x558.jpg 768w, https:\/\/www.urlaub-auf-madagaskar.com\/wp-content\/uploads\/2015\/07\/M\u00fctterthies-Photo-3-20x15.jpg 20w, https:\/\/www.urlaub-auf-madagaskar.com\/wp-content\/uploads\/2015\/07\/M\u00fctterthies-Photo-3.jpg 1000w\" sizes=\"(max-width: 300px) 100vw, 300px\" \/><\/a><\/div>\n<\/div>\n<div class=\"col-md-12 col-sm-12 no_padding\">\n<div class=\"home_content_div\">\n<h3>The invertebrates and the frogs in Madagascar<\/h3>\n<p><strong>Insects and butterflies<\/strong> feel more at home in Madagascar than in almost any other place in the world. There are around <strong>100.000 different species<\/strong> of insects that live on the island, about 300 different species of breathtakingly beautiful butterflies, and well <strong>300 frog species<\/strong>. By the way, especially in the case of insects, frogs and butterflies, researchers assume that Madagascar still hides numerous undiscovered species. The reason that these species have not yet been discovered is due to the small size of these animals. Since there are still so many animal species hiding on Madagascar that no one has seen yet, it is worthwhile right now to find a corresponding <strong>Trip to Madagascar<\/strong> to undertake. Otherwise, if the previous developments on the island are not stopped soon, it will be over with the breathtaking <strong>Madagascar fauna<\/strong>. Plan your very special <strong>Madagascar vacation<\/strong> so it is best to contact us directly today.<\/p>\n<\/div>\n<\/div>\n<\/div>\n<\/div>","protected":false},"excerpt":{"rendered":"<p>Die Fauna Madagaskars Ein spektakul\u00e4res Artenparadies Der Grund, aus dem viele Menschen heutzutage so gern eine Reise nach Madagaskar unternehmen, ist unter anderem auf die au\u00dfergew\u00f6hnliche Artenvielfalt in der Tier- und Pflanzenwelt dieser Insel zur\u00fcckzuf\u00fchren. Madagaskar entwickelte sich viele Jahrtausende lang unabh\u00e4ngig vom Rest der Welt und brachte so eine Artenvielfalt hervor, die sich so [&hellip;]<\/p>\n","protected":false},"author":3,"featured_media":1398,"parent":0,"menu_order":0,"comment_status":"closed","ping_status":"closed","template":"","meta":{"footnotes":""},"categories":[245],"class_list":["post-531","page","type-page","status-publish","has-post-thumbnail","hentry","category-fauna","group-cat-fauna","hierachie-level-level-1"],"_links":{"self":[{"href":"https:\/\/www.urlaub-auf-madagaskar.com\/en\/wp-json\/wp\/v2\/pages\/531","targetHints":{"allow":["GET"]}}],"collection":[{"href":"https:\/\/www.urlaub-auf-madagaskar.com\/en\/wp-json\/wp\/v2\/pages"}],"about":[{"href":"https:\/\/www.urlaub-auf-madagaskar.com\/en\/wp-json\/wp\/v2\/types\/page"}],"author":[{"embeddable":true,"href":"https:\/\/www.urlaub-auf-madagaskar.com\/en\/wp-json\/wp\/v2\/users\/3"}],"replies":[{"embeddable":true,"href":"https:\/\/www.urlaub-auf-madagaskar.com\/en\/wp-json\/wp\/v2\/comments?post=531"}],"version-history":[{"count":0,"href":"https:\/\/www.urlaub-auf-madagaskar.com\/en\/wp-json\/wp\/v2\/pages\/531\/revisions"}],"wp:featuredmedia":[{"embeddable":true,"href":"https:\/\/www.urlaub-auf-madagaskar.com\/en\/wp-json\/wp\/v2\/media\/1398"}],"wp:attachment":[{"href":"https:\/\/www.urlaub-auf-madagaskar.com\/en\/wp-json\/wp\/v2\/media?parent=531"}],"wp:term":[{"taxonomy":"category","embeddable":true,"href":"https:\/\/www.urlaub-auf-madagaskar.com\/en\/wp-json\/wp\/v2\/categories?post=531"}],"curies":[{"name":"wp","href":"https:\/\/api.w.org\/{rel}","templated":true}]}}