{"id":5025,"date":"2017-10-31T13:20:42","date_gmt":"2017-10-31T12:20:42","guid":{"rendered":"https:\/\/urlaub-auf-madagaskar.alpha-beta.de\/?page_id=5025"},"modified":"2020-02-03T17:56:44","modified_gmt":"2020-02-03T16:56:44","slug":"flugroute-tsingy-baobab-isalo","status":"publish","type":"page","link":"https:\/\/www.urlaub-auf-madagaskar.com\/en\/flight-route-tsingy-baobab-isalo\/","title":{"rendered":"Flight route: Tsingy - Baobab - Isalo"},"content":{"rendered":"<h1>Flight route: Tsingy - Baobab - Isalo<\/h1>\n<div class=\"bg_white\">\n<div class=\"col-md-12 col-sm-12 bg_white border no_padding margin_bottom_content\">\n<div class=\"col-md-12 col-sm-12 no_padding\">\n<div class=\"home_bg text-center side_bar_padding\"><a href=\"https:\/\/www.urlaub-auf-madagaskar.com\/wp-content\/uploads\/2016\/12\/11143288_123322531332884_8439398330575839538_o.jpg\"><img fetchpriority=\"high\" decoding=\"async\" class=\"size-medium wp-image-4109 aligncenter\" src=\"https:\/\/www.urlaub-auf-madagaskar.com\/wp-content\/uploads\/2016\/12\/11143288_123322531332884_8439398330575839538_o-300x225.jpg\" alt=\"\" width=\"300\" height=\"225\" srcset=\"https:\/\/www.urlaub-auf-madagaskar.com\/wp-content\/uploads\/2016\/12\/11143288_123322531332884_8439398330575839538_o-300x225.jpg 300w, https:\/\/www.urlaub-auf-madagaskar.com\/wp-content\/uploads\/2016\/12\/11143288_123322531332884_8439398330575839538_o-20x15.jpg 20w, https:\/\/www.urlaub-auf-madagaskar.com\/wp-content\/uploads\/2016\/12\/11143288_123322531332884_8439398330575839538_o.jpg 600w\" sizes=\"(max-width: 300px) 100vw, 300px\" \/><\/a><\/div>\n<\/div>\n<div class=\"col-md-12 col-sm-12 no_padding\">\n<div class=\"home_content_div\">\n<h3>Day 1<\/h3>\n<p>In the early morning around 6 o'clock the flight starts over the plateau. The landing on a private area from Amborodia is around 7:15. On a guided trail it then goes about 4 hours through a beautiful area. Around 2:30pm, a half-hour flight will take you to Morondava, where you can enjoy a gorgeous sunset on the Boabab lane. Afterwards you will go to the hotel where dinner will be served. The evening is at leisure.<\/p>\n<\/div>\n<\/div>\n<\/div>\n<\/div>\n<div class=\"col-md-12 col-sm-12 bg_white border no_padding margin_bottom_content\">\n<div class=\"col-md-12 col-sm-12 home_content_div\">\n<h3>Day 2<\/h3>\n<p>The 2nd day then starts with a visit to the valley of Morondava and after lunch we leave at 2 pm for Ranohira, the heart of Isalo. After dinner at the hotel, the evening is again at leisure.<\/p>\n<\/div>\n<\/div>\n<div class=\"bg_white\">\n<div class=\"col-md-12 col-sm-12 bg_white border no_padding margin_bottom_content\">\n<div class=\"col-md-12 col-sm-12 no_padding\">\n<div class=\"home_bg text-center side_bar_padding\"><img decoding=\"async\" class=\"side_bar_img\" src=\"https:\/\/www.urlaub-auf-madagaskar.com\/wp-content\/uploads\/2017\/10\/wald-tapias-madagaskar.jpg\" alt=\"\" \/><\/div>\n<\/div>\n<div class=\"col-md-12 col-sm-12 no_padding\">\n<div class=\"home_content_div\">\n<h3>Day 3<\/h3>\n<p>The 3rd day is dedicated to a three-hour guided hike. Discover the most beautiful landscapes of the massif and experience the changing colors of the slopes. Through the forest Tapias you can admire the extraordinary flora and fauna. After returning to the hotel, you can either refresh yourself in the pool or take the opportunity to explore the surroundings.<\/p>\n<\/div>\n<\/div>\n<\/div>\n<\/div>\n<div class=\"col-md-12 col-sm-12 bg_white border no_padding margin_bottom_content\">\n<div class=\"col-md-12 col-sm-12 home_content_div\">\n<h3>Day 4<\/h3>\n<p>Day 4 begins with the drive to Makis Canyon, where you will cross rice fields and savannah before entering the canyon. Here you will meet three species of lemurs and the admirable flora will delight you. At 11 am you will return to Antananarivo.<\/p>\n<\/div>\n<\/div>","protected":false},"excerpt":{"rendered":"<p>Flugroute: Tsingy \u2013 Baobab \u2013 Isalo Tag 1 Am fr\u00fchen Morgen gegen 6 Uhr startet der Flug \u00fcber die Hochebene. Die Landung auf einem privaten Gebiet vom Amborodia erfolgt gegen 7:15 Uhr. Auf einem gef\u00fchrten Wanderweg geht es dann etwa 4 Stunden durch ein wundersch\u00f6nes Gebiet. Gegen 14:30 Uhr geht es dann in einem halbs\u00fcndigen [&hellip;]<\/p>\n","protected":false},"author":3,"featured_media":4109,"parent":0,"menu_order":0,"comment_status":"closed","ping_status":"closed","template":"","meta":{"footnotes":""},"categories":[449],"class_list":["post-5025","page","type-page","status-publish","has-post-thumbnail","hentry","category-privatflugzeug-erlebnisreisen"],"_links":{"self":[{"href":"https:\/\/www.urlaub-auf-madagaskar.com\/en\/wp-json\/wp\/v2\/pages\/5025","targetHints":{"allow":["GET"]}}],"collection":[{"href":"https:\/\/www.urlaub-auf-madagaskar.com\/en\/wp-json\/wp\/v2\/pages"}],"about":[{"href":"https:\/\/www.urlaub-auf-madagaskar.com\/en\/wp-json\/wp\/v2\/types\/page"}],"author":[{"embeddable":true,"href":"https:\/\/www.urlaub-auf-madagaskar.com\/en\/wp-json\/wp\/v2\/users\/3"}],"replies":[{"embeddable":true,"href":"https:\/\/www.urlaub-auf-madagaskar.com\/en\/wp-json\/wp\/v2\/comments?post=5025"}],"version-history":[{"count":0,"href":"https:\/\/www.urlaub-auf-madagaskar.com\/en\/wp-json\/wp\/v2\/pages\/5025\/revisions"}],"wp:featuredmedia":[{"embeddable":true,"href":"https:\/\/www.urlaub-auf-madagaskar.com\/en\/wp-json\/wp\/v2\/media\/4109"}],"wp:attachment":[{"href":"https:\/\/www.urlaub-auf-madagaskar.com\/en\/wp-json\/wp\/v2\/media?parent=5025"}],"wp:term":[{"taxonomy":"category","embeddable":true,"href":"https:\/\/www.urlaub-auf-madagaskar.com\/en\/wp-json\/wp\/v2\/categories?post=5025"}],"curies":[{"name":"wp","href":"https:\/\/api.w.org\/{rel}","templated":true}]}}