{"id":5019,"date":"2017-10-31T13:08:26","date_gmt":"2017-10-31T12:08:26","guid":{"rendered":"https:\/\/urlaub-auf-madagaskar.alpha-beta.de\/?page_id=5019"},"modified":"2020-02-03T17:56:35","modified_gmt":"2020-02-03T16:56:35","slug":"flugroute-antananarivo-tsingy-antananarivo","status":"publish","type":"page","link":"https:\/\/www.urlaub-auf-madagaskar.com\/en\/flight-route-antananarivo-tsingy-antananarivo\/","title":{"rendered":"Flight route: Antananarivo - Tsingy - Antananarivo"},"content":{"rendered":"<h1>Flight route: Antananarivo - Tsingy - Antananarivo<\/h1>\n<div class=\"bg_white\">\n<div class=\"col-md-12 col-sm-12 bg_white border no_padding margin_bottom_content\">\n<div class=\"col-md-12 col-sm-12 no_padding\">\n<div class=\"home_bg text-center side_bar_padding\"><a href=\"\/wp-content\/uploads\/2017\/10\/tsingy-landeplatz-privatflieger-madagaskar.jpg\"><img fetchpriority=\"high\" decoding=\"async\" width=\"300\" height=\"300\" class=\"side_bar_img size-medium wp-image-5022 alignnone\" src=\"https:\/\/www.urlaub-auf-madagaskar.com\/wp-content\/uploads\/2017\/10\/tsingy-landeplatz-privatflieger-madagaskar.jpg\" srcset=\"https:\/\/www.urlaub-auf-madagaskar.com\/wp-content\/uploads\/2017\/10\/tsingy-landeplatz-privatflieger-madagaskar.jpg 300w, https:\/\/www.urlaub-auf-madagaskar.com\/wp-content\/uploads\/2017\/10\/tsingy-landeplatz-privatflieger-madagaskar-150x150.jpg 150w, https:\/\/www.urlaub-auf-madagaskar.com\/wp-content\/uploads\/2017\/10\/tsingy-landeplatz-privatflieger-madagaskar-20x20.jpg 20w\" sizes=\"(max-width: 300px) 100vw, 300px\" \/><\/a><\/div>\n<\/div>\n<div class=\"col-md-12 col-sm-12 no_padding\">\n<div class=\"home_content_div\">\n<p>This day trip is ideal to admire the beautiful scenery from above on the one hand, and on the other hand, to make an extraordinary hike, with tour guide of course. The flight over the plateaus, the river Manambola starts at 6 o'clock in the morning. After the hike, a picnic awaited you until about 14:30 Amborodia back to Antananarivo.<\/p>\n<\/div>\n<\/div>\n<\/div>\n<\/div>","protected":false},"excerpt":{"rendered":"<p>Flugroute: Antananarivo \u2013 Tsingy \u2013 Antananarivo Diese Tagestour ist ideal, um zum einen die wundersch\u00f6ne Landschaft von oben zu bewundern und zum anderen, um eine au\u00dfergew\u00f6hnliche Wanderung, mit Tourguide versteht sich, zu machen. Der Flug \u00fcber die Hochebenen, den Fluss Manambola startet um 6 Uhr am Morgen. Nach der Wanderung erwartete Sie ein Picknick, bis [&hellip;]<\/p>\n","protected":false},"author":3,"featured_media":5022,"parent":0,"menu_order":0,"comment_status":"closed","ping_status":"closed","template":"","meta":{"footnotes":""},"categories":[449],"class_list":["post-5019","page","type-page","status-publish","has-post-thumbnail","hentry","category-privatflugzeug-erlebnisreisen"],"_links":{"self":[{"href":"https:\/\/www.urlaub-auf-madagaskar.com\/en\/wp-json\/wp\/v2\/pages\/5019","targetHints":{"allow":["GET"]}}],"collection":[{"href":"https:\/\/www.urlaub-auf-madagaskar.com\/en\/wp-json\/wp\/v2\/pages"}],"about":[{"href":"https:\/\/www.urlaub-auf-madagaskar.com\/en\/wp-json\/wp\/v2\/types\/page"}],"author":[{"embeddable":true,"href":"https:\/\/www.urlaub-auf-madagaskar.com\/en\/wp-json\/wp\/v2\/users\/3"}],"replies":[{"embeddable":true,"href":"https:\/\/www.urlaub-auf-madagaskar.com\/en\/wp-json\/wp\/v2\/comments?post=5019"}],"version-history":[{"count":0,"href":"https:\/\/www.urlaub-auf-madagaskar.com\/en\/wp-json\/wp\/v2\/pages\/5019\/revisions"}],"wp:featuredmedia":[{"embeddable":true,"href":"https:\/\/www.urlaub-auf-madagaskar.com\/en\/wp-json\/wp\/v2\/media\/5022"}],"wp:attachment":[{"href":"https:\/\/www.urlaub-auf-madagaskar.com\/en\/wp-json\/wp\/v2\/media?parent=5019"}],"wp:term":[{"taxonomy":"category","embeddable":true,"href":"https:\/\/www.urlaub-auf-madagaskar.com\/en\/wp-json\/wp\/v2\/categories?post=5019"}],"curies":[{"name":"wp","href":"https:\/\/api.w.org\/{rel}","templated":true}]}}