{"id":485,"date":"2015-07-14T13:29:15","date_gmt":"2015-07-14T11:29:15","guid":{"rendered":"https:\/\/urlaub-auf-madagaskar.alpha-beta.de\/?page_id=485"},"modified":"2020-01-27T23:24:02","modified_gmt":"2020-01-27T22:24:02","slug":"geologie","status":"publish","type":"page","link":"https:\/\/www.urlaub-auf-madagaskar.com\/en\/geology\/","title":{"rendered":"Geology"},"content":{"rendered":"<h1>The geological features on Madagascar<\/h1>\n<div class=\"bg_white\">\n<div class=\"col-md-12 col-sm-12 bg_white border no_padding margin_bottom_content\">\n<div class=\"col-md-12 col-sm-12 no_padding\">\n<div class=\"home_bg text-center side_bar_padding\"><a href=\"https:\/\/www.urlaub-auf-madagaskar.com\/wp-content\/uploads\/2015\/07\/Geologie_Madagaskar_300_x_217.jpg\"><img fetchpriority=\"high\" decoding=\"async\" width=\"300\" height=\"217\" class=\"side_bar_img alignnone wp-image-565 size-medium\" src=\"https:\/\/www.urlaub-auf-madagaskar.com\/wp-content\/uploads\/2015\/07\/Geologie_Madagaskar_300_x_217-300x217.jpg\" alt=\"Frog in Andasibe\" srcset=\"https:\/\/www.urlaub-auf-madagaskar.com\/wp-content\/uploads\/2015\/07\/Geologie_Madagaskar_300_x_217.jpg 300w, https:\/\/www.urlaub-auf-madagaskar.com\/wp-content\/uploads\/2015\/07\/Geologie_Madagaskar_300_x_217-20x14.jpg 20w\" sizes=\"(max-width: 300px) 100vw, 300px\" \/><\/a><\/div>\n<\/div>\n<div class=\"col-md-12 col-sm-12 no_padding\">\n<div class=\"home_content_div\">\n<p><strong>Madagascar<\/strong> has been connected as an island many millions of years ago with the African as well as the Indian continent. Then there was a shift of the earth's plates and Madagascar detached from the large land mass. From a geological point of view, Madagascar today is a true El Dorado and offers a true playground of possibilities for researchers as well as mineral enthusiasts. The island is <strong>rich in various mineral resources<\/strong>which are brought to light in painstaking work. <strong>Gold and precious stones<\/strong>, but also <strong>Graphite or titanium<\/strong> are to be found on the island.<\/p>\n<p>Madagascar's soil is extremely rich in mineral resources and minerals and is considered to be the place where the world's most diverse minerals are found: chromium, bauxite, titanium, graphite, iron, nickel, mica, hard coal and crude oil are stored here in recoverable quantities and represent one of the country's most important resources. But also \"high-carat\", namely gemstones of all kinds, can be found in considerable quantity and variety. Madagascar is especially famous for its wealth of quartz and multicolored tourmalines, which used to be found in arm-thick sizes, as well as sapphires, which were discovered in unique quality south of Antsiranana and near Ilakaka south of Isalo-NP.<\/p>\n<\/div>\n<\/div>\n<\/div>\n<\/div>\n<div class=\"bg_white\">\n<div class=\"col-md-12 col-sm-12 bg_white border no_padding margin_bottom_content\">\n<div class=\"col-md-12 col-sm-12 no_padding\">\n<div class=\"home_bg text-center side_bar_padding\"><a href=\"https:\/\/www.urlaub-auf-madagaskar.com\/wp-content\/uploads\/2015\/07\/Goldsucher-300x200.jpg\"><img decoding=\"async\" width=\"300\" height=\"200\" class=\"side_bar_img size-medium wp-image-1992 alignnone\" src=\"https:\/\/www.urlaub-auf-madagaskar.com\/wp-content\/uploads\/2015\/07\/Goldsucher-300x200.jpg\" alt=\"Frog in Andasibe\" srcset=\"https:\/\/www.urlaub-auf-madagaskar.com\/wp-content\/uploads\/2015\/07\/Goldsucher-300x200.jpg 300w, https:\/\/www.urlaub-auf-madagaskar.com\/wp-content\/uploads\/2015\/07\/Goldsucher-20x13.jpg 20w, https:\/\/www.urlaub-auf-madagaskar.com\/wp-content\/uploads\/2015\/07\/Goldsucher.jpg 480w\" sizes=\"(max-width: 300px) 100vw, 300px\" \/><\/a><\/div>\n<\/div>\n<div class=\"col-md-12 col-sm-12 no_padding\">\n<div class=\"home_content_div\">\n<p>Practically almost all gemstones such as emeralds, rubies, beryls, citrines and allegedly even diamonds are hidden in the red earth. Famous among geologists are also the pegmatites of the island. These are huge granitic melt zones, which were pressed upwards from the earth's interior and cooled down very slowly in the course of the earth's history. Due to the long period of the cooling process, the different components of the melt could separate from each other especially in the fracture zones and are therefore found in pure, often crystalline form. Since in Madagascar the pegmatites often reach the hereditary surface, the mining of minerals is particularly easy here and partly possible in open pit mining. It is almost superfluous to mention that there are also considerable gold deposits: west of Antsirabe on the road to <strong>Miandrivazo<\/strong> you can watch the gold miners at work in the quartz-rich riverbed. A South African company is also prospecting for the yellow metal here. Other deposits are located at Ambatolampy and Antsiranana.<\/p>\n<p>For mineral lovers Madagascar represents probably one of the most rewarding destinations at all. Nowhere else on the island (and probably on the whole world) is such a variety of minerals and gemstones offered as in Antsirabe - depending on negotiating skills still for relatively small coin!<\/p>\n<p>Volcanism was very pronounced on Madagascar in earlier times: at <strong>Ankaizina<\/strong> in the north (south of Diego-Suarez), the traveler notices numerous, grassy and almost \"classically\" shaped volcanic cones. But also the Tsaratanana massif, Montagne d'Ambre and the <strong>Ankaratra Massif<\/strong> are of volcanic origin. In addition, there are numerous crater lakes and thermal water deposits. The most famous are in <strong>Ranomafana<\/strong>, in <strong>Miandrivazo<\/strong> as well as in <strong>Ampefy<\/strong>, west of Tana. Near <strong><a href=\"https:\/\/www.urlaub-auf-madagaskar.com\/en\/geyser-of-andranomandraotra\/\" target=\"_self\" rel=\"noopener noreferrer\">Ampefy<\/a><\/strong> you can also find <a href=\"https:\/\/www.urlaub-auf-madagaskar.com\/en\/geyser-of-andranomandraotra\/\" target=\"_self\" rel=\"noopener noreferrer\"><strong>false geysers<\/strong><\/a>which, with their pleasantly cool temperatures, are popular excursion destinations for the local population. Madagascar's soil, rich as it may be, is barren: fertile soils that permit intensive agriculture are found almost only in regions of volcanic origin that also have sufficient rainfall. Very often a red clay is found. Calcareous subsoils are also not uncommon. In the highlands, the extremely lean stony raw soils are noticeable, which offer only very special plants sufficient support and nourishment.<\/p>\n<\/div>\n<\/div>\n<\/div>\n<\/div>\n<div class=\"bg_white\">\n<div class=\"col-md-12 col-sm-12 bg_white border no_padding margin_bottom_content\">\n<div class=\"col-md-12 col-sm-12 no_padding\">\n<div class=\"home_bg text-center side_bar_padding\"><a href=\"https:\/\/www.urlaub-auf-madagaskar.com\/wp-content\/uploads\/2015\/07\/Laterite_Madagaskar_300_x_200.jpg\"><img decoding=\"async\" class=\"side_bar_img size-medium wp-image-566 alignnone\" src=\"https:\/\/www.urlaub-auf-madagaskar.com\/wp-content\/uploads\/2015\/07\/Laterite_Madagaskar_300_x_200.jpg\" alt=\"Laterite_Madagaskar_300_x_200\" width=\"300\" height=\"200\" srcset=\"https:\/\/www.urlaub-auf-madagaskar.com\/wp-content\/uploads\/2015\/07\/Laterite_Madagaskar_300_x_200.jpg 300w, https:\/\/www.urlaub-auf-madagaskar.com\/wp-content\/uploads\/2015\/07\/Laterite_Madagaskar_300_x_200-20x13.jpg 20w\" sizes=\"(max-width: 300px) 100vw, 300px\" \/><\/a><\/div>\n<\/div>\n<div class=\"col-md-12 col-sm-12 no_padding\">\n<div class=\"home_content_div\">\n<p>Even <strong>Crude oil<\/strong> occurs in an eligible quantity. It is not just the quantities of the various <strong>Minerals and mineral resources<\/strong>that make Madagascar so fascinating from a geological point of view, but above all the <strong>Diversity<\/strong>. In the following we would like to provide you with a lot of information about the <strong>geological nature of the island<\/strong> present and at the same time take a look at the numerous mineral resources of the island. If you wish, you can take part in your <strong>Madagascar vacation<\/strong> visit one of the various mines or gold digging sites or once over a so-called <strong>Gemstone market<\/strong> walk. We provide you with the necessary conditions for such a <strong>Trip<\/strong> and will be happy to advise you or, if you wish, also take over the <strong>Organization<\/strong>. After a <strong>Contact<\/strong> we will gladly get in touch with you.<\/p>\n<\/div>\n<\/div>\n<\/div>\n<\/div>\n<div class=\"bg_white\">\n<div class=\"col-md-12 col-sm-12 bg_white border no_padding margin_bottom_content\">\n<div class=\"col-md-12 col-sm-12 no_padding\">\n<div class=\"home_bg text-center side_bar_padding\"><a href=\"https:\/\/www.urlaub-auf-madagaskar.com\/wp-content\/uploads\/2015\/07\/Tourmaline-213x300.jpg\"><img loading=\"lazy\" decoding=\"async\" width=\"213\" height=\"300\" class=\"side_bar_img size-medium wp-image-1993 alignnone\" src=\"https:\/\/www.urlaub-auf-madagaskar.com\/wp-content\/uploads\/2015\/07\/Tourmaline-213x300.jpg\" alt=\"Frog in Andasibe\" srcset=\"https:\/\/www.urlaub-auf-madagaskar.com\/wp-content\/uploads\/2015\/07\/Tourmaline-213x300.jpg 213w, https:\/\/www.urlaub-auf-madagaskar.com\/wp-content\/uploads\/2015\/07\/Tourmaline-14x20.jpg 14w, https:\/\/www.urlaub-auf-madagaskar.com\/wp-content\/uploads\/2015\/07\/Tourmaline.jpg 236w\" sizes=\"(max-width: 213px) 100vw, 213px\" \/><\/a><\/div>\n<\/div>\n<div class=\"col-md-12 col-sm-12 no_padding\">\n<div class=\"home_content_div\">\n<h3>Geological facts about the island of Madagascar<\/h3>\n<p>The <strong>Madagascar island<\/strong> Basically consists of a so-called bedrock, which is already <strong>numerous million years<\/strong> old. This bedrock consists of crystalline gneisses, quartz and mica schists. This mountain range is also interspersed with large granite and graphite inclusions. The soil on the island can rather be described as barren, especially in the dry regions of southern Madagascar agriculture is hardly possible. Especially the additional <strong>Soil erosion<\/strong> makes life difficult for the people on the island. In this context must also be the <strong>characteristic red laterite soil<\/strong> which also led to the island of Madagascar being called the \"<strong>Red island<\/strong>\" has helped. This laterite soil is basically a <strong>Weathering product<\/strong>, in which the rocks of the surface are slowly but surely decomposed. The <strong>Problem in Madagascar<\/strong> is that the thin fertile layer of earth above the laterite soil is slowly but surely being washed away because people are practicing too intensive agriculture. The laterite soil, in turn, is anything but fertile and, along with the little fertile soil, flows into the island's rivers and then into the Indian Ocean. Space travelers report that this looks from space as if Madagascar is bleeding. Also interesting from a geological point of view, are the <strong>Regions of Madagascar<\/strong>, the <strong>volcanic origin<\/strong> are. Numerous volcanic cones can still be discovered today in northern Madagascar, where the land is still fertile. Besides the <strong>Volcanic craters<\/strong> also testify to the various <strong>hot thermal springs<\/strong> of Madagascar's volcanic past. In Ranomafana or in Ampefy you can find these hot springs, which are a real attraction for tourists. On our <strong>Nature and theme tours<\/strong> we offer excursions to these sources, which can be enjoyed at a <strong>Madagascar vacation<\/strong> definitely recommend as a destination.<\/p>\n<\/div>\n<\/div>\n<\/div>\n<\/div>\n<div class=\"bg_white\">\n<div class=\"col-md-12 col-sm-12 bg_white border no_padding margin_bottom_content\">\n<div class=\"col-md-12 col-sm-12 no_padding\">\n<div class=\"home_bg text-center side_bar_padding\"><a href=\"https:\/\/www.urlaub-auf-madagaskar.com\/wp-content\/uploads\/2015\/07\/Ilakaka-300x199.jpg\"><img loading=\"lazy\" decoding=\"async\" width=\"300\" height=\"199\" class=\"side_bar_img size-medium wp-image-1994 alignnone\" src=\"https:\/\/www.urlaub-auf-madagaskar.com\/wp-content\/uploads\/2015\/07\/Ilakaka-300x199.jpg\" alt=\"Frog in Andasibe\" srcset=\"https:\/\/www.urlaub-auf-madagaskar.com\/wp-content\/uploads\/2015\/07\/Ilakaka-300x199.jpg 300w, https:\/\/www.urlaub-auf-madagaskar.com\/wp-content\/uploads\/2015\/07\/Ilakaka-768x510.jpg 768w, https:\/\/www.urlaub-auf-madagaskar.com\/wp-content\/uploads\/2015\/07\/Ilakaka-1024x680.jpg 1024w, https:\/\/www.urlaub-auf-madagaskar.com\/wp-content\/uploads\/2015\/07\/Ilakaka-20x13.jpg 20w, https:\/\/www.urlaub-auf-madagaskar.com\/wp-content\/uploads\/2015\/07\/Ilakaka.jpg 2048w\" sizes=\"(max-width: 300px) 100vw, 300px\" \/><\/a><\/div>\n<\/div>\n<div class=\"col-md-12 col-sm-12 no_padding\">\n<div class=\"home_content_div\">\n<h3>The mineral resources of Madagascar<\/h3>\n<p>In the introduction to this information section, it was already mentioned that Madagascar is exceedingly versatile when it comes to the <strong>stored mineral resources<\/strong> goes. Chromium, bauxite, graphite, titanium, iron, mica, nickel, hard coal and crude oil have been deposited under the surface and are practically just waiting to be extracted by man. The <strong>World demand for graphite<\/strong> is already covered to around 80 percent by Madagascar alone. In addition, the <strong>Gemstones<\/strong> such as multicolored <strong>Tourmalines<\/strong> or <a href=\"https:\/\/www.urlaub-auf-madagaskar.com\/en\/ilakaka-city-of-sapphires\/\" target=\"_self\" rel=\"noopener noreferrer\"><strong>Sapphire<\/strong><\/a> of great importance. According to legends, even <strong>Diamonds under the earth of Madagascar<\/strong> can be found. Also the so-called pegmatites of the island are of note. These are <strong>igneous rock<\/strong>, which is very important especially for the extraction of rare elements and various minerals. As exciting and profitable as the <strong>geological aspects and characteristics of Madagascar<\/strong> are, so unpleasant are the effects of the <strong>Minerals Booms<\/strong> for nature and the environment on the island. The people operate through the extraction of the various minerals on a large scale <strong>Overexploitation of nature<\/strong>, which has numerous negative consequences in the long term.<\/p>\n<\/div>\n<\/div>\n<\/div>\n<\/div>\n<div class=\"bg_white\">\n<div class=\"col-md-12 col-sm-12 bg_white border no_padding margin_bottom_content\">\n<div class=\"col-md-12 col-sm-12 no_padding\">\n<div class=\"home_bg text-center side_bar_padding\"><a href=\"https:\/\/www.urlaub-auf-madagaskar.com\/wp-content\/uploads\/2015\/07\/Ilakaka4-300x199.jpg\"><img loading=\"lazy\" decoding=\"async\" width=\"300\" height=\"199\" class=\"side_bar_img size-medium wp-image-1995 alignnone\" src=\"https:\/\/www.urlaub-auf-madagaskar.com\/wp-content\/uploads\/2015\/07\/Ilakaka4-300x199.jpg\" alt=\"Frog in Andasibe\" \/><\/a><\/div>\n<\/div>\n<div class=\"col-md-12 col-sm-12 no_padding\">\n<div class=\"home_content_div\">\n<p>Especially the <strong>uncontrolled clearing of the rainforest<\/strong>which are repeatedly occurring or being carried out across the board in this context, are dramatically damaging the delicate ecological balance on Madagascar. Therefore it is all the more important to protect the <strong>People in Madagascar <\/strong>to be able to offer alternatives, which could result, for example, from the fact that the Madagascans are recording increased revenues via tourism. These could then be invested in the <a href=\"https:\/\/www.urlaub-auf-madagaskar.com\/en\/hintergrundinformationen\/naturschutz\/\" target=\"_self\" rel=\"noopener noreferrer\"><strong>Nature Conservation<\/strong> <\/a>be invested or at least lead to less overexploitation of the <strong>Mineral resources of Madagascar<\/strong> would be operated. If you have any questions about this or any other information, or if you are already in the process of <strong>Madagascar vacation<\/strong> to plan, then feel free to contact us. With our <strong>years of experience<\/strong> and due to the fact that we live in Madagascar, we can offer you versatile assistance and thus help you to an unforgettable <strong>Trip to Madagascar<\/strong> help.<\/p>\n<\/div>\n<\/div>\n<\/div>\n<\/div>","protected":false},"excerpt":{"rendered":"<p>Die geologischen Besonderheiten auf Madagaskar Madagaskar ist als Insel vor vielen Millionen Jahren noch mit dem afrikanischen sowie dem indischen Kontinent verbunden gewesen. Dann kam es zu einer Verschiebung der Erdplatten und Madagaskar l\u00f6ste sich von der gro\u00dfen Landmasse. Aus geologischer Sicht ist Madagaskar heute ein wahres El Dorado und bietet f\u00fcr Forscher wie auch [&hellip;]<\/p>\n","protected":false},"author":3,"featured_media":565,"parent":0,"menu_order":0,"comment_status":"open","ping_status":"closed","template":"","meta":{"footnotes":""},"categories":[489],"class_list":["post-485","page","type-page","status-publish","has-post-thumbnail","hentry","category-geologie","group-cat-geologie","hierachie-level-level-1"],"_links":{"self":[{"href":"https:\/\/www.urlaub-auf-madagaskar.com\/en\/wp-json\/wp\/v2\/pages\/485","targetHints":{"allow":["GET"]}}],"collection":[{"href":"https:\/\/www.urlaub-auf-madagaskar.com\/en\/wp-json\/wp\/v2\/pages"}],"about":[{"href":"https:\/\/www.urlaub-auf-madagaskar.com\/en\/wp-json\/wp\/v2\/types\/page"}],"author":[{"embeddable":true,"href":"https:\/\/www.urlaub-auf-madagaskar.com\/en\/wp-json\/wp\/v2\/users\/3"}],"replies":[{"embeddable":true,"href":"https:\/\/www.urlaub-auf-madagaskar.com\/en\/wp-json\/wp\/v2\/comments?post=485"}],"version-history":[{"count":0,"href":"https:\/\/www.urlaub-auf-madagaskar.com\/en\/wp-json\/wp\/v2\/pages\/485\/revisions"}],"wp:featuredmedia":[{"embeddable":true,"href":"https:\/\/www.urlaub-auf-madagaskar.com\/en\/wp-json\/wp\/v2\/media\/565"}],"wp:attachment":[{"href":"https:\/\/www.urlaub-auf-madagaskar.com\/en\/wp-json\/wp\/v2\/media?parent=485"}],"wp:term":[{"taxonomy":"category","embeddable":true,"href":"https:\/\/www.urlaub-auf-madagaskar.com\/en\/wp-json\/wp\/v2\/categories?post=485"}],"curies":[{"name":"wp","href":"https:\/\/api.w.org\/{rel}","templated":true}]}}