{"id":4781,"date":"2017-05-22T20:38:21","date_gmt":"2017-05-22T18:38:21","guid":{"rendered":"https:\/\/urlaub-auf-madagaskar.alpha-beta.de\/?page_id=4781"},"modified":"2020-02-03T17:47:26","modified_gmt":"2020-02-03T16:47:26","slug":"segeln","status":"publish","type":"page","link":"https:\/\/www.urlaub-auf-madagaskar.com\/en\/themed-tours\/sailing\/","title":{"rendered":"Sailing experience trip"},"content":{"rendered":"<h1>Exclusive discovery tours - relaxed sailing trips aboard the \"Blue Maki<\/h1>\n<div class=\"col-md-12 col-sm-12 bg_white border no_padding margin_bottom_content\">\n<div class=\"col-md-12 col-sm-12 home_content_div\">\n<p>Madagascar is known for its unique beaches and biodiversity. The endless sandy beaches and underwater worlds speak for themselves. If you are looking for a relaxing vacation while experiencing the diversity of Madagascar, a cruise is just what you need. Enjoy the fantastic view on board of the \"Blue Maki\" and explore the most beautiful places in just a few days. Pet lemurs or explore the underwater world - snorkeling with sea turtles. We will take you to the most dreamlike corners of the island and show you the most worth seeing places, without any hustle and bustle. Relax on deck while the \"Blue Maki\" takes you quickly and safely to the most breathtaking places. The sailing ship offers enough space for a comfortable stay with accommodation in air-conditioned double rooms.<\/p>\n<p>Your catering is also taken care of: dinner under a clear starry sky or lunch in the bright sunshine will put you in the vacation mood and ensure your well-being. Sufficient beverages are provided. If necessary, you can bring your own alcoholic beverages on board. Different day trips for every taste complete the program: Go on a discovery tour or enjoy quiet sun hours on white sandy beaches. According to your personal wishes, you can choose the tour that suits you best. We offer you exciting shore excursions on which you will get a varied insight into the culture of Madagascar. A mixture of active day trips and relaxing hours on board ensure a balanced stay with experience guarantee. Choose between 3 days and 2 nights, 4 days and 3 nights, 5 days and 4 nights or 7 days and 6 nights. We will leave you amazed and provide unforgettable adventures. You can find more information about the exact daily schedule in our program.<\/p>\n<\/div>\n<\/div>\n<div class=\"bg_white\">\n<div class=\"col-md-12 col-sm-12 bg_white border no_padding margin_bottom_content\">\n<div class=\"col-md-12 col-sm-12 no_padding\">\n<div class=\"home_bg text-center side_bar_padding\"><img decoding=\"async\" class=\"side_bar_img\" src=\"https:\/\/www.urlaub-auf-madagaskar.com\/wp-content\/uploads\/2017\/05\/madagaskar-segeln-schnorcheln-blue-maki.jpg\" alt=\"\" \/><\/div>\n<\/div>\n<div class=\"col-md-12 col-sm-12 no_padding\">\n<div class=\"home_content_div\">\n<h3>The Blue Maki discovery tour in <strong>3 days<\/strong><\/h3>\n<p><a class=\"btn btn-warning btn-block\" href=\"https:\/\/www.urlaub-auf-madagaskar.com\/en\/blue-maki-sailing-tour-3-days\/\">To the offer<\/a><\/p>\n<\/div>\n<\/div>\n<\/div>\n<\/div>\n<div class=\"bg_white\">\n<div class=\"col-md-12 col-sm-12 bg_white border no_padding margin_bottom_content\">\n<div class=\"col-md-12 col-sm-12 no_padding\">\n<div class=\"home_bg text-center side_bar_padding\"><img decoding=\"async\" class=\"side_bar_img\" src=\"https:\/\/www.urlaub-auf-madagaskar.com\/wp-content\/uploads\/2017\/05\/madagaskar-segeln-schnorcheln-blue-maki-2.jpg\" alt=\"\" \/><\/div>\n<\/div>\n<div class=\"col-md-12 col-sm-12 no_padding\">\n<div class=\"home_content_div\">\n<h3>The Blue Maki discovery tour in <strong>4 days<\/strong><\/h3>\n<p><a class=\"btn btn-warning btn-block\" href=\"https:\/\/www.urlaub-auf-madagaskar.com\/en\/blue-maki-sailing-tour-4-days\/\">To the offer<\/a><\/p>\n<\/div>\n<\/div>\n<\/div>\n<\/div>\n<div class=\"bg_white\">\n<div class=\"col-md-12 col-sm-12 bg_white border no_padding margin_bottom_content\">\n<div class=\"col-md-12 col-sm-12 no_padding\">\n<div class=\"home_bg text-center side_bar_padding\"><img decoding=\"async\" class=\"side_bar_img\" src=\"https:\/\/www.urlaub-auf-madagaskar.com\/wp-content\/uploads\/2017\/05\/madagaskar-segeln-schnorcheln-blue-maki-3.jpg\" alt=\"\" \/><\/div>\n<\/div>\n<div class=\"col-md-12 col-sm-12 no_padding\">\n<div class=\"home_content_div\">\n<h3>The Blue Maki discovery tour in <strong>5 days<\/strong><\/h3>\n<p><a class=\"btn btn-warning btn-block\" href=\"https:\/\/www.urlaub-auf-madagaskar.com\/en\/blue-maki-sailing-tour-5-days\/\">To the offer<\/a><\/p>\n<\/div>\n<\/div>\n<\/div>\n<\/div>\n<div class=\"bg_white\">\n<div class=\"col-md-12 col-sm-12 bg_white border no_padding margin_bottom_content\">\n<div class=\"col-md-12 col-sm-12 no_padding\">\n<div class=\"home_bg text-center side_bar_padding\"><img decoding=\"async\" class=\"side_bar_img\" src=\"https:\/\/www.urlaub-auf-madagaskar.com\/wp-content\/uploads\/2017\/05\/madagaskar-segeln-schnorcheln-blue-maki-4.jpg\" alt=\"\" \/><\/div>\n<\/div>\n<div class=\"col-md-12 col-sm-12 no_padding\">\n<div class=\"home_content_div\">\n<h3>The Blue Maki discovery tour in <strong>7 days<\/strong><\/h3>\n<p><a class=\"btn btn-warning btn-block\" href=\"https:\/\/www.urlaub-auf-madagaskar.com\/en\/blue-maki-sailing-tour-7-days\/\">To the offer<\/a><\/p>\n<\/div>\n<\/div>\n<\/div>\n<\/div>\n<div class=\"bg_white\">\n<div class=\"col-md-12 col-sm-12 bg_white border no_padding margin_bottom_content\">\n<div class=\"col-md-12 col-sm-12 no_padding\">\n<div class=\"home_bg text-center side_bar_padding\"><a href=\"https:\/\/www.urlaub-auf-madagaskar.com\/wp-content\/uploads\/2017\/05\/madagaskar-segeln-blue-maki.jpg\"><img fetchpriority=\"high\" decoding=\"async\" class=\"side_bar_img size-medium wp-image-4801 alignnone\" src=\"https:\/\/www.urlaub-auf-madagaskar.com\/wp-content\/uploads\/2017\/05\/madagaskar-segeln-blue-maki.jpg\" alt=\"\" width=\"300\" height=\"300\" srcset=\"https:\/\/www.urlaub-auf-madagaskar.com\/wp-content\/uploads\/2017\/05\/madagaskar-segeln-blue-maki.jpg 300w, https:\/\/www.urlaub-auf-madagaskar.com\/wp-content\/uploads\/2017\/05\/madagaskar-segeln-blue-maki-150x150.jpg 150w\" sizes=\"(max-width: 300px) 100vw, 300px\" \/><\/a><\/div>\n<\/div>\n<div class=\"col-md-12 col-sm-12 no_padding\">\n<div class=\"home_content_div\">\n<h3>Costs and details<\/h3>\n<p>The Blue Maki daily rent is 830 euros or 2,905,000 Ariary.<br \/>\nFull board for adults: 60 euros or 210 000 Ariary per person per day.<br \/>\nFull board for children up to 10 years: 30 euros or 105 000 Ariary per person per day.<\/p>\n<p><b>Cost in high season from 01.07.2017 to 05.01.2018<\/b><\/p>\n<p>Blue Maki daily rent is 850 euros per day or 2,975,000 Ariary.<br \/>\nFull board for adults: 60 euros or 210 000 Ariary per person per day.<br \/>\nFull board for children up to 10 years: 30 euros or 105 000 Ariary per person per day.<\/p>\n<p><b>Cost in low season from 15.03.2017 to 30.06.2017<\/b><br \/>\nEntrance fees to Tanikely and Antsoa parks are included in the price: 20,000 Ariary per person (for south cruises) (Our Blue Maki offer is the only one that includes this cost.) Only the entrance fee to Nosy Hara Park is an additional 55,000 Ariary per person per day in the park (for north cruises).<\/p>\n<p>Drinks, soft drinks, beer, mineral water, red wine (5 l), whiskey, pastis (anise schnapps) and rum are included as long as available on board. (Our Blue Maki offer is the only one that includes these costs.) Guests are allowed to bring self-purchased alcohol on board without any problems. (Our Blue Maki offer is the only one that allows this).<\/p>\n<p>Transfers from the hotel to the port and back to your hotel, are also included. Transfers from the airport to the port and from the port to the airport, are included in the price only if the customer goes on cruise directly after landing or continues his flight directly after the cruise. For any stopover at the hotel, airport transfers are not included.<\/p>\n<\/div>\n<\/div>\n<\/div>\n<\/div>\n<div class=\"bg_white\">\n<div class=\"col-md-12 col-sm-12 bg_white border no_padding margin_bottom_content\">\n<div class=\"col-md-12 col-sm-12 no_padding\">\n<div class=\"home_bg text-center side_bar_padding\"><a href=\"https:\/\/www.urlaub-auf-madagaskar.com\/wp-content\/uploads\/2017\/05\/blue-maki-segel-schiff.jpg\"><img decoding=\"async\" class=\"side_bar_img size-medium wp-image-4806 alignnone\" src=\"https:\/\/www.urlaub-auf-madagaskar.com\/wp-content\/uploads\/2017\/05\/blue-maki-segel-schiff.jpg\" alt=\"\" width=\"300\" height=\"300\" srcset=\"https:\/\/www.urlaub-auf-madagaskar.com\/wp-content\/uploads\/2017\/05\/blue-maki-segel-schiff.jpg 300w, https:\/\/www.urlaub-auf-madagaskar.com\/wp-content\/uploads\/2017\/05\/blue-maki-segel-schiff-150x150.jpg 150w, https:\/\/www.urlaub-auf-madagaskar.com\/wp-content\/uploads\/2017\/05\/blue-maki-segel-schiff-20x20.jpg 20w\" sizes=\"(max-width: 300px) 100vw, 300px\" \/><\/a><\/div>\n<\/div>\n<div class=\"col-md-12 col-sm-12 no_padding\">\n<div class=\"home_content_div\">\n<h3><b>Your sailing ship,<\/b> the \"Blue Maki<\/h3>\n<p>The boat Leopard 47, was built in South Africa<\/p>\n<p>It is 14.40 meters long and offers you a total area of 130 square meters. It offers 4 air-conditioned double rooms, which all have private bathroom with hot water and shower.<\/p>\n<p><b>Technical details<\/b><\/p>\n<p>14.40 m long - total area - 7.20 m wide and 130 m2 area<br \/>\n2 engines - 56 hp Yanmar<br \/>\nDesalination plant (800 liters autonomy), solar panels and electricity 12 volts and 220 volts.<br \/>\nDraft 1.40 m, draft 20.40 m<br \/>\nElectronics Furuno - autopilot, chart plotter, GPS, depth sounder, wind vane, anemometer, maxsea, VHF (fixed and mobile)<br \/>\nCockpit at the front<br \/>\n4 air-conditioned double cabins with private bathroom and WC with hot water<br \/>\nSatellite phone + mobile VHF + Hifi stereo and DVD screen<br \/>\nFishing equipment with caster, popper fishing, normal fishing rods<br \/>\n2 kayaks with motorized attachment (3.80 m, 10 hp motor).<\/p>\n<\/div>\n<\/div>\n<\/div>\n<\/div>","protected":false},"excerpt":{"rendered":"<p>Exklusive Entdeckungstouren \u2013 Entspannte Segelt\u00f6rns an Bord der \u201eBlue Maki\u201c Madagaskar ist f\u00fcr seine einzigartigen Str\u00e4nde und seine Artenvielfalt bekannt. Die endlosen Sandstr\u00e4nde und Unterwasserwelten sprechen f\u00fcr sich. Wenn Sie einen entspannten Urlaub suchen und gleichzeitig die Vielseitigkeit von Madagaskar erleben m\u00f6chten, ist eine Kreuzfahrt genau das richtig f\u00fcr Sie. Genie\u00dfen Sie den fantastischen Ausblick [&hellip;]<\/p>\n","protected":false},"author":3,"featured_media":4793,"parent":38,"menu_order":0,"comment_status":"closed","ping_status":"closed","template":"","meta":{"footnotes":""},"categories":[444],"class_list":["post-4781","page","type-page","status-publish","has-post-thumbnail","hentry","category-segelreisen","group-cat-segeln","hierachie-level-level-1"],"_links":{"self":[{"href":"https:\/\/www.urlaub-auf-madagaskar.com\/en\/wp-json\/wp\/v2\/pages\/4781","targetHints":{"allow":["GET"]}}],"collection":[{"href":"https:\/\/www.urlaub-auf-madagaskar.com\/en\/wp-json\/wp\/v2\/pages"}],"about":[{"href":"https:\/\/www.urlaub-auf-madagaskar.com\/en\/wp-json\/wp\/v2\/types\/page"}],"author":[{"embeddable":true,"href":"https:\/\/www.urlaub-auf-madagaskar.com\/en\/wp-json\/wp\/v2\/users\/3"}],"replies":[{"embeddable":true,"href":"https:\/\/www.urlaub-auf-madagaskar.com\/en\/wp-json\/wp\/v2\/comments?post=4781"}],"version-history":[{"count":0,"href":"https:\/\/www.urlaub-auf-madagaskar.com\/en\/wp-json\/wp\/v2\/pages\/4781\/revisions"}],"up":[{"embeddable":true,"href":"https:\/\/www.urlaub-auf-madagaskar.com\/en\/wp-json\/wp\/v2\/pages\/38"}],"wp:featuredmedia":[{"embeddable":true,"href":"https:\/\/www.urlaub-auf-madagaskar.com\/en\/wp-json\/wp\/v2\/media\/4793"}],"wp:attachment":[{"href":"https:\/\/www.urlaub-auf-madagaskar.com\/en\/wp-json\/wp\/v2\/media?parent=4781"}],"wp:term":[{"taxonomy":"category","embeddable":true,"href":"https:\/\/www.urlaub-auf-madagaskar.com\/en\/wp-json\/wp\/v2\/categories?post=4781"}],"curies":[{"name":"wp","href":"https:\/\/api.w.org\/{rel}","templated":true}]}}