{"id":467,"date":"2015-07-14T12:30:09","date_gmt":"2015-07-14T10:30:09","guid":{"rendered":"https:\/\/urlaub-auf-madagaskar.alpha-beta.de\/?page_id=467"},"modified":"2020-02-11T18:27:20","modified_gmt":"2020-02-11T17:27:20","slug":"das-land-madagaskar","status":"publish","type":"page","link":"https:\/\/www.urlaub-auf-madagaskar.com\/en\/the-country-madagascar\/","title":{"rendered":"The country Madagascar"},"content":{"rendered":"<h1>The country Madagascar<\/h1>\n<div class=\"bg_white\">\n<div class=\"col-md-12 col-sm-12 bg_white border no_padding margin_bottom_content\">\n<div class=\"col-md-12 col-sm-12 no_padding\">\n<div class=\"home_bg text-center side_bar_padding\"><a href=\"https:\/\/www.urlaub-auf-madagaskar.com\/wp-content\/uploads\/2015\/07\/madagascar_1895-424-x-592.jpg\"><img fetchpriority=\"high\" decoding=\"async\" width=\"424\" height=\"592\" class=\"side_bar_img size-medium wp-image-474 alignnone\" src=\"https:\/\/www.urlaub-auf-madagaskar.com\/wp-content\/uploads\/2015\/07\/madagascar_1895-424-x-592.jpg\" alt=\"madagascar_1895 424 x 592\" srcset=\"https:\/\/www.urlaub-auf-madagaskar.com\/wp-content\/uploads\/2015\/07\/madagascar_1895-424-x-592.jpg 424w, https:\/\/www.urlaub-auf-madagaskar.com\/wp-content\/uploads\/2015\/07\/madagascar_1895-424-x-592-215x300.jpg 215w, https:\/\/www.urlaub-auf-madagaskar.com\/wp-content\/uploads\/2015\/07\/madagascar_1895-424-x-592-14x20.jpg 14w\" sizes=\"(max-width: 424px) 100vw, 424px\" \/><\/a><\/div>\n<\/div>\n<div class=\"col-md-12 col-sm-12 no_padding\">\n<div class=\"home_content_div\">\n<p><strong>Madagascar<\/strong> is a country that not only many scientists and researchers rightly regard as a <strong>fascinating and unique<\/strong> is described. Many people have already heard about the famous <strong>Indian Ocean Island<\/strong>, off the coast of Africa, but at the same time know very little actual about the island. There are well-known pop songs and also animated films dedicated to the theme of Madagascar, but a real impression of the breathtaking <strong>Beauty of this island<\/strong>, you can only win if you have really been there once.<\/p>\n<p>In recent years, Madagascar has become an increasingly popular destination for various tour operators, including those from Germany. Annually there are nevertheless still <strong>less than 10,000 Germans<\/strong>, which has its <strong>Vacation on the island<\/strong> spend. This means that German travelers make up only a very small proportion of the more than 300,000 vacationers who are drawn to Madagascar every year. One possible reason for this somewhat untypical reluctance on the part of German tourists can be found in the exciting <a href=\"https:\/\/www.urlaub-auf-madagaskar.com\/en\/hintergrundinformationen\/geschichte\/\" target=\"_self\" rel=\"noopener noreferrer\"><strong>History of Madagascar<\/strong><\/a> can be seen: Once this country was a French colony, which is why today's language as well as the culture of the Malagasy are still influenced by the former colonial power. There is currently also no direct flight connection from Germany, which makes a <strong>Trip to Madagascar<\/strong> additionally complicates and complicates the process. The following text sections are intended to <strong>the country Madagascar<\/strong> will be presented briefly and at a glance to give you a first impression of what to expect on this unique island. With our <strong>years of experience<\/strong> we have brought you various <strong>Tips<\/strong> to which you can find more detailed explanations in the thematically subdivided background information on our site or you can contact us directly. For quite some time we have been <strong>Tour operator in Madagascar<\/strong> especially for <strong>Customers from Germany<\/strong> active, which is why we know how to meet you and your requirements in the best possible way.<\/p>\n<\/div>\n<\/div>\n<\/div>\n<\/div>\n<div class=\"bg_white\">\n<div class=\"col-md-12 col-sm-12 bg_white border no_padding margin_bottom_content\">\n<div class=\"col-md-12 col-sm-12 no_padding\">\n<div class=\"home_bg text-center side_bar_padding\"><a href=\"https:\/\/www.urlaub-auf-madagaskar.com\/wp-content\/uploads\/2015\/07\/Baobab-Bader.jpg\"><img decoding=\"async\" width=\"225\" height=\"300\" class=\"side_bar_img size-medium wp-image-1966 alignnone\" src=\"https:\/\/www.urlaub-auf-madagaskar.com\/wp-content\/uploads\/2015\/07\/Baobab-Bader-225x300.jpg\" alt=\"Baobab Bader\" srcset=\"https:\/\/www.urlaub-auf-madagaskar.com\/wp-content\/uploads\/2015\/07\/Baobab-Bader-225x300.jpg 225w, https:\/\/www.urlaub-auf-madagaskar.com\/wp-content\/uploads\/2015\/07\/Baobab-Bader-15x20.jpg 15w, https:\/\/www.urlaub-auf-madagaskar.com\/wp-content\/uploads\/2015\/07\/Baobab-Bader.jpg 336w\" sizes=\"(max-width: 225px) 100vw, 225px\" \/><\/a><\/div>\n<\/div>\n<div class=\"col-md-12 col-sm-12 no_padding\">\n<div class=\"home_content_div\">\n<h3>The fascination of the island<\/h3>\n<p>One of the largest <strong>Fascinations of Madagascar<\/strong> probably stems from the almost indescribable diversity with regard to the <strong><a href=\"https:\/\/www.urlaub-auf-madagaskar.com\/en\/hintergrundinformationen\/flora\/\" target=\"_self\" rel=\"noopener noreferrer\">Flora <\/a>and the <a href=\"https:\/\/www.urlaub-auf-madagaskar.com\/en\/hintergrundinformationen\/fauna\/\" target=\"_self\" rel=\"noopener noreferrer\">Fauna<\/a><\/strong> of the country. For many millions of years, Madagascar has been a more or less isolated island that has produced numerous independent life forms. Today, many animals can only be found on Madagascar and some animals have evolved completely independently from their relatives living on the mainland. Among these are the world famous <strong>Lemurs<\/strong> to be counted. The lemurs are related to the primates, but while these have evolved into the so-called great apes in the rest of the world, the <strong>Developments in Madagascar<\/strong> in a completely different direction. The <strong>Lemurs<\/strong>The animals that live on Madagascar are unique in the world and therefore a remarkable spectacle for all nature lovers. Many of the small and posh animals can be seen on extensive <strong>forays through the tropical rainforests<\/strong> of the island can be observed and photographed - an experience that can in no way be compared with a classic visit to the zoo. But not only the cuddly lemurs, but also the numerous <strong>Reptiles and birds<\/strong> are available for your <strong>Trip to Madagascar<\/strong> as <strong>real insider tip<\/strong> to consider.<\/p>\n<\/div>\n<\/div>\n<\/div>\n<\/div>\n<div class=\"bg_white\">\n<div class=\"col-md-12 col-sm-12 bg_white border no_padding margin_bottom_content\">\n<div class=\"col-md-12 col-sm-12 no_padding\">\n<div class=\"home_bg text-center side_bar_padding\"><a href=\"https:\/\/www.urlaub-auf-madagaskar.com\/wp-content\/uploads\/2015\/07\/12226938_209152726083197_7630462107646785980_n.jpg\"><img decoding=\"async\" width=\"300\" height=\"300\" class=\"side_bar_img size-medium wp-image-1965 alignnone\" src=\"https:\/\/www.urlaub-auf-madagaskar.com\/wp-content\/uploads\/2015\/07\/12226938_209152726083197_7630462107646785980_n-300x300.jpg\" alt=\"Uroplatys\" srcset=\"https:\/\/www.urlaub-auf-madagaskar.com\/wp-content\/uploads\/2015\/07\/12226938_209152726083197_7630462107646785980_n-300x300.jpg 300w, https:\/\/www.urlaub-auf-madagaskar.com\/wp-content\/uploads\/2015\/07\/12226938_209152726083197_7630462107646785980_n-150x150.jpg 150w, https:\/\/www.urlaub-auf-madagaskar.com\/wp-content\/uploads\/2015\/07\/12226938_209152726083197_7630462107646785980_n-20x20.jpg 20w, https:\/\/www.urlaub-auf-madagaskar.com\/wp-content\/uploads\/2015\/07\/12226938_209152726083197_7630462107646785980_n.jpg 750w\" sizes=\"(max-width: 300px) 100vw, 300px\" \/><\/a><\/div>\n<\/div>\n<div class=\"col-md-12 col-sm-12 no_padding\">\n<div class=\"home_content_div\">\n<p>Many of these species are also endemic and especially the chameleons, the geckos or the tortoises are characteristic for the fauna of Madagascar.  Besides the fauna, it is also the flora, i.e. the <strong>Flora of the island<\/strong>, which is a true El Dorado for researchers and nature lovers. Numerous species of palms, succulents, baobabs and flowering trees in Madagascar can be marveled at and make for exceptional photo moments. The <strong>scenic highlights<\/strong> are also characterized by the great differences between the individual regions: While in the southwest of Madagascar rather dry and desert-like zones are to be found, in the east of the island the lush-green rainforest areas extend, which meanwhile also to the <strong>UNESCO World Heritage Site<\/strong> can be counted. But anyone who thinks that only the scenic and vegetative features are among the highlights of a <strong>Trip to the island<\/strong> who should first take a look at the <strong><a href=\"https:\/\/www.urlaub-auf-madagaskar.com\/en\/hintergrundinformationen\/bevoelkerung-sprache\/\" target=\"_self\" rel=\"noopener noreferrer\">Population Madagascar<\/a><\/strong> throw. Many people believe that the existence of a common language could be taken as an indication that a unified people would live in Madagascar. However, this is not the case at all, because in total let are <strong>18 indigenous tribes<\/strong> that make their home in Madagascar. On a <strong>Madagascar trip<\/strong> you will meet many different people, each with their own unique culture, who will be able to influence your <strong>Vacation on the island<\/strong> will certainly enrich your stay. To avoid any difficulties or complications with regard to language barriers, we always work with regional guides on site who not only know the <a href=\"https:\/\/www.urlaub-auf-madagaskar.com\/en\/hintergrundinformationen\/bevoelkerung-sprache\/\" target=\"_self\" rel=\"noopener noreferrer\"><strong>National language<\/strong><\/a> but also speak English. So your <strong>Honeymoon or your nature experience in Madagascar<\/strong> to a real highlight.<\/p>\n<\/div>\n<\/div>\n<\/div>\n<\/div>\n<div class=\"col-md-12 col-sm-12 bg_white border no_padding margin_bottom_content\">\n<div class=\"col-md-12 col-sm-12 home_content_div\">\n<h3>3 exceptional travel tips for Madagascar<\/h3>\n<p>Those who visit our website to learn more about the various <strong>Sights and characteristics of the island of Madagascar<\/strong> If you don't know what you're looking for, you'll quickly find yourself overwhelmed by the sheer number of options available. To prevent this, we have focused on two different things: Our <strong>Travel offers<\/strong> we try to put together in such a way that they <strong>different interests and needs<\/strong> and, in addition, we always try to focus on very <strong>specific highlights for a Madagascar vacation<\/strong> to point out. Three great <strong>Tips for excursions or destinations<\/strong> are presented again separately in the following.<\/p>\n<\/div>\n<\/div>\n<div class=\"col-md-12 col-sm-12 bg_white border no_padding margin_bottom_content\">\n<div class=\"col-md-12 col-sm-12 home_content_div\">\n<h3>Destination: The island of Nosy Be<\/h3>\n<p>The <strong><a href=\"https:\/\/www.urlaub-auf-madagaskar.com\/en\/geographie-2\/inseln\/\" target=\"_self\" rel=\"noopener noreferrer\">Nosy Be Island<\/a><\/strong> is included in many of our travel packages, as everyone who has ever been to Madagascar must have visited this magical island once. Nosy Be is the largest island next to the <strong>Madagascar main island<\/strong> and is considered to be <strong>particularly well developed for tourism<\/strong>. If you are on your <strong>Trip to Madagascar<\/strong> not on <strong>European standards<\/strong> then Nosy Be is the perfect place for you. <strong>Luxurious hotels and miles of dream beaches<\/strong> you can discover on Nosy Be as well as a pristine rainforest, which will give you fascinating insights into the <strong>Madagascar nature<\/strong> granted. In addition, on the island are numerous <strong>sports activities<\/strong> such as sailing or diving, not to mention the ylang-ylang plantations there, which will seduce you with enchanting aromas. It is not without reason that Nosy Be is often called the <strong>Perfume Island<\/strong> designated.<\/p>\n<\/div>\n<\/div>\n<div class=\"col-md-12 col-sm-12 bg_white border no_padding margin_bottom_content\">\n<div class=\"col-md-12 col-sm-12 home_content_div\">\n<h3>Destination: The island of Sainte Marie<\/h3>\n<p><strong><a href=\"https:\/\/www.urlaub-auf-madagaskar.com\/en\/geographie-2\/inseln\/\" target=\"_self\" rel=\"noopener noreferrer\">Sainte Marie<\/a><\/strong> is another island, which, however <strong>off the east coast of Madagascar<\/strong> lies. Sainte Marie is today also known under the name of <strong><a href=\"https:\/\/www.urlaub-auf-madagaskar.com\/en\/geographie-2\/inseln\/\" target=\"_self\" rel=\"noopener noreferrer\">Nosy Boraha<\/a><\/strong> and offers you numerous possibilities to enjoy an exceedingly relaxed and at the same time also <strong>nature vacation in Madagascar<\/strong> to spend. In the past, Sainte Marie was the <strong>Home to many famous pirates<\/strong>, of which even today a small <strong>Pirate graveyard<\/strong> tells. In addition, Sainte Marie as a real <strong>Hotspot for all whale friends<\/strong> The humpback whales have become famous here and can be observed excellently when they are on the move with their young - a spectacular sight of these gentle sea giants is almost certain, especially in the period between April and September. In the rainy season, however, you should rather not travel to Sainte Marie, as the island is then often hit by tropical cyclones. Our information about the <strong>Best time to visit Madagascar<\/strong> however, will provide you with extensive information in this regard. If you need additional <strong>Information for your travel planning<\/strong> need, we are also available<\/p>\n<\/div>\n<\/div>\n<div class=\"bg_white\">\n<div class=\"col-md-12 col-sm-12 bg_white border no_padding margin_bottom_content\">\n<div class=\"col-md-12 col-sm-12 no_padding\">\n<div class=\"home_bg text-center side_bar_padding\"><a href=\"https:\/\/www.urlaub-auf-madagaskar.com\/wp-content\/uploads\/2015\/07\/Ravinala-Madagascariensis.jpg\"><br \/>\n<\/a><a href=\"https:\/\/www.urlaub-auf-madagaskar.com\/wp-content\/uploads\/2015\/07\/Ravinala-Madagascariensis.jpg\"><img loading=\"lazy\" decoding=\"async\" width=\"300\" height=\"199\" class=\"side_bar_img size-medium wp-image-1825 alignnone\" src=\"https:\/\/www.urlaub-auf-madagaskar.com\/wp-content\/uploads\/2015\/07\/Ravinala-Madagascariensis-300x199.jpg\" alt=\"Ravinala Madagascariensis\" srcset=\"https:\/\/www.urlaub-auf-madagaskar.com\/wp-content\/uploads\/2015\/07\/Ravinala-Madagascariensis-300x199.jpg 300w, https:\/\/www.urlaub-auf-madagaskar.com\/wp-content\/uploads\/2015\/07\/Ravinala-Madagascariensis-768x509.jpg 768w, https:\/\/www.urlaub-auf-madagaskar.com\/wp-content\/uploads\/2015\/07\/Ravinala-Madagascariensis-20x13.jpg 20w, https:\/\/www.urlaub-auf-madagaskar.com\/wp-content\/uploads\/2015\/07\/Ravinala-Madagascariensis.jpg 850w\" sizes=\"(max-width: 300px) 100vw, 300px\" \/><\/a><\/div>\n<\/div>\n<div class=\"col-md-12 col-sm-12 no_padding\">\n<div class=\"home_content_div\">\n<h3>Destination: Antsiranana and the North of Madagascar<\/h3>\n<p><strong>Antsiranana<\/strong> is a port city in the <strong>North Madagascar<\/strong> and until a few years ago was still known as the <strong>Di\u00e9go-Suarez<\/strong> known. The quite manageable city with about 100,000 inhabitants has a <strong>natural seaport<\/strong>, in which above all the <strong>Cruise tourists<\/strong> like to dock today. It is also this seaport that has made Antsiranana a certain <strong>economic wealth<\/strong> has helped to create. Accordingly, conditions in the northern city are far more European than in the rest of Madagascar. However, Antsiranana also fascinates with the numerous <strong>Dream beaches<\/strong> as well as the breathtaking plantations, where all kinds of <strong>exotic goods<\/strong> are cultivated. Antsiranana offers for the European taste the <strong>perfect symbiosis of exoticism and familiarity <\/strong>and is therefore extremely popular with tourists. But even if the <strong><a href=\"https:\/\/www.urlaub-auf-madagaskar.com\/en\/hintergrundinformationen\/tourismus\/\" target=\"_self\" rel=\"noopener noreferrer\">Tourism in Madagascar<\/a><\/strong> is increasing more and more, it can by no means be assumed that an attempt is being made to establish mass tourism here. On the contrary, the numbers of travelers coming to Madagascar are increasing only slowly and often it is primarily <strong>Friends of Nature<\/strong>, so-called <strong>Ecotourists<\/strong> or <strong>Dropout<\/strong>, which is used by a <strong>Madagascar vacation <\/strong>dream. As an important factor in relation to your possible <strong>Trip to Madagascar<\/strong> may still be of importance that with this trip you yourself make an important contribution to the <strong>Environmental protection on the island<\/strong> can afford. So that the <strong>Natural Paradise Madagascar<\/strong> If agriculture is to continue to exist, a lot must be done to get people away from agriculture and show them other profitable and environmentally friendly ways to earn money. Tourism plays an important role in this, as you can also see in the individual sections of our background information. We would be happy to discuss in a personal meeting <strong>more tips for your individual trip to Madagascar<\/strong> deliver and provide you with our <strong>specific travel offers<\/strong> become familiar with. By the way, we can always make these offers also <strong>Adapt to your personal wishes and needs<\/strong>so that your unforgettable <strong>Dream vacation<\/strong> nothing more stands in the way.<\/p>\n<\/div>\n<\/div>\n<\/div>\n<\/div>","protected":false},"excerpt":{"rendered":"<p>Das Land Madagaskar Madagaskar ist ein Land, das nicht nur von vielen Wissenschaftlern und Forschern zu Recht als faszinierend und einzigartig beschrieben wird. Viele Menschen haben bereits von der ber\u00fchmten Insel im Indischen Ozean, vor der K\u00fcste Afrikas geh\u00f6rt, wissen aber gleichzeitig nur sehr wenig Tats\u00e4chliches \u00fcber die Insel. Es gibt bekannte Schlagerlieder und auch [&hellip;]<\/p>\n","protected":false},"author":3,"featured_media":1965,"parent":0,"menu_order":0,"comment_status":"open","ping_status":"closed","template":"","meta":{"footnotes":""},"categories":[380],"class_list":["post-467","page","type-page","status-publish","has-post-thumbnail","hentry","category-ueber-madagaskar"],"_links":{"self":[{"href":"https:\/\/www.urlaub-auf-madagaskar.com\/en\/wp-json\/wp\/v2\/pages\/467","targetHints":{"allow":["GET"]}}],"collection":[{"href":"https:\/\/www.urlaub-auf-madagaskar.com\/en\/wp-json\/wp\/v2\/pages"}],"about":[{"href":"https:\/\/www.urlaub-auf-madagaskar.com\/en\/wp-json\/wp\/v2\/types\/page"}],"author":[{"embeddable":true,"href":"https:\/\/www.urlaub-auf-madagaskar.com\/en\/wp-json\/wp\/v2\/users\/3"}],"replies":[{"embeddable":true,"href":"https:\/\/www.urlaub-auf-madagaskar.com\/en\/wp-json\/wp\/v2\/comments?post=467"}],"version-history":[{"count":0,"href":"https:\/\/www.urlaub-auf-madagaskar.com\/en\/wp-json\/wp\/v2\/pages\/467\/revisions"}],"wp:featuredmedia":[{"embeddable":true,"href":"https:\/\/www.urlaub-auf-madagaskar.com\/en\/wp-json\/wp\/v2\/media\/1965"}],"wp:attachment":[{"href":"https:\/\/www.urlaub-auf-madagaskar.com\/en\/wp-json\/wp\/v2\/media?parent=467"}],"wp:term":[{"taxonomy":"category","embeddable":true,"href":"https:\/\/www.urlaub-auf-madagaskar.com\/en\/wp-json\/wp\/v2\/categories?post=467"}],"curies":[{"name":"wp","href":"https:\/\/api.w.org\/{rel}","templated":true}]}}