{"id":44,"date":"2015-06-26T10:46:02","date_gmt":"2015-06-26T08:46:02","guid":{"rendered":"https:\/\/urlaub-auf-madagaskar.alpha-beta.de\/?page_id=44"},"modified":"2018-05-24T13:51:09","modified_gmt":"2018-05-24T11:51:09","slug":"touren-old","status":"publish","type":"page","link":"https:\/\/www.urlaub-auf-madagaskar.com\/en\/touring-old\/","title":{"rendered":"Tours old"},"content":{"rendered":"<h1>Tours<\/h1>\n<div class=\"bg_white\">\n<div class=\"col-md-12 col-sm-12 bg_white border no_padding margin_bottom_content\">\n<div class=\"col-md-12 col-sm-12 no_padding\">\n<div class=\"home_bg text-center side_bar_padding\">\n\t\t\t\t<a href=\"https:\/\/www.urlaub-auf-madagaskar.com\/wp-content\/uploads\/2015\/10\/Tour-complet.jpg\"><img decoding=\"async\" class=\"side_bar_img\" src=\"\/wp-content\/uploads\/2015\/10\/Tour-complet-272x300.jpg\" alt=\"Splendor of the slopes Complete\" \/><\/a>\n\t\t\t<\/div>\n<\/p><\/div>\n<div class=\"col-md-12 col-sm-12 no_padding\">\n<div class=\"home_content_div\">\n<p>\n\t\t\t\tThe tour proposals listed here represent only a small selection of the infinite possibilities that Madagascar has to offer. These are \"classic\" tours, which should offer especially the \"newcomer\" to the red island in a relatively short time the widest possible spectrum of unforgettable impressions and experiences.Of course, I will also put together your own personal dream trip. This will be planned and facilitated with the guests according to their wishes and expectations on an individual basis or as a group tour - no matter which thematic focus you prefer.<br \/>\n\t\t\t\tThe highland route from Antananarivo to Tul\u00e9ar, with or without detour to the Indian Ocean, offers the most possibilities and by far the greatest variety of fauna and flora. We prefer trips to Madagascar that are hidden in the wings of the usual itineraries. Over the many years we have located enough insider places so that we can offer the most extraordinary tours in Madagascar:<br \/>\n\t\t\t\tPhoto safaris, trips with children, trips for botanists or fauna specialists, mineral trips, sporting trips on land, in the air or on \/ under the water, beekeeping trips, trips for people with disabilities and very much more. All this is not in the descriptions of the tours, but I am always available for quick and detailed answers on all topics concerning Madagascar.<br \/>\n\t\t\t\tI guarantee you an unforgettable stay!<\/p>\n<\/p><\/div>\n<\/p><\/div>\n<\/p><\/div>\n<\/div>","protected":false},"excerpt":{"rendered":"<p>Touren Die hier angef\u00fchrten Tourenvorschl\u00e4ge repr\u00e4sentieren lediglich eine kleine Auswahl der unendlichen M\u00f6glichkeiten, die Madagaskar zu bieten hat. Es handelt sich dabei um \u201eklassische\u201c Touren, die vor allem dem \u201eNeuling\u201c auf der roten Insel in relativ kurzer Zeit ein m\u00f6glichst breites Spektrum an unvergesslichen Eindr\u00fccken und Erlebnissen bieten sollen.Selbstverst\u00e4ndlich stelle ich Ihnen auch Ihre ganz [&hellip;]<\/p>\n","protected":false},"author":3,"featured_media":10198,"parent":0,"menu_order":0,"comment_status":"open","ping_status":"open","template":"","meta":{"footnotes":""},"categories":[],"class_list":["post-44","page","type-page","status-publish","has-post-thumbnail","hentry"],"_links":{"self":[{"href":"https:\/\/www.urlaub-auf-madagaskar.com\/en\/wp-json\/wp\/v2\/pages\/44","targetHints":{"allow":["GET"]}}],"collection":[{"href":"https:\/\/www.urlaub-auf-madagaskar.com\/en\/wp-json\/wp\/v2\/pages"}],"about":[{"href":"https:\/\/www.urlaub-auf-madagaskar.com\/en\/wp-json\/wp\/v2\/types\/page"}],"author":[{"embeddable":true,"href":"https:\/\/www.urlaub-auf-madagaskar.com\/en\/wp-json\/wp\/v2\/users\/3"}],"replies":[{"embeddable":true,"href":"https:\/\/www.urlaub-auf-madagaskar.com\/en\/wp-json\/wp\/v2\/comments?post=44"}],"version-history":[{"count":0,"href":"https:\/\/www.urlaub-auf-madagaskar.com\/en\/wp-json\/wp\/v2\/pages\/44\/revisions"}],"wp:featuredmedia":[{"embeddable":true,"href":"https:\/\/www.urlaub-auf-madagaskar.com\/en\/wp-json\/wp\/v2\/media\/10198"}],"wp:attachment":[{"href":"https:\/\/www.urlaub-auf-madagaskar.com\/en\/wp-json\/wp\/v2\/media?parent=44"}],"wp:term":[{"taxonomy":"category","embeddable":true,"href":"https:\/\/www.urlaub-auf-madagaskar.com\/en\/wp-json\/wp\/v2\/categories?post=44"}],"curies":[{"name":"wp","href":"https:\/\/api.w.org\/{rel}","templated":true}]}}