{"id":4299,"date":"2017-02-03T16:47:02","date_gmt":"2017-02-03T15:47:02","guid":{"rendered":"https:\/\/urlaub-auf-madagaskar.alpha-beta.de\/?page_id=4299"},"modified":"2020-01-24T13:45:46","modified_gmt":"2020-01-24T12:45:46","slug":"tsingy-und-baobabs","status":"publish","type":"page","link":"https:\/\/www.urlaub-auf-madagaskar.com\/en\/tsingy-and-baobabs\/","title":{"rendered":"Splendor of the slopes and tsingy"},"content":{"rendered":"<h1>Splendor of the slopes and the world famous Tsingy of Bemaraha<\/h1>\n<div class=\"bg_white\">\n<div class=\"col-md-12 col-sm-12 bg_white border no_padding margin_bottom_content\">\n<div class=\"col-md-12 col-sm-12 no_padding\">\n<div class=\"home_bg text-center side_bar_padding\"><a href=\"https:\/\/www.urlaub-auf-madagaskar.com\/wp-content\/uploads\/2017\/02\/Karte-Allrad-Abenteuer-entlang-der-Westk\u00fcste-mit-Tsingy-286x300.jpg\"><img fetchpriority=\"high\" decoding=\"async\" class=\"side_bar_img size-medium wp-image-4300 alignnone\" src=\"https:\/\/www.urlaub-auf-madagaskar.com\/wp-content\/uploads\/2017\/02\/Karte-Allrad-Abenteuer-entlang-der-Westk\u00fcste-mit-Tsingy-286x300.jpg\" alt=\"Frog in Andasibe\" width=\"286\" height=\"300\" \/><\/a><\/div>\n<\/div>\n<div class=\"col-md-12 col-sm-12 no_padding\">\n<div class=\"home_content_div\">\n<h3>20 days through the west of Madagascar<\/h3>\n<p>Madagascar is an island that is hard to beat in terms of versatility, natural beauty and breathtaking adventures. Therefore, if you want to spend your vacation on the red island, you should try to take home as many different experiences as possible. The best way to do this is to book a round trip. Then you will experience the island in all its beauty, because even remote places of the island and <strong>fascinating moments far away from the typical tourist routes<\/strong> will then not remain hidden from you. As travel specialists and on-site living <strong>Madagascar experts<\/strong> we offer numerous different tours through the vastness of Madagascar. Discover with us the north, the dry south, the green east coast and the partly still wild west of the island and spend with us a <strong>unforgettable vacation<\/strong>.<\/p>\n<p>However, it will be even more interesting if you work together with us on a <strong>Tour of the island<\/strong> experience. You can sit back and relax and leave all the organizational matters to us. With the following offer, which includes a <strong>20 days round trip<\/strong> about the red island represents, you can also expect a <strong>All-round carefree package<\/strong>All accommodation, all meals, all activities and of course the domestic flights with charter planes are already included. So we make your <strong>Madagascar vacation<\/strong> to a truly unique experience. All stations and included services are presented in detail below.<\/p>\n<\/div>\n<\/div>\n<\/div>\n<\/div>\n<div class=\"col-md-12 col-sm-12 bg_white border no_padding margin_bottom_content\">\n<div class=\"col-md-12 col-sm-12 home_content_div\">\n<h3>Day 1: You land in Antananarivo<\/h3>\n<p>The first day starts for you with your arrival in Malagasy <strong>Capital Antananarivo<\/strong>. Here you will be picked up by one of our guides directly at the airport. Depending on the time of day, you will then be taken directly to the <strong>Hotel <a href=\"https:\/\/www.urlaub-auf-madagaskar.com\/en\/hotels\/#villa_sibylle\"><em>Villa Sybille<\/em><\/a><\/strong> to recover there from the flight, or we provide already for the first day a number of <strong>individual activities<\/strong> together for you.<\/p>\n<\/div>\n<\/div>\n<div class=\"bg_white\">\n<div class=\"col-md-12 col-sm-12 bg_white border no_padding margin_bottom_content\">\n<div class=\"col-md-12 col-sm-12 no_padding\">\n<div class=\"home_bg text-center side_bar_padding\"><a href=\"https:\/\/www.urlaub-auf-madagaskar.com\/wp-content\/uploads\/2017\/02\/Karte-Allrad-Abenteuer-entlang-der-Westk\u00fcste-mit-Tsingy-286x300.jpg\"><img decoding=\"async\" class=\"side_bar_img alignnone wp-image-4300 size-medium\" src=\"https:\/\/www.urlaub-auf-madagaskar.com\/wp-content\/uploads\/2017\/02\/Karte-Allrad-Abenteuer-entlang-der-Westk\u00fcste-mit-Tsingy-286x300.jpg\" alt=\"Frog in Andasibe\" width=\"286\" height=\"300\" \/><\/a><\/div>\n<\/div>\n<div class=\"col-md-12 col-sm-12 no_padding\">\n<div class=\"home_content_div\">\n<h3>Day 2: By domestic flight to Tulear<\/h3>\n<p>On the second day we will take a regular Air Madagascar or Madagasikara Airways flight from Antananarivo in the cost of this flight is not included in the total tour price. In Tulear the vehicles will be boarded and we will drive along a dusty dirt road along the coast. There are many enchanting fishing villages that exude a unique flair. Before arriving in Sarondrano, where <strong>Mangrove forests and sand dunes<\/strong> the scenic picture, you will stop for the night. The guest house <a href=\"https:\/\/www.urlaub-auf-madagaskar.com\/en\/hotels\/#residence_eden_lodge\">R\u00e9sidence Eden Lodge<\/a> is a truly unique accommodation, which is one of the most beautiful in the whole area. Currently, this can still benefit from a <strong>Insider tip<\/strong> spoken and you will enjoy here not only the fabulous accommodation, but also a delicious meal as well as cool drinks.<\/p>\n<\/div>\n<\/div>\n<\/div>\n<\/div>\n<div class=\"bg_white\">\n<div class=\"col-md-12 col-sm-12 bg_white border no_padding margin_bottom_content\">\n<div class=\"col-md-12 col-sm-12 no_padding\">\n<div class=\"home_bg text-center side_bar_padding\"><a href=\"https:\/\/www.urlaub-auf-madagaskar.com\/wp-content\/uploads\/2015\/10\/Nosy-Ve-300x200.jpg\"><img decoding=\"async\" class=\"side_bar_img size-medium wp-image-1693 alignnone\" src=\"https:\/\/www.urlaub-auf-madagaskar.com\/wp-content\/uploads\/2015\/10\/Nosy-Ve-300x200.jpg\" alt=\"Frog in Andasibe\" width=\"300\" height=\"200\" srcset=\"https:\/\/www.urlaub-auf-madagaskar.com\/wp-content\/uploads\/2015\/10\/Nosy-Ve-300x200.jpg 300w, https:\/\/www.urlaub-auf-madagaskar.com\/wp-content\/uploads\/2015\/10\/Nosy-Ve-20x13.jpg 20w, https:\/\/www.urlaub-auf-madagaskar.com\/wp-content\/uploads\/2015\/10\/Nosy-Ve.jpg 500w\" sizes=\"(max-width: 300px) 100vw, 300px\" \/><\/a><\/div>\n<\/div>\n<div class=\"col-md-12 col-sm-12 no_padding\">\n<div class=\"home_content_div\">\n<h3>Day 3 &amp; 4: Sarondrano and the surrounding area<\/h3>\n<p>On the third and fourth day of your <strong>Journey through Madagascar<\/strong> discover the Sarondrano headland and the surrounding area according to your own preferences. A trip to the small <strong>Nosy Ve Island<\/strong> offers itself. Not only are fascinating colonies of seabirds at home there, but there are also numerous idyllic opportunities for picnics or <strong>Snorkeling excursions<\/strong>. Alternatively, tours by motorboat, canoe or off-road vehicle prove to be particularly recommendable. Excursions to nature reserves or paragliding are also particularly popular. Please note that these activities are not already included in the price, but must be booked directly on site. Alternatively, there is of course also the possibility to simply enjoy the <strong>breathtakingly beautiful beach<\/strong>, enjoy the warm weather and excellent food. Both nights reside after an eventful day again in the <a href=\"https:\/\/www.urlaub-auf-madagaskar.com\/en\/hotels\/#residence_eden_lodge\">R\u00e9sidence Eden Lodge<\/a><\/p>\n<p>.<\/p>\n<\/div>\n<\/div>\n<\/div>\n<\/div>\n<div class=\"bg_white\">\n<div class=\"col-md-12 col-sm-12 bg_white border no_padding margin_bottom_content\">\n<div class=\"col-md-12 col-sm-12 no_padding\">\n<div class=\"home_bg text-center side_bar_padding\"><a href=\"https:\/\/www.urlaub-auf-madagaskar.com\/wp-content\/uploads\/2016\/12\/IMG_4245.jpg\"><img loading=\"lazy\" decoding=\"async\" class=\"side_bar_img size-medium wp-image-4101 alignnone\" src=\"https:\/\/www.urlaub-auf-madagaskar.com\/wp-content\/uploads\/2016\/12\/IMG_4245-300x200.jpg\" alt=\"\" width=\"300\" height=\"200\" srcset=\"https:\/\/www.urlaub-auf-madagaskar.com\/wp-content\/uploads\/2016\/12\/IMG_4245-300x200.jpg 300w, https:\/\/www.urlaub-auf-madagaskar.com\/wp-content\/uploads\/2016\/12\/IMG_4245.jpg 600w\" sizes=\"(max-width: 300px) 100vw, 300px\" \/><\/a><\/div>\n<\/div>\n<div class=\"col-md-12 col-sm-12 no_padding\">\n<div class=\"home_content_div\">\n<h3>Day 5 &amp; 6: Heading towards Ambatomilo<\/h3>\n<p>After the first four days of your journey, you will turn your back on Sarondrano and head back to Tulear first. From here, your journey starts via the N9 towards the north. First you will pass through the fascinating thorn forest of Reniala, then continue over the sandy tracks until you finally reach <strong>Ambatomilo<\/strong> reach. There you can see the well <strong>most beautiful beaches of the whole country<\/strong> discover. Turquoise water gently bubbles onto the brilliant white sandy beach. Deserted areas, where you can relax wonderfully, line up with magical-looking clusters of baobab trees with their bizarre growth forms. The overnight accommodation is also unique on site: a small <strong>Bungalow Hotel<\/strong> with the name <em>Shangri La<\/em> welcomes you in the midst of the impressive nature. You will also spend the following sixth day of the trip in this fascinating place, where paradise seems to have been born.<\/p>\n<\/div>\n<\/div>\n<\/div>\n<\/div>\n<div class=\"col-md-12 col-sm-12 bg_white border no_padding margin_bottom_content\">\n<div class=\"col-md-12 col-sm-12 home_content_div\">\n<h3>Day 7: Morombe awaits you<\/h3>\n<p>Day 7 awaits you with a sometimes quite exciting drive that will take you from Ambatomiloha to <strong>Morombe<\/strong> leads. The sandy tracks are sometimes very narrow and only barely recognizable, the trained drivers accordingly draw on their wealth of experience to guide you safely through the <strong>fantastic landscape<\/strong> to bring. Besides thorn forests and baobabs, you will cross riverbeds and perhaps meet here and there one of the legendary Mikea, an indigenous people group that belongs to the <strong>Indigenous people of Madagascar<\/strong> is counted. In Morombe, a simple but cozy guesthouse named <em>Chez Katia<\/em>.<\/p>\n<\/div>\n<\/div>\n<div class=\"bg_white\">\n<div class=\"col-md-12 col-sm-12 bg_white border no_padding margin_bottom_content\">\n<div class=\"col-md-12 col-sm-12 no_padding\">\n<div class=\"home_bg text-center side_bar_padding\"><a href=\"https:\/\/www.urlaub-auf-madagaskar.com\/wp-content\/uploads\/2016\/12\/IMG_3118.jpg\"><img loading=\"lazy\" decoding=\"async\" class=\"side_bar_img size-medium wp-image-4087 alignnone\" src=\"https:\/\/www.urlaub-auf-madagaskar.com\/wp-content\/uploads\/2016\/12\/IMG_3118-300x200.jpg\" alt=\"\" width=\"300\" height=\"200\" srcset=\"https:\/\/www.urlaub-auf-madagaskar.com\/wp-content\/uploads\/2016\/12\/IMG_3118-300x200.jpg 300w, https:\/\/www.urlaub-auf-madagaskar.com\/wp-content\/uploads\/2016\/12\/IMG_3118.jpg 600w\" sizes=\"(max-width: 300px) 100vw, 300px\" \/><\/a><\/div>\n<\/div>\n<div class=\"col-md-12 col-sm-12 no_padding\">\n<div class=\"home_content_div\">\n<h3>Day 8: It goes to Belo sur mer<\/h3>\n<p>On the eighth day, you will face a particularly long driving route, not necessarily chosen for comfort, but because during your <strong>Journey through Madagascar<\/strong> the best security conditions guaranteed. Already at five o'clock in the morning you set off. The track is still in a pretty good condition on the first part of the drive, which will change a bit later on. It goes then again and again through thorn forests and whole fields full of <strong>bizarre succulents and <a href=\"https:\/\/www.urlaub-auf-madagaskar.com\/en\/the-baobabs-on-madagascar\/\">Baobabs<\/a><\/strong>. You will then cross a riverbed and then continue through wild sections that require some concentration from the driver. However, since this is very practiced, you do not have to worry about your safety and reach <strong>Belo sur Mer<\/strong> with its hot atmosphere after a journey of about nine hours. There you can relax afterwards in the <em>Ecolodge du Menabe<\/em> recover during an extensive and very convivial dinner.<\/p>\n<\/div>\n<\/div>\n<\/div>\n<\/div>\n<div class=\"col-md-12 col-sm-12 bg_white border no_padding margin_bottom_content\">\n<div class=\"col-md-12 col-sm-12 home_content_div\">\n<h3>Day 9: The last day on the slopes<\/h3>\n<p>Today you will have your last day on the roads of Madagascar and leave Belo sur Mer for Morondava. It goes past a <strong>Village called Ankevo<\/strong>The riverbeds are crossed and now and then, outside the dry season, there are small stops to check the exact course of the river. But then you reach <strong>Morondava <\/strong>and the first part of the Madagascar adventure is completed. In the <em>Kimony Lodge<\/em> you can relax and prepare for tomorrow's adventure.<\/p>\n<\/div>\n<\/div>\n<div class=\"col-md-12 col-sm-12 bg_white border no_padding margin_bottom_content\">\n<div class=\"col-md-12 col-sm-12 home_content_div\">\n<h3>Day 10: Explore Morondava and the surrounding area<\/h3>\n<p>On the tenth day you can store your luggage in the <em>Kimony Lodge<\/em> because in the evening you will spend the night here again. But before that you will undertake a <strong>Excursion to the north<\/strong> and will see the impressive <a href=\"https:\/\/www.urlaub-auf-madagaskar.com\/en\/individualreisen\/tsiribihina-tsingy-bemaraha\/1114-2\/\"><strong>Baobab Avenue<\/strong><\/a> can examine at close range. On site you should definitely have your camera ready. Afterwards we will go back to Morondava and you will have the opportunity to see these <strong>cozy city<\/strong> to get to know and taste the excellent local cuisine.<\/p>\n<\/div>\n<\/div>\n<div class=\"bg_white\">\n<div class=\"col-md-12 col-sm-12 bg_white border no_padding margin_bottom_content\">\n<div class=\"col-md-12 col-sm-12 no_padding\">\n<div class=\"home_bg text-center side_bar_padding\"><a href=\"https:\/\/www.urlaub-auf-madagaskar.com\/wp-content\/uploads\/2015\/07\/Samec_fossa.jpg\"><img loading=\"lazy\" decoding=\"async\" class=\"side_bar_img size-medium wp-image-738 alignnone\" src=\"https:\/\/www.urlaub-auf-madagaskar.com\/wp-content\/uploads\/2015\/07\/Samec_fossa-300x300.jpg\" alt=\"\" width=\"300\" height=\"300\" srcset=\"https:\/\/www.urlaub-auf-madagaskar.com\/wp-content\/uploads\/2015\/07\/Samec_fossa-300x300.jpg 300w, https:\/\/www.urlaub-auf-madagaskar.com\/wp-content\/uploads\/2015\/07\/Samec_fossa-150x150.jpg 150w, https:\/\/www.urlaub-auf-madagaskar.com\/wp-content\/uploads\/2015\/07\/Samec_fossa-20x20.jpg 20w, https:\/\/www.urlaub-auf-madagaskar.com\/wp-content\/uploads\/2015\/07\/Samec_fossa.jpg 700w\" sizes=\"(max-width: 300px) 100vw, 300px\" \/><\/a><\/div>\n<\/div>\n<div class=\"col-md-12 col-sm-12 no_padding\">\n<div class=\"home_content_div\">\n<h3>Day 11: The Kirindy National Park<\/h3>\n<p>After a short drive of about 50 kilometers you will reach the <strong>Kirindy National Park<\/strong>. Here live Madagascar's rare predators: the <strong>Fossa's<\/strong>. But also numerous lemurs are resident in this fascinating national park and during extended tours during the day or at night you can certainly see the some or other <a href=\"https:\/\/www.urlaub-auf-madagaskar.com\/en\/vacation-in-madagascar-for-photographers\/\"><strong>fascinating photo motif<\/strong><\/a> get in front of the camera. The overnight stay is in the <em>Relais de Kirindy<\/em> on the schedule.<\/p>\n<\/div>\n<\/div>\n<\/div>\n<\/div>\n<div class=\"col-md-12 col-sm-12 bg_white border no_padding margin_bottom_content\">\n<div class=\"col-md-12 col-sm-12 home_content_div\">\n<h3>Day 12: Drive to Bekopaka<\/h3>\n<p>Today is all about the continuation of the journey to <strong>Bekopaka<\/strong>. The trip lasts with about <strong>seven hours<\/strong> although comparatively long, is mostly relaxing and also passes through the territory of the indigenous Sakalava tribe. Towards evening you will return to the hotel <em>Olympe de Bemaraha<\/em> one.<\/p>\n<\/div>\n<\/div>\n<div class=\"bg_white\">\n<div class=\"col-md-12 col-sm-12 bg_white border no_padding margin_bottom_content\">\n<div class=\"col-md-12 col-sm-12 no_padding\">\n<div class=\"home_bg text-center side_bar_padding\"><a href=\"https:\/\/www.urlaub-auf-madagaskar.com\/wp-content\/uploads\/2016\/12\/ts.jpg\"><img loading=\"lazy\" decoding=\"async\" class=\"side_bar_img size-medium wp-image-3499 alignnone\" src=\"https:\/\/www.urlaub-auf-madagaskar.com\/wp-content\/uploads\/2016\/12\/ts-199x300.jpg\" alt=\"\" width=\"199\" height=\"300\" srcset=\"https:\/\/www.urlaub-auf-madagaskar.com\/wp-content\/uploads\/2016\/12\/ts-199x300.jpg 199w, https:\/\/www.urlaub-auf-madagaskar.com\/wp-content\/uploads\/2016\/12\/ts.jpg 265w\" sizes=\"(max-width: 199px) 100vw, 199px\" \/><\/a><\/div>\n<\/div>\n<div class=\"col-md-12 col-sm-12 no_padding\">\n<div class=\"home_content_div\">\n<h3>Day 13 &amp; 14: The small and the big Tsingy<\/h3>\n<p>On days 13 and 14 you will have the unique opportunity to see two of the <strong>largest natural spectacle<\/strong> of the entire island of Madagascar. First, on day 13, we will go to the so-called small Tsingy as well as to the <strong>Manambolo Shaft<\/strong>. There you will take a so-called dugout pirogue along the caves there, where the mythical Vazimba people buried their members. Afterwards you will continue to the <strong>small Tsingy<\/strong>Here you will get a first taste of the next day and besides the fascinating rock formations you will also see all kinds of animals. Overnight will be like yesterday night in the <em>Olymbe de Bemaraha<\/em>. From here you then also start the next day to the <a href=\"https:\/\/www.urlaub-auf-madagaskar.com\/en\/hintergrundinformationen\/integrale-reservate-madagaskar\/tsingy-de-bemaraha\/\"><strong>big tsingy<\/strong><\/a>. There you have several hours to explore the bizarre and <strong>unforgettable rock formations<\/strong> to explore before you have the chance in the evening on a night hike in search of the cute <strong>Mouse lemurs<\/strong> or to discover chameleons. Afterwards we go back to the hotel <em>Olymbe de Bemaraha<\/em>.<\/p>\n<\/div>\n<\/div>\n<\/div>\n<\/div>\n<div class=\"col-md-12 col-sm-12 bg_white border no_padding margin_bottom_content\">\n<div class=\"col-md-12 col-sm-12 home_content_div\">\n<h3>Day 15: Back to Morondava<\/h3>\n<p>Today you will first head back in the direction of Morondava. On the way back you have once again the chance to see the <strong>Kirindy forest<\/strong> or to take a detour to Baobab Avenue at sunset. Afterwards it goes back to the <em>Kimony Lodge<\/em>where you will spend the night.<\/p>\n<\/div>\n<\/div>\n<div class=\"bg_white\">\n<div class=\"col-md-12 col-sm-12 bg_white border no_padding margin_bottom_content\">\n<div class=\"col-md-12 col-sm-12 no_padding\">\n<div class=\"home_bg text-center side_bar_padding\"><a href=\"https:\/\/www.urlaub-auf-madagaskar.com\/wp-content\/uploads\/2016\/12\/IMG_0954.jpg\"><img loading=\"lazy\" decoding=\"async\" class=\"side_bar_img size-medium wp-image-3719 alignnone\" src=\"https:\/\/www.urlaub-auf-madagaskar.com\/wp-content\/uploads\/2016\/12\/IMG_0954-300x200.jpg\" alt=\"\" width=\"300\" height=\"200\" srcset=\"https:\/\/www.urlaub-auf-madagaskar.com\/wp-content\/uploads\/2016\/12\/IMG_0954-300x200.jpg 300w, https:\/\/www.urlaub-auf-madagaskar.com\/wp-content\/uploads\/2016\/12\/IMG_0954.jpg 600w\" sizes=\"(max-width: 300px) 100vw, 300px\" \/><\/a><\/div>\n<\/div>\n<div class=\"col-md-12 col-sm-12 no_padding\">\n<div class=\"home_content_div\">\n<h3>Day 16 &amp; 17: Antsirabe awaits you<\/h3>\n<p>Today, another driving route awaits you first, which will take you to Antsirabe on the so-called Chinese Expressway. It goes through a fascinating landscape, which reminds of a steppe and leads you along various rivers. In the process, the road winds ever upwards until, after <strong>Antsirabe <\/strong>come. It is much cooler there than in any other place you have explored so far in Madagascar. For the overnight stay the hotel <a href=\"https:\/\/www.urlaub-auf-madagaskar.com\/en\/hotels\/#hotel_les_chambres\">Chambres du Voyageur<\/a> provided. From here you have <strong>numerous options<\/strong>to discover the former spa and the nearby surroundings. Bike rides in front of an incredible panorama, excursions to lakes of volcanic origin or a hike through the fertile fields of the surrounding area. Also the <strong>Antafofo waterfall<\/strong> is very popular with travelers. If you wish, you can also plan a walk through the spa town, which exudes a very special flair with its unique colonial buildings and magnificent avenues. Also today you will spend the night once again in the <a href=\"https:\/\/www.urlaub-auf-madagaskar.com\/en\/hotels\/#hotel_les_chambres\">Chambres du Voyageur<\/a>before you continue your journey the next day.<\/p>\n<\/div>\n<\/div>\n<\/div>\n<\/div>\n<div class=\"col-md-12 col-sm-12 bg_white border no_padding margin_bottom_content\">\n<div class=\"col-md-12 col-sm-12 home_content_div\">\n<h3>\u00a0Day 18 to 21: Back to Antananarivo<\/h3>\n<p>Today you will return to Anatanarivo, the starting point of your journey. On this route you will once again get a fascinating insight into the <strong>incredible scenery<\/strong> of this island as you drive through the fertile fields and green plains of the central region of the country. In the evening you will be back at your accommodation in the <em>Villa Sybille<\/em> ready. You can also store your luggage there the next day, so that you still have enough time to explore the various sights that Antananarivo has to offer. For example, plan a side trip to the <a href=\"https:\/\/www.urlaub-auf-madagaskar.com\/en\/the-schoenest-lemurs-park-in-madagascar\/\"><strong>Lemurs Park<\/strong><\/a> or spend time at the various historical monuments. Your guide will be happy to give you more helpful tips on how to best spend the day. Afterwards, the flight departs in the early morning hours of 20.08. and brings you from the <strong>dreamlike island Madagascar<\/strong> back to the western world.<\/p>\n<p>If you are interested in this trip through the south of the island, we are at your disposal for <strong>more information<\/strong> ready. Please keep in mind that the domestic flight from Antananarivo to Tulear is already included in the price and that all overnight stays including full board are already considered. Thus we offer you with this travel offer a <strong>Complete package,<\/strong> as you find it only rarely on Madagascar. Feel free to contact us and meanly we will make your <strong>Madagascar vacation<\/strong> to a wonderful experience that you will always remember with pleasure.<\/p>\n<table>\n<tbody>\n<tr>\n<td width=\"307\"><strong>20 days tour from Antananarivo to Tulear<\/strong><\/td>\n<td width=\"307\"><strong>Price per person<\/strong><\/td>\n<\/tr>\n<tr>\n<td width=\"307\">2 to 5 guests<\/td>\n<td width=\"307\">3430 \u20ac<\/td>\n<\/tr>\n<tr>\n<td width=\"307\">6 to 8 guests<\/td>\n<td width=\"307\">3290 \u20ac<\/td>\n<\/tr>\n<tr>\n<td width=\"307\"><\/td>\n<td width=\"307\"><\/td>\n<\/tr>\n<\/tbody>\n<\/table>\n<p>For single rooms we have to charge a supplement of 590 \u20ac.<\/p>\n<p><strong>Integrated into the basic price:<\/strong><\/p>\n<ul>\n<li>English speaking tour guide<\/li>\n<li>Accompaniment and logistics<\/li>\n<li>all nights<\/li>\n<li>Breakfast and dinner<\/li>\n<li>Transfers and trips as specified<\/li>\n<li>Four-wheel drive car and driver and fuel<\/li>\n<\/ul>\n<p><strong>Not integrated into the basic price:<\/strong><\/p>\n<ul>\n<li>Lunch<\/li>\n<li>personal expenses<\/li>\n<li>German speaking tour guide possible with surcharge<\/li>\n<li>individual leisure activities<\/li>\n<li>Entrance fees to the national parks (about 20\u20ac per person and per park)<\/li>\n<li>Sightseeings and excursions (about 20\u20ac per person and per park)<\/li>\n<li>national and international flights<\/li>\n<li>Visa (available at the airport for 25\u20ac)<\/li>\n<\/ul>\n<\/div>\n<\/div>","protected":false},"excerpt":{"rendered":"<p>Pracht der Pisten und die Weltber\u00fchmten Tsingy von Bemaraha 20 Tage durch den westen von Madagaskar Madagaskar ist eine Insel, die an Vielseitigkeit, Natursch\u00f6nheiten und atemberaubenden Abenteuern kaum zu \u00fcberbieten ist. Wer seinen Urlaub auf der roten Insel verbringen m\u00f6chte, sollte deshalb nach M\u00f6glichkeit versuchen, so viele unterschiedliche Erfahrungen wie nur m\u00f6glich mit nach Hause [&hellip;]<\/p>\n","protected":false},"author":3,"featured_media":1693,"parent":0,"menu_order":0,"comment_status":"closed","ping_status":"closed","template":"","meta":{"footnotes":""},"categories":[411],"class_list":["post-4299","page","type-page","status-publish","has-post-thumbnail","hentry","category-pracht-der-pisten"],"_links":{"self":[{"href":"https:\/\/www.urlaub-auf-madagaskar.com\/en\/wp-json\/wp\/v2\/pages\/4299","targetHints":{"allow":["GET"]}}],"collection":[{"href":"https:\/\/www.urlaub-auf-madagaskar.com\/en\/wp-json\/wp\/v2\/pages"}],"about":[{"href":"https:\/\/www.urlaub-auf-madagaskar.com\/en\/wp-json\/wp\/v2\/types\/page"}],"author":[{"embeddable":true,"href":"https:\/\/www.urlaub-auf-madagaskar.com\/en\/wp-json\/wp\/v2\/users\/3"}],"replies":[{"embeddable":true,"href":"https:\/\/www.urlaub-auf-madagaskar.com\/en\/wp-json\/wp\/v2\/comments?post=4299"}],"version-history":[{"count":0,"href":"https:\/\/www.urlaub-auf-madagaskar.com\/en\/wp-json\/wp\/v2\/pages\/4299\/revisions"}],"wp:featuredmedia":[{"embeddable":true,"href":"https:\/\/www.urlaub-auf-madagaskar.com\/en\/wp-json\/wp\/v2\/media\/1693"}],"wp:attachment":[{"href":"https:\/\/www.urlaub-auf-madagaskar.com\/en\/wp-json\/wp\/v2\/media?parent=4299"}],"wp:term":[{"taxonomy":"category","embeddable":true,"href":"https:\/\/www.urlaub-auf-madagaskar.com\/en\/wp-json\/wp\/v2\/categories?post=4299"}],"curies":[{"name":"wp","href":"https:\/\/api.w.org\/{rel}","templated":true}]}}