{"id":2894,"date":"2016-04-20T09:47:46","date_gmt":"2016-04-20T07:47:46","guid":{"rendered":"https:\/\/urlaub-auf-madagaskar.alpha-beta.de\/?page_id=2894"},"modified":"2020-02-08T10:51:06","modified_gmt":"2020-02-08T09:51:06","slug":"pistenfahrten","status":"publish","type":"page","link":"https:\/\/www.urlaub-auf-madagaskar.com\/en\/slope-rides\/","title":{"rendered":"Skiing on the slopes"},"content":{"rendered":"<h1>Madagascar slope rides<\/h1>\n<div class=\"bg_white\">\n<div class=\"col-md-12 col-sm-12 bg_white border no_padding margin_bottom_content\">\n<div class=\"col-md-12 col-sm-12 no_padding\">\n<div class=\"home_bg text-center side_bar_padding\"><a href=\"https:\/\/www.urlaub-auf-madagaskar.com\/wp-content\/uploads\/2016\/04\/Chan5.jpg\"><img fetchpriority=\"high\" decoding=\"async\" width=\"300\" height=\"225\" class=\"side_bar_img size-medium wp-image-2903 alignnone\" src=\"https:\/\/www.urlaub-auf-madagaskar.com\/wp-content\/uploads\/2016\/04\/Chan5-300x225.jpg\" alt=\"Ferry slope rides\" srcset=\"https:\/\/www.urlaub-auf-madagaskar.com\/wp-content\/uploads\/2016\/04\/Chan5-300x225.jpg 300w, https:\/\/www.urlaub-auf-madagaskar.com\/wp-content\/uploads\/2016\/04\/Chan5-20x15.jpg 20w, https:\/\/www.urlaub-auf-madagaskar.com\/wp-content\/uploads\/2016\/04\/Chan5.jpg 400w\" sizes=\"(max-width: 300px) 100vw, 300px\" \/><\/a><\/div>\n<\/div>\n<div class=\"col-md-12 col-sm-12 no_padding\">\n<div class=\"home_content_div\">\n<h3>On the road with the car<\/h3>\n<p>The infrastructural conditions on Madagascar definitely take some getting used to by European standards. Those who have already been on the African continent by car and were able to quickly get used to the conditions there, often assume that similar conditions prevail on Madagascar. Unfortunately, this is not the case at all: The <strong>Road conditions are often chaotic<\/strong> and we cannot recommend a trip in a car without a driver in the normal case. Nevertheless, we know that a trip through Madagascar off the beaten track offers much more adventure, action and maybe even some unforgettable experiences. That's why some time ago we added our road trips to our program. These are <strong>Different offers off the mainstream<\/strong>where driving in an all-wheel-drive vehicle is one of the most important <strong>Highlights of the trip<\/strong> represents.<\/p>\n<\/div>\n<\/div>\n<\/div>\n<\/div>\n<div class=\"bg_white\">\n<div class=\"col-md-12 col-sm-12 bg_white border no_padding margin_bottom_content\">\n<div class=\"col-md-12 col-sm-12 no_padding\">\n<div class=\"home_bg text-center side_bar_padding\"><a href=\"https:\/\/www.urlaub-auf-madagaskar.com\/wp-content\/uploads\/2016\/04\/1470408_615544525179121_752295752_n.jpg\"><img decoding=\"async\" width=\"300\" height=\"225\" class=\"side_bar_img size-medium wp-image-2904 alignnone\" src=\"https:\/\/www.urlaub-auf-madagaskar.com\/wp-content\/uploads\/2016\/04\/1470408_615544525179121_752295752_n-300x225.jpg\" alt=\"Extreme track Madagascar\" srcset=\"https:\/\/www.urlaub-auf-madagaskar.com\/wp-content\/uploads\/2016\/04\/1470408_615544525179121_752295752_n-300x225.jpg 300w, https:\/\/www.urlaub-auf-madagaskar.com\/wp-content\/uploads\/2016\/04\/1470408_615544525179121_752295752_n.jpg 600w\" sizes=\"(max-width: 300px) 100vw, 300px\" \/><\/a><\/div>\n<\/div>\n<div class=\"col-md-12 col-sm-12 no_padding\">\n<div class=\"home_content_div\">\n<h3>Drive yourself or let drive<\/h3>\n<p>Our slope rides will take you in your <strong>Madagascar vacation<\/strong> over routes and paths that you would probably not even normally recognize as a road. Partially inaccessible terrain offers different levels of difficulty and from more leisurely track tours, in which you can also spend large sections behind the wheel yourself if you wish, to <strong>truly adventurous journeys<\/strong>, where you have to overcome various obstacles again and again and only reach your destination thanks to the years of experience of specially trained drivers, we basically have everything in our program. In connection with our piste tours we work of course exclusively with <strong>reliable partners, absolutely experienced drivers and high quality cars in the best condition<\/strong>. Basically, our piste tours are often a little more expensive, because the wear and tear on the vehicles on these tours is simply above average. You can find the exact calculations in the corresponding offers or ask us directly. If you wish, we can of course also offer you a piste tour. <strong>compose completely according to your wishes<\/strong>. All you have to do is simply contact us.<\/p>\n<\/div>\n<\/div>\n<\/div>\n<\/div>","protected":false},"excerpt":{"rendered":"<p>Pistenfahrten auf Madagaskar Mit dem Auto unterwegs Die infrastrukturellen Bedingungen auf Madagaskar sind f\u00fcr europ\u00e4ische Verh\u00e4ltnisse unbedingt gew\u00f6hnungsbed\u00fcrftig. Wer schon einmal auf dem afrikanischen Kontinent mit dem Auto unterwegs war und sich an die dortigen Gegebenheiten schnell gew\u00f6hnen konnte, der geht h\u00e4ufig davon aus, dass auf Madagaskar \u00e4hnliche Zust\u00e4nde herrschen. Dies ist leider ganz und [&hellip;]<\/p>\n","protected":false},"author":3,"featured_media":2903,"parent":0,"menu_order":0,"comment_status":"closed","ping_status":"closed","template":"","meta":{"footnotes":""},"categories":[443],"class_list":["post-2894","page","type-page","status-publish","has-post-thumbnail","hentry","category-pistenfahrten","group-cat-pistenfahrten","hierachie-level-level-1"],"_links":{"self":[{"href":"https:\/\/www.urlaub-auf-madagaskar.com\/en\/wp-json\/wp\/v2\/pages\/2894","targetHints":{"allow":["GET"]}}],"collection":[{"href":"https:\/\/www.urlaub-auf-madagaskar.com\/en\/wp-json\/wp\/v2\/pages"}],"about":[{"href":"https:\/\/www.urlaub-auf-madagaskar.com\/en\/wp-json\/wp\/v2\/types\/page"}],"author":[{"embeddable":true,"href":"https:\/\/www.urlaub-auf-madagaskar.com\/en\/wp-json\/wp\/v2\/users\/3"}],"replies":[{"embeddable":true,"href":"https:\/\/www.urlaub-auf-madagaskar.com\/en\/wp-json\/wp\/v2\/comments?post=2894"}],"version-history":[{"count":0,"href":"https:\/\/www.urlaub-auf-madagaskar.com\/en\/wp-json\/wp\/v2\/pages\/2894\/revisions"}],"wp:featuredmedia":[{"embeddable":true,"href":"https:\/\/www.urlaub-auf-madagaskar.com\/en\/wp-json\/wp\/v2\/media\/2903"}],"wp:attachment":[{"href":"https:\/\/www.urlaub-auf-madagaskar.com\/en\/wp-json\/wp\/v2\/media?parent=2894"}],"wp:term":[{"taxonomy":"category","embeddable":true,"href":"https:\/\/www.urlaub-auf-madagaskar.com\/en\/wp-json\/wp\/v2\/categories?post=2894"}],"curies":[{"name":"wp","href":"https:\/\/api.w.org\/{rel}","templated":true}]}}