{"id":2722,"date":"2016-04-04T15:30:08","date_gmt":"2016-04-04T13:30:08","guid":{"rendered":"https:\/\/urlaub-auf-madagaskar.alpha-beta.de\/?page_id=2722"},"modified":"2020-02-11T18:47:05","modified_gmt":"2020-02-11T17:47:05","slug":"lokobe","status":"publish","type":"page","link":"https:\/\/www.urlaub-auf-madagaskar.com\/en\/lokobe\/","title":{"rendered":"Lokobe"},"content":{"rendered":"<h1>Madagascar's Lokobe:<\/h1>\n<div class=\"bg_white\">\n<div class=\"col-md-12 col-sm-12 bg_white border no_padding margin_bottom_content\">\n<div class=\"col-md-12 col-sm-12 no_padding\">\n<div class=\"home_bg text-center side_bar_padding\"><a href=\"\/wp-content\/uploads\/2015\/07\/lemur_nosy_be_300_x_215.jpg\"><img fetchpriority=\"high\" decoding=\"async\" width=\"300\" height=\"215\" class=\"home_left_img wp-image-1030 alignnone\" src=\"https:\/\/www.urlaub-auf-madagaskar.com\/wp-content\/uploads\/2015\/07\/lemur_nosy_be_300_x_215.jpg\" srcset=\"https:\/\/www.urlaub-auf-madagaskar.com\/wp-content\/uploads\/2015\/07\/lemur_nosy_be_300_x_215.jpg 300w, https:\/\/www.urlaub-auf-madagaskar.com\/wp-content\/uploads\/2015\/07\/lemur_nosy_be_300_x_215-20x14.jpg 20w\" sizes=\"(max-width: 300px) 100vw, 300px\" \/><\/a><\/div>\n<\/div>\n<div class=\"col-md-12 col-sm-12 no_padding\">\n<div class=\"home_content_div\">\n<h3>Last reserve on Nosy Be<\/h3>\n<p>The <a href=\"https:\/\/www.urlaub-auf-madagaskar.com\/en\/nosy-be-and-surrounding-islands\/\">Nosy Be Island<\/a> lies at the <strong>Northwest coast<\/strong> <strong>From Madagascar<\/strong>. It is known mainly for its exotic beaches and tropical climate. But it also hosts in the southeast the <a href=\"https:\/\/www.urlaub-auf-madagaskar.com\/en\/fine-cocoa-and-chocolate-from-madagascar\/\">Sambirano Forest,<\/a> the last primary forest of the island. Part of the humid and evergreen Sambirano forest is also the <strong>7.4 km\u00b2 large Lokobe Reserve<\/strong>. It is the only designated protected area of the island and offers especially the endangered <strong>black <a href=\"https:\/\/www.urlaub-auf-madagaskar.com\/en\/lemurs-on-madagascar\/\">Lemurs <\/a><\/strong>a refuge. These only find their home in small areas, but are fortunately the most common lemur species in Lokobe. Nevertheless, the population of the noble semi-monkeys is very small. The black lemur captivates above all by its magnificent fur. It owes its name to the male specimens of the species, whose fur is distinguished by its immaculate black coloration. The females, on the other hand, adorn themselves in reddish-brown. Also rare bird species like the <strong>Kingfisher<\/strong> or the Madagascar <strong>Long-eared owl<\/strong> are in Lokobe next to <a href=\"https:\/\/www.urlaub-auf-madagaskar.com\/en\/chamaeleons-on-madagascar\/\"><strong>Chameleons<\/strong><\/a> and some <strong>locally endemic frogs <\/strong>native. The reserve is also a retreat for majestic panthers and several species of snakes, whose habitat is protected by the endemic <strong>Palm species and precious woods<\/strong> is described.<\/p>\n<\/div>\n<\/div>\n<\/div>\n<\/div>\n<div class=\"col-md-12 col-sm-12 bg_white border no_padding margin_bottom_content\">\n<div class=\"col-md-12 col-sm-12 home_content_div\">\n<h3>A visit to the Lokobe Reserve on the beautiful island of Nosy Be<\/h3>\n<p>The area around Lokobe has already been named because of its unique beauty <strong>protected since 1927<\/strong>. The reserve was established in 1966. Efforts to have the area declared a national park and also open to visitors are currently ongoing and will hopefully soon be confirmed. In order to recruit Lokobe accordingly, several <strong>terrestrial and maritime tours<\/strong> elaborated, which show the uniqueness of the area. Small parts of the reserve can thus be visited even now. Near the villages <strong>Ambatozavavy and Ampasipohy<\/strong> in the east of the reserve, for example, there is an access that can be reached via a pirogue. Also <strong>in the west you can see the reserve of Ambanoro <\/strong>from the entrance. Meanwhile, there are some hotels and lodges in the immediate vicinity of the reserve and also the hotels in the surrounding towns, such as Hell-Ville, now offer tours to Lokobe.<\/p>\n<\/div>\n<\/div>","protected":false},"excerpt":{"rendered":"<p>Madagaskars Lokobe: Letztes Reservat auf Nosy Be Die Insel Nosy Be liegt an der Nordwestk\u00fcste von Madagaskar. Bekannt ist sie vor allem durch exotische Str\u00e4nde und ihr tropisches Klima. Sie beherbergt im S\u00fcdosten aber auch den Sambirano Wald, den letzten Prim\u00e4rwald der Insel. Teil des feuchten und immergr\u00fcnen Sambirano Waldes ist auch das 7,4 km\u00b2 [&hellip;]<\/p>\n","protected":false},"author":3,"featured_media":1030,"parent":0,"menu_order":0,"comment_status":"closed","ping_status":"closed","template":"","meta":{"footnotes":""},"categories":[486],"class_list":["post-2722","page","type-page","status-publish","has-post-thumbnail","hentry","category-integrale-reservate"],"_links":{"self":[{"href":"https:\/\/www.urlaub-auf-madagaskar.com\/en\/wp-json\/wp\/v2\/pages\/2722","targetHints":{"allow":["GET"]}}],"collection":[{"href":"https:\/\/www.urlaub-auf-madagaskar.com\/en\/wp-json\/wp\/v2\/pages"}],"about":[{"href":"https:\/\/www.urlaub-auf-madagaskar.com\/en\/wp-json\/wp\/v2\/types\/page"}],"author":[{"embeddable":true,"href":"https:\/\/www.urlaub-auf-madagaskar.com\/en\/wp-json\/wp\/v2\/users\/3"}],"replies":[{"embeddable":true,"href":"https:\/\/www.urlaub-auf-madagaskar.com\/en\/wp-json\/wp\/v2\/comments?post=2722"}],"version-history":[{"count":0,"href":"https:\/\/www.urlaub-auf-madagaskar.com\/en\/wp-json\/wp\/v2\/pages\/2722\/revisions"}],"wp:featuredmedia":[{"embeddable":true,"href":"https:\/\/www.urlaub-auf-madagaskar.com\/en\/wp-json\/wp\/v2\/media\/1030"}],"wp:attachment":[{"href":"https:\/\/www.urlaub-auf-madagaskar.com\/en\/wp-json\/wp\/v2\/media?parent=2722"}],"wp:term":[{"taxonomy":"category","embeddable":true,"href":"https:\/\/www.urlaub-auf-madagaskar.com\/en\/wp-json\/wp\/v2\/categories?post=2722"}],"curies":[{"name":"wp","href":"https:\/\/api.w.org\/{rel}","templated":true}]}}