{"id":2718,"date":"2016-04-04T15:28:07","date_gmt":"2016-04-04T13:28:07","guid":{"rendered":"https:\/\/urlaub-auf-madagaskar.alpha-beta.de\/?page_id=2718"},"modified":"2020-02-05T23:09:32","modified_gmt":"2020-02-05T22:09:32","slug":"tsingy-de-bemaraha","status":"publish","type":"page","link":"https:\/\/www.urlaub-auf-madagaskar.com\/en\/tsingy-de-bemaraha\/","title":{"rendered":"Tsingy de Bemaraha"},"content":{"rendered":"<h1>Madagascar's Tsingy de Bemaraha:<\/h1>\n<div class=\"bg_white\">\n<div class=\"col-md-12 col-sm-12 bg_white border no_padding margin_bottom_content\">\n<div class=\"col-md-12 col-sm-12 no_padding\">\n<div class=\"home_bg text-center side_bar_padding\"><a href=\"https:\/\/www.urlaub-auf-madagaskar.com\/wp-content\/uploads\/2015\/07\/madagascar-tsingy_300_x_148.jpg\"><img decoding=\"async\" width=\"300\" height=\"148\" class=\"side_bar_img size-medium wp-image-977 alignnone\" src=\"https:\/\/www.urlaub-auf-madagaskar.com\/wp-content\/uploads\/2015\/07\/madagascar-tsingy_300_x_148-300x148.jpg\" alt=\"Tsingy from Bemaraha\" srcset=\"https:\/\/www.urlaub-auf-madagaskar.com\/wp-content\/uploads\/2015\/07\/madagascar-tsingy_300_x_148.jpg 300w, https:\/\/www.urlaub-auf-madagaskar.com\/wp-content\/uploads\/2015\/07\/madagascar-tsingy_300_x_148-20x10.jpg 20w\" sizes=\"(max-width: 300px) 100vw, 300px\" \/><\/a><\/div>\n<\/div>\n<div class=\"col-md-12 col-sm-12 no_padding\">\n<div class=\"home_content_div\">\n<h3>An integral reserve<\/h3>\n<p>The \"Tsingys\" are a so-called <strong>Karst landscape<\/strong>. Geologically, this is the name given to areas that have both above-ground and underground structures. The nature reserve consists of needle-shaped rock formations that rise majestically several hundred meters into the air. The plateaus are partly <strong>wooded, but very dry<\/strong>. However, since the precipitation rate here is about 1000mm per year, the canyons of the Tsingys are very humid, so that in the lower areas. <strong>Lakes and mangroves<\/strong> have formed. Wind and rain here in the west of the island have a particularly <strong>rough terrain<\/strong> created, which makes settlement impossible. Only on the edge of the reserve there are some villages. The terrain is extremely rich in gorges, caves and rivers, so that it could hardly be explored until today. Even the locals avoid large parts of the Tsingys, which due to their bizarre shapes are associated with <strong>numerous myths and legends<\/strong> are occupied. The northern part of the area is an over <strong>85,000 hectare integral reserve<\/strong>. Thus, tourists are not allowed to enter this area. It is characterized mainly by rolling hills of limestone, unlike other parts of the Tsingys. In the gorges, lakes and mangrove swamps of the untouched integral reserve are <strong>85% the <a href=\"https:\/\/www.urlaub-auf-madagaskar.com\/en\/hintergrundinformationen\/flora\/\">Flora<\/a> and <a href=\"https:\/\/www.urlaub-auf-madagaskar.com\/en\/hintergrundinformationen\/fauna\/\">Fauna<\/a> endemic<\/strong>. 47% are not even found in other areas of Madagascar.<\/p>\n<\/div>\n<\/div>\n<\/div>\n<\/div>","protected":false},"excerpt":{"rendered":"<p>Madagaskars Tsingy de Bemaraha: Ein integrales Reservat Die &#8222;Tsingys&#8220; sind eine sogenannte Karstlandschaft. Geologisch werden so Areale benannt, die sowohl oberirdische als auch unterirdische Strukturen aufweisen. Das Naturreservat besteht aus nadelf\u00f6rmigen Felsformationen, die majest\u00e4tisch mehrere hundert Meter in die H\u00f6he ragen. Die Plateaus sind teilweise bewaldet, aber sehr trocken. Da die Niederschlagsrate hier jedoch rund [&hellip;]<\/p>\n","protected":false},"author":3,"featured_media":977,"parent":0,"menu_order":0,"comment_status":"closed","ping_status":"closed","template":"","meta":{"footnotes":""},"categories":[486],"class_list":["post-2718","page","type-page","status-publish","has-post-thumbnail","hentry","category-integrale-reservate"],"_links":{"self":[{"href":"https:\/\/www.urlaub-auf-madagaskar.com\/en\/wp-json\/wp\/v2\/pages\/2718","targetHints":{"allow":["GET"]}}],"collection":[{"href":"https:\/\/www.urlaub-auf-madagaskar.com\/en\/wp-json\/wp\/v2\/pages"}],"about":[{"href":"https:\/\/www.urlaub-auf-madagaskar.com\/en\/wp-json\/wp\/v2\/types\/page"}],"author":[{"embeddable":true,"href":"https:\/\/www.urlaub-auf-madagaskar.com\/en\/wp-json\/wp\/v2\/users\/3"}],"replies":[{"embeddable":true,"href":"https:\/\/www.urlaub-auf-madagaskar.com\/en\/wp-json\/wp\/v2\/comments?post=2718"}],"version-history":[{"count":0,"href":"https:\/\/www.urlaub-auf-madagaskar.com\/en\/wp-json\/wp\/v2\/pages\/2718\/revisions"}],"wp:featuredmedia":[{"embeddable":true,"href":"https:\/\/www.urlaub-auf-madagaskar.com\/en\/wp-json\/wp\/v2\/media\/977"}],"wp:attachment":[{"href":"https:\/\/www.urlaub-auf-madagaskar.com\/en\/wp-json\/wp\/v2\/media?parent=2718"}],"wp:term":[{"taxonomy":"category","embeddable":true,"href":"https:\/\/www.urlaub-auf-madagaskar.com\/en\/wp-json\/wp\/v2\/categories?post=2718"}],"curies":[{"name":"wp","href":"https:\/\/api.w.org\/{rel}","templated":true}]}}