{"id":2708,"date":"2016-04-04T15:22:18","date_gmt":"2016-04-04T13:22:18","guid":{"rendered":"https:\/\/urlaub-auf-madagaskar.alpha-beta.de\/?page_id=2708"},"modified":"2020-02-05T12:37:23","modified_gmt":"2020-02-05T11:37:23","slug":"tsimanampetsotsa-nationalpark","status":"publish","type":"page","link":"https:\/\/www.urlaub-auf-madagaskar.com\/en\/tsimanampetsotsa-national-park\/","title":{"rendered":"Tsimanampetsotsa National Park"},"content":{"rendered":"<h1>Madagascar's Tsimanampetsotsa National Park:<\/h1>\n<div class=\"col-md-12 col-sm-12 bg_white border no_padding margin_bottom_content\">\n<div class=\"col-md-12 col-sm-12 home_content_div\">\n<h3>Fantastic south with unique fauna &amp; flora<\/h3>\n<p>The Tsimanampetsotsa National Park is located in the <strong>Southwest<\/strong> of Madagascar, not far from the coast about <strong>90 km south of Tulear<\/strong>. The national park covers 430 km\u00b2 with predominantly thorn forest and some wetlands overgrown area. This area was already designated in 1927 due to its biological importance -. <strong>90% of flora and fauna is endemic<\/strong> - protected as an important habitat for waterfowl. Tsimanampetsotsa was declared a national park in 1966. The water supply in this driest zone of the island is not easy for the people as well as for the animals and plants: only 300mm of precipitation fall here per year.<\/p>\n<\/div>\n<\/div>\n<div class=\"bg_white\">\n<div class=\"col-md-12 col-sm-12 bg_white border no_padding margin_bottom_content\">\n<div class=\"col-md-12 col-sm-12 no_padding\">\n<div class=\"home_bg text-center side_bar_padding\"><a href=\"\/wp-content\/uploads\/2015\/07\/tsimanampetsotsa-national-park-madagaskar_6a20_300_x_199.jpg\"><img fetchpriority=\"high\" decoding=\"async\" width=\"300\" height=\"199\" class=\"side_bar_img size-medium wp-image-974 alignnone\" src=\"https:\/\/www.urlaub-auf-madagaskar.com\/wp-content\/uploads\/2015\/07\/tsimanampetsotsa-national-park-madagaskar_6a20_300_x_199.jpg\" srcset=\"https:\/\/www.urlaub-auf-madagaskar.com\/wp-content\/uploads\/2015\/07\/tsimanampetsotsa-national-park-madagaskar_6a20_300_x_199.jpg 300w, https:\/\/www.urlaub-auf-madagaskar.com\/wp-content\/uploads\/2015\/07\/tsimanampetsotsa-national-park-madagaskar_6a20_300_x_199-20x13.jpg 20w\" sizes=\"(max-width: 300px) 100vw, 300px\" \/><\/a><\/div>\n<\/div>\n<div class=\"col-md-12 col-sm-12 no_padding\">\n<div class=\"home_content_div\">\n<h3>The impressive biodiversity of the arid south<\/h3>\n<p>Apart from the sea, there are two very different landscapes in the park that dominate the biotope: a calcareous plateau with dense, mainly locally endemic thorn forest and <strong>imposing, pot-bellied baobab trees (Baobabs)<\/strong> on the one hand and <strong>endless sand dunes<\/strong> along the coast on the other side. The park also has numerous caves and sinkholes formed from a former underground stream. Tsimanampetsotsa is an absolute paradise for <strong>Birdwatchers<\/strong>. more than <strong>100 types<\/strong> are to be found here. Apart from birds there are <strong>12 species of mammals<\/strong>, among them the extremely rare and endemic local Grandidierii mongoose and four species of lemurs. Among the <strong>39 reptile species<\/strong> the ray turtles are among the most important. These are endemic to this region and unfortunately extremely endangered and threatened with extinction. Due to the chemical composition of the salty lakes found there, no fish can actually survive in them. Nevertheless, the are unique in the world, <strong>blind fish<\/strong> found in some underground caves.<\/p>\n<\/div>\n<\/div>\n<\/div>\n<\/div>\n<div class=\"col-md-12 col-sm-12 bg_white border no_padding margin_bottom_content\">\n<div class=\"col-md-12 col-sm-12 home_content_div\">\n<h3>Tours and trails in Tsimanampetsotsa N.P.<\/h3>\n<p>There are some easy tours of the national park that can be tailored to suit all conditions and personal interests. The park office is located in the village <strong>Efoetse<\/strong>, you can even use some <strong>English speaking tours<\/strong> Negotiate.<\/p>\n<p><strong>Tsiamaso Tour<\/strong>: This tour is dedicated to cave exploration. You can admire the stalactites and stalagmites. Also you can observe here the famous blind fish.<\/p>\n<p><strong>Andaka Tour<\/strong>A short walk along the lakeshore, which is especially suitable for ornithologists, as the tour passes by colonies of flamingos that populate the lake between April and December. During this tour you will enjoy a beautiful view and you can also admire countless birds and plants during the other seasons.<\/p>\n<p><strong>Emande Tour<\/strong>: You will first pass by native burial sites. After that you will enjoy some great landscapes and you can observe lemurs, reptiles and water birds.<\/p>\n<p><strong>Andalamaike Tour<\/strong>: This is a botanical walk through arid landscapes, focused on baobabs, ray tortoises, land birds and underground caves.<\/p>\n<p>Tsimanampetsotsa National Park is also part of some round trips. On one <a href=\"https:\/\/www.urlaub-auf-madagaskar.com\/en\/individualreisen\/ins-land-der-dornenmenschen\/\">Journey to the land of thorn people<\/a> for example, you not only have the possibility to participate in the <strong>tropical dream beaches<\/strong> of the South to relax, but also visit <strong>numerous attractions of the south<\/strong>. A trip you will not forget!<\/p>\n<\/div>\n<\/div>\n<div class=\"bg_white\">\n<div class=\"col-md-12 col-sm-12 bg_white border no_padding margin_bottom_content\">\n<div class=\"col-md-12 col-sm-12 no_padding\">\n<div class=\"home_bg text-center side_bar_padding\"><a href=\"\/wp-content\/uploads\/2015\/07\/tsimanampetsotsa_300_x_225.jpg\"><img decoding=\"async\" width=\"300\" height=\"225\" class=\"side_bar_img size-medium wp-image-973 alignnone\" src=\"https:\/\/www.urlaub-auf-madagaskar.com\/wp-content\/uploads\/2015\/07\/tsimanampetsotsa_300_x_225.jpg\" srcset=\"https:\/\/www.urlaub-auf-madagaskar.com\/wp-content\/uploads\/2015\/07\/tsimanampetsotsa_300_x_225.jpg 300w, https:\/\/www.urlaub-auf-madagaskar.com\/wp-content\/uploads\/2015\/07\/tsimanampetsotsa_300_x_225-20x15.jpg 20w\" sizes=\"(max-width: 300px) 100vw, 300px\" \/><\/a><\/div>\n<\/div>\n<div class=\"col-md-12 col-sm-12 no_padding\">\n<div class=\"home_content_div\">\n<h3>Travel arrangements and arrival<\/h3>\n<p>Tsimanampesotsa National Park is accessible all year round, in our offers it is in the<a href=\"https:\/\/www.urlaub-auf-madagaskar.com\/en\/feste-reisen\/ostkueste-die-pracht-der-pisten\/\"> Splendor of the slopes east<\/a> and south and in the <a href=\"https:\/\/www.urlaub-auf-madagaskar.com\/en\/feste-reisen\/die-pracht-der-pisten-mit-uns-die-terra-incognita-in-madagaskar-erleben\/\">Splendor of the slopes -Terra Incognita <\/a>included. In any case, you should remember this when you visit, <strong>Hiking boots<\/strong>, <strong>Sunscreen<\/strong> and <strong>Sufficient drinking water<\/strong> to bring with you! From Tul\u00e9ar you will reach the park via the dirt roads heading south. The first stop is Anakao, after which you continue to the town of Beheloka. From there you continue on a very bad sandy road for about 1 to 2 hours to Efoetse, where the main entrance is located. It is also possible to visit the park from <strong>Anakao from by boat<\/strong> to reach. The trip takes about 4 hours, but depends on the type of boat. There is no public transport in the park, so you have to travel with your own <a href=\"https:\/\/www.urlaub-auf-madagaskar.com\/en\/car-hire\/\">Rental car <\/a>have to travel to, or a <strong>Day trip from one of the hotels in Anakao or Sarondrano<\/strong> can book.<\/p>\n<p>Within the park you have the possibility to stay at one of the two campsites. The fees are 10,000 Ariary per night per person. Another cheap option is to stay in one of the very modest hotels in Beheloka. It should be noted here, however, that the hostels do not meet European standards. <strong>A slightly better accommodation offers the Hotel Ambola<\/strong>, which is located just a few kilometers from the park.<\/p>\n<\/div>\n<\/div>\n<\/div>\n<\/div>","protected":false},"excerpt":{"rendered":"<p>Madagaskars Tsimanampetsotsa Nationalpark: Traumhafter S\u00fcden mit einzigartiger fauna &amp; flora Der Tsimanampetsotsa Nationalpark befindet sich im S\u00fcdwesten von Madagaskar, unweit der K\u00fcste etwa 90 km s\u00fcdlich von Tulear. Der Nationalpark umfasst 430 km\u00b2 mit \u00fcberwiegend mit Dornwald und einigen Feuchtgebiete bewachsenem Areal. Dieser Bereich wurde bereits im Jahr 1927 aufgrund seiner biologischen Bedeutung \u2013 90% [&hellip;]<\/p>\n","protected":false},"author":3,"featured_media":974,"parent":0,"menu_order":0,"comment_status":"closed","ping_status":"closed","template":"","meta":{"footnotes":""},"categories":[419],"class_list":["post-2708","page","type-page","status-publish","has-post-thumbnail","hentry","category-nationalparks"],"_links":{"self":[{"href":"https:\/\/www.urlaub-auf-madagaskar.com\/en\/wp-json\/wp\/v2\/pages\/2708","targetHints":{"allow":["GET"]}}],"collection":[{"href":"https:\/\/www.urlaub-auf-madagaskar.com\/en\/wp-json\/wp\/v2\/pages"}],"about":[{"href":"https:\/\/www.urlaub-auf-madagaskar.com\/en\/wp-json\/wp\/v2\/types\/page"}],"author":[{"embeddable":true,"href":"https:\/\/www.urlaub-auf-madagaskar.com\/en\/wp-json\/wp\/v2\/users\/3"}],"replies":[{"embeddable":true,"href":"https:\/\/www.urlaub-auf-madagaskar.com\/en\/wp-json\/wp\/v2\/comments?post=2708"}],"version-history":[{"count":0,"href":"https:\/\/www.urlaub-auf-madagaskar.com\/en\/wp-json\/wp\/v2\/pages\/2708\/revisions"}],"wp:featuredmedia":[{"embeddable":true,"href":"https:\/\/www.urlaub-auf-madagaskar.com\/en\/wp-json\/wp\/v2\/media\/974"}],"wp:attachment":[{"href":"https:\/\/www.urlaub-auf-madagaskar.com\/en\/wp-json\/wp\/v2\/media?parent=2708"}],"wp:term":[{"taxonomy":"category","embeddable":true,"href":"https:\/\/www.urlaub-auf-madagaskar.com\/en\/wp-json\/wp\/v2\/categories?post=2708"}],"curies":[{"name":"wp","href":"https:\/\/api.w.org\/{rel}","templated":true}]}}