{"id":2706,"date":"2016-04-04T15:20:52","date_gmt":"2016-04-04T13:20:52","guid":{"rendered":"https:\/\/urlaub-auf-madagaskar.alpha-beta.de\/?page_id=2706"},"modified":"2020-02-05T12:34:40","modified_gmt":"2020-02-05T11:34:40","slug":"ranomafana-nationalpark","status":"publish","type":"page","link":"https:\/\/www.urlaub-auf-madagaskar.com\/en\/ranomafana-national-park\/","title":{"rendered":"Ranomafana National Park"},"content":{"rendered":"<h1>Madagascar's Ranomafana N.P.:<\/h1>\n<div class=\"col-md-12 col-sm-12 bg_white border no_padding margin_bottom_content\">\n<div class=\"col-md-12 col-sm-12 home_content_div\">\n<h3>the mountain cloud forest accessible to all<\/h3>\n<p>Ranomafana is undoubtedly one of the most <strong>most spectacular national parks<\/strong> of Madagascar and together with Isalo and Andasibe N.P. one of the most visited national parks of the island. The advantage is that travelers can reach the park very easily. It is located near the well-developed <strong>RN7<\/strong> near the city <strong>Fianarantsoa<\/strong>. Established in 1991, the National Park covers a mountainous terrain of about 415 km\u00b2, completely covered by dense and humid primary and secondary forest, and is located at an altitude of 800 to 1,200m above sea level. In 1986 the <strong>endangered golden bamboo lemurs<\/strong> discovered here by Dr. Patricia Wright. Not least this discovery has contributed to placing the area under special protection.<\/p>\n<\/div>\n<\/div>\n<div class=\"bg_white\">\n<div class=\"col-md-12 col-sm-12 bg_white border no_padding margin_bottom_content\">\n<div class=\"col-md-12 col-sm-12 no_padding\">\n<div class=\"home_bg text-center side_bar_padding\"><a href=\"\/wp-content\/uploads\/2015\/07\/Ranomafana_Nightjar_300_x_183.jpg\"><img fetchpriority=\"high\" decoding=\"async\" width=\"300\" height=\"183\" class=\"side_bar_img size-medium wp-image-971 alignnone\" src=\"https:\/\/www.urlaub-auf-madagaskar.com\/wp-content\/uploads\/2015\/07\/Ranomafana_Nightjar_300_x_183.jpg\" alt=\"Ranomafana Nightjar\" srcset=\"https:\/\/www.urlaub-auf-madagaskar.com\/wp-content\/uploads\/2015\/07\/Ranomafana_Nightjar_300_x_183.jpg 300w, https:\/\/www.urlaub-auf-madagaskar.com\/wp-content\/uploads\/2015\/07\/Ranomafana_Nightjar_300_x_183-20x12.jpg 20w\" sizes=\"(max-width: 300px) 100vw, 300px\" \/><\/a><\/div>\n<\/div>\n<div class=\"col-md-12 col-sm-12 no_padding\">\n<div class=\"home_content_div\">\n<h3>The diverse flora and fauna of Ranomafana<\/h3>\n<p>In the park are <strong>12 species of lemurs<\/strong> native and to the delight of tourists particularly easy to observe. A special attraction are the golden bamboo lemurs, some of which are not far from the entrance. Apart from the lemurs live other mammals like <strong>7 types of tenreks<\/strong>, <strong>carnivorous bats<\/strong>, the Madagascan striped <strong>Civet<\/strong> and some <strong>Mongoose<\/strong> in the beautiful Ranomafana National Park. At least <strong>115 catalogued bird species<\/strong>of which 30 are locally endemic find their home in Ranomafana. Furthermore enrich <strong>62 species of reptiles<\/strong> the fauna. Chameleons, snakes and leaf-tailed geckos are very common. <strong>98 different frog species<\/strong>, <strong>90 butterfly species<\/strong>, 350 species of spiders and rare fish and crabs can be found here. As in<a href=\"https:\/\/www.urlaub-auf-madagaskar.com\/en\/hintergrundinformationen\/national-parks-madagaskar\/mantadia-andasibe\/\"> Andasibe-Mantadia N.P<\/a>. most reptiles and frogs are best observed during the night.<\/p>\n<\/div>\n<\/div>\n<\/div>\n<\/div>\n<div class=\"bg_white\">\n<div class=\"col-md-12 col-sm-12 bg_white border no_padding margin_bottom_content\">\n<div class=\"col-md-12 col-sm-12 no_padding\">\n<div class=\"home_bg text-center side_bar_padding\"><a href=\"\/wp-content\/uploads\/2015\/07\/Giraffen_K\u00e4fer_Ranomafana_300_x_200.jpg\"><img decoding=\"async\" width=\"300\" height=\"200\" class=\"side_bar_img size-medium wp-image-972 alignnone\" src=\"https:\/\/www.urlaub-auf-madagaskar.com\/wp-content\/uploads\/2015\/07\/Giraffen_K\u00e4fer_Ranomafana_300_x_200.jpg\" alt=\"Giraffes_beetles_Ranomafana\" srcset=\"https:\/\/www.urlaub-auf-madagaskar.com\/wp-content\/uploads\/2015\/07\/Giraffen_K\u00e4fer_Ranomafana_300_x_200.jpg 300w, https:\/\/www.urlaub-auf-madagaskar.com\/wp-content\/uploads\/2015\/07\/Giraffen_K\u00e4fer_Ranomafana_300_x_200-20x13.jpg 20w\" sizes=\"(max-width: 300px) 100vw, 300px\" \/><\/a><\/div>\n<\/div>\n<div class=\"col-md-12 col-sm-12 no_padding\">\n<div class=\"home_content_div\">\n<p>Among the plants that grow in these rainforests, there are many that have been adapted by the resident <strong>Tanala<\/strong> and <strong>Betsileo<\/strong> Population used for medical purposes. Also different <strong>Precious woods<\/strong>, <strong>Palms<\/strong>, <strong>magnificent orchids<\/strong> and <strong>exotic carnivorous plants<\/strong> grow in Ranomafana. In addition, the protected area is crossed by numerous small streams that flow down to the beautiful Namorona River. This has a particularly high significance for the region, as it connects it through a <strong>Local waterworks<\/strong> with electricity. The attractions in Ranomafana National Park are endless. Already a few kilometers above the park entrance, for example, there is a <strong>beautiful waterfall<\/strong>, which is located directly on the path.<\/p>\n<\/div>\n<\/div>\n<\/div>\n<\/div>\n<div class=\"col-md-12 col-sm-12 bg_white border no_padding margin_bottom_content\">\n<div class=\"col-md-12 col-sm-12 home_content_div\">\n<h3>Ranomafana - A park with very good infrastructure<\/h3>\n<p>The climate in this region is warm and humid throughout the year. Climatically, the winter months are suitable from <strong>May till September<\/strong> best for a visit. The fauna and especially the flora, on the other hand, are in the summer months and especially from <strong>October till December<\/strong> richest.<\/p>\n<p>Some of the best developed roads in Madagascar lead directly to Ranomafana National Park. It is located about 60 km northeast of Fianarantsoa and <strong>400 km southeast of the capital Antananarivo<\/strong>. Ranomafana can be reached via RN25, which turns east from RN7 at Alakamisy towards Manakara and Mananjary. Some <a href=\"https:\/\/www.urlaub-auf-madagaskar.com\/en\/bike-tour-with-escort-vehicle\/rn7\/\">Tours along the RN7<\/a> have integrated the visit of Ranomafana National Park firmly into their program.<\/p>\n<p>For visitors coming from the north, there is a shortcut that turns left about 6 km after Alakamisy. It is a 20 km dirt road in quite acceptable condition that rejoins the RN25 in the village of Vohiparara. Both variants are <strong>practicable all year round<\/strong>, although the roads are in a slightly worse condition during the rainy season. If you are planning longer hikes, within the park there are <strong>Several campsites<\/strong> as well as a rustic building next to the park office, which houses communal showers with hot water. However, we recommend staying in one of the comfortable accommodations in the <strong>Ranomafana village<\/strong> to accommodate. There are also many hostels on the road leading to the entrance of the park.<\/p>\n<p>The entrance fee, just like in all other national parks in Madagascar, has been increased by almost 150% since November 2015. The fees for the guides who accompany the various tours depend on the number of participants and the duration of the hikes. These have also become more expensive and bring in some tours the price \/ performance ratio in the negative.<\/p>\n<\/div>\n<\/div>\n<div class=\"col-md-12 col-sm-12 bg_white border no_padding margin_bottom_content\">\n<div class=\"col-md-12 col-sm-12 home_content_div\">\n<h3>Tours through the rainforest of Ranomafana<\/h3>\n<p>Currently <strong>Five different tours<\/strong> offered that lead through this wonderful park. Please note that the shortest hikes in such a busy park are also the most popular. Hiking trails can be especially crowded during the high season. The longer tours are much quieter and more worthwhile for interesting wildlife viewing.<\/p>\n<p><strong>Varibolomena Tour<\/strong>Easy hike of 4 hours with quite good chances to meet bamboo lemurs. The tour also leads to a particularly beautiful waterfall.<\/p>\n<p><strong>Sahamalaotra Tour<\/strong>A 10km hike through the forest. During this hike you are very likely to meet different lemurs and you can also observe many birds living here.<\/p>\n<p><strong>Varijatsy Tour<\/strong>: A hike for one or two days. The trail takes you 15km into the primary forest. You will pass a waterfall and can refresh yourself in a natural pool and get an insight into the rich flora and fauna of Ranomafana.<\/p>\n<p><strong>Vohiparara Tour<\/strong>: A two-day hike through the national park. The route is about 20km with some climbs. During this hike into the depths of the rainforest you will encounter many lemurs, birds and other animals. In addition, you will visit a lake considered sacred by the people living here.<\/p>\n<p><strong>Soarano Tour<\/strong>For this tour you will need two or three days. It goes through rugged terrain right into the heart of Ranomafana, where you will discover interesting, magnificent plants, lemurs and other animals. There is also a cultural visit to a couple of traditional Tanala villages located in the middle of the forest.<\/p>\n<p>The tours are very well prepared and <strong>some of the guides speak fluent English<\/strong>. One even converses in German with our guests. For sports enthusiasts is also a <a href=\"https:\/\/www.urlaub-auf-madagaskar.com\/en\/themenreisen\/kanoe-touren\/kanoe-im-ranomafana-n-p\/\">Canoe tour in Ranomafana National Park<\/a> absolutely recommended.<\/p>\n<\/div>\n<\/div>","protected":false},"excerpt":{"rendered":"<p>Madagaskars Ranomafana N.P.: der bergnebelwald f\u00fcr alle zug\u00e4nglich Ranomafana ist zweifellos einer der spektakul\u00e4rsten Nationalparks von Madagaskar und gemeinsam mit Isalo und Andasibe N.P. einer der am meisten besuchten Nationalparks der Insel. Vorteil ist, dass Reisende den Park sehr einfach erreichen k\u00f6nnen. Er liegt in der N\u00e4he der gut ausgebauten RN7 nahe der Stadt Fianarantsoa. [&hellip;]<\/p>\n","protected":false},"author":3,"featured_media":971,"parent":0,"menu_order":0,"comment_status":"closed","ping_status":"closed","template":"","meta":{"footnotes":""},"categories":[419],"class_list":["post-2706","page","type-page","status-publish","has-post-thumbnail","hentry","category-nationalparks"],"_links":{"self":[{"href":"https:\/\/www.urlaub-auf-madagaskar.com\/en\/wp-json\/wp\/v2\/pages\/2706","targetHints":{"allow":["GET"]}}],"collection":[{"href":"https:\/\/www.urlaub-auf-madagaskar.com\/en\/wp-json\/wp\/v2\/pages"}],"about":[{"href":"https:\/\/www.urlaub-auf-madagaskar.com\/en\/wp-json\/wp\/v2\/types\/page"}],"author":[{"embeddable":true,"href":"https:\/\/www.urlaub-auf-madagaskar.com\/en\/wp-json\/wp\/v2\/users\/3"}],"replies":[{"embeddable":true,"href":"https:\/\/www.urlaub-auf-madagaskar.com\/en\/wp-json\/wp\/v2\/comments?post=2706"}],"version-history":[{"count":0,"href":"https:\/\/www.urlaub-auf-madagaskar.com\/en\/wp-json\/wp\/v2\/pages\/2706\/revisions"}],"wp:featuredmedia":[{"embeddable":true,"href":"https:\/\/www.urlaub-auf-madagaskar.com\/en\/wp-json\/wp\/v2\/media\/971"}],"wp:attachment":[{"href":"https:\/\/www.urlaub-auf-madagaskar.com\/en\/wp-json\/wp\/v2\/media?parent=2706"}],"wp:term":[{"taxonomy":"category","embeddable":true,"href":"https:\/\/www.urlaub-auf-madagaskar.com\/en\/wp-json\/wp\/v2\/categories?post=2706"}],"curies":[{"name":"wp","href":"https:\/\/api.w.org\/{rel}","templated":true}]}}