{"id":2700,"date":"2016-04-04T15:17:50","date_gmt":"2016-04-04T13:17:50","guid":{"rendered":"https:\/\/urlaub-auf-madagaskar.alpha-beta.de\/?page_id=2700"},"modified":"2020-02-11T18:49:13","modified_gmt":"2020-02-11T17:49:13","slug":"masoala-halbinsel","status":"publish","type":"page","link":"https:\/\/www.urlaub-auf-madagaskar.com\/en\/masoala-peninsula-2\/","title":{"rendered":"Masoala Peninsula"},"content":{"rendered":"<h1>Madagascar's Masoala Peninsula:<\/h1>\n<div class=\"bg_white\">\n<div class=\"col-md-12 col-sm-12 bg_white border no_padding margin_bottom_content\">\n<div class=\"col-md-12 col-sm-12 no_padding\">\n<div class=\"home_bg text-center side_bar_padding\"><a href=\"https:\/\/www.urlaub-auf-madagaskar.com\/wp-content\/uploads\/2015\/08\/Masoala_Regenwald.in_Madagaskar.jpg\"><img fetchpriority=\"high\" decoding=\"async\" width=\"198\" height=\"300\" class=\"side_bar_img size-medium wp-image-1447 alignnone\" src=\"https:\/\/www.urlaub-auf-madagaskar.com\/wp-content\/uploads\/2015\/08\/Masoala_Regenwald.in_Madagaskar-198x300.jpg\" srcset=\"https:\/\/www.urlaub-auf-madagaskar.com\/wp-content\/uploads\/2015\/08\/Masoala_Regenwald.in_Madagaskar.jpg 198w, https:\/\/www.urlaub-auf-madagaskar.com\/wp-content\/uploads\/2015\/08\/Masoala_Regenwald.in_Madagaskar-13x20.jpg 13w\" sizes=\"(max-width: 198px) 100vw, 198px\" \/><\/a><\/div>\n<\/div>\n<div class=\"col-md-12 col-sm-12 no_padding\">\n<div class=\"home_content_div\">\n<h3>Evergreen paradise and protected area for still unknown animal species<\/h3>\n<p>The Masoala Peninsula in the <strong>North Madagascar<\/strong> houses the <strong>largest contiguous protected area<\/strong> of the island nation. 2,400 km\u00b2 of rainforest and 100 km\u00b2 of marine park are protected here. Since the local population interfered massively with the ecosystems of the peninsula through intensive agriculture, slash-and-burn agriculture and logging of tropical precious woods, the area was designated a nature reserve in 1997. The <strong>Development of active ecotourism<\/strong> should additionally contribute to the preservation of this unique landscape and at the same time ensure the survival of the local people. The biodiversity in Masoala is one of the highest on earth: two percent of all animal and plant species on earth live in Masoala. Many of the species are also endemic and either unique to Madagascar or even viable only in this limited area. Since the forest on the peninsula is difficult to access in large parts, researchers assume that numerous previously unknown plant and animal species are hiding in the thicket of the rainforest.<\/p>\n<\/div>\n<\/div>\n<\/div>\n<\/div>\n<div class=\"bg_white\">\n<div class=\"col-md-12 col-sm-12 bg_white border no_padding margin_bottom_content\">\n<div class=\"col-md-12 col-sm-12 no_padding\">\n<div class=\"home_bg text-center side_bar_padding\"><a href=\"https:\/\/www.urlaub-auf-madagaskar.com\/wp-content\/uploads\/2015\/07\/thomas-marent-red-ruffed-lemur-varecia-variegata-ruber-masoala-madagascar1.jpg\"><img decoding=\"async\" width=\"300\" height=\"225\" class=\"side_bar_img size-medium wp-image-1099 alignnone\" src=\"https:\/\/www.urlaub-auf-madagaskar.com\/wp-content\/uploads\/2015\/07\/thomas-marent-red-ruffed-lemur-varecia-variegata-ruber-masoala-madagascar1-300x225.jpg\" srcset=\"https:\/\/www.urlaub-auf-madagaskar.com\/wp-content\/uploads\/2015\/07\/thomas-marent-red-ruffed-lemur-varecia-variegata-ruber-masoala-madagascar1-300x225.jpg 300w, https:\/\/www.urlaub-auf-madagaskar.com\/wp-content\/uploads\/2015\/07\/thomas-marent-red-ruffed-lemur-varecia-variegata-ruber-masoala-madagascar1-20x15.jpg 20w, https:\/\/www.urlaub-auf-madagaskar.com\/wp-content\/uploads\/2015\/07\/thomas-marent-red-ruffed-lemur-varecia-variegata-ruber-masoala-madagascar1.jpg 473w\" sizes=\"(max-width: 300px) 100vw, 300px\" \/><\/a><\/div>\n<\/div>\n<div class=\"col-md-12 col-sm-12 no_padding\">\n<div class=\"home_content_div\">\n<h3>The unknown species from Masoala<\/h3>\n<p>In most scientific expeditions to the Masoala Peninsula to date. <strong>unknown animal and plant species discovered<\/strong>. Especially expeditions in search of unknown reptiles and amphibians such as chameleons, geckos, frogs and various species of butterflies and fish are usually crowned with success. But the rich flora and fauna of the rainforests is not all that Masoala has to offer. The peninsula is surrounded by <strong>unspoiled coasts<\/strong> with golden beaches that are also largely unexplored. Within three marine reserves, over <strong>10,000 hectares of coral reefs<\/strong> protected. Currently, more than 3,000 fish species have been inventoried in marine parks. In addition, the <strong>Antongil Bay<\/strong>, on which the peninsula is located, itself also a protected place for <strong>Humpback whales<\/strong>, which accumulate here during the time when the calves are born. <a href=\"https:\/\/www.urlaub-auf-madagaskar.com\/en\/humpback-whale-watching-on-madagascar\/\">Whale watching in Madagascar<\/a> is particularly well possible here.<\/p>\n<\/div>\n<\/div>\n<\/div>\n<\/div>\n<div class=\"bg_white\">\n<div class=\"col-md-12 col-sm-12 bg_white border no_padding margin_bottom_content\">\n<div class=\"col-md-12 col-sm-12 no_padding\">\n<div class=\"home_bg text-center side_bar_padding\"><a href=\"https:\/\/www.urlaub-auf-madagaskar.com\/wp-content\/uploads\/2015\/07\/Masoala_Forest_Lodge_Generic_Images_For_Website_Use_9_boat.jpg\"><img decoding=\"async\" width=\"300\" height=\"200\" class=\"side_bar_img size-medium wp-image-1100 alignnone\" src=\"https:\/\/www.urlaub-auf-madagaskar.com\/wp-content\/uploads\/2015\/07\/Masoala_Forest_Lodge_Generic_Images_For_Website_Use_9_boat-300x200.jpg\" srcset=\"https:\/\/www.urlaub-auf-madagaskar.com\/wp-content\/uploads\/2015\/07\/Masoala_Forest_Lodge_Generic_Images_For_Website_Use_9_boat-300x200.jpg 300w, https:\/\/www.urlaub-auf-madagaskar.com\/wp-content\/uploads\/2015\/07\/Masoala_Forest_Lodge_Generic_Images_For_Website_Use_9_boat-20x13.jpg 20w, https:\/\/www.urlaub-auf-madagaskar.com\/wp-content\/uploads\/2015\/07\/Masoala_Forest_Lodge_Generic_Images_For_Website_Use_9_boat.jpg 600w\" sizes=\"(max-width: 300px) 100vw, 300px\" \/><\/a><\/div>\n<\/div>\n<div class=\"col-md-12 col-sm-12 no_padding\">\n<div class=\"home_content_div\">\n<h3>Discover the Masoala Peninsula from different sides<\/h3>\n<p>The hiking and trekking opportunities are more varied in Masoala than in few other places in Madagascar. The main trails for visitors are spread over different areas such as Nosy Mangabe, Tampolo \/ Ambodiforaha and Cap Est. Also <strong>multi-day hike<\/strong> and trekking tours are possible on this fascinating and lively peninsula. You can visit Masoala National Park from the <strong>Cities Maroantsetra<\/strong> in the southern part or from <strong>Antalaha<\/strong> on the Vanilla coast to the north. From Maroantsetra the journey can also be made by the <strong>Motorboat<\/strong> take place. Also with the daily running <strong>Bush cabs between Antalaha and Cap Est<\/strong> you can reach the village of Masoala and from there go on a hike through the rainforest on foot.<\/p>\n<\/div>\n<\/div>\n<\/div>\n<\/div>\n<div class=\"bg_white\">\n<div class=\"col-md-12 col-sm-12 bg_white border no_padding margin_bottom_content\">\n<div class=\"col-md-12 col-sm-12 no_padding\">\n<div class=\"home_bg text-center side_bar_padding\"><a href=\"https:\/\/www.urlaub-auf-madagaskar.com\/wp-content\/uploads\/2015\/08\/masoala-forest-lodge.jpg\"><img loading=\"lazy\" decoding=\"async\" width=\"300\" height=\"179\" class=\"side_bar_img size-medium wp-image-2392 alignnone\" src=\"https:\/\/www.urlaub-auf-madagaskar.com\/wp-content\/uploads\/2015\/08\/masoala-forest-lodge-300x179.jpg\" srcset=\"https:\/\/www.urlaub-auf-madagaskar.com\/wp-content\/uploads\/2015\/08\/masoala-forest-lodge-300x179.jpg 300w, https:\/\/www.urlaub-auf-madagaskar.com\/wp-content\/uploads\/2015\/08\/masoala-forest-lodge-20x12.jpg 20w, https:\/\/www.urlaub-auf-madagaskar.com\/wp-content\/uploads\/2015\/08\/masoala-forest-lodge.jpg 550w\" sizes=\"(max-width: 300px) 100vw, 300px\" \/><\/a><\/div>\n<\/div>\n<div class=\"col-md-12 col-sm-12 no_padding\">\n<div class=\"home_content_div\">\n<h3>Luxury vacation on the green Masoala Peninsula<\/h3>\n<p>Masoala is one of the very humid areas of Madagascar. From September to December, rainfall rates are lowest in the northern areas. If you come during the high season, be sure to book well in advance. Popular accommodations on the peninsula are still very limited. Fortunately, we ourselves maintain very good relations with the <strong>Arol Lodge<\/strong>. In close cooperation with the operators of this luxurious accommodation we can therefore <a href=\"https:\/\/www.urlaub-auf-madagaskar.com\/en\/der-masoala-treck-in-6-tagen\/\">Trekking tours over 6 days <\/a>or offer trips that include a visit to the beautiful island of <strong>Nosy Mangabe<\/strong> into the program as well. Here you can choose between <a href=\"https:\/\/www.urlaub-auf-madagaskar.com\/en\/masoala-and-nosy-mangabe-3-days\/\">3 days tours<\/a> and 8<a href=\"https:\/\/www.urlaub-auf-madagaskar.com\/en\/masoala-angebote-mit-masoala-forest-lodge\/masoala-abenteuer-8-tage\/\">-day tours <\/a>select<\/p>\n<\/div>\n<\/div>\n<\/div>\n<\/div>\n<div class=\"bg_white\">\n<div class=\"col-md-12 col-sm-12 bg_white border no_padding margin_bottom_content\">\n<div class=\"col-md-12 col-sm-12 no_padding\">\n<div class=\"home_bg text-center side_bar_padding\"><a href=\"https:\/\/www.urlaub-auf-madagaskar.com\/wp-content\/uploads\/2015\/07\/Masoala-Forest-Karte.jpg\"><img loading=\"lazy\" decoding=\"async\" width=\"300\" height=\"152\" class=\"side_bar_img size-medium wp-image-2587 alignnone\" src=\"https:\/\/www.urlaub-auf-madagaskar.com\/wp-content\/uploads\/2015\/07\/Masoala-Forest-Karte-300x152.jpg\" alt=\"Masoala Forest Map\" srcset=\"https:\/\/www.urlaub-auf-madagaskar.com\/wp-content\/uploads\/2015\/07\/Masoala-Forest-Karte-300x152.jpg 300w, https:\/\/www.urlaub-auf-madagaskar.com\/wp-content\/uploads\/2015\/07\/Masoala-Forest-Karte-20x10.jpg 20w, https:\/\/www.urlaub-auf-madagaskar.com\/wp-content\/uploads\/2015\/07\/Masoala-Forest-Karte.jpg 315w\" sizes=\"(max-width: 300px) 100vw, 300px\" \/><\/a><\/div>\n<\/div>\n<div class=\"col-md-12 col-sm-12 no_padding\">\n<div class=\"home_content_div\">\n<p>Also the <a href=\"https:\/\/www.urlaub-auf-madagaskar.com\/en\/masoala-angebote-mit-arol-lodge\/cap-masoala-und-nosy-behentona\/\">3-day round trip via Cap Masoala and Nosy Behentona<\/a> we can use for <strong>Your relaxing luxury vacation<\/strong> can only recommend. One of our other exclusive partners is the <strong>Masoala Forest Lodge<\/strong>. You can reach this isolated paradise by boat from Maroantsetra. The boat sails through the bay of Antongil past the small, picturesque island of Nosy Mangabe until you reach the comfortable lodge. At Masoala Forest Lodge you will have private bath and hot water, luxurious bungalows in the middle of the rainforest and excellent food. There will be a <strong>wide range of activities<\/strong> offered: guided forest walks and kayak tours, bird watching, snorkeling, whale watching, fishing, swimming or even an excursion to the <a href=\"https:\/\/www.urlaub-auf-madagaskar.com\/en\/hintergrundinformationen\/spezialreservate-auf-madagaskar\/nosy-mangabe\/\">Nosy Mangabe Island<\/a>. Also the<a href=\"https:\/\/www.urlaub-auf-madagaskar.com\/en\/themenreisen\/reisen-mit-kindern\/\"> Travel with children <\/a>is at a <a href=\"https:\/\/www.urlaub-auf-madagaskar.com\/en\/themenreisen\/reisen-mit-kindern\/abenteuer-im-masoala-regenwald\/\">Adventure in Masoala Peninsula<\/a> possible. The Masoala Forest Lodge supports with its program a <strong>sustainable lifestyle<\/strong> <strong>of the local populations<\/strong>.<\/p>\n<\/div>\n<\/div>\n<\/div>\n<\/div>","protected":false},"excerpt":{"rendered":"<p>Madagaskars Masoala-Halbinsel: Immergr\u00fcnes Paradies und schutzgebiet f\u00fcr noch unbekannte tierarten Die Masoala-Halbinsel im Norden Madagaskars beherbergt das gr\u00f6\u00dfte zusammenh\u00e4ngende Schutzgebiet des Inselstaates. 2.400 km\u00b2 Regenwald und 100 km\u00b2 Meerespark stehen hier unter Schutz. Da die \u00f6rtliche Bev\u00f6lkerung durch intensive Landwirtschaft, Brandrodung und Abholzung von tropischen Edelh\u00f6lzern massiv in die \u00d6kosysteme der Halbinsel eingriff, ernannte man [&hellip;]<\/p>\n","protected":false},"author":3,"featured_media":1447,"parent":0,"menu_order":0,"comment_status":"closed","ping_status":"closed","template":"","meta":{"footnotes":""},"categories":[419],"class_list":["post-2700","page","type-page","status-publish","has-post-thumbnail","hentry","category-nationalparks"],"_links":{"self":[{"href":"https:\/\/www.urlaub-auf-madagaskar.com\/en\/wp-json\/wp\/v2\/pages\/2700","targetHints":{"allow":["GET"]}}],"collection":[{"href":"https:\/\/www.urlaub-auf-madagaskar.com\/en\/wp-json\/wp\/v2\/pages"}],"about":[{"href":"https:\/\/www.urlaub-auf-madagaskar.com\/en\/wp-json\/wp\/v2\/types\/page"}],"author":[{"embeddable":true,"href":"https:\/\/www.urlaub-auf-madagaskar.com\/en\/wp-json\/wp\/v2\/users\/3"}],"replies":[{"embeddable":true,"href":"https:\/\/www.urlaub-auf-madagaskar.com\/en\/wp-json\/wp\/v2\/comments?post=2700"}],"version-history":[{"count":0,"href":"https:\/\/www.urlaub-auf-madagaskar.com\/en\/wp-json\/wp\/v2\/pages\/2700\/revisions"}],"wp:featuredmedia":[{"embeddable":true,"href":"https:\/\/www.urlaub-auf-madagaskar.com\/en\/wp-json\/wp\/v2\/media\/1447"}],"wp:attachment":[{"href":"https:\/\/www.urlaub-auf-madagaskar.com\/en\/wp-json\/wp\/v2\/media?parent=2700"}],"wp:term":[{"taxonomy":"category","embeddable":true,"href":"https:\/\/www.urlaub-auf-madagaskar.com\/en\/wp-json\/wp\/v2\/categories?post=2700"}],"curies":[{"name":"wp","href":"https:\/\/api.w.org\/{rel}","templated":true}]}}