{"id":2698,"date":"2016-04-04T15:16:48","date_gmt":"2016-04-04T13:16:48","guid":{"rendered":"https:\/\/urlaub-auf-madagaskar.alpha-beta.de\/?page_id=2698"},"modified":"2020-02-05T12:13:00","modified_gmt":"2020-02-05T11:13:00","slug":"marojejy","status":"publish","type":"page","link":"https:\/\/www.urlaub-auf-madagaskar.com\/en\/marojejy\/","title":{"rendered":"Marojejy"},"content":{"rendered":"<h1>Madagascar's wild Marojejy National Park<\/h1>\n<div class=\"bg_white\">\n<div class=\"col-md-12 col-sm-12 bg_white border no_padding margin_bottom_content\">\n<div class=\"col-md-12 col-sm-12 no_padding\">\n<div class=\"home_bg text-center side_bar_padding\"><a href=\"https:\/\/www.urlaub-auf-madagaskar.com\/wp-content\/uploads\/2015\/07\/marojejy_300_x_148.jpg\"><img decoding=\"async\" width=\"300\" height=\"148\" class=\"side_bar_img size-medium wp-image-983 alignnone\" src=\"https:\/\/www.urlaub-auf-madagaskar.com\/wp-content\/uploads\/2015\/07\/marojejy_300_x_148.jpg\" srcset=\"https:\/\/www.urlaub-auf-madagaskar.com\/wp-content\/uploads\/2015\/07\/marojejy_300_x_148.jpg 300w, https:\/\/www.urlaub-auf-madagaskar.com\/wp-content\/uploads\/2015\/07\/marojejy_300_x_148-20x10.jpg 20w\" sizes=\"(max-width: 300px) 100vw, 300px\" \/><\/a><\/div>\n<\/div>\n<div class=\"col-md-12 col-sm-12 no_padding\">\n<div class=\"home_content_div\">\n<h3>the rugged north and its lezten primary forests<\/h3>\n<p>Marojejy (or Marojevy) National Park is a 60,150 hectare rugged and wild mountain area in the <strong>North Madagascar<\/strong>. It is located between 75 to 2,200 m altitude in one of the most beautiful and impressive virgin areas of the country. The magic of this beauty comes from its absolute originality: to 90% the area is covered with primary forests. It is characterized by <strong>lush hills<\/strong> of endless green rainforests, where shrubs, ferns, mosses and lichens hang from the branches and stretch up towards the sunlight. The inaccessibility of the area has created a natural laboratory that houses a unique flora and fauna. For a long time only scientists had access to the park, which was founded in 1952. For several years, however, it has been open to the public. In June 2007, in recognition of its unprecedented biodiversity and breathtaking landscapes, it was officially designated a <strong>UNESCO World Heritage Site<\/strong> declared. Nevertheless, the park is acutely endangered, as the resident members of the Tsmihety tribe still practice their traditional slash and burn (tavy). During the political crisis in 2009, trees were reportedly cut down within the national park, the timber of which is traded as precious wood.<\/p>\n<\/div>\n<\/div>\n<\/div>\n<\/div>\n<div class=\"bg_white\">\n<div class=\"col-md-12 col-sm-12 bg_white border no_padding margin_bottom_content\">\n<div class=\"col-md-12 col-sm-12 no_padding\">\n<div class=\"home_bg text-center side_bar_padding\"><a href=\"https:\/\/www.urlaub-auf-madagaskar.com\/wp-content\/uploads\/2015\/08\/Satanic-Leaf-taile_1870679i.jpg\"><img fetchpriority=\"high\" decoding=\"async\" width=\"258\" height=\"300\" class=\"side_bar_img size-medium wp-image-1343 alignnone\" src=\"https:\/\/www.urlaub-auf-madagaskar.com\/wp-content\/uploads\/2015\/08\/Satanic-Leaf-taile_1870679i-258x300.jpg\" srcset=\"https:\/\/www.urlaub-auf-madagaskar.com\/wp-content\/uploads\/2015\/08\/Satanic-Leaf-taile_1870679i-258x300.jpg 258w, https:\/\/www.urlaub-auf-madagaskar.com\/wp-content\/uploads\/2015\/08\/Satanic-Leaf-taile_1870679i-17x20.jpg 17w, https:\/\/www.urlaub-auf-madagaskar.com\/wp-content\/uploads\/2015\/08\/Satanic-Leaf-taile_1870679i.jpg 620w\" sizes=\"(max-width: 258px) 100vw, 258px\" \/><\/a><\/div>\n<\/div>\n<div class=\"col-md-12 col-sm-12 no_padding\">\n<div class=\"home_content_div\">\n<h3>Marojejy National Park - A paradise for people and animals<\/h3>\n<p>The list of plants and animals native to Marojejy is truly impressive. Most of the species found here are endemic. At least 275 species of ferns and more than 50 species of palms have been catalogued so far in the different altitudes and forest types. In <strong>Low height<\/strong> up to 800m grows more lush <strong>rainforest dominated by palm trees<\/strong>. At an altitude between 800 and 1500m thrives a <strong>Mountain forest<\/strong>which provides the optimal conditions for about 300 species of epiphytes, as well as bamboo, various mosses and lichens. The higher altitudes are covered up to 1800m by a <strong>Hardwood forest<\/strong> greenery, which is dominated almost exclusively by lichens and mosses. In Marojejy National Park are a total of 150 species of amphibians and reptiles, including over <strong>60 frog species<\/strong> like the <strong>green climbing mantella<\/strong>, <strong>Leaf-tailed geckos<\/strong>, <strong>Brookesia chameleons<\/strong> and many others <a href=\"https:\/\/www.urlaub-auf-madagaskar.com\/en\/hintergrundinformationen\/fauna\/reptilien\/\">Reptiles<\/a> native. <strong>45 mammal species<\/strong> live in these pristine forests, including 11 species of lemurs. The most common forest dweller is the endangered <strong>Silk Sifaka<\/strong>which is found only here and in the Anjanaharibe Sud Reserve. Silky sifakas are the most endangered primates in the world. Only about a thousand of them are left. Just like the indris, they are bound to very special living conditions and can therefore only settle in very few areas. Life in captivity is out of the question for these demanding prosimians. Experts have so far assumed that around <strong>120 bird species<\/strong> are native to the Marojejy National Park. However, since the area is hardly developed in large parts, new species are constantly being discovered. Virtually every scientific expedition on the slippery slopes and through the roaring streams is rewarded with the discovery of new species, especially as far as invertebrates are concerned.<\/p>\n<\/div>\n<\/div>\n<\/div>\n<\/div>\n<div class=\"bg_white\">\n<div class=\"col-md-12 col-sm-12 bg_white border no_padding margin_bottom_content\">\n<div class=\"col-md-12 col-sm-12 no_padding\">\n<div class=\"home_bg text-center side_bar_padding\"><a href=\"https:\/\/www.urlaub-auf-madagaskar.com\/wp-content\/uploads\/2015\/07\/DSC_0186-b.jpg\"><img decoding=\"async\" width=\"200\" height=\"300\" class=\"side_bar_img size-medium wp-image-2122 alignnone\" src=\"https:\/\/www.urlaub-auf-madagaskar.com\/wp-content\/uploads\/2015\/07\/DSC_0186-b-200x300.jpg\" alt=\"Rainforest frog\" srcset=\"https:\/\/www.urlaub-auf-madagaskar.com\/wp-content\/uploads\/2015\/07\/DSC_0186-b-200x300.jpg 200w, https:\/\/www.urlaub-auf-madagaskar.com\/wp-content\/uploads\/2015\/07\/DSC_0186-b.jpg 231w\" sizes=\"(max-width: 200px) 100vw, 200px\" \/><\/a><\/div>\n<\/div>\n<div class=\"col-md-12 col-sm-12 no_padding\">\n<div class=\"home_content_div\">\n<h3>Your journey to the untouched paradise of Marojejy<\/h3>\n<p>When planning your trip to Marojejy, please note that this is one of the most <strong>Most humid regions<\/strong> in Madagascar. The whole year over patter here, just as also in the <a href=\"https:\/\/www.urlaub-auf-madagaskar.com\/en\/masoala-anreise\/\">Masoala National Park<\/a> heavy rains descend and from December to April the rains are so heavy that it becomes almost impossible to reach Marojejy. The temperature difference between the warm and cool seasons is small, but depends on the altitudes. The <strong>hottest month is February<\/strong> with an average temperature of 25\u00b0C at lower altitudes. <strong>In July, the coolest month<\/strong> the temperature drops to an average of 19\u00b0C. The main entrance of the park is located at <strong>Andapa<\/strong>which is located on a good asphalt road from Sambava to Antalaha. Here all the preparations of the trip can be made. After arranging the guides, porters and provisions, you will be met with a <strong>Jeep to Mandena<\/strong> brought. This is the place where you can get closest to the foot of the massif by car. After further <strong>4,5km walk to the entrance of the park<\/strong>. After walking 4km inside the park, you will reach the first camp on the left side. The second camp is much higher and takes another hike of 1-2 hours. On the last <strong>900 m of the route must be 450 meters of altitude<\/strong> be mastered, which is very exhausting in the prevailing weather conditions. When the almost permanently present clouds clear, a breathtaking view of the towering Marojejy peaks and the surrounding forests is revealed, which you will surely remember for a long time. All the aching feet, blisters, leeches and sweat and rain soaked clothes will be long forgotten by then.<\/p>\n<\/div>\n<\/div>\n<\/div>\n<\/div>","protected":false},"excerpt":{"rendered":"<p>Madagaskars wilder Marojejy Nationalpark der raue Norden und seine lezten prim\u00e4rw\u00e4lder Der Marojejy (oder Marojevy) National Park ist ein 60.150 Hektar gro\u00dfes, raues und wildes Berggebiet im Norden Madagaskars. Es befindet sich zwischen 75 bis 2.200 m H\u00f6he in einem der sch\u00f6nsten und eindrucksvollsten, unber\u00fchrten Gebiete des Landes. Der Zauber dieser Sch\u00f6nheit geht von seiner [&hellip;]<\/p>\n","protected":false},"author":3,"featured_media":983,"parent":0,"menu_order":0,"comment_status":"closed","ping_status":"closed","template":"","meta":{"footnotes":""},"categories":[419],"class_list":["post-2698","page","type-page","status-publish","has-post-thumbnail","hentry","category-nationalparks"],"_links":{"self":[{"href":"https:\/\/www.urlaub-auf-madagaskar.com\/en\/wp-json\/wp\/v2\/pages\/2698","targetHints":{"allow":["GET"]}}],"collection":[{"href":"https:\/\/www.urlaub-auf-madagaskar.com\/en\/wp-json\/wp\/v2\/pages"}],"about":[{"href":"https:\/\/www.urlaub-auf-madagaskar.com\/en\/wp-json\/wp\/v2\/types\/page"}],"author":[{"embeddable":true,"href":"https:\/\/www.urlaub-auf-madagaskar.com\/en\/wp-json\/wp\/v2\/users\/3"}],"replies":[{"embeddable":true,"href":"https:\/\/www.urlaub-auf-madagaskar.com\/en\/wp-json\/wp\/v2\/comments?post=2698"}],"version-history":[{"count":0,"href":"https:\/\/www.urlaub-auf-madagaskar.com\/en\/wp-json\/wp\/v2\/pages\/2698\/revisions"}],"wp:featuredmedia":[{"embeddable":true,"href":"https:\/\/www.urlaub-auf-madagaskar.com\/en\/wp-json\/wp\/v2\/media\/983"}],"wp:attachment":[{"href":"https:\/\/www.urlaub-auf-madagaskar.com\/en\/wp-json\/wp\/v2\/media?parent=2698"}],"wp:term":[{"taxonomy":"category","embeddable":true,"href":"https:\/\/www.urlaub-auf-madagaskar.com\/en\/wp-json\/wp\/v2\/categories?post=2698"}],"curies":[{"name":"wp","href":"https:\/\/api.w.org\/{rel}","templated":true}]}}