{"id":2694,"date":"2016-04-04T15:14:55","date_gmt":"2016-04-04T13:14:55","guid":{"rendered":"https:\/\/urlaub-auf-madagaskar.alpha-beta.de\/?page_id=2694"},"modified":"2020-02-05T12:10:25","modified_gmt":"2020-02-05T11:10:25","slug":"mananara-nord","status":"publish","type":"page","link":"https:\/\/www.urlaub-auf-madagaskar.com\/en\/mananara-north\/","title":{"rendered":"Mananara North"},"content":{"rendered":"<h1>Experience Madagascar's lush east coast:<\/h1>\n<div class=\"bg_white\">\n<div class=\"col-md-12 col-sm-12 bg_white border no_padding margin_bottom_content\">\n<div class=\"col-md-12 col-sm-12 no_padding\">\n<div class=\"home_bg text-center side_bar_padding\"><a href=\"\/wp-content\/uploads\/2015\/07\/indri_Mananara_225_x_300.jpg\"><img fetchpriority=\"high\" decoding=\"async\" width=\"225\" height=\"300\" class=\"side_bar_img size-medium wp-image-980 alignnone\" src=\"https:\/\/www.urlaub-auf-madagaskar.com\/wp-content\/uploads\/2015\/07\/indri_Mananara_225_x_300.jpg\" srcset=\"https:\/\/www.urlaub-auf-madagaskar.com\/wp-content\/uploads\/2015\/07\/indri_Mananara_225_x_300.jpg 225w, https:\/\/www.urlaub-auf-madagaskar.com\/wp-content\/uploads\/2015\/07\/indri_Mananara_225_x_300-15x20.jpg 15w\" sizes=\"(max-width: 225px) 100vw, 225px\" \/><\/a><\/div>\n<\/div>\n<div class=\"col-md-12 col-sm-12 no_padding\">\n<div class=\"home_content_div\">\n<h3>Mananara North National Park<\/h3>\n<p>The Mananara North National Park is <strong>250 km north of Tamatave(Taomasina)<\/strong> and belongs to a protected area of more than 140,000 hectares in size. The protected area also includes an approximately 1,000-hectare <strong>Marine Park<\/strong> from several small islands and <strong>colorful populated coral reefs<\/strong>. It is located a little south of the bay of Antagonil near the <a href=\"https:\/\/www.urlaub-auf-madagaskar.com\/en\/individual-travel\/masoala-peninsula\/\">Masoala Peninsula<\/a>. The national park covers 23,000 hectares and has existed in its current form since 1989. Since the number of visitors to the terrestrial part of the national park is still quite small, here is a <strong>unspoiled landscape<\/strong> with deep valleys, bizarre rock formations and idyllic waterfalls. The vegetation corresponds to a tropical humid forest with mangroves near the coasts as well as <strong>extensive beaches<\/strong>. The Betsimisaraka and the Tsimihety are the most important ethnic groups in the region. Both peoples practice agriculture and grow rice as well as <a href=\"https:\/\/www.urlaub-auf-madagaskar.com\/en\/the-coffee-on-madagascar\/\">Coffee<\/a>, <a href=\"https:\/\/www.urlaub-auf-madagaskar.com\/en\/vanilla-on-madagascar\/\">Vanilla<\/a> and <a href=\"https:\/\/www.urlaub-auf-madagaskar.com\/en\/carnations-on-madagascar\/\">Cloves<\/a> an. The park is known as <strong>UNESCO Biosphere Reserve<\/strong> and is thus considered an exemplary region in which concepts of sustainable coexistence between people and nature are developed and lived.<\/p>\n<\/div>\n<\/div>\n<\/div>\n<\/div>\n<div class=\"bg_white\">\n<div class=\"col-md-12 col-sm-12 bg_white border no_padding margin_bottom_content\">\n<div class=\"col-md-12 col-sm-12 no_padding\">\n<div class=\"home_bg text-center side_bar_padding\"><a href=\"https:\/\/www.urlaub-auf-madagaskar.com\/wp-content\/uploads\/2015\/06\/RN52.jpg\"><img decoding=\"async\" width=\"200\" height=\"300\" class=\"side_bar_img size-medium wp-image-3657 alignnone\" src=\"https:\/\/www.urlaub-auf-madagaskar.com\/wp-content\/uploads\/2015\/06\/RN52-200x300.jpg\" alt=\"RN5 to Mananara North\" \/><\/a><\/div>\n<\/div>\n<div class=\"col-md-12 col-sm-12 no_padding\">\n<div class=\"home_content_div\">\n<h3>Mananara North National Park: A rich flora and fauna<\/h3>\n<p>The Mananara North Protected Area offers shelter to a remarkable diversity of fauna and flora. The humid forests are home to a particularly large number of small mammals: <strong>17 Rodents<\/strong>- and <strong>13 lemur species<\/strong> live in this national park on the east coast. Aye-aye lemurs, eastern woolly lemurs, brown mouse lemurs and even the largest of all lemurs, the indri-indris, are native here. The indris of the north are especially special. In contrast to their congeners from the south, their fur is almost black and thus much darker than that of the southern Indri-Indri populations. Also <strong>77 bird species<\/strong> like the Red-tailed Vanga, the Helmeted Vanga and the Madagascar Kestrel live in Mananara. <strong>21 Reptiles<\/strong>- and <strong>Amphibian species<\/strong> are also native to the protected area. Particularly impressive, however, is the lush plant life: naturalists here have already identified more than <strong>1200 different plant species<\/strong> recorded. Palm trees (47 species) and magnificent tropical flowers, including some locally endemic orchids grow in these magnificent forests. The marine reserve includes coral reefs with <strong>132 different coral species<\/strong>. Some are unfortunately in a pretty bad condition. Divers can find over 180 species of fish and more than 100 mollusks and echinoderms. Between July and September, when the <strong>Humpback whales<\/strong> come to calve in these balmy waters, many coastal resorts offer tours where you can <a href=\"https:\/\/www.urlaub-auf-madagaskar.com\/en\/humpback-whale-watching-on-madagascar\/\">Humpback whales in Madagascar<\/a> can observe. If you are lucky, you may see a dugong, a fork-tailed manatee.<\/p>\n<\/div>\n<\/div>\n<\/div>\n<\/div>\n<div class=\"bg_white\">\n<div class=\"col-md-12 col-sm-12 bg_white border no_padding margin_bottom_content\">\n<div class=\"col-md-12 col-sm-12 no_padding\">\n<div class=\"home_bg text-center side_bar_padding\"><a href=\"https:\/\/www.urlaub-auf-madagaskar.com\/wp-content\/uploads\/2015\/07\/le-aye-aye_300_x_225.jpg\"><img decoding=\"async\" width=\"300\" height=\"225\" class=\"side_bar_img size-medium wp-image-1022 alignnone\" src=\"https:\/\/www.urlaub-auf-madagaskar.com\/wp-content\/uploads\/2015\/07\/le-aye-aye_300_x_225-300x225.jpg\" srcset=\"https:\/\/www.urlaub-auf-madagaskar.com\/wp-content\/uploads\/2015\/07\/le-aye-aye_300_x_225.jpg 300w, https:\/\/www.urlaub-auf-madagaskar.com\/wp-content\/uploads\/2015\/07\/le-aye-aye_300_x_225-20x15.jpg 20w\" sizes=\"(max-width: 300px) 100vw, 300px\" \/><\/a><\/div>\n<\/div>\n<div class=\"col-md-12 col-sm-12 no_padding\">\n<div class=\"home_content_div\">\n<h3>A selection of the most beautiful tours of Mananara North<\/h3>\n<p>The established trails are longer than in other national parks and take up most of the day. If you go in search of lemurs, reptiles and birds in the Mananara Rainforest, you are <strong>Raincoats<\/strong>, <strong>Trekking suitable clothing<\/strong> and above all <strong>Sturdy shoes<\/strong> a necessity. With the <strong>Verezanantsoro <\/strong>and the<strong> Ivontaka Tour<\/strong> deny <strong>15 to 20 km long hiking trails<\/strong> through the tropical rainforest, where some vanilla and clove plantations are on the way. A slightly more difficult tour is the <strong>Varary Tour<\/strong>. It lasts two days and takes you into the heart of the dense rainforest, from where you can regularly enjoy spectacular views over the national park. A boat trip to the small island of Nosy Antafana, which is home to a huge colony of bats and seabirds, is also highly recommended. Enjoy the tropical dream beaches and of course snorkeling in the coral reefs. There is basic accommodation on the island and camping is allowed.<\/p>\n<\/div>\n<\/div>\n<\/div>\n<\/div>\n<div class=\"bg_white\">\n<div class=\"col-md-12 col-sm-12 bg_white border no_padding margin_bottom_content\">\n<div class=\"col-md-12 col-sm-12 no_padding\">\n<div class=\"home_bg text-center side_bar_padding\"><a href=\"https:\/\/www.urlaub-auf-madagaskar.com\/wp-content\/uploads\/2015\/08\/RN5_photos1.jpg\"><img loading=\"lazy\" decoding=\"async\" width=\"300\" height=\"200\" class=\"side_bar_img size-medium wp-image-1336 alignnone\" src=\"https:\/\/www.urlaub-auf-madagaskar.com\/wp-content\/uploads\/2015\/08\/RN5_photos1-300x200.jpg\" alt=\"RN5 track to Mananara\" srcset=\"https:\/\/www.urlaub-auf-madagaskar.com\/wp-content\/uploads\/2015\/08\/RN5_photos1-300x200.jpg 300w, https:\/\/www.urlaub-auf-madagaskar.com\/wp-content\/uploads\/2015\/08\/RN5_photos1-20x13.jpg 20w, https:\/\/www.urlaub-auf-madagaskar.com\/wp-content\/uploads\/2015\/08\/RN5_photos1.jpg 400w\" sizes=\"(max-width: 300px) 100vw, 300px\" \/><\/a><\/div>\n<\/div>\n<div class=\"col-md-12 col-sm-12 no_padding\">\n<div class=\"home_content_div\">\n<h3>Your visit to Mananara North National Park. Arrival and best time to travel<\/h3>\n<p>The climate in this region is humid with frequent rainfall and warm temperatures throughout the year. However, you should avoid the northeastern areas of the island during the cyclone season from January to March. The park is accessible year-round by car or boat. However, motorists should be prepared for a poorly surfaced, muddy sandy road between Soanierana Ivongo and Mananara North, which can only be reached with a <strong>powerful all-terrain vehicle<\/strong> is passable. At the turnoff in a village called Antanambe you drive another 8 km on a bad dirt road to the park entrance. We will be happy to advise you about your options for a cheap <a href=\"https:\/\/www.urlaub-auf-madagaskar.com\/en\/car-hire\/\">Rental car <\/a>to take advantage of.  A visit to Mananara North National Park can also be easily integrated into a <a href=\"https:\/\/www.urlaub-auf-madagaskar.com\/en\/masoala-anreise\/\">Individual trip to Masoala Peninsula<\/a> schedule. We will be happy to assist you with your individual travel planning. Another possibility to reach Mananara North is <strong>by boat from Mananara<\/strong> (2 to 4 hours, depending on the boat) or from <strong>Antanambe<\/strong> (1 hour). Transfers are possible every day.<\/p>\n<p>In some villages such as Antanambao-Mandrisy and Sahasoa, some eco-lodges are currently being built by the communities. The communities work closely with the park management and try to create a <strong>sustainable tourism<\/strong> to establish in the region, as well as to promote the development of community projects. Within the park you can also camp. There are several campsites with very basic facilities.<\/p>\n<\/div>\n<\/div>\n<\/div>\n<\/div>","protected":false},"excerpt":{"rendered":"<p>Madagaskars \u00fcppige Ostk\u00fcste erleben: Mananara Nord Nationalpark Der Mananara Nord Nationalpark liegt 250 km n\u00f6rdlich von Tamatave(Taomasina) und geh\u00f6rt zu einem Schutzgebiet von mehr als 140.000 Hektar Gr\u00f6\u00dfe. Zum Schutzgebiet geh\u00f6rt auch ein etwa 1.000 Hektar gro\u00dfer Marinepark aus mehreren kleinen Inseln und bunt bev\u00f6lkerten Korallenriffen. Er befindet sich ein wenig s\u00fcdlich der Bucht von [&hellip;]<\/p>\n","protected":false},"author":3,"featured_media":980,"parent":0,"menu_order":0,"comment_status":"closed","ping_status":"closed","template":"","meta":{"footnotes":""},"categories":[419],"class_list":["post-2694","page","type-page","status-publish","has-post-thumbnail","hentry","category-nationalparks"],"_links":{"self":[{"href":"https:\/\/www.urlaub-auf-madagaskar.com\/en\/wp-json\/wp\/v2\/pages\/2694","targetHints":{"allow":["GET"]}}],"collection":[{"href":"https:\/\/www.urlaub-auf-madagaskar.com\/en\/wp-json\/wp\/v2\/pages"}],"about":[{"href":"https:\/\/www.urlaub-auf-madagaskar.com\/en\/wp-json\/wp\/v2\/types\/page"}],"author":[{"embeddable":true,"href":"https:\/\/www.urlaub-auf-madagaskar.com\/en\/wp-json\/wp\/v2\/users\/3"}],"replies":[{"embeddable":true,"href":"https:\/\/www.urlaub-auf-madagaskar.com\/en\/wp-json\/wp\/v2\/comments?post=2694"}],"version-history":[{"count":0,"href":"https:\/\/www.urlaub-auf-madagaskar.com\/en\/wp-json\/wp\/v2\/pages\/2694\/revisions"}],"wp:featuredmedia":[{"embeddable":true,"href":"https:\/\/www.urlaub-auf-madagaskar.com\/en\/wp-json\/wp\/v2\/media\/980"}],"wp:attachment":[{"href":"https:\/\/www.urlaub-auf-madagaskar.com\/en\/wp-json\/wp\/v2\/media?parent=2694"}],"wp:term":[{"taxonomy":"category","embeddable":true,"href":"https:\/\/www.urlaub-auf-madagaskar.com\/en\/wp-json\/wp\/v2\/categories?post=2694"}],"curies":[{"name":"wp","href":"https:\/\/api.w.org\/{rel}","templated":true}]}}