{"id":2691,"date":"2016-04-04T15:13:59","date_gmt":"2016-04-04T13:13:59","guid":{"rendered":"https:\/\/urlaub-auf-madagaskar.alpha-beta.de\/?page_id=2691"},"modified":"2020-02-05T12:36:12","modified_gmt":"2020-02-05T11:36:12","slug":"montagne-d-ambre","status":"publish","type":"page","link":"https:\/\/www.urlaub-auf-madagaskar.com\/en\/montagne-d-ambre\/","title":{"rendered":"Montagne d \u0301Ambre"},"content":{"rendered":"<h1>Madagascar's Montagne d'Ambre:<\/h1>\n<div class=\"bg_white\">\n<div class=\"col-md-12 col-sm-12 bg_white border no_padding margin_bottom_content\">\n<div class=\"col-md-12 col-sm-12 no_padding\">\n<div class=\"home_bg text-center side_bar_padding\"><a href=\"\/wp-content\/uploads\/2015\/07\/Montagne_dAmbre_199_x_300.jpg\"><img fetchpriority=\"high\" decoding=\"async\" width=\"199\" height=\"300\" class=\"side_bar_img size-medium wp-image-967 alignnone\" src=\"https:\/\/www.urlaub-auf-madagaskar.com\/wp-content\/uploads\/2015\/07\/Montagne_dAmbre_199_x_300.jpg\" srcset=\"https:\/\/www.urlaub-auf-madagaskar.com\/wp-content\/uploads\/2015\/07\/Montagne_dAmbre_199_x_300.jpg 199w, https:\/\/www.urlaub-auf-madagaskar.com\/wp-content\/uploads\/2015\/07\/Montagne_dAmbre_199_x_300-13x20.jpg 13w\" sizes=\"(max-width: 199px) 100vw, 199px\" \/><\/a><\/div>\n<\/div>\n<div class=\"col-md-12 col-sm-12 no_padding\">\n<div class=\"home_content_div\">\n<h3>mystic amber mountain in the north of the red island<\/h3>\n<p>The Montagne d'Ambre (Amber Mountain) National Park is located about <strong>30 km south of Antsiranana<\/strong> in the north of the island nation. The national park was founded in 1958. The massif has an area of 18,200 hectares, is located in between 800 and 1,470m above sea level and offers, also because of the different altitudes, a great diversity of species. It is a huge tropical forest with endemic flora and fauna, lush vegetation, many waterfalls and idyllic crater lakes. Especially <a href=\"https:\/\/www.urlaub-auf-madagaskar.com\/en\/the-bevoelkerung-on-madagascar\/\">Tribes of the <strong>Sakalava<\/strong> and <strong>Antankarana<\/strong><\/a> live in the region.<\/p>\n<p>The best time to visit the park is between September and November. Although it rains from time to time, the pleasant warm temperatures make all the animals active. The chances here the <strong>extensive flora and fauna<\/strong> in its entirety <strong>Splendor<\/strong> to experience are greatest during this time. Between December and March, many rage <strong>Cyclones<\/strong> in the area. You should avoid the northern areas of Madagascar during this time.<\/p>\n<\/div>\n<\/div>\n<\/div>\n<\/div>\n<div class=\"col-md-12 col-sm-12 bg_white border no_padding margin_bottom_content\">\n<div class=\"col-md-12 col-sm-12 home_content_div\">\n<h3>The flora and fauna of the Montagne d'Ambre National Park<\/h3>\n<p>A large number of animal species populate the National Park: 25 species of mammals, 6 of which are carnivores, such as the ringed mongoose and the fossa, as well as <strong>8 lemur species <\/strong>live at Amber Mountain. Sanford brown lemurs, crowned lemurs, Lesser bamboo lemurs and five species of nocturnal lemurs also have their natural habitat here. The forests are also home to <strong>75 different species of birds<\/strong>, of which 35 are endemic. In addition, there are <strong>60 species of reptiles<\/strong> such as the tiny stub-tailed chameleon, leaf-tailed geckos and snakes, as well as <strong>35 Frog<\/strong>- and more than <strong>40 different colorful butterfly species<\/strong>. In the Montagne d'Ambre National Park dominate <strong>three ecosystems<\/strong>: mountain rainforest, low mountain rainforest and dry deciduous forests. Especially botanically interested people like to travel to the Montagne d'Ambre National Park. More than <strong>1000 different plants<\/strong> can be found here.<\/p>\n<\/div>\n<\/div>","protected":false},"excerpt":{"rendered":"<p>Madagaskars Montagne d\u2019Ambre: mystischer Bernsteinberg im norden der roten insel Der Montagne d\u2019Ambre (Bernsteinberg) Nationalpark liegt etwa 30 km s\u00fcdlich von Antsiranana im Norden des Inselstaates. Gegr\u00fcndet wurde der Nationalpark 1958. Das Massiv hat eine Fl\u00e4che von 18.200 Hektar, befindet sich in zwischen 800 und 1.470m \u00fcber dem Meeresspiegel und bietet, auch wegen der unterschiedlichen [&hellip;]<\/p>\n","protected":false},"author":3,"featured_media":967,"parent":0,"menu_order":0,"comment_status":"closed","ping_status":"closed","template":"","meta":{"footnotes":""},"categories":[419],"class_list":["post-2691","page","type-page","status-publish","has-post-thumbnail","hentry","category-nationalparks"],"_links":{"self":[{"href":"https:\/\/www.urlaub-auf-madagaskar.com\/en\/wp-json\/wp\/v2\/pages\/2691","targetHints":{"allow":["GET"]}}],"collection":[{"href":"https:\/\/www.urlaub-auf-madagaskar.com\/en\/wp-json\/wp\/v2\/pages"}],"about":[{"href":"https:\/\/www.urlaub-auf-madagaskar.com\/en\/wp-json\/wp\/v2\/types\/page"}],"author":[{"embeddable":true,"href":"https:\/\/www.urlaub-auf-madagaskar.com\/en\/wp-json\/wp\/v2\/users\/3"}],"replies":[{"embeddable":true,"href":"https:\/\/www.urlaub-auf-madagaskar.com\/en\/wp-json\/wp\/v2\/comments?post=2691"}],"version-history":[{"count":0,"href":"https:\/\/www.urlaub-auf-madagaskar.com\/en\/wp-json\/wp\/v2\/pages\/2691\/revisions"}],"wp:featuredmedia":[{"embeddable":true,"href":"https:\/\/www.urlaub-auf-madagaskar.com\/en\/wp-json\/wp\/v2\/media\/967"}],"wp:attachment":[{"href":"https:\/\/www.urlaub-auf-madagaskar.com\/en\/wp-json\/wp\/v2\/media?parent=2691"}],"wp:term":[{"taxonomy":"category","embeddable":true,"href":"https:\/\/www.urlaub-auf-madagaskar.com\/en\/wp-json\/wp\/v2\/categories?post=2691"}],"curies":[{"name":"wp","href":"https:\/\/api.w.org\/{rel}","templated":true}]}}