{"id":2683,"date":"2016-04-04T15:09:53","date_gmt":"2016-04-04T13:09:53","guid":{"rendered":"https:\/\/urlaub-auf-madagaskar.alpha-beta.de\/?page_id=2683"},"modified":"2020-02-05T12:05:21","modified_gmt":"2020-02-05T11:05:21","slug":"baie-de-baly","status":"publish","type":"page","link":"https:\/\/www.urlaub-auf-madagaskar.com\/en\/baie-de-baly\/","title":{"rendered":"Baie de Baly"},"content":{"rendered":"<h1>Madagascar's Baly Bay:<\/h1>\n<div class=\"bg_white\">\n<div class=\"col-md-12 col-sm-12 bg_white border no_padding margin_bottom_content\">\n<div class=\"col-md-12 col-sm-12 no_padding\">\n<div class=\"home_bg text-center side_bar_padding\"><a href=\"https:\/\/www.urlaub-auf-madagaskar.com\/wp-content\/uploads\/2016\/04\/Pflugschar-Schildkr\u00f6ten-Schutz-Programm.jpg\"><img fetchpriority=\"high\" decoding=\"async\" width=\"300\" height=\"225\" class=\"side_bar_img size-medium wp-image-3203 alignnone\" src=\"https:\/\/www.urlaub-auf-madagaskar.com\/wp-content\/uploads\/2016\/04\/Pflugschar-Schildkr\u00f6ten-Schutz-Programm-300x225.jpg\" alt=\"Ploughshare turtle protection program\" srcset=\"\" sizes=\"(max-width: 300px) 100vw, 300px\" data-srcset=\"\" \/><\/a><\/div>\n<\/div>\n<div class=\"col-md-12 col-sm-12 no_padding\">\n<div class=\"home_content_div\">\n<h3>A national park for connoisseurs and demanding ornithologists.<\/h3>\n<p>At the <strong>Northwest coast of Madagascar<\/strong>, about 150km south of Mahajanga, lies the dreamy Baly Bay (Baie de Baly). Although the area is very important especially for ornithological research, the national park was only founded in 1997 and is therefore one of the youngest protected areas on the island. The 570km\u00b2 large national park is both in <strong>terrestrial as well as aquatic<\/strong> respect an important habitat with very high biodiversity and a fantastic project for demanding<a href=\"https:\/\/www.urlaub-auf-madagaskar.com\/en\/ornithological-travels-on-madagascar\/\"> Ornithological trips in Madagascar<\/a>. <strong>Many different ecosystems<\/strong> such as dense dry forests, mangroves, rivers and lakes, sandy beaches, dunes and impressive coral reefs lie close together here. The semi-intensive shrimp aquaculture in the immediate vicinity of the nature reserve has a special economic value for the region. Several communities of the Sakavala people live in small fishing villages along the coast. The climate is pleasantly warm all year round with temperatures between 23\u00b0 and 28\u00b0. From April to November it does not rain at all and despite the proximity of the sea, the air is very dry. The national park is located in the immediate vicinity of the <a href=\"https:\/\/www.urlaub-auf-madagaskar.com\/en\/hintergrundinformationen\/national-parks-madagaskar\/tsingy-von-namoroka\/\">National Park Tsingy de Namoroka<\/a>.<\/p>\n<\/div>\n<\/div>\n<\/div>\n<\/div>\n<div class=\"bg_white\">\n<div class=\"col-md-12 col-sm-12 bg_white border no_padding margin_bottom_content\">\n<div class=\"col-md-12 col-sm-12 no_padding\">\n<div class=\"home_bg text-center side_bar_padding\"><a href=\"https:\/\/www.urlaub-auf-madagaskar.com\/wp-content\/uploads\/2015\/07\/Baly_Bay_300_x_225.jpg\"><img decoding=\"async\" width=\"300\" height=\"225\" class=\"side_bar_img size-medium wp-image-960 alignnone\" src=\"https:\/\/www.urlaub-auf-madagaskar.com\/wp-content\/uploads\/2015\/07\/Baly_Bay_300_x_225.jpg\" alt=\"Turtle in Baly Bay\" \/><\/a><\/div>\n<\/div>\n<div class=\"col-md-12 col-sm-12 no_padding\">\n<div class=\"home_content_div\">\n<h3>The Baie de Baly - habitat of endangered species on water and on land<\/h3>\n<p>The main attraction of the park is the extremely rare and endangered <strong>Madagascar ploughshare turtle<\/strong> (local as <strong>Angonoka<\/strong> known in Latin as Geochelone yniphora), which lives only here in this park. In addition, the idyllic bay is home to 13 species of mammals - including. <strong>8 lemur species<\/strong> - native to their habitat with <strong>120 bird species<\/strong> and more than <strong>35 species of reptiles<\/strong> like <strong>Chameleons<\/strong> and <strong>Tortoises<\/strong> share. Hawksbill turtles lay their eggs on the beaches from which visitors <strong>Dolphins<\/strong> and <strong>Manatees<\/strong> can observe. More than <strong>50 waterfowl species<\/strong> have their habitat in Baie de Baly, five of which are extremely endangered. The rare ospreys, herons of several species, sacred ibises, plovers and pink flamingos are common in the park.<\/p>\n<\/div>\n<\/div>\n<\/div>\n<\/div>\n<div class=\"col-md-12 col-sm-12 bg_white border no_padding margin_bottom_content\">\n<div class=\"col-md-12 col-sm-12 home_content_div\">\n<h3>Getting to Baie de Baly requires planning<\/h3>\n<p>The fastest way to reach the park is by plane. From the Air Madagascar is offered a <strong>Flight connection to Soalala<\/strong>, a small village located only a few kilometers from the national park. During the dry season, Baie de Baly is also accessible by road. Nevertheless, it can be a <strong>difficult and especially long ride<\/strong> be. You will have to cross Bombetoka Bay to reach Katsepy. From here you will drive it another 6 to 9 hours from Katsepy to Soalala. Another option is a <strong>Boat for rent in Mahajanga that will take you directly to the park<\/strong>. This type of travel offers beautiful views and lasts from 6 to 14, depending on the type of boat. Although there is no real campsite and no sanitary facilities, it is possible to camp in the park. However, visitors usually prefer to stay in the town of Soalala, which is located not far from the park.<\/p>\n<\/div>\n<\/div>\n<div class=\"col-md-12 col-sm-12 bg_white border no_padding margin_bottom_content\">\n<div class=\"col-md-12 col-sm-12 home_content_div\">\n<h3>Tours through the idyllic Baie de Baly<\/h3>\n<p>There are currently <strong>Two tours<\/strong> in Baly Bay. Prices are higher than in other national parks at 120,000 Ariary per person per day. For both tours, you first cross the bay by motorboat to reach the habitats of rare species. The <strong>Angonoky Tour<\/strong> lasts about 3 hours and during the visit you will see the star of the park, the very endangered ploughshare tortoise, as well as some lemurs. The <strong>Ankoay Tour<\/strong>, named after the local name of the osprey, is focused on the rich bird life found here. This tour usually lasts two days. A night in the camp of the park is required. To plan well your visit to the beautiful Baie de Baly, you should know in advance the <strong>Park office in Mahajunga<\/strong> contact. There you can arrange transportation and even get necessary equipment if you do not have any yourself.<\/p>\n<\/div>\n<\/div>","protected":false},"excerpt":{"rendered":"<p>Madagaskars Baly Bay: Ein Nationalpark f\u00fcr Kenner und anspruchsvolle Ornithologen. An der Nordwestk\u00fcste Madagaskars, etwa 150km s\u00fcdlich von Mahajanga, liegt die vertr\u00e4umte Baly Bay (Baie de Baly). Obwohl das Gebiet vor allem f\u00fcr ornithologische Forschungen sehr wichtig ist, wurde der Nationalpark erst 1997 gegr\u00fcndet und ist damit eines der j\u00fcngsten Schutzgebiete der Insel. Der 570km\u00b2 [&hellip;]<\/p>\n","protected":false},"author":3,"featured_media":3203,"parent":0,"menu_order":0,"comment_status":"closed","ping_status":"closed","template":"","meta":{"footnotes":""},"categories":[419],"class_list":["post-2683","page","type-page","status-publish","has-post-thumbnail","hentry","category-nationalparks"],"_links":{"self":[{"href":"https:\/\/www.urlaub-auf-madagaskar.com\/en\/wp-json\/wp\/v2\/pages\/2683","targetHints":{"allow":["GET"]}}],"collection":[{"href":"https:\/\/www.urlaub-auf-madagaskar.com\/en\/wp-json\/wp\/v2\/pages"}],"about":[{"href":"https:\/\/www.urlaub-auf-madagaskar.com\/en\/wp-json\/wp\/v2\/types\/page"}],"author":[{"embeddable":true,"href":"https:\/\/www.urlaub-auf-madagaskar.com\/en\/wp-json\/wp\/v2\/users\/3"}],"replies":[{"embeddable":true,"href":"https:\/\/www.urlaub-auf-madagaskar.com\/en\/wp-json\/wp\/v2\/comments?post=2683"}],"version-history":[{"count":0,"href":"https:\/\/www.urlaub-auf-madagaskar.com\/en\/wp-json\/wp\/v2\/pages\/2683\/revisions"}],"wp:featuredmedia":[{"embeddable":true,"href":"https:\/\/www.urlaub-auf-madagaskar.com\/en\/wp-json\/wp\/v2\/media\/3203"}],"wp:attachment":[{"href":"https:\/\/www.urlaub-auf-madagaskar.com\/en\/wp-json\/wp\/v2\/media?parent=2683"}],"wp:term":[{"taxonomy":"category","embeddable":true,"href":"https:\/\/www.urlaub-auf-madagaskar.com\/en\/wp-json\/wp\/v2\/categories?post=2683"}],"curies":[{"name":"wp","href":"https:\/\/api.w.org\/{rel}","templated":true}]}}