{"id":2673,"date":"2016-04-04T15:01:55","date_gmt":"2016-04-04T13:01:55","guid":{"rendered":"https:\/\/urlaub-auf-madagaskar.alpha-beta.de\/?page_id=2673"},"modified":"2020-02-05T12:46:00","modified_gmt":"2020-02-05T11:46:00","slug":"kirindy-privat-reservat","status":"publish","type":"page","link":"https:\/\/www.urlaub-auf-madagaskar.com\/en\/kirindy-private-reserve\/","title":{"rendered":"Kirindy Private Reserve"},"content":{"rendered":"<h1>Madagascar's Kirindy:<\/h1>\n<div class=\"bg_white\">\n<div class=\"col-md-12 col-sm-12 bg_white border no_padding margin_bottom_content\">\n<div class=\"col-md-12 col-sm-12 no_padding\">\n<div class=\"home_bg text-center side_bar_padding\"><a href=\"\/wp-content\/uploads\/2015\/07\/Fossa_300_x_214.jpg\"><img fetchpriority=\"high\" decoding=\"async\" width=\"300\" height=\"214\" class=\"side_bar_img size-medium wp-image-1033 alignnone\" src=\"https:\/\/www.urlaub-auf-madagaskar.com\/wp-content\/uploads\/2015\/07\/Fossa_300_x_214.jpg\" srcset=\"https:\/\/www.urlaub-auf-madagaskar.com\/wp-content\/uploads\/2015\/07\/Fossa_300_x_214.jpg 300w, https:\/\/www.urlaub-auf-madagaskar.com\/wp-content\/uploads\/2015\/07\/Fossa_300_x_214-20x14.jpg 20w\" sizes=\"(max-width: 300px) 100vw, 300px\" \/><\/a><\/div>\n<\/div>\n<div class=\"col-md-12 col-sm-12 no_padding\">\n<div class=\"home_content_div\">\n<h3>Timber industry and nature conservation<\/h3>\n<p>The Kirindy Private Reserve is located 50 km northeast of the city of Morondava, close to Madagascar's west coast. This private forest is managed and operated by a Swiss company, the Centre de Formation Professionelle Foresti\u00e8re. <strong>selective and above all sustainable logging<\/strong>. The area is one of the last dry deciduous trees on the island and almost preserved in its original extent. The forest includes well <strong>100km\u00b2<\/strong> and impresses above all by its majestic, pot-bellied <strong>Baobabs<\/strong>, which here reach a particularly impressive size. Below the leaf canopy of 14m height lives among other things the <strong>giant spring rat<\/strong>which rather resembles a mixture of hamster and kangaroo. The area is also inhabited by the Sakavala people, who boast above all of their successful breeding of zebu cattle, which is of great importance to the population in Madagascar. The baobabs, on the other hand, are shunned by the Sakalava. They are covered with a fady, a taboo.<\/p>\n<\/div>\n<\/div>\n<\/div>\n<\/div>\n<div class=\"bg_white\">\n<div class=\"col-md-12 col-sm-12 bg_white border no_padding margin_bottom_content\">\n<div class=\"col-md-12 col-sm-12 no_padding\">\n<div class=\"home_bg text-center side_bar_padding\"><a href=\"https:\/\/www.urlaub-auf-madagaskar.com\/wp-content\/uploads\/2015\/10\/20151012_165815.jpg\"><img decoding=\"async\" width=\"242\" height=\"300\" class=\"side_bar_img size-medium wp-image-1721 alignnone\" src=\"https:\/\/www.urlaub-auf-madagaskar.com\/wp-content\/uploads\/2015\/10\/20151012_165815-242x300.jpg\" alt=\"Fosa in Kirindy\" srcset=\"https:\/\/www.urlaub-auf-madagaskar.com\/wp-content\/uploads\/2015\/10\/20151012_165815-242x300.jpg 242w, https:\/\/www.urlaub-auf-madagaskar.com\/wp-content\/uploads\/2015\/10\/20151012_165815-16x20.jpg 16w, https:\/\/www.urlaub-auf-madagaskar.com\/wp-content\/uploads\/2015\/10\/20151012_165815.jpg 480w\" sizes=\"(max-width: 242px) 100vw, 242px\" \/><\/a><\/div>\n<\/div>\n<div class=\"col-md-12 col-sm-12 no_padding\">\n<div class=\"home_content_div\">\n<h3>Unique sanctuary for unique animals<\/h3>\n<p>Among other things, Kirindy is home to numerous <strong>Fossa's<\/strong>, a feline predator native only to Madagascar. Especially during the mating season between October and December, fossas can be observed with ease. Also in total <strong>7 species of lemurs<\/strong> live in Kirindy. The most common here are the brown lemurs and the sifakas. Sifakas have a white coloring with dark spots. Because of their strong hind legs they usually stand upright and move forward by powerful jumps. Their method of locomotion is therefore also called the dance of the sifakas. Most animals native to Kirindy, however, are nocturnal. Several bats, tenreks, mongooses and rodents are part of the mammal population as well as 40 species of birds, 50 species of reptiles and 15 species of amphibians are also found in this magnificent forest. The flora is also quite unusual and contains several locally endemic plant species.<\/p>\n<\/div>\n<\/div>\n<\/div>\n<\/div>\n<div class=\"bg_white\">\n<div class=\"col-md-12 col-sm-12 bg_white border no_padding margin_bottom_content\">\n<div class=\"col-md-12 col-sm-12 no_padding\">\n<div class=\"home_bg text-center side_bar_padding\"><a href=\"https:\/\/www.urlaub-auf-madagaskar.com\/wp-content\/uploads\/2015\/10\/DiePrachtderPiste-Kirindy-4.jpg\"><img decoding=\"async\" width=\"300\" height=\"200\" class=\"side_bar_img size-medium wp-image-1677 alignnone\" src=\"https:\/\/www.urlaub-auf-madagaskar.com\/wp-content\/uploads\/2015\/10\/DiePrachtderPiste-Kirindy-4-300x200.jpg\" srcset=\"https:\/\/www.urlaub-auf-madagaskar.com\/wp-content\/uploads\/2015\/10\/DiePrachtderPiste-Kirindy-4-300x200.jpg 300w, https:\/\/www.urlaub-auf-madagaskar.com\/wp-content\/uploads\/2015\/10\/DiePrachtderPiste-Kirindy-4-20x13.jpg 20w, https:\/\/www.urlaub-auf-madagaskar.com\/wp-content\/uploads\/2015\/10\/DiePrachtderPiste-Kirindy-4.jpg 640w\" sizes=\"(max-width: 300px) 100vw, 300px\" \/><\/a><\/div>\n<\/div>\n<div class=\"col-md-12 col-sm-12 no_padding\">\n<div class=\"home_content_div\">\n<h3>Arrival and stay at Kirindy Private Park<\/h3>\n<p>Inside the park, a well-branched network of trails makes the visit a real pleasure. The staff is very helpful and extremely well trained, as the <strong>popular night hikes <\/strong>prove time and again. Not only do the guides expertly lead visitors through the forest, but they also point out when nocturnal lemurs, fossas, the giant spring rat, reptiles, frogs and rare insects show themselves. Since the reserve can be reached from Morondova in only 2 hours, most visitors come only for a day trip. Unfortunately, this means they miss out on the extremely rewarding and informative night hike. Therefore, in order to allow as many travelers as possible to participate in the night hike, the park service is making great efforts to improve visitor facilities. At the entrance to the reserve there is not only a small office, but also a <strong>Restaurant with local cuisine<\/strong>. There are also several <strong>Bungalows<\/strong> with mosquito nets, with private bathroom or shared bathroom, shower and limited electricity available. The price for accommodation in one of the bungalows ranges from 40,000 to 52,000 Ariary per night.<\/p>\n<\/div>\n<\/div>\n<\/div>\n<\/div>\n<div class=\"col-md-12 col-sm-12 bg_white border no_padding margin_bottom_content\">\n<div class=\"col-md-12 col-sm-12 home_content_div\">\n<h3>The best time to visit Kirindy<\/h3>\n<p>In this part of the island two seasons determine the climate. During the <strong>Rainy season from December to March<\/strong> it is very hot. Temperatures then often rise up to 40\u00b0C and heavy rains make large parts of the park inaccessible. <strong>At the beginning of the rainy season, the weather conditions are far better.<\/strong> The forest is green, the animals are particularly active and most of the paths are passable. The park can also be visited in the dry season between April and November. The temperatures are then very mild and range between 25\u00b0 and 15\u00b0C. However, the forest is then leafless and many of the reptiles and small mammals are inactive and hibernate.<\/p>\n<\/div>\n<\/div>","protected":false},"excerpt":{"rendered":"<p>Madagaskars Kirindy: Holzwirtschaft und Naturschutz Das Kirindy Privat Reservat liegt 50 km nord\u00f6stlich der Stadt Morondava und damit nahe der der madagassischen Westk\u00fcste. Dieser private Wald wird von einem Schweizer Unternehmen, dem Centre de Formation Professionelle Foresti\u00e8re, verwaltet und betreibt selektiven und vor allem nachhaltigen Holzeinschlag. Das Gebiet ist einer der letzten trockenen Laubb\u00e4ume auf [&hellip;]<\/p>\n","protected":false},"author":3,"featured_media":1033,"parent":0,"menu_order":0,"comment_status":"closed","ping_status":"closed","template":"","meta":{"footnotes":""},"categories":[483],"class_list":["post-2673","page","type-page","status-publish","has-post-thumbnail","hentry","category-private-parks"],"_links":{"self":[{"href":"https:\/\/www.urlaub-auf-madagaskar.com\/en\/wp-json\/wp\/v2\/pages\/2673","targetHints":{"allow":["GET"]}}],"collection":[{"href":"https:\/\/www.urlaub-auf-madagaskar.com\/en\/wp-json\/wp\/v2\/pages"}],"about":[{"href":"https:\/\/www.urlaub-auf-madagaskar.com\/en\/wp-json\/wp\/v2\/types\/page"}],"author":[{"embeddable":true,"href":"https:\/\/www.urlaub-auf-madagaskar.com\/en\/wp-json\/wp\/v2\/users\/3"}],"replies":[{"embeddable":true,"href":"https:\/\/www.urlaub-auf-madagaskar.com\/en\/wp-json\/wp\/v2\/comments?post=2673"}],"version-history":[{"count":0,"href":"https:\/\/www.urlaub-auf-madagaskar.com\/en\/wp-json\/wp\/v2\/pages\/2673\/revisions"}],"wp:featuredmedia":[{"embeddable":true,"href":"https:\/\/www.urlaub-auf-madagaskar.com\/en\/wp-json\/wp\/v2\/media\/1033"}],"wp:attachment":[{"href":"https:\/\/www.urlaub-auf-madagaskar.com\/en\/wp-json\/wp\/v2\/media?parent=2673"}],"wp:term":[{"taxonomy":"category","embeddable":true,"href":"https:\/\/www.urlaub-auf-madagaskar.com\/en\/wp-json\/wp\/v2\/categories?post=2673"}],"curies":[{"name":"wp","href":"https:\/\/api.w.org\/{rel}","templated":true}]}}