{"id":2671,"date":"2016-04-04T15:00:33","date_gmt":"2016-04-04T13:00:33","guid":{"rendered":"https:\/\/urlaub-auf-madagaskar.alpha-beta.de\/?page_id=2671"},"modified":"2020-02-05T12:42:02","modified_gmt":"2020-02-05T11:42:02","slug":"anja-park","status":"publish","type":"page","link":"https:\/\/www.urlaub-auf-madagaskar.com\/en\/anja-park\/","title":{"rendered":"Anja Park"},"content":{"rendered":"<h1>Madagascar's \"Village Reserve<\/h1>\n<div class=\"bg_white\">\n<div class=\"col-md-12 col-sm-12 bg_white border no_padding margin_bottom_content\">\n<div class=\"col-md-12 col-sm-12 no_padding\">\n<div class=\"home_bg text-center side_bar_padding\"><a href=\"https:\/\/www.urlaub-auf-madagaskar.com\/wp-content\/uploads\/2016\/04\/Anja-Park.jpg\"><img fetchpriority=\"high\" decoding=\"async\" width=\"300\" height=\"200\" class=\"side_bar_img size-medium wp-image-3173 alignnone\" src=\"https:\/\/www.urlaub-auf-madagaskar.com\/wp-content\/uploads\/2016\/04\/Anja-Park-300x200.jpg\" alt=\"Anja Park\" srcset=\"https:\/\/www.urlaub-auf-madagaskar.com\/wp-content\/uploads\/2016\/04\/Anja-Park-300x200.jpg 300w, https:\/\/www.urlaub-auf-madagaskar.com\/wp-content\/uploads\/2016\/04\/Anja-Park-20x13.jpg 20w, https:\/\/www.urlaub-auf-madagaskar.com\/wp-content\/uploads\/2016\/04\/Anja-Park.jpg 448w\" sizes=\"(max-width: 300px) 100vw, 300px\" \/><\/a><\/div>\n<\/div>\n<div class=\"col-md-12 col-sm-12 no_padding\">\n<div class=\"home_content_div\">\n<h3>Project Anja Park<\/h3>\n<p>The Anja Park near the town of Fianarantsoa measures only about 9km\u00b2. It is located about 15km south of Ambalavao and can thus easily be reached on a<a href=\"https:\/\/www.urlaub-auf-madagaskar.com\/en\/bike-tour-with-escort-vehicle\/rn7\/\"> Tour along the RN7<\/a> can be visited. Unlike many other parks, this one is a <strong>Nature conservation project launched by the local population<\/strong> was. Resident villagers here are committed to the preservation of their unique landscape on their own initiative and run the small private reserve here with heart and soul and a lot of dedication. <a href=\"https:\/\/www.urlaub-auf-madagaskar.com\/en\/anja-park-a-little-village-reserve-in-madagascar\/\">The Anja Park in Madagascar<\/a> is still one of the few parks where it is not the government or initiatives from abroad that take over the management and protection of the animal and plant world, but the local population. The people here look with pride at the total of around <strong>1000 lemurs<\/strong>who find their home in the Anja Park and accompany visitors with pleasure on the tours through the park. Due to the special relationship of the villagers to \"their\" park, these tours are a very special experience.<\/p>\n<\/div>\n<\/div>\n<\/div>\n<\/div>\n<div class=\"bg_white\">\n<div class=\"col-md-12 col-sm-12 bg_white border no_padding margin_bottom_content\">\n<div class=\"col-md-12 col-sm-12 no_padding\">\n<div class=\"home_bg text-center side_bar_padding\"><a href=\"https:\/\/www.urlaub-auf-madagaskar.com\/wp-content\/uploads\/2016\/04\/Anja-Park-Katta.jpg\"><img decoding=\"async\" width=\"300\" height=\"200\" class=\"side_bar_img size-medium wp-image-3172 alignnone\" src=\"https:\/\/www.urlaub-auf-madagaskar.com\/wp-content\/uploads\/2016\/04\/Anja-Park-Katta-300x200.jpg\" alt=\"Anja Park Katta\" srcset=\"https:\/\/www.urlaub-auf-madagaskar.com\/wp-content\/uploads\/2016\/04\/Anja-Park-Katta-300x200.jpg 300w, https:\/\/www.urlaub-auf-madagaskar.com\/wp-content\/uploads\/2016\/04\/Anja-Park-Katta.jpg 448w\" sizes=\"(max-width: 300px) 100vw, 300px\" \/><\/a><\/div>\n<\/div>\n<div class=\"col-md-12 col-sm-12 no_padding\">\n<div class=\"home_content_div\">\n<h3>Cattas, chameleons and colorful insects. A visit worthwhile<\/h3>\n<p>Anja Park is located in the middle of a <strong>savannah landscape<\/strong>. However, in some sanctuaries there are also lush fruit-bearing trees. Near them often keep the <strong>ring-tailed calicoes<\/strong> to search for food. 300 of the droll-looking primates have found their home under the protection of the villagers. But also <strong>Chameleons <\/strong>- such as the panther chameleon - and numerous <strong>endemic plant species<\/strong> find the protection they need in Anja Park and attract especially colorful butterflies and other insects with their magnificent, spreading flowers.<\/p>\n<\/div>\n<\/div>\n<\/div>\n<\/div>\n<div class=\"bg_white\">\n<div class=\"col-md-12 col-sm-12 bg_white border no_padding margin_bottom_content\">\n<div class=\"col-md-12 col-sm-12 no_padding\">\n<div class=\"home_bg text-center side_bar_padding\"><a href=\"https:\/\/www.urlaub-auf-madagaskar.com\/wp-content\/uploads\/2016\/04\/klara_harden_hike_900.jpg\"><img decoding=\"async\" width=\"300\" height=\"200\" class=\"side_bar_img size-medium wp-image-4172 alignnone\" src=\"https:\/\/www.urlaub-auf-madagaskar.com\/wp-content\/uploads\/2016\/04\/klara_harden_hike_900-300x200.jpg\" alt=\"Anja Park Hiking\" \/><\/a><\/div>\n<\/div>\n<div class=\"col-md-12 col-sm-12 no_padding\">\n<div class=\"home_content_div\">\n<h3>Special commitment for a special landscape<\/h3>\n<p>The park is located in a wide gorge and is surrounded by mighty granite rocks. A hike through the private reserve can be done within about 2 hours. The many <strong>Boulders and caves<\/strong> provide shelter for numerous animals. The villagers also run a fish farm. They also try to cultivate fruit trees more widely to provide enough food for the many lemurs. We recommend a visit to the Anja Park not only because it is easy to reach and is a <strong>beautiful panorama<\/strong> offers. Above all, it is important to support the villagers in their project to preserve the nature of the island. A project that is unparalleled.<\/p>\n<\/div>\n<\/div>\n<\/div>\n<\/div>","protected":false},"excerpt":{"rendered":"<p>Madagaskars &#8222;Dorfreservat&#8220; Projekt Anja-Park Nur etwa 9km\u00b2 misst der Anja-Park nahe der Stadt Fianarantsoa. Er liegt etwa 15km s\u00fcdlich von Ambalavao und kann damit leicht bei einer Tour entlang der RN7 besuchtwerden. Anders als viele andere Parks handelt es sich bei diesem um ein Naturschutzprojekt, das von der \u00f6rtlichen Bev\u00f6lkerung ins Leben gerufen wurde. Ans\u00e4ssige [&hellip;]<\/p>\n","protected":false},"author":3,"featured_media":3173,"parent":0,"menu_order":0,"comment_status":"closed","ping_status":"closed","template":"","meta":{"footnotes":""},"categories":[483],"class_list":["post-2671","page","type-page","status-publish","has-post-thumbnail","hentry","category-private-parks"],"_links":{"self":[{"href":"https:\/\/www.urlaub-auf-madagaskar.com\/en\/wp-json\/wp\/v2\/pages\/2671","targetHints":{"allow":["GET"]}}],"collection":[{"href":"https:\/\/www.urlaub-auf-madagaskar.com\/en\/wp-json\/wp\/v2\/pages"}],"about":[{"href":"https:\/\/www.urlaub-auf-madagaskar.com\/en\/wp-json\/wp\/v2\/types\/page"}],"author":[{"embeddable":true,"href":"https:\/\/www.urlaub-auf-madagaskar.com\/en\/wp-json\/wp\/v2\/users\/3"}],"replies":[{"embeddable":true,"href":"https:\/\/www.urlaub-auf-madagaskar.com\/en\/wp-json\/wp\/v2\/comments?post=2671"}],"version-history":[{"count":0,"href":"https:\/\/www.urlaub-auf-madagaskar.com\/en\/wp-json\/wp\/v2\/pages\/2671\/revisions"}],"wp:featuredmedia":[{"embeddable":true,"href":"https:\/\/www.urlaub-auf-madagaskar.com\/en\/wp-json\/wp\/v2\/media\/3173"}],"wp:attachment":[{"href":"https:\/\/www.urlaub-auf-madagaskar.com\/en\/wp-json\/wp\/v2\/media?parent=2671"}],"wp:term":[{"taxonomy":"category","embeddable":true,"href":"https:\/\/www.urlaub-auf-madagaskar.com\/en\/wp-json\/wp\/v2\/categories?post=2671"}],"curies":[{"name":"wp","href":"https:\/\/api.w.org\/{rel}","templated":true}]}}