{"id":2667,"date":"2016-04-04T14:58:09","date_gmt":"2016-04-04T12:58:09","guid":{"rendered":"https:\/\/urlaub-auf-madagaskar.alpha-beta.de\/?page_id=2667"},"modified":"2020-02-05T12:42:37","modified_gmt":"2020-02-05T11:42:37","slug":"berenty","status":"publish","type":"page","link":"https:\/\/www.urlaub-auf-madagaskar.com\/en\/berenty\/","title":{"rendered":"Berenty"},"content":{"rendered":"<h1>Madagascar's Berenty Reserve:<\/h1>\n<div class=\"bg_white\">\n<div class=\"col-md-12 col-sm-12 bg_white border no_padding margin_bottom_content\">\n<div class=\"col-md-12 col-sm-12 no_padding\">\n<div class=\"home_bg text-center side_bar_padding\"><a href=\"https:\/\/www.urlaub-auf-madagaskar.com\/wp-content\/uploads\/2018\/08\/img.jpg\"><img fetchpriority=\"high\" decoding=\"async\" width=\"300\" height=\"200\" class=\"side_bar_img size-medium wp-image-8490 alignnone\" src=\"https:\/\/www.urlaub-auf-madagaskar.com\/wp-content\/uploads\/2018\/08\/img.jpg\" srcset=\"https:\/\/www.urlaub-auf-madagaskar.com\/wp-content\/uploads\/2018\/08\/img.jpg 300w, https:\/\/www.urlaub-auf-madagaskar.com\/wp-content\/uploads\/2018\/08\/img-20x13.jpg 20w\" sizes=\"(max-width: 300px) 100vw, 300px\" \/><\/a><\/div>\n<\/div>\n<div class=\"col-md-12 col-sm-12 no_padding\">\n<div class=\"home_content_div\">\n<h3>Ideal for tourists<\/h3>\n<p>The famous Berenty Reserve is visited by many tourists who travel to the south of Madagascar for its beautiful beaches. The park is located about <strong>90km west of Taolanaro (Fort Dauphin)<\/strong> and is one of the most visited reserves on the island. The company is a family business of the Heaulme family, which settled in Madagascar already at the beginning of the 20th century. While at the beginning the family was intensively trying to establish an economically lucrative agriculture, they have now been trying for more than <strong>70 years<\/strong> to contribute to the preservation of the local vegetation with their private reserve. Visitors to the park are always amazed at how easy it is to spot cute calicoes in this unique landscape.<\/p>\n<\/div>\n<\/div>\n<\/div>\n<\/div>\n<div class=\"bg_white\">\n<div class=\"col-md-12 col-sm-12 bg_white border no_padding margin_bottom_content\">\n<div class=\"col-md-12 col-sm-12 no_padding\">\n<div class=\"home_bg text-center side_bar_padding\"><a href=\"https:\/\/www.urlaub-auf-madagaskar.com\/wp-content\/uploads\/2016\/04\/Berenty-Reservat-Dornenwald.jpg\"><img decoding=\"async\" width=\"300\" height=\"225\" class=\"side_bar_img size-medium wp-image-3179 alignnone\" src=\"https:\/\/www.urlaub-auf-madagaskar.com\/wp-content\/uploads\/2016\/04\/Berenty-Reservat-Dornenwald-300x225.jpg\" alt=\"Berenty reserve thorn forest\" srcset=\"https:\/\/www.urlaub-auf-madagaskar.com\/wp-content\/uploads\/2016\/04\/Berenty-Reservat-Dornenwald-300x225.jpg 300w, https:\/\/www.urlaub-auf-madagaskar.com\/wp-content\/uploads\/2016\/04\/Berenty-Reservat-Dornenwald.jpg 600w\" sizes=\"(max-width: 300px) 100vw, 300px\" \/><\/a><\/div>\n<\/div>\n<div class=\"col-md-12 col-sm-12 no_padding\">\n<div class=\"home_content_div\">\n<h3>The biodiversity of the dry thorn forest<\/h3>\n<p>Proud <strong>250 hectare<\/strong> comprises the reserve in the arid south of Madagascar. Protected here is a dry, almost <strong>desert-like vegetation<\/strong> and a <strong>Dry forest<\/strong> with numerous tamarinds along the Mandrare River. That a dry vegetation does not necessarily have to be a barren landscape is proven by the <strong>Arboretum<\/strong>, which is located near the park restaurant and exhibits a collection of the forest's extraordinary flora. Numerous animals also find their home in the arid landscape. <strong>Six species of lemurs<\/strong> live in the park. Especially <a href=\"https:\/\/www.urlaub-auf-madagaskar.com\/en\/lemurs-on-madagascar\/\"><strong>Kattas <\/strong>and the dancing sifakas<\/a> often cross the path of visitors here and also one of the largest <a href=\"https:\/\/www.urlaub-auf-madagaskar.com\/en\/flying-dogs-on-madagascar\/\"><strong>Flying fox <\/strong>Colonies<\/a> has its habitat in Berenty. A walk through the sanctuary will also allow you to see some of the total <strong>103 bird species<\/strong> and many reptiles of various species like <a href=\"https:\/\/www.urlaub-auf-madagaskar.com\/en\/chamaeleons-on-madagascar\/\"><strong>Chameleons<\/strong><\/a>, <strong>Lizards<\/strong>, the endangered <strong>Ray and spider tortoises<\/strong> and the <strong>Madagascar Boa<\/strong> can be observed. Nocturnal visitors meet with ease the small <strong>Red and gray mouse macaws<\/strong> or the cute <strong>White-footed Mouse Macaws<\/strong>. In a nearby ethnological museum you also get an insight into the culture and traditions of the local <strong>Antandroy tribe<\/strong>.<\/p>\n<\/div>\n<\/div>\n<\/div>\n<\/div>\n<div class=\"bg_white\">\n<div class=\"col-md-12 col-sm-12 bg_white border no_padding margin_bottom_content\">\n<div class=\"col-md-12 col-sm-12 no_padding\">\n<div class=\"home_bg text-center side_bar_padding\"><a href=\"https:\/\/www.urlaub-auf-madagaskar.com\/wp-content\/uploads\/2016\/04\/Berenty-Sifaka.jpg\"><img decoding=\"async\" width=\"201\" height=\"300\" class=\"side_bar_img size-medium wp-image-3180 alignnone\" src=\"https:\/\/www.urlaub-auf-madagaskar.com\/wp-content\/uploads\/2016\/04\/Berenty-Sifaka-201x300.jpg\" srcset=\"https:\/\/www.urlaub-auf-madagaskar.com\/wp-content\/uploads\/2016\/04\/Berenty-Sifaka-201x300.jpg 201w, https:\/\/www.urlaub-auf-madagaskar.com\/wp-content\/uploads\/2016\/04\/Berenty-Sifaka.jpg 236w\" sizes=\"(max-width: 201px) 100vw, 201px\" \/><\/a><\/div>\n<\/div>\n<div class=\"col-md-12 col-sm-12 no_padding\">\n<div class=\"home_content_div\">\n<h3>Planning a visit to the Berenty Private Reserve.<\/h3>\n<p>Fortunately, Berenty can be visited all year round. In summer, however, temperatures of over 40\u00b0C are reached, especially from November to February. Heavy thunderstorms can also spoil a visit to the park. In winter, milder temperatures prevail with very little rainfall. The conditions to visit the reserve are very good and adapted to the needs of tourists. The reserve management also operates the <strong>Berenty Lodge<\/strong>, where travelers can spend the night and organizes the <strong>Transfer between Fort Dauphin and the reserve<\/strong>. Since this good infrastructure attracts many visitors, the reserve has unfortunately lost its natural character. Especially the lemurs have become accustomed to the large influx of visitors and the wide, well-paved paths make you think you are in a zoo instead of a nature reserve. Nevertheless, visiting the reserve is a rewarding experience. However, the prices for entrance and transfer are quite high compared to other parks.<\/p>\n<\/div>\n<\/div>\n<\/div>\n<\/div>","protected":false},"excerpt":{"rendered":"<p>Madagaskars Berenty Reservat: Ideal f\u00fcr Touristen Das ber\u00fchmte Berenty Reservat wird von vielen Touristen besucht, die den S\u00fcden Madagaskars wegen seiner traumhaften Str\u00e4nde bereisen. Der Park liegt etwa 90km westlich von Taolanaro (Fort Dauphin) und ist eines der meistbesuchten Reservate der Insel. Das Unternehmen ist ein Familienbetrieb der Familie Heaulme, die sich bereits zu Beginn [&hellip;]<\/p>\n","protected":false},"author":3,"featured_media":8490,"parent":0,"menu_order":0,"comment_status":"closed","ping_status":"closed","template":"","meta":{"footnotes":""},"categories":[483],"class_list":["post-2667","page","type-page","status-publish","has-post-thumbnail","hentry","category-private-parks"],"_links":{"self":[{"href":"https:\/\/www.urlaub-auf-madagaskar.com\/en\/wp-json\/wp\/v2\/pages\/2667","targetHints":{"allow":["GET"]}}],"collection":[{"href":"https:\/\/www.urlaub-auf-madagaskar.com\/en\/wp-json\/wp\/v2\/pages"}],"about":[{"href":"https:\/\/www.urlaub-auf-madagaskar.com\/en\/wp-json\/wp\/v2\/types\/page"}],"author":[{"embeddable":true,"href":"https:\/\/www.urlaub-auf-madagaskar.com\/en\/wp-json\/wp\/v2\/users\/3"}],"replies":[{"embeddable":true,"href":"https:\/\/www.urlaub-auf-madagaskar.com\/en\/wp-json\/wp\/v2\/comments?post=2667"}],"version-history":[{"count":0,"href":"https:\/\/www.urlaub-auf-madagaskar.com\/en\/wp-json\/wp\/v2\/pages\/2667\/revisions"}],"wp:featuredmedia":[{"embeddable":true,"href":"https:\/\/www.urlaub-auf-madagaskar.com\/en\/wp-json\/wp\/v2\/media\/8490"}],"wp:attachment":[{"href":"https:\/\/www.urlaub-auf-madagaskar.com\/en\/wp-json\/wp\/v2\/media?parent=2667"}],"wp:term":[{"taxonomy":"category","embeddable":true,"href":"https:\/\/www.urlaub-auf-madagaskar.com\/en\/wp-json\/wp\/v2\/categories?post=2667"}],"curies":[{"name":"wp","href":"https:\/\/api.w.org\/{rel}","templated":true}]}}