{"id":2652,"date":"2016-04-04T14:54:44","date_gmt":"2016-04-04T12:54:44","guid":{"rendered":"https:\/\/urlaub-auf-madagaskar.alpha-beta.de\/?page_id=2652"},"modified":"2020-02-05T13:35:38","modified_gmt":"2020-02-05T12:35:38","slug":"nosy-mangabe","status":"publish","type":"page","link":"https:\/\/www.urlaub-auf-madagaskar.com\/en\/nosy-mangabe\/","title":{"rendered":"Nosy Mangabe"},"content":{"rendered":"<h1>Nosy Mangabe<\/h1>\n<div class=\"bg_white\">\n<div class=\"col-md-12 col-sm-12 bg_white border no_padding margin_bottom_content\">\n<div class=\"col-md-12 col-sm-12 no_padding\">\n<div class=\"home_bg text-center side_bar_padding\"><a href=\"\/wp-content\/uploads\/2015\/07\/le-aye-aye_300_x_225.jpg\"><img fetchpriority=\"high\" decoding=\"async\" width=\"300\" height=\"225\" class=\"side_bar_img size-medium wp-image-1022 alignnone\" src=\"https:\/\/www.urlaub-auf-madagaskar.com\/wp-content\/uploads\/2015\/07\/le-aye-aye_300_x_225.jpg\" srcset=\"https:\/\/www.urlaub-auf-madagaskar.com\/wp-content\/uploads\/2015\/07\/le-aye-aye_300_x_225.jpg 300w, https:\/\/www.urlaub-auf-madagaskar.com\/wp-content\/uploads\/2015\/07\/le-aye-aye_300_x_225-20x15.jpg 20w\" sizes=\"(max-width: 300px) 100vw, 300px\" \/><\/a><\/div>\n<\/div>\n<div class=\"col-md-12 col-sm-12 no_padding\">\n<div class=\"home_content_div\">\n<p>The special reserve Nosy Mangabe is composed of a group of islands in Antongil Bay. With an area of just over five square kilometers, the reserve is one of the smallest in Madagascar and is at the same time <strong>the ideal destination for a comfortable and at the same time impressive day trip close to nature<\/strong>. Nosy Mangabe is located just over four kilometers from the town of Maroantsetra and can be reached by a small motorboat. <strong>in a good hour<\/strong> Reach journey. In the 17th century, many Dutchmen came to Nosy Mangabe, who lived on the land covered with wet and exceedingly <strong>dense forests<\/strong> covered islands found a place of refuge. When the French colonial powers subsequently took over Madagascar, Nosy Mangabe functioned as a trading post. In the meantime, hardly anything can be seen of these developments, because already in the 1960s Nosy Mangabe turned into a <strong>special nature reserve<\/strong>. From the very beginning, this reserve was not only about protecting the precious forest resources, but also to give the <strong>extraordinary Aye-Aye<\/strong>, a specific species of lemur, a safe and secure home. In the course of this intention, people introduced the fingered animal to the islands in order to save it from extinction in this way. After all, the somewhat strange-looking animal had been through quite a stressful time: many factions of the local population associated negative characteristics with the fingered animal, treating it as a harbinger of evil or a bad omen. For this very reason, the <strong>Finger animals hunted mercilessly in many places<\/strong>until they were threatened with extinction.<\/p>\n<\/div>\n<\/div>\n<\/div>\n<\/div>\n<div class=\"bg_white\">\n<div class=\"col-md-12 col-sm-12 bg_white border no_padding margin_bottom_content\">\n<div class=\"col-md-12 col-sm-12 no_padding\">\n<div class=\"home_bg text-center side_bar_padding\"><a href=\"https:\/\/www.urlaub-auf-madagaskar.com\/wp-content\/uploads\/2015\/07\/ayeaye-edwardlouisjr.jpg\" rel=\"attachment wp-att-884\"><img decoding=\"async\" width=\"300\" height=\"180\" class=\"side_bar_img size-medium wp-image-884 alignnone\" src=\"https:\/\/www.urlaub-auf-madagaskar.com\/wp-content\/uploads\/2015\/07\/ayeaye-edwardlouisjr-300x180.jpg\" sizes=\"(max-width: 300px) 100vw, 300px\" srcset=\"https:\/\/www.urlaub-auf-madagaskar.com\/wp-content\/uploads\/2015\/07\/ayeaye-edwardlouisjr-300x180.jpg 300w, https:\/\/www.urlaub-auf-madagaskar.com\/wp-content\/uploads\/2015\/07\/ayeaye-edwardlouisjr.jpg 460w\" \/><\/a><\/div>\n<\/div>\n<div class=\"col-md-12 col-sm-12 no_padding\">\n<div class=\"home_content_div\">\n<p>In the Nosy Mangabe reserve they have now found a new and safe home. Who would like to observe these small, sensational little animals in the nature reserve, should for this however <strong>at least one or two nights <\/strong>plan. The fingered animals are nocturnal and only come out of their hiding places to wait for the <strong>Hunting for insects or coconut fruit<\/strong> to go. With their enlarged middle finger, which they can even warm by a few degrees Celsius, they can perfectly reach food hidden behind small holes and openings. In addition to the fingered animals, Nosy Mangabe still has <strong>Various other highlights<\/strong> to offer: Various species of lemurs, which are also active during the day and are much easier to observe than the fingered animals, are just as much a part of it as birds, reptiles, amphibians and sometimes even <strong>Humpback whales<\/strong>which frequently pass the coast off Nosy Mangabe with their young in the months from June to September.<\/p>\n<\/div>\n<\/div>\n<\/div>\n<\/div>","protected":false},"excerpt":{"rendered":"<p>Nosy Mangabe Das Spezialreservat Nosy Mangabe setzt sich aus einer Inselgruppe in der Antongil Bay zusammen. Das Reservat ist mit einer Fl\u00e4che von etwas mehr als f\u00fcnf Quadratkilometern eines der kleinsten auf Madagaskar und ist gleichzeitig das ideale Ziel f\u00fcr einen gem\u00fctlichen und gleichzeitig eindrucksvollen naturverbundenen Tagesausflug. Nosy Mangabe liegt nur gut vier Kilometer von [&hellip;]<\/p>\n","protected":false},"author":3,"featured_media":1022,"parent":0,"menu_order":0,"comment_status":"closed","ping_status":"closed","template":"","meta":{"footnotes":""},"categories":[485],"class_list":["post-2652","page","type-page","status-publish","has-post-thumbnail","hentry","category-spezialreservate"],"_links":{"self":[{"href":"https:\/\/www.urlaub-auf-madagaskar.com\/en\/wp-json\/wp\/v2\/pages\/2652","targetHints":{"allow":["GET"]}}],"collection":[{"href":"https:\/\/www.urlaub-auf-madagaskar.com\/en\/wp-json\/wp\/v2\/pages"}],"about":[{"href":"https:\/\/www.urlaub-auf-madagaskar.com\/en\/wp-json\/wp\/v2\/types\/page"}],"author":[{"embeddable":true,"href":"https:\/\/www.urlaub-auf-madagaskar.com\/en\/wp-json\/wp\/v2\/users\/3"}],"replies":[{"embeddable":true,"href":"https:\/\/www.urlaub-auf-madagaskar.com\/en\/wp-json\/wp\/v2\/comments?post=2652"}],"version-history":[{"count":0,"href":"https:\/\/www.urlaub-auf-madagaskar.com\/en\/wp-json\/wp\/v2\/pages\/2652\/revisions"}],"wp:featuredmedia":[{"embeddable":true,"href":"https:\/\/www.urlaub-auf-madagaskar.com\/en\/wp-json\/wp\/v2\/media\/1022"}],"wp:attachment":[{"href":"https:\/\/www.urlaub-auf-madagaskar.com\/en\/wp-json\/wp\/v2\/media?parent=2652"}],"wp:term":[{"taxonomy":"category","embeddable":true,"href":"https:\/\/www.urlaub-auf-madagaskar.com\/en\/wp-json\/wp\/v2\/categories?post=2652"}],"curies":[{"name":"wp","href":"https:\/\/api.w.org\/{rel}","templated":true}]}}