{"id":2646,"date":"2016-04-04T14:53:17","date_gmt":"2016-04-04T12:53:17","guid":{"rendered":"https:\/\/urlaub-auf-madagaskar.alpha-beta.de\/?page_id=2646"},"modified":"2020-02-05T13:49:46","modified_gmt":"2020-02-05T12:49:46","slug":"maningoza","status":"publish","type":"page","link":"https:\/\/www.urlaub-auf-madagaskar.com\/en\/maningoza\/","title":{"rendered":"Maningoza"},"content":{"rendered":"<h1>Maningoza<\/h1>\n<div class=\"bg_white\">\n<div class=\"col-md-12 col-sm-12 bg_white border no_padding margin_bottom_content\">\n<div class=\"col-md-12 col-sm-12 no_padding\">\n<div class=\"home_bg text-center side_bar_padding\"><img fetchpriority=\"high\" decoding=\"async\" class=\"side_bar_img alignnone\" src=\"https:\/\/www.urlaub-auf-madagaskar.com\/wp-content\/uploads\/2015\/07\/giant_coua_249_x_300.jpg\" alt=\"giant_coua_249_x_300\" width=\"249\" height=\"300\" \/><\/div>\n<\/div>\n<div class=\"col-md-12 col-sm-12 no_padding\">\n<div class=\"home_content_div\">\n<p>In the northwest of Madagascar, more precisely in the Antsingy region, is the Maningoza Special Reserve, whose foundation dates back to 1956. The somewhat smaller area of only about 80 square kilometers is home to some of the <strong>last stands of tropical dry forests<\/strong> on Madagascar. In addition, dense <strong>subtropical forests<\/strong>, wide and open savannahs and bamboo for a completion of this <strong>varied array of ecosystems<\/strong>which can be found in the Maningoza Reserve. In the Maningoza Reserve there is a very <strong>mild climate<\/strong> with an average temperature of around 25\u00b0C. Dry and rainy seasons are distinctly different in this area, with the Maningoza Reserve being exclusively dry during the <strong>Dry season between May and November<\/strong> is accessible. During this time, although most of the numerous water sources have dried up, the <strong>varied and tricky flora and fauna<\/strong> of this area, knows how to manage even in these periods of drought. If you want to pay a visit to the Maningoza Reserve, you should go on a <strong>bumpy arrival<\/strong> which will take you over a rather bad mogul road to a village called Besalampy. There you can stay overnight in one of the simple hotels if you wish, as well as dine in the local restaurants. There are no overnight accommodations in the reserve itself, but the <strong>Camping is allowed<\/strong>. In the event that you want to make a simple camp in the reserve, you should use the <strong>bring necessary equipment yourself<\/strong> or contact us directly for the organization.<\/p>\n<p>The Maningoza Conservation Reserve is open to all <strong>Friends of fascinating flora and fauna<\/strong> a veritable Eldorado: there exist in this area <strong>more than 70 different bird species<\/strong>of which three quarters are endemic. These are joined by <strong>15 mammal species<\/strong> like lemurs, mongooses, tenrecs and also the extremely shy and meanwhile rare fossas. In addition, in the Maningoza Reserve exist of course also <strong>numerous reptiles as well as some amphibians<\/strong>. River turtles, chameleons and also crocodiles can be seen in the Maningoza Conservation Area. Like most of the other special reserves, the Maningoza must be <strong>Protected area to fight against various harmful influences and dangers<\/strong>. This includes, first of all, man, who has established numerous settlements near the reserve. Among the most important <strong>population groups living in this area<\/strong> include the Sakalava, the Antandroy, the Betsimisaraka and the Tanala, who live primarily from agriculture as well as cattle breeding. In this context, a very <strong>great dependence of people on the resources of the forest<\/strong>which in turn has numerous negative factors for the forest as an ecosystem. Classic slash-and-burn clearing to obtain new field and pasture land is just one of the many examples of the problems that arise from this.<\/p>\n<\/div>\n<\/div>\n<\/div>\n<\/div>","protected":false},"excerpt":{"rendered":"<p>Maningoza Im Nordwesten Madagaskars, genauer gesagt in der Region Antsingy befindet sich das Maningoza Spezialreservat, dessen Gr\u00fcndung auf das Jahr 1956 zu datieren ist. Die etwas kleinere Fl\u00e4che von nur rund 80 Quadratkilometern beherbergt einige der letzten Best\u00e4nde tropischer Trockenw\u00e4lder auf Madagaskar. Daneben sorgen dichte subtropische W\u00e4lder, weite und offene Savannen sowie Bambus f\u00fcr eine [&hellip;]<\/p>\n","protected":false},"author":3,"featured_media":1019,"parent":0,"menu_order":0,"comment_status":"closed","ping_status":"closed","template":"","meta":{"footnotes":""},"categories":[485],"class_list":["post-2646","page","type-page","status-publish","has-post-thumbnail","hentry","category-spezialreservate"],"_links":{"self":[{"href":"https:\/\/www.urlaub-auf-madagaskar.com\/en\/wp-json\/wp\/v2\/pages\/2646","targetHints":{"allow":["GET"]}}],"collection":[{"href":"https:\/\/www.urlaub-auf-madagaskar.com\/en\/wp-json\/wp\/v2\/pages"}],"about":[{"href":"https:\/\/www.urlaub-auf-madagaskar.com\/en\/wp-json\/wp\/v2\/types\/page"}],"author":[{"embeddable":true,"href":"https:\/\/www.urlaub-auf-madagaskar.com\/en\/wp-json\/wp\/v2\/users\/3"}],"replies":[{"embeddable":true,"href":"https:\/\/www.urlaub-auf-madagaskar.com\/en\/wp-json\/wp\/v2\/comments?post=2646"}],"version-history":[{"count":0,"href":"https:\/\/www.urlaub-auf-madagaskar.com\/en\/wp-json\/wp\/v2\/pages\/2646\/revisions"}],"wp:featuredmedia":[{"embeddable":true,"href":"https:\/\/www.urlaub-auf-madagaskar.com\/en\/wp-json\/wp\/v2\/media\/1019"}],"wp:attachment":[{"href":"https:\/\/www.urlaub-auf-madagaskar.com\/en\/wp-json\/wp\/v2\/media?parent=2646"}],"wp:term":[{"taxonomy":"category","embeddable":true,"href":"https:\/\/www.urlaub-auf-madagaskar.com\/en\/wp-json\/wp\/v2\/categories?post=2646"}],"curies":[{"name":"wp","href":"https:\/\/api.w.org\/{rel}","templated":true}]}}