{"id":2644,"date":"2016-04-04T14:52:54","date_gmt":"2016-04-04T12:52:54","guid":{"rendered":"https:\/\/urlaub-auf-madagaskar.alpha-beta.de\/?page_id=2644"},"modified":"2020-02-05T13:35:01","modified_gmt":"2020-02-05T12:35:01","slug":"mangerivola","status":"publish","type":"page","link":"https:\/\/www.urlaub-auf-madagaskar.com\/en\/mangerivola\/","title":{"rendered":"Mangerivola"},"content":{"rendered":"<h1>Mangerivola<\/h1>\n<div class=\"bg_white\">\n<div class=\"col-md-12 col-sm-12 bg_white border no_padding margin_bottom_content\">\n<div class=\"col-md-12 col-sm-12 no_padding\">\n<div class=\"home_bg text-center side_bar_padding\"><a href=\"\/wp-content\/uploads\/2015\/07\/Mausmaki_300_x_239.jpg\"><img fetchpriority=\"high\" decoding=\"async\" width=\"300\" height=\"239\" class=\"side_bar_img size-medium wp-image-1018 alignnone\" src=\"https:\/\/www.urlaub-auf-madagaskar.com\/wp-content\/uploads\/2015\/07\/Mausmaki_300_x_239.jpg\" srcset=\"https:\/\/www.urlaub-auf-madagaskar.com\/wp-content\/uploads\/2015\/07\/Mausmaki_300_x_239.jpg 300w, https:\/\/www.urlaub-auf-madagaskar.com\/wp-content\/uploads\/2015\/07\/Mausmaki_300_x_239-20x16.jpg 20w\" sizes=\"(max-width: 300px) 100vw, 300px\" \/><\/a><\/div>\n<\/div>\n<div class=\"col-md-12 col-sm-12 no_padding\">\n<div class=\"home_content_div\">\n<p>In the northeastern part of Madagascar is the Mangerivola Special Reserve, which covers an area of a good 120 square kilometers. Founded in 1958, the reserve is located just over a kilometer from the <strong>50 kilometers west of Tamatave<\/strong>, but is nevertheless characterized by significantly more difficult access. Few travelers take the <strong>Strains of the journey<\/strong> Mangerivola, as a special reserve, is therefore still a special place. <strong>Relatively strongly isolated<\/strong>. Yet it is precisely this reserve for your <strong>Madagascar vacation<\/strong> has to offer numerous highlights and sights. If you decide to take a trip to Mangerivola, you will be pleased to know that the climate in this reserve is pleasant all year round. <strong>Pleasantly warm<\/strong> is. At the same time, the Mangerivola Reserve is also very humid and there are numerous rainy days throughout the year. Therefore, visits between the designated <strong>Rainy months November and March<\/strong> less recommended, as the stay in the Mangerivola Reserve at this time would be much too strenuous. Since <strong>tourism infrastructures are lacking<\/strong>If you want to stay overnight, you will have to change to camping, which is allowed in some places in the reserve. For a trip to the Mangerivola Reserve you should plan several days, because the journey alone is already very time-consuming: first you drive to a small town called Anjahamana and already on this part of the route the road proves to be exceedingly ruthless. Afterwards you have to drive the <strong>Rest of the journey on foot<\/strong> behind him. The distance to the entrance of the Mangerivola Reserve is about 20 kilometers and involves a walk of about a day's length. In the reserve Mangerivola you will then meet a <strong>evergreen moist forest<\/strong>, with the respective habitats of the flora and fauna there changing significantly depending on the altitude. The <strong>Peak Mangerivola<\/strong> is the highest point of the reserve and is located at 1,484 meters. Densely vegetated valleys and hills, with numerous lakes, waterfalls and river courses welcome you to the Mangerivola Reserve and provide you with <strong>spectacular sights and experiences<\/strong>.<\/p>\n<p>Bird watching in particular is often on the agenda for visitors to the Mangerivola Reserve. After all live <strong>About 100 different species of birds<\/strong> in the reserve, of which 63 species are endemic and 22 species are locally endemic. This means that the habitat of these species is limited to the Mangerivola Reserve. <strong>The very rare serpent eagle<\/strong> is one of the birds that can be observed in the Mangerivola Reserve. They are joined by the red owl, the brown mesite or even the red row. Besides the birds also play <strong>different lemurs<\/strong> such as the black and white varis, as well as 45 species of amphibians and 20 species of reptiles play an important role in the animal observations. In the environment around the Mangerivola Reserve settle primarily <strong>Members of the Betsimisaraka ethnic group<\/strong>who live in conditions that are by no means easy. Cattle breeding and agriculture are considered the two hobby horses of this population group and both represent <strong>for the forestation of the reserve a continuous threat<\/strong> The forest is a major threat to the population. Forest stands have to give way to clearing for cropland and pasture, which in the long run severely endangers the population. Meanwhile there are <strong>some projects designed for sustainability<\/strong>These projects are intended to improve the living conditions of the Betsimisaraka and at the same time protect nature in the Mangerivola Reserve. Other negative factors, such as the overexploitation of precious woods, can only be prevented to a limited extent by these projects.<\/p>\n<\/div>\n<\/div>\n<\/div>\n<\/div>","protected":false},"excerpt":{"rendered":"<p>Mangerivola Im nord\u00f6stlichen Teil Madagaskars befindet sich das Mangerivola Spezialreservat, welches eine Fl\u00e4che von gut 120 Quadratkilometern umfasst. Das im Jahr 1958 gegr\u00fcndete Reservat liegt zwar nur gut 50 Kilometer westlich von Tamatave, zeichnet sich aber dennoch durch einen deutlich erschwerten Zugang aus. Nur wenige Reisende nehmen die Strapazen der Anreise auf sich, grunds\u00e4tzlich ist [&hellip;]<\/p>\n","protected":false},"author":3,"featured_media":1018,"parent":0,"menu_order":0,"comment_status":"closed","ping_status":"closed","template":"","meta":{"footnotes":""},"categories":[485],"class_list":["post-2644","page","type-page","status-publish","has-post-thumbnail","hentry","category-spezialreservate"],"_links":{"self":[{"href":"https:\/\/www.urlaub-auf-madagaskar.com\/en\/wp-json\/wp\/v2\/pages\/2644","targetHints":{"allow":["GET"]}}],"collection":[{"href":"https:\/\/www.urlaub-auf-madagaskar.com\/en\/wp-json\/wp\/v2\/pages"}],"about":[{"href":"https:\/\/www.urlaub-auf-madagaskar.com\/en\/wp-json\/wp\/v2\/types\/page"}],"author":[{"embeddable":true,"href":"https:\/\/www.urlaub-auf-madagaskar.com\/en\/wp-json\/wp\/v2\/users\/3"}],"replies":[{"embeddable":true,"href":"https:\/\/www.urlaub-auf-madagaskar.com\/en\/wp-json\/wp\/v2\/comments?post=2644"}],"version-history":[{"count":0,"href":"https:\/\/www.urlaub-auf-madagaskar.com\/en\/wp-json\/wp\/v2\/pages\/2644\/revisions"}],"wp:featuredmedia":[{"embeddable":true,"href":"https:\/\/www.urlaub-auf-madagaskar.com\/en\/wp-json\/wp\/v2\/media\/1018"}],"wp:attachment":[{"href":"https:\/\/www.urlaub-auf-madagaskar.com\/en\/wp-json\/wp\/v2\/media?parent=2644"}],"wp:term":[{"taxonomy":"category","embeddable":true,"href":"https:\/\/www.urlaub-auf-madagaskar.com\/en\/wp-json\/wp\/v2\/categories?post=2644"}],"curies":[{"name":"wp","href":"https:\/\/api.w.org\/{rel}","templated":true}]}}