{"id":2635,"date":"2016-04-04T14:51:05","date_gmt":"2016-04-04T12:51:05","guid":{"rendered":"https:\/\/urlaub-auf-madagaskar.alpha-beta.de\/?page_id=2635"},"modified":"2020-04-22T12:06:46","modified_gmt":"2020-04-22T10:06:46","slug":"cap-sainte-marie","status":"publish","type":"page","link":"https:\/\/www.urlaub-auf-madagaskar.com\/en\/cap-sainte-marie\/","title":{"rendered":"Cap Sainte Marie"},"content":{"rendered":"<h1>Cap Sainte Marie<\/h1>\n<div class=\"bg_white\">\n<div class=\"col-md-12 col-sm-12 bg_white border no_padding margin_bottom_content\">\n<div class=\"col-md-12 col-sm-12 no_padding\">\n<div class=\"home_bg text-center side_bar_padding\"><a href=\"\/wp-content\/uploads\/2015\/07\/Cap_Sainte_Marie.jpg\"><img fetchpriority=\"high\" decoding=\"async\" class=\"side_bar_img alignnone wp-image-1015 size-medium\" src=\"https:\/\/www.urlaub-auf-madagaskar.com\/wp-content\/uploads\/2015\/07\/Cap_Sainte_Marie-225x300.jpg\" alt=\"Cap Sainte Marie\" width=\"225\" height=\"300\" \/><\/a><\/div>\n<\/div>\n<div class=\"col-md-12 col-sm-12 no_padding\">\n<div class=\"home_content_div\">\n<p>The special reserve with the name Cap Sainte Marie is located <strong>at the southernmost point of the island of Madagascar<\/strong> and is sometimes known by its local name Cap Vohimena. Cap Sainte Marie is <strong>more than 17 square kilometers in size<\/strong>It is still one of the smaller special reserves in Madagascar. Cap Sainte Marie was founded in the early 1960s, as it became obvious at that time that this <strong>particularly sensitive ecosystem<\/strong> with its unique biodiversity needed special protection.<\/p>\n<\/div>\n<\/div>\n<\/div>\n<\/div>\n<div class=\"bg_white\">\n<div class=\"col-md-12 col-sm-12 bg_white border no_padding margin_bottom_content\">\n<div class=\"col-md-12 col-sm-12 no_padding\">\n<div class=\"home_bg text-center side_bar_padding\"><a href=\"https:\/\/www.urlaub-auf-madagaskar.com\/wp-content\/uploads\/2015\/10\/Cap_Ste_Marie1.jpg\" rel=\"attachment wp-att-1674\"><img decoding=\"async\" class=\"side_bar_img alignnone wp-image-1674 size-medium\" src=\"https:\/\/www.urlaub-auf-madagaskar.com\/wp-content\/uploads\/2015\/10\/Cap_Ste_Marie1-300x199.jpg\" alt=\"Cap Sainte Marie\" width=\"300\" height=\"199\" srcset=\"https:\/\/www.urlaub-auf-madagaskar.com\/wp-content\/uploads\/2015\/10\/Cap_Ste_Marie1-300x199.jpg 300w, https:\/\/www.urlaub-auf-madagaskar.com\/wp-content\/uploads\/2015\/10\/Cap_Ste_Marie1-20x13.jpg 20w, https:\/\/www.urlaub-auf-madagaskar.com\/wp-content\/uploads\/2015\/10\/Cap_Ste_Marie1.jpg 465w\" sizes=\"(max-width: 300px) 100vw, 300px\" \/><\/a><\/div>\n<\/div>\n<div class=\"col-md-12 col-sm-12 no_padding\">\n<div class=\"home_content_div\">\n<p>Cap Sainte Marie is located <strong>in a relatively dry zone of Madagascar<\/strong>, directly on the southern border of the Mahafaly Karimbola Plateau. Since precipitation rarely falls from the sky in this area and there are very few river courses, this region is mainly <strong>covered with dry thorny forests<\/strong>. Parallel to this exist in Cap Sainte Marie huge shifting sand dunes that together with the coastal landscape create a fascinating and <strong>extremely varied picture<\/strong> create. In the region prevail throughout the year <strong>Warm temperatures<\/strong>so that a visit to Cap Sainte Marie is basically possible at any time. In summer, however, sunscreen, plenty of water and a hat should be planned as the most important part of the travel equipment, because <strong>Temperatures around 40\u00b0C<\/strong> are the order of the day. The reserve is best reached by four-wheel drive car, although getting around is not particularly pleasant or easy everywhere. From Tulear, the drive takes a good <strong>two days<\/strong>From Fort Dauphin, on the other hand, it takes only one day. However, the last few kilometers of the route prove to be particularly treacherous, as the road gradually turns more and more into a narrow path of sand, which gives the car a real hard time.<\/p>\n<\/div>\n<\/div>\n<\/div>\n<\/div>\n<div class=\"bg_white\">\n<div class=\"col-md-12 col-sm-12 bg_white border no_padding margin_bottom_content\">\n<div class=\"col-md-12 col-sm-12 no_padding\">\n<div class=\"home_bg text-center side_bar_padding\"><a href=\"https:\/\/www.urlaub-auf-madagaskar.com\/wp-content\/uploads\/2015\/10\/20150930_140601.jpg\" rel=\"attachment wp-att-1672\"><img decoding=\"async\" class=\"side_bar_img alignnone wp-image-1696 size-medium\" src=\"https:\/\/www.urlaub-auf-madagaskar.com\/wp-content\/uploads\/2015\/10\/20150930_1406011-225x300.jpg\" alt=\"Mouse maki in Cap Sainte Marie\" width=\"225\" height=\"300\" srcset=\"https:\/\/www.urlaub-auf-madagaskar.com\/wp-content\/uploads\/2015\/10\/20150930_1406011-225x300.jpg 225w, https:\/\/www.urlaub-auf-madagaskar.com\/wp-content\/uploads\/2015\/10\/20150930_1406011.jpg 480w\" sizes=\"(max-width: 225px) 100vw, 225px\" \/><\/a><\/div>\n<\/div>\n<div class=\"col-md-12 col-sm-12 no_padding\">\n<div class=\"home_content_div\">\n<p>The absolute highlight in the Cap Sainte Marie Special Reserve are certainly <strong>the turtles living there<\/strong>. It was precisely for their protection that the reserve was originally established. Particularly striking are the <strong>Radiated tortoise as well as the spider tortoise<\/strong>both of which are highly endangered and can only be found along this narrow coastal strip of the reserve. <strong>safe habitat<\/strong> find. In general, by the way, it can be noted that the reserve Cap Sainte Marie has one of the largest densities of turtle populations in the world. Besides the turtles also function <strong>Humpback whales passing offshore<\/strong>which can often be observed with their offspring between July and September, like true tourist magnets. But various mammals are also at home in Cap Sainte Marie: Especially <strong>nocturnal lemurs<\/strong>which unfortunately can be observed only rarely, but also tenrecs and bats have adapted to the somewhat harsh living conditions in this area. Reptiles can also be spotted frequently: The <strong>three-eyed lizard<\/strong>, various giant beats not dangerous to humans, geckos and chameleons can be easily observed. Also insects and <strong>different spider species<\/strong> are located in Cap Sainte Marie. Also of particular interest can be a <strong>Walk along the white beaches<\/strong> The remains of the so-called elephant bird can often be found there. This was a <strong>Giant bird that was native to Madagascar until a good 800 years ago<\/strong> and which could grow up to three meters tall. Unfortunately, the last specimens of this fascinating creature perished at the hands of humans, as the bird was hunted for its meat. For those who are more interested in the vegetation and the world of plants in this reserve, a <strong>fascinating discovery<\/strong> make Various <strong>Dwarf plants characterize the vegetation<\/strong>, which together form small thorny bushes. Several of these dwarf plants exist only in this reserve, where, by the way, also the otherwise gigantic <strong>Baobabs<\/strong> take on almost tiny proportions. For visitors to Cap Sainte Marie offer basically <strong>two different options for tours<\/strong>: The so-called <strong>Cape Tour<\/strong> leads on a relatively short walk through the dwarf spiny forest and you can catch a glimpse of various reptiles and birds. In parallel, the <strong>Cave tour<\/strong> a walk to the elephant bird eggs, which are about eight times the size of a chicken egg, and you can get a closer look at the turtle populations. In addition, this tour includes some of the so-called Sacred Caves as well as a few shifting sand dunes.<\/p>\n<\/div>\n<\/div>\n<\/div>\n<\/div>","protected":false},"excerpt":{"rendered":"<p>Cap Sainte Marie Das Spezialreservat mit dem Namen Cap Sainte Marie liegt am s\u00fcdlichsten Punkt der Insel Madagaskar und ist bisweilen auch unter seinem lokalen Namen Cap Vohimena bekannt. Cap Sainte Marie ist mehr als 17 Quadratkilometer gro\u00df, geh\u00f6rt damit aber eher noch zu den kleineren Spezialreservaten auf Madagaskar. Gegr\u00fcndet wurde Cap Sainte Marie in [&hellip;]<\/p>\n","protected":false},"author":3,"featured_media":9911,"parent":0,"menu_order":0,"comment_status":"closed","ping_status":"closed","template":"","meta":{"footnotes":""},"categories":[485],"class_list":["post-2635","page","type-page","status-publish","has-post-thumbnail","hentry","category-spezialreservate"],"_links":{"self":[{"href":"https:\/\/www.urlaub-auf-madagaskar.com\/en\/wp-json\/wp\/v2\/pages\/2635","targetHints":{"allow":["GET"]}}],"collection":[{"href":"https:\/\/www.urlaub-auf-madagaskar.com\/en\/wp-json\/wp\/v2\/pages"}],"about":[{"href":"https:\/\/www.urlaub-auf-madagaskar.com\/en\/wp-json\/wp\/v2\/types\/page"}],"author":[{"embeddable":true,"href":"https:\/\/www.urlaub-auf-madagaskar.com\/en\/wp-json\/wp\/v2\/users\/3"}],"replies":[{"embeddable":true,"href":"https:\/\/www.urlaub-auf-madagaskar.com\/en\/wp-json\/wp\/v2\/comments?post=2635"}],"version-history":[{"count":0,"href":"https:\/\/www.urlaub-auf-madagaskar.com\/en\/wp-json\/wp\/v2\/pages\/2635\/revisions"}],"wp:featuredmedia":[{"embeddable":true,"href":"https:\/\/www.urlaub-auf-madagaskar.com\/en\/wp-json\/wp\/v2\/media\/9911"}],"wp:attachment":[{"href":"https:\/\/www.urlaub-auf-madagaskar.com\/en\/wp-json\/wp\/v2\/media?parent=2635"}],"wp:term":[{"taxonomy":"category","embeddable":true,"href":"https:\/\/www.urlaub-auf-madagaskar.com\/en\/wp-json\/wp\/v2\/categories?post=2635"}],"curies":[{"name":"wp","href":"https:\/\/api.w.org\/{rel}","templated":true}]}}