{"id":2633,"date":"2016-04-04T14:50:34","date_gmt":"2016-04-04T12:50:34","guid":{"rendered":"https:\/\/urlaub-auf-madagaskar.alpha-beta.de\/?page_id=2633"},"modified":"2020-02-05T13:32:43","modified_gmt":"2020-02-05T12:32:43","slug":"bora","status":"publish","type":"page","link":"https:\/\/www.urlaub-auf-madagaskar.com\/en\/bora\/","title":{"rendered":"Bora"},"content":{"rendered":"<h1>Bora<\/h1>\n<div class=\"bg_white\">\n<div class=\"col-md-12 col-sm-12 bg_white border no_padding margin_bottom_content\">\n<div class=\"col-md-12 col-sm-12 no_padding\">\n<div class=\"home_bg text-center side_bar_padding\"><a href=\"\/wp-content\/uploads\/2015\/07\/Schildkr\u00f6te_Madagaskar.jpg\"><img decoding=\"async\" class=\"side_bar_img size-medium wp-image-1014 alignnone\" src=\"https:\/\/www.urlaub-auf-madagaskar.com\/wp-content\/uploads\/2015\/07\/Schildkr%C3%B6te_Madagaskar.jpg\" sizes=\"(max-width: 300px) 100vw, 300px\" srcset=\"https:\/\/www.urlaub-auf-madagaskar.com\/wp-content\/uploads\/2015\/07\/Schildkr\u00f6te_Madagaskar-150x150.jpg 150w, https:\/\/www.urlaub-auf-madagaskar.com\/wp-content\/uploads\/2015\/07\/Schildkr\u00f6te_Madagaskar.jpg 300w\" \/><\/a><\/div>\n<\/div>\n<div class=\"col-md-12 col-sm-12 no_padding\">\n<div class=\"home_content_div\">\n<p>In the western part of Madagascar about 35 kilometers from Antsohihy, lies with a <strong>Size of about 50 square kilometers<\/strong> the Bora Special Reserve. Degraded secondary forest, savanna and dry deciduous forest form the most common vegetation types in Bora. The <strong>exceptionally flat terrain<\/strong>which is only now and then broken by some hills of volcanic origin, represents in a certain way <strong>a kind of transition zone<\/strong>The dry savannah of the western region is combined with dry forests and some humid areas of the eastern region. <strong>Two strongly opposed seasons<\/strong>While it is warm and humid during the rainy season, which lasts from November to April, it dries out during the cooler <strong>Dry season between May and October<\/strong> many rivers in the region. If you want to visit Bora, you can reach the reserve from the villages of Antsohiny, Bealanana or Befandriana by car on a rather bad road. In the park itself it is possible to camp, but there are no further accommodation possibilities. If you plan to spend your <strong>Camp directly in the reserve<\/strong> you have to bring all the necessary utensils yourself. Alternatively, we can recommend one of the local hotels near Bora as a place to stay. The different species that meet in the reserve and the <strong>partly very different ecosystems<\/strong> provide a varied and diverse habitat for numerous creatures. It is therefore not by chance that alone <strong>six species of lemurs, six species of rodents and 48 different species of birds<\/strong> can be observed in this area. In addition, there are crocodiles, turtles and chameleons. The flora in Bora is also very diverse and includes around <strong>300 different plant species<\/strong>that have been identified so far.<\/p>\n<p>However, as in many reserves in Madagascar, the various ecosystems in Bora <strong>Danger from outside<\/strong>. For one thing, in many places more economically profitable plants are being used, which are gradually displacing native vegetation. Moreover, slash-and-burn agriculture is both <strong>in the area around the reserve<\/strong> as well as in some parts of the reserve itself is still the order of the day. The land thus freed up is by no means only used for agriculture or rice cultivation. Especially the zebu herds need a lot of space for grazing and threaten the fauna and flora in Bora accordingly. As a further point, unfortunately, it is also noted again and again that <strong>numerous animals fall victim to poachers<\/strong>, which target the meat of mammals and also reptiles. Bora as a special reserve therefore requires special protection so that the <strong>stunning biodiversity<\/strong> can still be preserved in this reserve for as long as possible.<\/p>\n<\/div>\n<\/div>\n<\/div>\n<\/div>","protected":false},"excerpt":{"rendered":"<p>Bora Im westlichen Teil Madagaskars rund 35 Kilometer von Antsohihy entfernt, liegt mit einer Gr\u00f6\u00dfe von rund 50 Quadratkilometern das Spezialreservat Bora. Degradierter Sekund\u00e4rwald, Savanne und trockener Laubwald bilden die h\u00e4ufigsten Vegetationsarten in Bora. Das ausnehmend flache Gel\u00e4nde, welches nur hin und wieder von einigen H\u00fcgeln vulkanischen Ursprungs durchbrochen wird, repr\u00e4sentiert in gewisser Weise eine [&hellip;]<\/p>\n","protected":false},"author":3,"featured_media":1014,"parent":0,"menu_order":0,"comment_status":"closed","ping_status":"closed","template":"","meta":{"footnotes":""},"categories":[485],"class_list":["post-2633","page","type-page","status-publish","has-post-thumbnail","hentry","category-spezialreservate"],"_links":{"self":[{"href":"https:\/\/www.urlaub-auf-madagaskar.com\/en\/wp-json\/wp\/v2\/pages\/2633","targetHints":{"allow":["GET"]}}],"collection":[{"href":"https:\/\/www.urlaub-auf-madagaskar.com\/en\/wp-json\/wp\/v2\/pages"}],"about":[{"href":"https:\/\/www.urlaub-auf-madagaskar.com\/en\/wp-json\/wp\/v2\/types\/page"}],"author":[{"embeddable":true,"href":"https:\/\/www.urlaub-auf-madagaskar.com\/en\/wp-json\/wp\/v2\/users\/3"}],"replies":[{"embeddable":true,"href":"https:\/\/www.urlaub-auf-madagaskar.com\/en\/wp-json\/wp\/v2\/comments?post=2633"}],"version-history":[{"count":0,"href":"https:\/\/www.urlaub-auf-madagaskar.com\/en\/wp-json\/wp\/v2\/pages\/2633\/revisions"}],"wp:featuredmedia":[{"embeddable":true,"href":"https:\/\/www.urlaub-auf-madagaskar.com\/en\/wp-json\/wp\/v2\/media\/1014"}],"wp:attachment":[{"href":"https:\/\/www.urlaub-auf-madagaskar.com\/en\/wp-json\/wp\/v2\/media?parent=2633"}],"wp:term":[{"taxonomy":"category","embeddable":true,"href":"https:\/\/www.urlaub-auf-madagaskar.com\/en\/wp-json\/wp\/v2\/categories?post=2633"}],"curies":[{"name":"wp","href":"https:\/\/api.w.org\/{rel}","templated":true}]}}