{"id":2628,"date":"2016-04-04T14:49:41","date_gmt":"2016-04-04T12:49:41","guid":{"rendered":"https:\/\/urlaub-auf-madagaskar.alpha-beta.de\/?page_id=2628"},"modified":"2020-02-05T13:32:37","modified_gmt":"2020-02-05T12:32:37","slug":"bemarivo","status":"publish","type":"page","link":"https:\/\/www.urlaub-auf-madagaskar.com\/en\/bemarivo\/","title":{"rendered":"Bemarivo"},"content":{"rendered":"<h1>Bemarivo<\/h1>\n<div class=\"bg_white\">\n<div class=\"col-md-12 col-sm-12 bg_white border no_padding margin_bottom_content\">\n<div class=\"col-md-12 col-sm-12 no_padding\">\n<div class=\"home_bg text-center side_bar_padding\"><a href=\"\/wp-content\/uploads\/2015\/07\/fish_eagle_Bemarivo.jpg\"><img fetchpriority=\"high\" decoding=\"async\" width=\"228\" height=\"321\" class=\"side_bar_img size-medium wp-image-1012 alignnone\" src=\"https:\/\/www.urlaub-auf-madagaskar.com\/wp-content\/uploads\/2015\/07\/fish_eagle_Bemarivo.jpg\" srcset=\"https:\/\/www.urlaub-auf-madagaskar.com\/wp-content\/uploads\/2015\/07\/fish_eagle_Bemarivo.jpg 228w, https:\/\/www.urlaub-auf-madagaskar.com\/wp-content\/uploads\/2015\/07\/fish_eagle_Bemarivo-213x300.jpg 213w, https:\/\/www.urlaub-auf-madagaskar.com\/wp-content\/uploads\/2015\/07\/fish_eagle_Bemarivo-14x20.jpg 14w\" sizes=\"(max-width: 228px) 100vw, 228px\" \/><\/a><\/div>\n<\/div>\n<div class=\"col-md-12 col-sm-12 no_padding\">\n<div class=\"home_content_div\">\n<p>Bemarivo is a very small special reserve, with only around <strong>13 square kilometers in size<\/strong> is. Bemarivo is located in the western part of Madagascar in direct proximity to Besalampy and at a distance of only five kilometers from the coast. Despite its small size, Bemarivo fascinates as an ecosystem mainly because of its versatility. From <strong>subtropical deciduous forest<\/strong> through lakes and wetlands to dry savannahs, Bemarivo represents numerous <strong>various habitats for plants and animals<\/strong>. For your <strong>Madagascar vacation<\/strong> a tour to the reserve in Bemarivo can be a unique experience. In Bemarivo the <strong>ethnic group of the Sakavale<\/strong> indigenous. These live mainly on the basis of livestock, fishing and agriculture. Especially for the <strong>Expansion of agriculture<\/strong> Unfortunately, slash-and-burn agriculture is still frequently used in this area, which is sometimes extremely difficult to control in this extremely dry part of the country and can then have devastating consequences. In Bemarivo, birdwatchers in particular get their money's worth. For <strong>Birdwatching <\/strong>there is hardly a better place in Madagascar. <strong>73 different species of birds<\/strong> live in the reserve and a good half of these species are endemic. Various endangered species such as the Madagascar fish eagle and various water birds are among them. Moreover, in this protected zone, in addition to the various birds, can also be seen <strong>six species of lemurs<\/strong> as well as the particularly shy fossa can be observed. River crocodiles and various frogs as well as numerous other reptiles can also be easily observed in the protected zone of Bemarivo. Especially pleasant is the fact that in this area currently still <strong>no tourist infrastructure<\/strong> and that this reserve is still almost unknown among travelers coming to Madagascar. That is exactly why in Bemarivo you can enjoy especially <strong>undisturbed and far away from the typical tourist streams<\/strong> Conduct animal observations and photography.<\/p>\n<\/div>\n<\/div>\n<\/div>\n<\/div>","protected":false},"excerpt":{"rendered":"<p>Bemarivo Bei Bemarivo handelt es sich um ein sehr kleines Spezialreservat, das nur rund 13 Quadratkilometer gro\u00df ist. Bemarivo liegt im westlichen Teil Madagaskars in direkter N\u00e4he zu Besalampy und in einer Entfernung von nur f\u00fcnf Kilometern zur K\u00fcste. Trotz seiner geringen Gr\u00f6\u00dfe fasziniert Bemarivo als \u00d6kosystem vor allem aufgrund seiner Vielseitigkeit. Vom subtropischen Laubwald [&hellip;]<\/p>\n","protected":false},"author":3,"featured_media":1012,"parent":0,"menu_order":0,"comment_status":"closed","ping_status":"closed","template":"","meta":{"footnotes":""},"categories":[485],"class_list":["post-2628","page","type-page","status-publish","has-post-thumbnail","hentry","category-spezialreservate"],"_links":{"self":[{"href":"https:\/\/www.urlaub-auf-madagaskar.com\/en\/wp-json\/wp\/v2\/pages\/2628","targetHints":{"allow":["GET"]}}],"collection":[{"href":"https:\/\/www.urlaub-auf-madagaskar.com\/en\/wp-json\/wp\/v2\/pages"}],"about":[{"href":"https:\/\/www.urlaub-auf-madagaskar.com\/en\/wp-json\/wp\/v2\/types\/page"}],"author":[{"embeddable":true,"href":"https:\/\/www.urlaub-auf-madagaskar.com\/en\/wp-json\/wp\/v2\/users\/3"}],"replies":[{"embeddable":true,"href":"https:\/\/www.urlaub-auf-madagaskar.com\/en\/wp-json\/wp\/v2\/comments?post=2628"}],"version-history":[{"count":0,"href":"https:\/\/www.urlaub-auf-madagaskar.com\/en\/wp-json\/wp\/v2\/pages\/2628\/revisions"}],"wp:featuredmedia":[{"embeddable":true,"href":"https:\/\/www.urlaub-auf-madagaskar.com\/en\/wp-json\/wp\/v2\/media\/1012"}],"wp:attachment":[{"href":"https:\/\/www.urlaub-auf-madagaskar.com\/en\/wp-json\/wp\/v2\/media?parent=2628"}],"wp:term":[{"taxonomy":"category","embeddable":true,"href":"https:\/\/www.urlaub-auf-madagaskar.com\/en\/wp-json\/wp\/v2\/categories?post=2628"}],"curies":[{"name":"wp","href":"https:\/\/api.w.org\/{rel}","templated":true}]}}