{"id":2622,"date":"2016-04-04T14:46:49","date_gmt":"2016-04-04T12:46:49","guid":{"rendered":"https:\/\/urlaub-auf-madagaskar.alpha-beta.de\/?page_id=2622"},"modified":"2020-02-06T20:58:12","modified_gmt":"2020-02-06T19:58:12","slug":"andranomena","status":"publish","type":"page","link":"https:\/\/www.urlaub-auf-madagaskar.com\/en\/andranomena\/","title":{"rendered":"Andranomena"},"content":{"rendered":"<h1>Andranomena<\/h1>\n<div class=\"bg_white\">\n<div class=\"col-md-12 col-sm-12 bg_white border no_padding margin_bottom_content\">\n<div class=\"col-md-12 col-sm-12 no_padding\">\n<div class=\"home_bg text-center side_bar_padding\"><a href=\"\/wp-content\/uploads\/2015\/07\/Springratte_Hypogeomys_antimena_300_x_201.jpg\"><img fetchpriority=\"high\" decoding=\"async\" width=\"300\" height=\"201\" class=\"side_bar_img size-medium wp-image-1008 alignnone\" src=\"https:\/\/www.urlaub-auf-madagaskar.com\/wp-content\/uploads\/2015\/07\/Springratte_Hypogeomys_antimena_300_x_201.jpg\" srcset=\"https:\/\/www.urlaub-auf-madagaskar.com\/wp-content\/uploads\/2015\/07\/Springratte_Hypogeomys_antimena_300_x_201.jpg 300w, https:\/\/www.urlaub-auf-madagaskar.com\/wp-content\/uploads\/2015\/07\/Springratte_Hypogeomys_antimena_300_x_201-20x13.jpg 20w\" sizes=\"(max-width: 300px) 100vw, 300px\" \/><\/a><\/div>\n<\/div>\n<div class=\"col-md-12 col-sm-12 no_padding\">\n<div class=\"home_content_div\">\n<p>The Andranomena Special Reserve is relatively small and has a size of only about 64 square kilometers about 30 kilometers <strong>northeast of Morondava<\/strong> located. The special reserve was opened for tourists not so long ago and offers <strong>the ideal destination for a day trip<\/strong>. The best way to get there is from Morondava and takes a good hour. Whether you arrive during the rainy or dry season is basically irrelevant, as the road into the reserve is in a less good condition anyway. Especially in the dry season, however, the sun can shine relatively strongly from the sky, which is why you should definitely ask for a <strong>adequate sun protection<\/strong> should take care of. However, temperatures rarely rise above the 30\u00b0C mark, which is why the <strong>Hiking in the reserve<\/strong> is still quite possible. In the park itself there are no accommodations, which is why the <strong>Overnight stays always in Morondava<\/strong> take place. For a day trip is usually recommended two specific tours: the first is called <strong>Antsarongaza Circuit<\/strong> known and lasts a good two hours. You move on this tour through dense deciduous forest and discover <strong>giant baobabs<\/strong> as well as lively lemurs and reptiles. The alternative to this tour is the <strong>Tour of the four lakes<\/strong>. This tour also takes you through the forest and past the baobabs, with the focus then turning to waterfowl and plants. The Andranomena Special Reserve is composed of <strong>dense deciduous and dry forest<\/strong> together. Some smaller lakes with many endemic aquatic plants can also be discovered, although some of the smaller lakes lose their water during the dry season. The Andranomena Special Reserve has a too <strong>75 percent endemic wildlife<\/strong>of which some particularly endangered species are unfortunately now also on the Red List of Threatened Species. In particular the <strong>Human use of natural resources<\/strong> as well as the excessive keeping of cattle as livestock. <strong>threaten the unique ecosystem,<\/strong> which can be discovered in the Andranomena Special Reserve. Poaching, slash-and-burn agriculture, and unfortunately, more and more animal and plant species in this reserve are in danger of disappearing forever.<\/p>\n<p>This severe threat is particularly tragic given the amazing species richness that prevails in Andranomena. Alone <strong>twelve different species of lemurs<\/strong> like the Verraux sifakas, the sportive lemurs and also the brown lemurs. Furthermore, the very shy fossa and the very <strong>rare giant springer rats<\/strong>. Also numerous <strong>Bird species and reptiles<\/strong>The species of turtles that live in Andranomena are facing strong threats. This includes especially the flat-tailed turtle, of which there are only very few specimens left in the whole world.<\/p>\n<\/div>\n<\/div>\n<\/div>\n<\/div>","protected":false},"excerpt":{"rendered":"<p>Andranomena Das Andranomena Spezialreservat ist relativ klein und besitzt nur eine Gr\u00f6\u00dfe von rund 64 Quadratkilometern rund 30 Kilometer nord\u00f6stlich von Morondava gelegen. Das Spezialreservat wurde vor noch gar nicht langer Zeit f\u00fcr Touristen ge\u00f6ffnet und bietet das ideale Ausflugsziel f\u00fcr einen Tagestrip. Die beste Anreise erfolgt von Morondava aus und dauert gut eine Stunde. [&hellip;]<\/p>\n","protected":false},"author":3,"featured_media":1008,"parent":0,"menu_order":0,"comment_status":"closed","ping_status":"closed","template":"","meta":{"footnotes":""},"categories":[485],"class_list":["post-2622","page","type-page","status-publish","has-post-thumbnail","hentry","category-spezialreservate"],"_links":{"self":[{"href":"https:\/\/www.urlaub-auf-madagaskar.com\/en\/wp-json\/wp\/v2\/pages\/2622","targetHints":{"allow":["GET"]}}],"collection":[{"href":"https:\/\/www.urlaub-auf-madagaskar.com\/en\/wp-json\/wp\/v2\/pages"}],"about":[{"href":"https:\/\/www.urlaub-auf-madagaskar.com\/en\/wp-json\/wp\/v2\/types\/page"}],"author":[{"embeddable":true,"href":"https:\/\/www.urlaub-auf-madagaskar.com\/en\/wp-json\/wp\/v2\/users\/3"}],"replies":[{"embeddable":true,"href":"https:\/\/www.urlaub-auf-madagaskar.com\/en\/wp-json\/wp\/v2\/comments?post=2622"}],"version-history":[{"count":0,"href":"https:\/\/www.urlaub-auf-madagaskar.com\/en\/wp-json\/wp\/v2\/pages\/2622\/revisions"}],"wp:featuredmedia":[{"embeddable":true,"href":"https:\/\/www.urlaub-auf-madagaskar.com\/en\/wp-json\/wp\/v2\/media\/1008"}],"wp:attachment":[{"href":"https:\/\/www.urlaub-auf-madagaskar.com\/en\/wp-json\/wp\/v2\/media?parent=2622"}],"wp:term":[{"taxonomy":"category","embeddable":true,"href":"https:\/\/www.urlaub-auf-madagaskar.com\/en\/wp-json\/wp\/v2\/categories?post=2622"}],"curies":[{"name":"wp","href":"https:\/\/api.w.org\/{rel}","templated":true}]}}