{"id":2618,"date":"2016-04-04T14:45:26","date_gmt":"2016-04-04T12:45:26","guid":{"rendered":"https:\/\/urlaub-auf-madagaskar.alpha-beta.de\/?page_id=2618"},"modified":"2020-02-05T13:30:46","modified_gmt":"2020-02-05T12:30:46","slug":"analamazoatra","status":"publish","type":"page","link":"https:\/\/www.urlaub-auf-madagaskar.com\/en\/analamazoatra\/","title":{"rendered":"Analamazoatra"},"content":{"rendered":"<h1>Analamazoatra<\/h1>\n<figure id=\"attachment_10282\" aria-describedby=\"caption-attachment-10282\" style=\"width: 300px\" class=\"wp-caption alignnone\"><a href=\"https:\/\/www.urlaub-auf-madagaskar.com\/wp-content\/uploads\/2020\/02\/FI_Analamazoatra_800x800.jpg\"><img fetchpriority=\"high\" decoding=\"async\" class=\"size-medium wp-image-10282\" src=\"https:\/\/www.urlaub-auf-madagaskar.com\/wp-content\/uploads\/2020\/02\/FI_Analamazoatra_800x800-300x300.jpg\" alt=\"Analamazoatra Madagaskar\" width=\"300\" height=\"300\" srcset=\"https:\/\/www.urlaub-auf-madagaskar.com\/wp-content\/uploads\/2020\/02\/FI_Analamazoatra_800x800-300x300.jpg 300w, https:\/\/www.urlaub-auf-madagaskar.com\/wp-content\/uploads\/2020\/02\/FI_Analamazoatra_800x800-150x150.jpg 150w, https:\/\/www.urlaub-auf-madagaskar.com\/wp-content\/uploads\/2020\/02\/FI_Analamazoatra_800x800-768x768.jpg 768w, https:\/\/www.urlaub-auf-madagaskar.com\/wp-content\/uploads\/2020\/02\/FI_Analamazoatra_800x800-20x20.jpg 20w, https:\/\/www.urlaub-auf-madagaskar.com\/wp-content\/uploads\/2020\/02\/FI_Analamazoatra_800x800.jpg 800w\" sizes=\"(max-width: 300px) 100vw, 300px\" \/><\/a><figcaption id=\"caption-attachment-10282\" class=\"wp-caption-text\">Bernard DUPONT from FRANCE [CC BY-SA (https:\/\/creativecommons.org\/licenses\/by-sa\/2.0)]<\/figcaption><\/figure>\n<div class=\"col-md-12 col-sm-12 bg_white border no_padding margin_bottom_content\">\n<div class=\"col-md-12 col-sm-12 home_content_div\">\n<p>Dieses Spezialreservat besuchen wir h\u00e4ufig als wichtige Station in unseren verschiedenen Touren, die Sie f\u00fcr einen au\u00dfergew\u00f6hnlichen <strong>Urlaub auf Madagaskar<\/strong> buchen k\u00f6nnen. Das Spezialreservat ist auch unter dem Namen Andasibe bekannt und liegt etwas mehr als 130 Kilometer \u00f6stlich von Antananarivo. Das Reservat ist relativ klein und vor allem f\u00fcr die <strong>Indri-Indri-Populationen<\/strong> bekannt. Von diesen Riesenlemuren gibt es heutzutage nur noch sehr wenige auf Madagaskar und die Orte, an denen sie ihre f\u00fcrs \u00dcberleben wichtige Nahrung finden, schwinden immer st\u00e4rker. Ber\u00fchmt sind die Indri-Indris vor allem f\u00fcr Ihre <strong>au\u00dfergew\u00f6hnlichen Singschreie<\/strong>, die melodi\u00f6s klingen und sich mit kaum einem anderen Klang vergleichen lassen.<\/p>\n<p>&nbsp;<\/p>\n<\/div>\n<\/div>\n","protected":false},"excerpt":{"rendered":"<p>Analamazoatra Dieses Spezialreservat besuchen wir h\u00e4ufig als wichtige Station in unseren verschiedenen Touren, die Sie f\u00fcr einen au\u00dfergew\u00f6hnlichen Urlaub auf Madagaskar buchen k\u00f6nnen. Das Spezialreservat ist auch unter dem Namen Andasibe bekannt und liegt etwas mehr als 130 Kilometer \u00f6stlich von Antananarivo. Das Reservat ist relativ klein und vor allem f\u00fcr die Indri-Indri-Populationen bekannt. Von [&hellip;]<\/p>\n","protected":false},"author":3,"featured_media":10282,"parent":0,"menu_order":0,"comment_status":"closed","ping_status":"closed","template":"","meta":{"footnotes":""},"categories":[485],"class_list":["post-2618","page","type-page","status-publish","has-post-thumbnail","hentry","category-spezialreservate"],"_links":{"self":[{"href":"https:\/\/www.urlaub-auf-madagaskar.com\/en\/wp-json\/wp\/v2\/pages\/2618","targetHints":{"allow":["GET"]}}],"collection":[{"href":"https:\/\/www.urlaub-auf-madagaskar.com\/en\/wp-json\/wp\/v2\/pages"}],"about":[{"href":"https:\/\/www.urlaub-auf-madagaskar.com\/en\/wp-json\/wp\/v2\/types\/page"}],"author":[{"embeddable":true,"href":"https:\/\/www.urlaub-auf-madagaskar.com\/en\/wp-json\/wp\/v2\/users\/3"}],"replies":[{"embeddable":true,"href":"https:\/\/www.urlaub-auf-madagaskar.com\/en\/wp-json\/wp\/v2\/comments?post=2618"}],"version-history":[{"count":0,"href":"https:\/\/www.urlaub-auf-madagaskar.com\/en\/wp-json\/wp\/v2\/pages\/2618\/revisions"}],"wp:featuredmedia":[{"embeddable":true,"href":"https:\/\/www.urlaub-auf-madagaskar.com\/en\/wp-json\/wp\/v2\/media\/10282"}],"wp:attachment":[{"href":"https:\/\/www.urlaub-auf-madagaskar.com\/en\/wp-json\/wp\/v2\/media?parent=2618"}],"wp:term":[{"taxonomy":"category","embeddable":true,"href":"https:\/\/www.urlaub-auf-madagaskar.com\/en\/wp-json\/wp\/v2\/categories?post=2618"}],"curies":[{"name":"wp","href":"https:\/\/api.w.org\/{rel}","templated":true}]}}