{"id":2616,"date":"2016-04-04T14:44:53","date_gmt":"2016-04-04T12:44:53","guid":{"rendered":"https:\/\/urlaub-auf-madagaskar.alpha-beta.de\/?page_id=2616"},"modified":"2020-02-05T13:12:32","modified_gmt":"2020-02-05T12:12:32","slug":"ambohitantely-2","status":"publish","type":"page","link":"https:\/\/www.urlaub-auf-madagaskar.com\/en\/ambohitantely-2\/","title":{"rendered":"Ambohitantely"},"content":{"rendered":"<h1>Ambohitantely<\/h1>\n<div class=\"bg_white\">\n<div class=\"col-md-12 col-sm-12 bg_white border no_padding margin_bottom_content\">\n<div class=\"col-md-12 col-sm-12 no_padding\">\n<div class=\"home_bg text-center side_bar_padding\"><a href=\"\/wp-content\/uploads\/2015\/07\/Ambohitantely_300_x_200.jpg\"><img fetchpriority=\"high\" decoding=\"async\" width=\"300\" height=\"200\" class=\"side_bar_img size-medium wp-image-1006 alignnone\" src=\"https:\/\/www.urlaub-auf-madagaskar.com\/wp-content\/uploads\/2015\/07\/Ambohitantely_300_x_200.jpg\" srcset=\"https:\/\/www.urlaub-auf-madagaskar.com\/wp-content\/uploads\/2015\/07\/Ambohitantely_300_x_200.jpg 300w, https:\/\/www.urlaub-auf-madagaskar.com\/wp-content\/uploads\/2015\/07\/Ambohitantely_300_x_200-20x13.jpg 20w\" sizes=\"(max-width: 300px) 100vw, 300px\" \/><\/a><\/div>\n<\/div>\n<div class=\"col-md-12 col-sm-12 no_padding\">\n<div class=\"home_content_div\">\n<p>The Ambohitantely Special Reserve is relatively small compared to many other protected areas and includes only a <strong>Base area of 56 square kilometers<\/strong>. Ambohitantely is located about 130 kilometers northwest of Tana and is just over 30 kilometers from Ankazobe. The area was <strong>founded at the beginning of the 19080s<\/strong> and is basically easy to reach all year round. If you start in Anatananarivo, you need a well <strong>four-hour car ride<\/strong>before you reach the special reserve. <strong>Between September and October<\/strong> is the most recommended time to visit Ambohitantely, as temperatures are pleasantly mild during these months, even at night, inviting you to spend the night in a camp. While visits are also possible during the rainy season and offer a wide variety of fascinating creatures to observe during this time, the <strong>Trails in the reserve from November to March only quite laborious <\/strong>Ambohitantely is composed of different areas, some of which are covered with primary rainforest. In the <strong>central plateau of Madagascar<\/strong> there is very little primary rainforest left, making Ambohitantely all the more amazing and all the more important as a protected zone. However, the vegetation as well as the wildlife in this special reserve are of a <strong>constant threat<\/strong> exposed, as slash-and-burn agriculture is commonplace among the ethnic populations that settle in the area. In addition, the <strong>Water supplies of the surrounding area strongly tapped<\/strong>to be able to successfully cultivate the rice fields.<\/p>\n<\/div>\n<\/div>\n<\/div>\n<\/div>\n<div class=\"bg_white\">\n<div class=\"col-md-12 col-sm-12 bg_white border no_padding margin_bottom_content\">\n<div class=\"col-md-12 col-sm-12 no_padding\">\n<div class=\"home_bg text-center side_bar_padding\"><a href=\"https:\/\/www.urlaub-auf-madagaskar.com\/wp-content\/uploads\/2015\/07\/Ambohitantely.jpg\" rel=\"attachment wp-att-2396\"><img decoding=\"async\" width=\"300\" height=\"225\" class=\"side_bar_img size-medium wp-image-2396 alignnone\" src=\"https:\/\/www.urlaub-auf-madagaskar.com\/wp-content\/uploads\/2015\/07\/Ambohitantely-300x225.jpg\" alt=\"Ambohitantely\" srcset=\"https:\/\/www.urlaub-auf-madagaskar.com\/wp-content\/uploads\/2015\/07\/Ambohitantely.jpg 300w, https:\/\/www.urlaub-auf-madagaskar.com\/wp-content\/uploads\/2015\/07\/Ambohitantely-20x15.jpg 20w\" sizes=\"(max-width: 300px) 100vw, 300px\" \/><\/a><\/div>\n<\/div>\n<div class=\"col-md-12 col-sm-12 no_padding\">\n<div class=\"home_content_div\">\n<p>In Ambohitantely you can go on various hikes, which in the classic case are <strong>between two and five hours<\/strong> include. The experienced guides on site will be happy to discuss the specific tours with you in order to take your physical condition into consideration. Ambohitantely is <strong>excellent for trekking<\/strong> and thanks to the scenic diversity offers very many visual highlights. The easiest and most uncomplicated hikes lead you around the <strong>Botanical garden<\/strong>. There you can admire various animals, palm trees and orchids alike. Other tours, on the other hand, will take you to a cave that is home to many bats or to a waterfall that will give you the opportunity to take a natural and refreshing bath. Another option is a <strong>Tour to the highest point of this reserve<\/strong>, the Doany of Ampasandoaka (1,660 m), which gives you a spectacular view over the landscape surrounding you.<\/p>\n<\/div>\n<\/div>\n<\/div>\n<\/div>","protected":false},"excerpt":{"rendered":"<p>Ambohitantely Das Ambohitantely Spezialreservat ist im Vergleich zu vielen anderen Schutzzonen relativ klein und umfasst nur eine Grundfl\u00e4che von 56 Quadratkilometern. Ambohitantely liegt etwa 130 Kilometer in nordwestlicher Richtung von Tana und ist gut 30 Kilometer von Ankazobe entfernt. Das Gebiet wurde zu Beginn der 19080er Jahre gegr\u00fcndet und ist grunds\u00e4tzlich das ganze Jahr \u00fcber [&hellip;]<\/p>\n","protected":false},"author":3,"featured_media":1006,"parent":0,"menu_order":0,"comment_status":"closed","ping_status":"closed","template":"","meta":{"footnotes":""},"categories":[485],"class_list":["post-2616","page","type-page","status-publish","has-post-thumbnail","hentry","category-spezialreservate"],"_links":{"self":[{"href":"https:\/\/www.urlaub-auf-madagaskar.com\/en\/wp-json\/wp\/v2\/pages\/2616","targetHints":{"allow":["GET"]}}],"collection":[{"href":"https:\/\/www.urlaub-auf-madagaskar.com\/en\/wp-json\/wp\/v2\/pages"}],"about":[{"href":"https:\/\/www.urlaub-auf-madagaskar.com\/en\/wp-json\/wp\/v2\/types\/page"}],"author":[{"embeddable":true,"href":"https:\/\/www.urlaub-auf-madagaskar.com\/en\/wp-json\/wp\/v2\/users\/3"}],"replies":[{"embeddable":true,"href":"https:\/\/www.urlaub-auf-madagaskar.com\/en\/wp-json\/wp\/v2\/comments?post=2616"}],"version-history":[{"count":0,"href":"https:\/\/www.urlaub-auf-madagaskar.com\/en\/wp-json\/wp\/v2\/pages\/2616\/revisions"}],"wp:featuredmedia":[{"embeddable":true,"href":"https:\/\/www.urlaub-auf-madagaskar.com\/en\/wp-json\/wp\/v2\/media\/1006"}],"wp:attachment":[{"href":"https:\/\/www.urlaub-auf-madagaskar.com\/en\/wp-json\/wp\/v2\/media?parent=2616"}],"wp:term":[{"taxonomy":"category","embeddable":true,"href":"https:\/\/www.urlaub-auf-madagaskar.com\/en\/wp-json\/wp\/v2\/categories?post=2616"}],"curies":[{"name":"wp","href":"https:\/\/api.w.org\/{rel}","templated":true}]}}