{"id":2536,"date":"2016-03-21T14:26:24","date_gmt":"2016-03-21T13:26:24","guid":{"rendered":"https:\/\/urlaub-auf-madagaskar.alpha-beta.de\/?page_id=2536"},"modified":"2020-02-06T15:48:45","modified_gmt":"2020-02-06T14:48:45","slug":"les-iles-eparses","status":"publish","type":"page","link":"https:\/\/www.urlaub-auf-madagaskar.com\/en\/les-iles-eparses\/","title":{"rendered":"Les Iles \u00e9parses and the island of Madagascar"},"content":{"rendered":"<h1>Les Iles \u00e9parses and the island of Madagascar<\/h1>\n<div class=\"bg_white\">\n<div class=\"col-md-12 col-sm-12 bg_white border no_padding margin_bottom_content\">\n<div class=\"col-md-12 col-sm-12 no_padding\">\n<div class=\"home_bg text-center side_bar_padding\"><a href=\"https:\/\/www.urlaub-auf-madagaskar.com\/wp-content\/uploads\/2016\/03\/Iles-eparses-ok.jpg\" rel=\"attachment wp-att-2544\"><img fetchpriority=\"high\" decoding=\"async\" width=\"235\" height=\"300\" class=\"side_bar_img size-medium wp-image-2544 alignnone\" src=\"https:\/\/www.urlaub-auf-madagaskar.com\/wp-content\/uploads\/2016\/03\/Iles-eparses-ok-235x300.jpg\" alt=\"Iles \u00e9parses \" srcset=\"https:\/\/www.urlaub-auf-madagaskar.com\/wp-content\/uploads\/2016\/03\/Iles-eparses-ok-235x300.jpg 235w, https:\/\/www.urlaub-auf-madagaskar.com\/wp-content\/uploads\/2016\/03\/Iles-eparses-ok-16x20.jpg 16w, https:\/\/www.urlaub-auf-madagaskar.com\/wp-content\/uploads\/2016\/03\/Iles-eparses-ok.jpg 500w\" sizes=\"(max-width: 235px) 100vw, 235px\" \/><\/a><\/div>\n<\/div>\n<div class=\"col-md-12 col-sm-12 no_padding\">\n<div class=\"home_content_div\">\n<h3>An eventful and exciting history<\/h3>\n<p>The so-called Les Iles \u00e9parses are \"<em>scattered islands<\/em>\" off the coast of Madagascar. Originally, these islands were clearly assigned to the country of Madagascar, but since the French colonial rule, Les Iles \u00e9parses are <strong>French territory<\/strong>. After the declaration of independence of Madagascar, France simply failed to return these islands to their rightful owner, the state of Madagascar. Since then, there have been repeated fierce <strong>Discussions, disagreements and arguments about Les Iles \u00e9parses<\/strong>. This is not only a matter of clarifying the legal claim to ownership, but also, and above all, of the rights of use for the islands. Currently, various military and meteorological stations are located on most of the scattered islands. In addition, in some areas of the islands, the French government has <strong>Nature reserves designated<\/strong>. The <strong>Entering is normally only with a special permit<\/strong> possible, although this is generally only granted in special cases. Particularly heated discussions have arisen in recent years, when it turned out that at least on one of the islands, Juan de Nova, <strong>rich oil and natural gas deposits<\/strong> are to be recovered. This is understandably another reason for France, <strong>not return the islands to the original and rightful owners<\/strong>. Instead, the permission of the two mining companies operating on Juan de Nova on behalf of France was just recently extended. Les Iles \u00e9parses, by the way, are not the only example of the shadows of colonization that can still be seen today with regard to France. There are also some islands in Antarctica that are still under the control of the French government. They are controlled by the <strong>French prefects for the TAAF<\/strong> (Terres Australes et Antarctiques). The islands are known as <strong>French overseas territory<\/strong> and the protests of the locals and the actual owners went almost unheard. Only in October 2015, the French ambassador in Antananarivo publicly declared that Les Iles \u00e9parses belong to France.<\/p>\n<\/div>\n<\/div>\n<\/div>\n<\/div>\n<div class=\"col-md-12 col-sm-12 bg_white border no_padding margin_bottom_content\">\n<div class=\"col-md-12 col-sm-12 home_content_div\">\n<h3>The scattered islands and their history<\/h3>\n<p>The <strong>strategic advantages<\/strong>which France can procure on the basis of Les Iles \u00e9parses, in combination with the <strong>rich mineral resources<\/strong> will certainly continue to cause all kinds of discord in the future. The greatest fear of the conservationists, on the other hand, is that the currently designated nature conservation zones will sooner or later be abolished in order to recover possible mineral resources. <strong>Swallow colonies and especially also rare sea turtles<\/strong> In the following, we will take a closer look at two factors: Which islands are Les Iles \u00e9parses about and what is the history of these particular islands?<\/p>\n<\/div>\n<\/div>\n<div class=\"bg_white\">\n<div class=\"col-md-12 col-sm-12 bg_white border no_padding margin_bottom_content\">\n<div class=\"col-md-12 col-sm-12 no_padding\">\n<div class=\"home_bg text-center side_bar_padding\"><a href=\"https:\/\/www.urlaub-auf-madagaskar.com\/wp-content\/uploads\/2016\/03\/Insel-bassas-de-india.jpg\" rel=\"attachment wp-att-2545\"><img decoding=\"async\" width=\"300\" height=\"225\" class=\"side_bar_img size-medium wp-image-2545 alignnone\" src=\"https:\/\/www.urlaub-auf-madagaskar.com\/wp-content\/uploads\/2016\/03\/Insel-bassas-de-india-300x225.jpg\" alt=\"Island bassas de india\" srcset=\"https:\/\/www.urlaub-auf-madagaskar.com\/wp-content\/uploads\/2016\/03\/Insel-bassas-de-india-300x225.jpg 300w, https:\/\/www.urlaub-auf-madagaskar.com\/wp-content\/uploads\/2016\/03\/Insel-bassas-de-india-768x576.jpg 768w, https:\/\/www.urlaub-auf-madagaskar.com\/wp-content\/uploads\/2016\/03\/Insel-bassas-de-india-1024x768.jpg 1024w, https:\/\/www.urlaub-auf-madagaskar.com\/wp-content\/uploads\/2016\/03\/Insel-bassas-de-india-20x15.jpg 20w, https:\/\/www.urlaub-auf-madagaskar.com\/wp-content\/uploads\/2016\/03\/Insel-bassas-de-india.jpg 1280w\" sizes=\"(max-width: 300px) 100vw, 300px\" \/><\/a><\/div>\n<\/div>\n<div class=\"col-md-12 col-sm-12 no_padding\">\n<div class=\"home_content_div\">\n<h3>Bassas de India<\/h3>\n<h3>Geographical coordinates: 21\u00b0 29\u2032 10\u2033 S 39\u00b0 40\u2032 51\u2033 E<\/h3>\n<p><strong>Bassas de India<\/strong> is actually not an island in the literal sense. Rather, it is instead <strong>a tiny atoll<\/strong>. This atoll is located south-west of Madagascar in the Mozambique Channel, but for several years it has officially belonged to the French Overseas Territory. Bassa de India was discovered at the beginning of the 16th century by Portuguese sailors. However, the current name of the island comes from a British navigator named Owen. Bassa de India is a <strong>uninhabited atoll<\/strong>. Taken together, the many tiny islands have a diameter of about ten kilometers. The total land area of the islands surrounded by stunning coral reefs is only 0.2 square kilometers. At high tide, the islands are sometimes completely submerged, as the highest elevation is just 2.5 meters high. Because of the risk of flooding, not even birds feel at home on this island. However, flooding at high tide brings another consequence: when the island becomes invisible at high tide, it harbors <strong>for seafarers a danger that should not be underestimated<\/strong>. Accordingly, some ships have run aground off Bassas de India. Some shipwrecks such as the <em>Santiago<\/em>, which sank in 1585, have already been extensively studied.<\/p>\n<\/div>\n<\/div>\n<\/div>\n<\/div>\n<div class=\"bg_white\">\n<div class=\"col-md-12 col-sm-12 bg_white border no_padding margin_bottom_content\">\n<div class=\"col-md-12 col-sm-12 no_padding\">\n<div class=\"home_bg text-center side_bar_padding\"><a href=\"https:\/\/www.urlaub-auf-madagaskar.com\/wp-content\/uploads\/2016\/03\/Insel-europa.jpg\" rel=\"attachment wp-att-2546\"><img decoding=\"async\" width=\"300\" height=\"143\" class=\"side_bar_img size-medium wp-image-2546 alignnone\" src=\"https:\/\/www.urlaub-auf-madagaskar.com\/wp-content\/uploads\/2016\/03\/Insel-europa-300x143.jpg\" alt=\"Island europe\" srcset=\"https:\/\/www.urlaub-auf-madagaskar.com\/wp-content\/uploads\/2016\/03\/Insel-europa-300x143.jpg 300w, https:\/\/www.urlaub-auf-madagaskar.com\/wp-content\/uploads\/2016\/03\/Insel-europa-768x367.jpg 768w, https:\/\/www.urlaub-auf-madagaskar.com\/wp-content\/uploads\/2016\/03\/Insel-europa-1024x489.jpg 1024w, https:\/\/www.urlaub-auf-madagaskar.com\/wp-content\/uploads\/2016\/03\/Insel-europa-20x10.jpg 20w, https:\/\/www.urlaub-auf-madagaskar.com\/wp-content\/uploads\/2016\/03\/Insel-europa.jpg 1884w\" sizes=\"(max-width: 300px) 100vw, 300px\" \/><\/a><\/div>\n<\/div>\n<div class=\"col-md-12 col-sm-12 no_padding\">\n<div class=\"home_content_div\">\n<h3>Europe<\/h3>\n<h3>Geographical coordinates: 22\u00b0 22\u2032 S 40\u00b0 22\u2032 E22\u00b0 22\u2032 S 40\u00b0 22\u2032 E<\/h3>\n<p>The island with the catchy name <strong>Europe<\/strong> also belongs to the French overseas territory and is <strong>Managed by the TAAF<\/strong>. It is also located in the Mozambique Channel, at about the level of Tulear and includes a <strong>Total area of about 28 square kilometers<\/strong>. On the island there is a <strong>meteorological station<\/strong>, which is managed by French, and a <strong>military garrison<\/strong>. Twelve people live on the island. Access is granted to visitors only with a special permit,Apart from this, the coastline, which is about twenty kilometers long, is in large parts <strong>tendered as a nature reserve<\/strong> been. Especially <strong>Birds and sea turtles<\/strong> feel safe there. The island does not have its own harbor, so a landing strip has been built.<\/p>\n<\/div>\n<\/div>\n<\/div>\n<\/div>\n<div class=\"bg_white\">\n<div class=\"col-md-12 col-sm-12 bg_white border no_padding margin_bottom_content\">\n<div class=\"col-md-12 col-sm-12 no_padding\">\n<div class=\"home_bg text-center side_bar_padding\"><a href=\"https:\/\/www.urlaub-auf-madagaskar.com\/wp-content\/uploads\/2016\/03\/Insel-Glorieuses.jpg\" rel=\"attachment wp-att-2547\"><img loading=\"lazy\" decoding=\"async\" width=\"300\" height=\"215\" class=\"side_bar_img size-medium wp-image-2547 alignnone\" src=\"https:\/\/www.urlaub-auf-madagaskar.com\/wp-content\/uploads\/2016\/03\/Insel-Glorieuses-300x215.jpg\" alt=\"Glorieuses island\" srcset=\"https:\/\/www.urlaub-auf-madagaskar.com\/wp-content\/uploads\/2016\/03\/Insel-Glorieuses-300x215.jpg 300w, https:\/\/www.urlaub-auf-madagaskar.com\/wp-content\/uploads\/2016\/03\/Insel-Glorieuses-768x550.jpg 768w, https:\/\/www.urlaub-auf-madagaskar.com\/wp-content\/uploads\/2016\/03\/Insel-Glorieuses-1024x734.jpg 1024w, https:\/\/www.urlaub-auf-madagaskar.com\/wp-content\/uploads\/2016\/03\/Insel-Glorieuses-20x14.jpg 20w\" sizes=\"(max-width: 300px) 100vw, 300px\" \/><\/a><\/div>\n<\/div>\n<div class=\"col-md-12 col-sm-12 no_padding\">\n<div class=\"home_content_div\">\n<h3>Glorieuses<\/h3>\n<h3>Geographical coordinates: 11\u00b0 33\u2032 20\u2033 S 47\u00b0 20\u2032 33\u2033 E<\/h3>\n<p>The so-called Iles <strong>Glorieuses<\/strong>, in German: Die <em>Glorious islands<\/em>, are located in the northwest of Madagascar. It is a group of several tropical islands, which since the end of the 19th century have been <strong>in French possession<\/strong> are located. Before the Second World War, the islands were home to the <strong>Production of corn and coconut<\/strong> in focus, but after the war the plantations were shut down. Instead, since the 1950s there has been <strong>one of France's meteorological research stations<\/strong> on the island. Today the islands as well as the surrounding marine zone are <strong>a contiguous nature reserve<\/strong>, the management of which is assigned to the <strong>French prefects of the TAAF<\/strong> subject. While on the main island L'\u00eele Glorieuse mainly a wild forest can be found, which are remnants of the former coconut plantations, the smaller island with the name Ile du Lys is rather rocky and sandy. Smaller rocky islands also belong to the atoll. The Iles Glorieuses are shallow islands that are surrounded by <strong>breathtakingly beautiful coral reefs <\/strong>are surrounded. Many birds, such as terns, are native to the islands and the rare sea turtles use the island to lay their eggs in the fine sand. In addition to the meteorological research station, the island is also home to a <strong>Base of the French Foreign Legion<\/strong>. The island can be reached either by plane or by boat, but this requires a special permit.<\/p>\n<\/div>\n<\/div>\n<\/div>\n<\/div>\n<div class=\"bg_white\">\n<div class=\"col-md-12 col-sm-12 bg_white border no_padding margin_bottom_content\">\n<div class=\"col-md-12 col-sm-12 no_padding\">\n<div class=\"home_bg text-center side_bar_padding\"><a href=\"https:\/\/www.urlaub-auf-madagaskar.com\/wp-content\/uploads\/2016\/03\/Juan-de-Nova-Insel.jpg\" rel=\"attachment wp-att-2548\"><img loading=\"lazy\" decoding=\"async\" width=\"300\" height=\"201\" class=\"side_bar_img size-medium wp-image-2548 alignnone\" src=\"https:\/\/www.urlaub-auf-madagaskar.com\/wp-content\/uploads\/2016\/03\/Juan-de-Nova-Insel-300x201.jpg\" alt=\"Juan de Nova Island\" srcset=\"https:\/\/www.urlaub-auf-madagaskar.com\/wp-content\/uploads\/2016\/03\/Juan-de-Nova-Insel-300x201.jpg 300w, https:\/\/www.urlaub-auf-madagaskar.com\/wp-content\/uploads\/2016\/03\/Juan-de-Nova-Insel-20x13.jpg 20w, https:\/\/www.urlaub-auf-madagaskar.com\/wp-content\/uploads\/2016\/03\/Juan-de-Nova-Insel.jpg 498w\" sizes=\"(max-width: 300px) 100vw, 300px\" \/><\/a><\/div>\n<\/div>\n<div class=\"col-md-12 col-sm-12 no_padding\">\n<div class=\"home_content_div\">\n<h3>Juan de Nova<\/h3>\n<h3>Geographical coordinates: 17\u00b0 03\u2032 16\u2033 S 42\u00b0 43\u2032 30\u2033 E<\/h3>\n<p>The island <strong>Juan de Nova<\/strong> is now one of the most important and hotly contested islands off the coast of Madagascar. The island is located between Madagascar and Mozambique and has a length of about six kilometers and a width of about one and a half kilometers. The island was originally uninhabited, but there are now some people there. These occupy a <strong>military station<\/strong> as well as a <strong>meteorological system<\/strong>. In addition, there are now also the various workers who work with the <strong>Drilling for crude oil as well as the production of natural gas<\/strong> are busy. The island of Juan de Nova was discovered by a Spanish admiral named Juan de Nova. Partly it is surrounded by a <strong>beautiful coral reef<\/strong> surrounded, but access is relatively uncomplicated. A good half of the island is covered with dense forest. Various <strong>Tern colonies<\/strong> can be found here. In addition, there are several other species of birds on the island, but most likely they have been introduced. Besides the birds, the most important for the island are the <strong>Sea turtles<\/strong> of great importance, which use the fine sand of the island beaches to lay their eggs. Precisely because of the various holes is <strong>the natural paradise on the island in great danger<\/strong>.<\/p>\n<\/div>\n<\/div>\n<\/div>\n<\/div>\n<div class=\"bg_white\">\n<div class=\"col-md-12 col-sm-12 bg_white border no_padding margin_bottom_content\">\n<div class=\"col-md-12 col-sm-12 no_padding\">\n<div class=\"home_bg text-center side_bar_padding\"><a href=\"https:\/\/www.urlaub-auf-madagaskar.com\/wp-content\/uploads\/2016\/03\/Insel-Tromelin.jpg\" rel=\"attachment wp-att-2549\"><img loading=\"lazy\" decoding=\"async\" width=\"300\" height=\"168\" class=\"side_bar_img size-medium wp-image-2549 alignnone\" src=\"https:\/\/www.urlaub-auf-madagaskar.com\/wp-content\/uploads\/2016\/03\/Insel-Tromelin-300x168.jpg\" alt=\"Tromelin island\" srcset=\"https:\/\/www.urlaub-auf-madagaskar.com\/wp-content\/uploads\/2016\/03\/Insel-Tromelin-300x168.jpg 300w, https:\/\/www.urlaub-auf-madagaskar.com\/wp-content\/uploads\/2016\/03\/Insel-Tromelin-20x11.jpg 20w, https:\/\/www.urlaub-auf-madagaskar.com\/wp-content\/uploads\/2016\/03\/Insel-Tromelin.jpg 500w\" sizes=\"(max-width: 300px) 100vw, 300px\" \/><\/a><\/div>\n<\/div>\n<div class=\"col-md-12 col-sm-12 no_padding\">\n<div class=\"home_content_div\">\n<h3>Tromelin<\/h3>\n<h3>Geographical coordinates: 15\u00b0 53\u2032 31\u2033 S 54\u00b0 31\u2032 23\u2033 E<\/h3>\n<p><strong>Tromelin<\/strong> is an island located in the Indian Ozrean, positioned northeast of Madagascar. The relatively small island was discovered for the first time at the beginning of the 18th century and at that time initially <strong>Ile des Sables<\/strong> called. This name arose due to the flatness of the island and the fact that it had almost no vegetation cover. The island of Tromelin is characterized by its <strong>extraordinary and fascinating story<\/strong>, which has kept researchers enormously busy for years. Various excavations have already aimed to explore the mystery of the island, but so far the scientists have not yet reached the end of their research. The adventurous story of the island began in the 18th century, when the slave ship <em>L'Utile<\/em> on the island of Tromlein, which was not yet marked on maps at that time <strong>Shipwrecked, <\/strong>that happened on<strong> 31 July 1761<\/strong>. At that time, the ship had departed from the east coast of Madagascar and had around <strong>180 Malagasy slaves on board<\/strong>. About 70 of these slaves and 19 sailors died in the first time after the shipwreck before they could reach the island, 210 people survived.  The stranded people first had to dig an entrance to a water source whose water was almost undrinkable anyway, and they could feed on only one source of food: The eggs of the frigate colonies breeding on the island. Little by little the slaves had to <strong>assemble a raft from salvaged wreckage parts<\/strong>After production, however, it was only used by the French to sail back to Madagascar. The surviving Malagasy were <strong>left to their fate<\/strong>. Some of the French tried to set up a rescue mission after their return to save the slaves as well, but were prevented from doing so by the governor. The people of Tromelin were accordingly abandoned to their fate and faced <strong>with very low chances of survival<\/strong> confronted: The island was so flat that it would inevitably be flooded in a cyclone, and the food consisted only of turtles, seabirds, fish and the eggs of birds.<\/p>\n<\/div>\n<\/div>\n<\/div>\n<\/div>\n<div class=\"bg_white\">\n<div class=\"col-md-12 col-sm-12 bg_white border no_padding margin_bottom_content\">\n<div class=\"col-md-12 col-sm-12 no_padding\">\n<div class=\"home_bg text-center side_bar_padding\"><a href=\"https:\/\/www.urlaub-auf-madagaskar.com\/wp-content\/uploads\/2016\/03\/Tromelin-Arch\u00e4logische-Funde.jpg\" rel=\"attachment wp-att-2550\"><img loading=\"lazy\" decoding=\"async\" width=\"300\" height=\"189\" class=\"side_bar_img size-medium wp-image-2550 alignnone\" src=\"https:\/\/www.urlaub-auf-madagaskar.com\/wp-content\/uploads\/2016\/03\/Tromelin-Arch\u00e4logische-Funde-300x189.jpg\" alt=\"Tromelin Archaeological Finds\" srcset=\"https:\/\/www.urlaub-auf-madagaskar.com\/wp-content\/uploads\/2016\/03\/Tromelin-Arch\u00e4logische-Funde-300x189.jpg 300w, https:\/\/www.urlaub-auf-madagaskar.com\/wp-content\/uploads\/2016\/03\/Tromelin-Arch\u00e4logische-Funde-20x13.jpg 20w, https:\/\/www.urlaub-auf-madagaskar.com\/wp-content\/uploads\/2016\/03\/Tromelin-Arch\u00e4logische-Funde.jpg 555w\" sizes=\"(max-width: 300px) 100vw, 300px\" \/><\/a><\/div>\n<\/div>\n<div class=\"col-md-12 col-sm-12 no_padding\">\n<div class=\"home_content_div\">\n<p>Many years went by and the people on Tromelin defied their terrible fate. Once a French ship approached the island, but the crew did not consider it necessary to rescue the people on the island. Only after a few more years came again <strong>a french ship in sight<\/strong> and dispatched a sloop with two Frenchmen on board to the island. While crossing the reef, however, the sloop sank - one of the two Frenchmen saved himself back on the ship, the other <strong>reached the island with difficulty and hardship<\/strong>. Now that there was a Frenchman on the island worth rescuing, some time later the French sent the <em>La Dauphine<\/em> to the small island, which was now called Tromelin. When the ship reached the island, there were <strong>only 8 people left<\/strong> to be encountered, <strong>seven women and an eight-month-old baby<\/strong>which turned out to be the son of the Frenchman who made it to the island after the sloop sank. Until today it is not clear how people managed to survive on the island of Tromelin. Today it is clear that the people on the island d<strong>he fire never went out for 15 years<\/strong>since it would not have been possible for them to light a new one. They made their <strong>Clothing from bird feathers<\/strong> on and <strong>survived in a coral grotto<\/strong>, in which they were at least partially protected from the weather. In the 1950s, the French built a <strong>Weather station on Tromelin<\/strong> built. There they found the coral grotto exactly as the women had left it some 200 years ago. In the meantime, on the island <strong>around 20 meteorologists stationed<\/strong>. Archaeologists are also trying to understand the survival of the stranded people through various researches<\/p>\n<\/div>\n<\/div>\n<\/div>\n<\/div>","protected":false},"excerpt":{"rendered":"<p>Les Iles \u00e9parses und die Insel Madagaskar Eine bewegte und aufregende Geschichte Bei den sogenannten Les Iles \u00e9parses handelt es sich um \u201everstreute Inseln\u201c vor der K\u00fcste Madagaskars. Urspr\u00fcnglich waren diese Inseln eindeutig dem Land Madagaskar zuzuordnen, seit der franz\u00f6sischen Kolonialherrschaft handelt es sich bei den Les Iles \u00e9parses jedoch um franz\u00f6sisches Territorium. Nach der [&hellip;]<\/p>\n","protected":false},"author":3,"featured_media":2544,"parent":0,"menu_order":0,"comment_status":"closed","ping_status":"closed","template":"","meta":{"footnotes":""},"categories":[491],"class_list":["post-2536","page","type-page","status-publish","has-post-thumbnail","hentry","category-fruehgeschichte-besiedlung"],"_links":{"self":[{"href":"https:\/\/www.urlaub-auf-madagaskar.com\/en\/wp-json\/wp\/v2\/pages\/2536","targetHints":{"allow":["GET"]}}],"collection":[{"href":"https:\/\/www.urlaub-auf-madagaskar.com\/en\/wp-json\/wp\/v2\/pages"}],"about":[{"href":"https:\/\/www.urlaub-auf-madagaskar.com\/en\/wp-json\/wp\/v2\/types\/page"}],"author":[{"embeddable":true,"href":"https:\/\/www.urlaub-auf-madagaskar.com\/en\/wp-json\/wp\/v2\/users\/3"}],"replies":[{"embeddable":true,"href":"https:\/\/www.urlaub-auf-madagaskar.com\/en\/wp-json\/wp\/v2\/comments?post=2536"}],"version-history":[{"count":0,"href":"https:\/\/www.urlaub-auf-madagaskar.com\/en\/wp-json\/wp\/v2\/pages\/2536\/revisions"}],"wp:featuredmedia":[{"embeddable":true,"href":"https:\/\/www.urlaub-auf-madagaskar.com\/en\/wp-json\/wp\/v2\/media\/2544"}],"wp:attachment":[{"href":"https:\/\/www.urlaub-auf-madagaskar.com\/en\/wp-json\/wp\/v2\/media?parent=2536"}],"wp:term":[{"taxonomy":"category","embeddable":true,"href":"https:\/\/www.urlaub-auf-madagaskar.com\/en\/wp-json\/wp\/v2\/categories?post=2536"}],"curies":[{"name":"wp","href":"https:\/\/api.w.org\/{rel}","templated":true}]}}