{"id":2486,"date":"2016-03-11T11:49:10","date_gmt":"2016-03-11T10:49:10","guid":{"rendered":"https:\/\/urlaub-auf-madagaskar.alpha-beta.de\/?page_id=2486"},"modified":"2020-02-28T00:45:24","modified_gmt":"2020-02-27T23:45:24","slug":"unabhaengigkeit","status":"publish","type":"page","link":"https:\/\/www.urlaub-auf-madagaskar.com\/en\/independence\/","title":{"rendered":"Independence - the First Republic (1960 - 1972)"},"content":{"rendered":"<h1>The independence of Madagascar<\/h1>\n<div class=\"bg_white\">\n<div class=\"col-md-12 col-sm-12 bg_white border no_padding margin_bottom_content\">\n<div class=\"col-md-12 col-sm-12 no_padding\">\n<div class=\"home_bg text-center side_bar_padding\"><a href=\"\/wp-content\/uploads\/2015\/07\/indc3a9pendance1.jpg\"><img fetchpriority=\"high\" decoding=\"async\" class=\"side_bar_img alignnone wp-image-520 size-medium\" src=\"https:\/\/www.urlaub-auf-madagaskar.com\/wp-content\/uploads\/2015\/07\/indc3a9pendance1-300x214.jpg\" alt=\"\" width=\"300\" height=\"214\" srcset=\"https:\/\/www.urlaub-auf-madagaskar.com\/wp-content\/uploads\/2015\/07\/indc3a9pendance1-300x214.jpg 300w, https:\/\/www.urlaub-auf-madagaskar.com\/wp-content\/uploads\/2015\/07\/indc3a9pendance1-768x547.jpg 768w, https:\/\/www.urlaub-auf-madagaskar.com\/wp-content\/uploads\/2015\/07\/indc3a9pendance1-20x14.jpg 20w, https:\/\/www.urlaub-auf-madagaskar.com\/wp-content\/uploads\/2015\/07\/indc3a9pendance1.jpg 800w\" sizes=\"(max-width: 300px) 100vw, 300px\" \/><\/a><\/div>\n<\/div>\n<div class=\"col-md-12 col-sm-12 no_padding\">\n<div class=\"home_content_div\">\n<h3>A time after the suppression<\/h3>\n<p>Madagascar had been a land of the oppressed for many years. Slave trade, cruel Merina kings and later the French colonial powers left their mark on this country and dug deep wounds into its soul. On June 26, 1960, when Madagascar declared the <strong>Status of an independent republic<\/strong> under the social democratic president Philibert Tsiranana, this was accordingly a particularly great moment. Many changes were now coming to the Malagasy, although in some cases this did not mean that the country was truly turning away from the past and looking toward a new and positive future. The first phases of independence also brought numerous pitfalls and stumbling blocks for Madagascar. What exactly these were and what lessons could be learned for the future are presented below.<\/p>\n<\/div>\n<\/div>\n<\/div>\n<\/div>\n<div class=\"bg_white\">\n<div class=\"col-md-12 col-sm-12 bg_white border no_padding margin_bottom_content\">\n<div class=\"col-md-12 col-sm-12 no_padding\">\n<div class=\"home_bg text-center side_bar_padding\"><a href=\"https:\/\/www.urlaub-auf-madagaskar.com\/wp-content\/uploads\/2015\/07\/Philibert-Tsiranana.jpg\"><img decoding=\"async\" class=\"side_bar_img alignnone wp-image-1836 size-medium\" src=\"https:\/\/www.urlaub-auf-madagaskar.com\/wp-content\/uploads\/2015\/07\/Philibert-Tsiranana-300x258.jpg\" alt=\"Philibert Tsiranana\" width=\"300\" height=\"258\" srcset=\"https:\/\/www.urlaub-auf-madagaskar.com\/wp-content\/uploads\/2015\/07\/Philibert-Tsiranana-300x258.jpg 300w, https:\/\/www.urlaub-auf-madagaskar.com\/wp-content\/uploads\/2015\/07\/Philibert-Tsiranana-20x17.jpg 20w, https:\/\/www.urlaub-auf-madagaskar.com\/wp-content\/uploads\/2015\/07\/Philibert-Tsiranana.jpg 340w\" sizes=\"(max-width: 300px) 100vw, 300px\" \/><\/a><\/div>\n<\/div>\n<div class=\"col-md-12 col-sm-12 no_padding\">\n<div class=\"home_content_div\">\n<h3>The First Republic (1960 - 1972)<\/h3>\n<p>The first republic under President Tsiranana did not yet think of making a great departure from French traditions. It became a <strong>anti-communist government on the French model<\/strong> and most of the wealthy French still living on the island were more than in agreement with this development. So it came then also that the political exercise of power to a <strong>Re-election of President Tsiranana in 1965<\/strong> came. Tsiranana represented a kind of father figure, which was similar among many neighboring states on the African continent at the time. <strong>Nepotism and corruption<\/strong> within the government could be kept secret for long stretches, thanks in part to blind trust in the benevolent father figure of Tsiranana. The opposition was present, but because of its different motivations and goals, it was highly fragmented and thus more or less powerless. The consequences of Tsiranana's corrupt governance were felt above all by Madagascar's poorer population strata, who repeatedly experienced supply bottlenecks due to the poor economic situation. <strong>Famines and epidemic outbreaks<\/strong>which were now not uncommon, had not even occurred before under the rule of the French colonial powers. Left-wing protests and numerous uprisings, which were initially put down with bloodshed, were the result. Confidence in the government was lost.<\/p>\n<\/div>\n<\/div>\n<\/div>\n<\/div>\n<div class=\"bg_white\">\n<div class=\"col-md-12 col-sm-12 bg_white border no_padding margin_bottom_content\">\n<div class=\"col-md-12 col-sm-12 no_padding\">\n<div class=\"home_bg text-center side_bar_padding\"><a href=\"https:\/\/www.urlaub-auf-madagaskar.com\/wp-content\/uploads\/2016\/03\/General-Ramanantsoa.jpg\" rel=\"attachment wp-att-2519\"><img decoding=\"async\" width=\"167\" height=\"300\" class=\"side_bar_img size-medium wp-image-2519 alignnone\" src=\"https:\/\/www.urlaub-auf-madagaskar.com\/wp-content\/uploads\/2016\/03\/General-Ramanantsoa-167x300.jpg\" alt=\"General Ramanantsoa\" srcset=\"https:\/\/www.urlaub-auf-madagaskar.com\/wp-content\/uploads\/2016\/03\/General-Ramanantsoa-167x300.jpg 167w, https:\/\/www.urlaub-auf-madagaskar.com\/wp-content\/uploads\/2016\/03\/General-Ramanantsoa-11x20.jpg 11w, https:\/\/www.urlaub-auf-madagaskar.com\/wp-content\/uploads\/2016\/03\/General-Ramanantsoa.jpg 480w\" sizes=\"(max-width: 167px) 100vw, 167px\" \/><\/a><\/div>\n<\/div>\n<div class=\"col-md-12 col-sm-12 no_padding\">\n<div class=\"home_content_div\">\n<h3>Military dictatorship (1971 - 1975)<\/h3>\n<p>As the uprisings grew in scale, the island's government was replaced in 1972 by a <strong>Military coup<\/strong> disempowered. <strong>General Ramanantsoa<\/strong> imposed martial law on the island, urged the prime minister to resign, and caused the National Assembly to be dissolved. For the next three years, Madagascar was now to be <strong>ruled by a military dictatorship<\/strong> become. This development changed the country's foreign policy almost dramatically: ties with France were increasingly cut, <strong>new connections with the USSR<\/strong> on the other hand created. <strong>The economy went steeply downhill<\/strong> and the chaotic conditions in the country worsened. In 1975, the affairs of state were handed over to then Interior Minister <strong>Richard Ratsimandrava<\/strong> who, however, was shot dead in the street only a few days later as a result of a conspiracy. <strong>Gilles Andriamahzoa<\/strong> and his Revolutionary Council now came to power. They had firmly resolved to change the previous downward course, to introduce new democratic structures and also to change the economic situation, however they were <strong>prevented by a military coup from<\/strong>. The former foreign minister, who <strong>Navy Admiral Didier Ratsiraka<\/strong>, now took power.<\/p>\n<\/div>\n<\/div>\n<\/div>\n<\/div>\n<div class=\"bg_white\">\n<div class=\"col-md-12 col-sm-12 bg_white border no_padding margin_bottom_content\">\n<div class=\"col-md-12 col-sm-12 no_padding\">\n<div class=\"home_bg text-center side_bar_padding\"><a href=\"https:\/\/www.urlaub-auf-madagaskar.com\/wp-content\/uploads\/2016\/03\/Didier-Ratsiraka-Madagaskar.jpg\" rel=\"attachment wp-att-2520\"><img loading=\"lazy\" decoding=\"async\" width=\"237\" height=\"300\" class=\"side_bar_img size-medium wp-image-2520 alignnone\" src=\"https:\/\/www.urlaub-auf-madagaskar.com\/wp-content\/uploads\/2016\/03\/Didier-Ratsiraka-Madagaskar-237x300.jpg\" alt=\"Didier Ratsiraka Madagascar\" srcset=\"https:\/\/www.urlaub-auf-madagaskar.com\/wp-content\/uploads\/2016\/03\/Didier-Ratsiraka-Madagaskar-237x300.jpg 237w, https:\/\/www.urlaub-auf-madagaskar.com\/wp-content\/uploads\/2016\/03\/Didier-Ratsiraka-Madagaskar-16x20.jpg 16w, https:\/\/www.urlaub-auf-madagaskar.com\/wp-content\/uploads\/2016\/03\/Didier-Ratsiraka-Madagaskar.jpg 250w\" sizes=\"(max-width: 237px) 100vw, 237px\" \/><\/a><\/div>\n<\/div>\n<div class=\"col-md-12 col-sm-12 no_padding\">\n<div class=\"home_content_div\">\n<h3>The Second Republic (1975 - 1991)<\/h3>\n<p>Even though Didier Ratsiraka had come to power in a military coup in Madagascar, only a short time later he was clearly elected in a popular referendum. <strong>Elected President of the Republic of Madagascar<\/strong>. As a result of this referendum, the Madagascans got <strong>a new constitution<\/strong>which was now Marxist-Maoist in orientation, in complete contrast to earlier conditions. Ratsiraka was in close contact with dictator Kim-Il-Sung and allowed himself to be strongly influenced by him in his governance. Contact with the French was completely broken off under Ratsiraka, <strong>Madagascar left the French monetary union and the industrial enterprises on the island were nationalized<\/strong>.<\/p>\n<p>While the island became increasingly isolated from a foreign policy perspective, there was clear unrest at home due to economic volatility. Developments on the world market had also led to significant upheavals in Madagascar: The former export hits such as vanilla, coconut or cloves were suddenly severely depressed in price, while oil prices rose dramatically in return. This was the starting signal for a <strong>new economic system in Madagascar<\/strong>which was to prove an extremely existential achievement after only a short time. This is the so-called <strong>Fokonolona system<\/strong>, a form of self-government in which classical forms of village administration were combined with elements from Marxism. The island of Madagascar was transformed into <strong>more than 11,000 fokonolona<\/strong> divided and each of these districts was assigned a <strong>Fokontany<\/strong>, a kind of mayor. Even today, the traces of these self-governments can be discovered in Madagascar: The houses of the Fokotany have a blue roof and stand out accordingly over clearly from the mass.<\/p>\n<\/div>\n<\/div>\n<\/div>\n<\/div>\n<div class=\"bg_white\">\n<div class=\"col-md-12 col-sm-12 bg_white border no_padding margin_bottom_content\">\n<div class=\"col-md-12 col-sm-12 no_padding\">\n<div class=\"home_bg text-center side_bar_padding\"><a href=\"https:\/\/www.urlaub-auf-madagaskar.com\/wp-content\/uploads\/2015\/07\/Didier-Ratsiraka.jpg\"><img loading=\"lazy\" decoding=\"async\" width=\"300\" height=\"300\" class=\"side_bar_img size-medium wp-image-1837 alignnone\" src=\"https:\/\/www.urlaub-auf-madagaskar.com\/wp-content\/uploads\/2015\/07\/Didier-Ratsiraka-300x300.jpg\" sizes=\"(max-width: 300px) 100vw, 300px\" srcset=\"https:\/\/www.urlaub-auf-madagaskar.com\/wp-content\/uploads\/2015\/07\/Didier-Ratsiraka-150x150.jpg 150w, https:\/\/www.urlaub-auf-madagaskar.com\/wp-content\/uploads\/2015\/07\/Didier-Ratsiraka-300x300.jpg 300w, https:\/\/www.urlaub-auf-madagaskar.com\/wp-content\/uploads\/2015\/07\/Didier-Ratsiraka.jpg 709w\" alt=\"Didier Ratsiraka\" \/><\/a><\/div>\n<\/div>\n<div class=\"col-md-12 col-sm-12 no_padding\">\n<div class=\"home_content_div\">\n<p>In the next elections in 1977, the party was won by <strong>President Ratsiraka<\/strong> The government's AREMA party was the only one to stand for election, so no one was particularly surprised by the victory. Resentment among the population grew: <strong>Epidemics, epidemics, financial problems, famines and natural disasters brought Madagascar one crisis after the next<\/strong> and yet Ratsiraka was again confirmed in office in the next elections in 1982. Time and again, it was also reported that the president and his most loyal supporters were <strong>unlawfully enriched in the mineral resources of the country<\/strong>They sold valuable raw materials and precious stones on their own account and transferred the money they earned to various accounts abroad. It is therefore not surprising that Ratsiraka, the president of one of the poorest countries in the world, was unmistakably one of the richest people in the world at the beginning of the 1980s. In the course of time, many Indians, Pakistanis and also Comorians settled in Madagascar. Since they proved to be good businessmen and contributed a not insignificant part to the economic continuity of the island, envy grew among the indigenous population and time and again there were brutal attacks. In the next elections in 1989, AREMA and President Ratsiraka suffered some heavy losses, but still managed to secure the majority of votes. <strong>Accusations of manipulation became louder and louder<\/strong> and the president came under increasing pressure. This may have persuaded Ratsiraka to <strong>To accept conditions imposed by the World Bank and the IMF and to promote economic liberalization.<\/strong> of his country. However, this could not calm the growing unrest on the part of the increasingly strong opposition, and strikes and large mass demonstrations occurred repeatedly. In 1991, several hundred thousand people gathered for a peaceful demonstration to make their voices heard for a change of power.<strong> However, the peaceful procession of people was bloodily put down<\/strong>: Shots and hand grenades thrown from a helicopter caused the death of hundreds of people. As a result <strong>Ratsiraka was stripped of his powers<\/strong>. Although he was still officially president of Madagascar until 1993, he held this office only from a formal point of view. He then went <strong>into exile to France<\/strong>.<\/p>\n<\/div>\n<\/div>\n<\/div>\n<\/div>\n<div class=\"bg_white\">\n<div class=\"col-md-12 col-sm-12 bg_white border no_padding margin_bottom_content\">\n<div class=\"col-md-12 col-sm-12 no_padding\">\n<div class=\"home_bg text-center side_bar_padding\"><a href=\"https:\/\/www.urlaub-auf-madagaskar.com\/wp-content\/uploads\/2016\/03\/Albert-Zafy.jpg\" rel=\"attachment wp-att-2521\"><img loading=\"lazy\" decoding=\"async\" width=\"174\" height=\"300\" class=\"side_bar_img size-medium wp-image-2521 alignnone\" src=\"https:\/\/www.urlaub-auf-madagaskar.com\/wp-content\/uploads\/2016\/03\/Albert-Zafy-174x300.jpg\" alt=\"Albert Zafy\" srcset=\"https:\/\/www.urlaub-auf-madagaskar.com\/wp-content\/uploads\/2016\/03\/Albert-Zafy-174x300.jpg 174w, https:\/\/www.urlaub-auf-madagaskar.com\/wp-content\/uploads\/2016\/03\/Albert-Zafy-12x20.jpg 12w, https:\/\/www.urlaub-auf-madagaskar.com\/wp-content\/uploads\/2016\/03\/Albert-Zafy.jpg 283w\" sizes=\"(max-width: 174px) 100vw, 174px\" \/><\/a><\/div>\n<\/div>\n<div class=\"col-md-12 col-sm-12 no_padding\">\n<div class=\"home_content_div\">\n<h3>The Third Republic (1993 - 2010)<\/h3>\n<p>Madagascar's third attempt to become a free, independent, and democratically stable republic began in 1993 when the next free elections <strong>Albert Zafy<\/strong> from Ambilobe declared him the winner. Zafy was from northern Madagascar and had been a heart surgeon before his political career. He had also chaired the transitional Forces Vives government. The Malagasy had high hopes for their new president, but were once again bitterly disappointed. On the one hand, the <strong>political inexperience<\/strong> Zafys already after a short time in office and on the other hand <strong>he abused his powers<\/strong> <strong>and turned out to be exceedingly corrupt<\/strong>. In 1996, a vote of no confidence in the government was held, and Zafy was voted out of office. In the subsequent elections, former president Didier Ratsiraka, who had returned to Madagascar from his self-imposed exile, stood for election. He succeeded in regaining the trust of the population, and was elected <strong>re-elected President of the Republic<\/strong>. A short time later, in 1998, another vote of no confidence followed, but Ratsiraka was able to win it. Subsequently <strong>he had the constitution of Madagascar amended<\/strong>in order to gain even more power. He now planned to establish a republic in the Marxist-ecological sense. In the next elections in 2001, Ratsiraka and his party were once again able to hold their own, but now once again <strong>Rumors of election manipulation and fraud<\/strong> which led to renewed unrest among the population. In the course of these riots <strong>Marc Ravalomanana as opposition leader to head the government<\/strong>. He knew the armed forces were behind him, and he underpinned his rise to power by <strong>Ratsiraka back to his French exile<\/strong> banished. Ravalomanana came to power out of turn, but he quickly won the trust of the Malagasy people. He was confirmed in office in the 20006 elections. The governments of other countries also <strong>recognized Ravalomanana as a democratic president.<\/strong> an. This was a great success for trade relations and the economy in Madagascar.<\/p>\n<\/div>\n<\/div>\n<\/div>\n<\/div>\n<div class=\"bg_white\">\n<div class=\"col-md-12 col-sm-12 bg_white border no_padding margin_bottom_content\">\n<div class=\"col-md-12 col-sm-12 no_padding\">\n<div class=\"home_bg text-center side_bar_padding\"><a href=\"\/wp-content\/uploads\/2015\/07\/Ratsiraka.jpg\"><img loading=\"lazy\" decoding=\"async\" width=\"300\" height=\"200\" class=\"side_bar_img size-medium wp-image-559 alignnone\" src=\"https:\/\/www.urlaub-auf-madagaskar.com\/wp-content\/uploads\/2015\/07\/Ratsiraka-300x200.jpg\" sizes=\"(max-width: 311px) 100vw, 311px\" srcset=\"https:\/\/www.urlaub-auf-madagaskar.com\/wp-content\/uploads\/2015\/07\/Ratsiraka-300x200.jpg 300w, https:\/\/www.urlaub-auf-madagaskar.com\/wp-content\/uploads\/2015\/07\/Ratsiraka.jpg 522w\" alt=\"Ratsiraka\" \/><\/a><\/div>\n<\/div>\n<div class=\"col-md-12 col-sm-12 no_padding\">\n<div class=\"home_content_div\">\n<p>However, the tide turned again only a short time later when a television station critical of the government was shut down for broadcasting an interview with the exiled dictator Ratsiraka. Several demonstrations, followed by assaults and looting, led to some dramatic clashes with the police, during which live fire was repeatedly used. A total of 120 people lost their lives in this wave of rebellion against the government. However, the protests were only the beginning of a new process of upheaval, because numerous accusations have now been made that Ravalomanana allegedly tried to enrich himself with state property. The great voice of the protests against President Ravalomanana, came from the throat of <strong>Andry Rajoelina<\/strong>who was actually the acting mayor of the city of Antananarivo. Rajoelina was a media entrepreneur and former disc jockey. He also owned the television station that had broadcast the interview with Ratsiraka, which was critical of the government. Thus, it could be assumed from the beginning that Rajoelina also had a personal motive against Ravalomanana. As the unrest grew stronger, the military again felt compelled to intervene.<\/p>\n<\/div>\n<\/div>\n<\/div>\n<\/div>\n<div class=\"bg_white\">\n<div class=\"col-md-12 col-sm-12 bg_white border no_padding margin_bottom_content\">\n<div class=\"col-md-12 col-sm-12 no_padding\">\n<div class=\"home_bg text-center side_bar_padding\"><a href=\"https:\/\/www.urlaub-auf-madagaskar.com\/wp-content\/uploads\/2015\/07\/Marc-Ravalomanana.jpg\"><img loading=\"lazy\" decoding=\"async\" width=\"224\" height=\"300\" class=\"side_bar_img size-medium wp-image-1838 alignnone\" src=\"https:\/\/www.urlaub-auf-madagaskar.com\/wp-content\/uploads\/2015\/07\/Marc-Ravalomanana-224x300.jpg\" sizes=\"(max-width: 224px) 100vw, 224px\" srcset=\"https:\/\/www.urlaub-auf-madagaskar.com\/wp-content\/uploads\/2015\/07\/Marc-Ravalomanana-224x300.jpg 224w, https:\/\/www.urlaub-auf-madagaskar.com\/wp-content\/uploads\/2015\/07\/Marc-Ravalomanana.jpg 340w\" alt=\"Marc Ravalomanana\" \/><\/a><\/div>\n<\/div>\n<div class=\"col-md-12 col-sm-12 no_padding\">\n<div class=\"home_content_div\">\n<p>President <strong>Ravalomanana then transferred his powers to the military<\/strong> and then fled to South Africa. The way was thus clear for Rajoelina. According to the constitution, the 34-year-old was actually too young to take office as president, but few people were interested in this at the time. <strong>In March 2009, Rajoelina was thus elected as the new president of the country.<\/strong>. This had clear consequences for the economic situation in Madagascar. Because the international powers did not regard Rajoelina as a democratically elected president, they severed their trade relations with Madagascar to the greatest possible extent and directed <strong>an isolation of the island<\/strong> one. This had serious consequences in many different sectors: Important aid organizations withdrew their support, tourists were warned by their foreign offices against traveling to Madagascar, and the economy on the island stagnated even more. There were also clear negative consequences in terms of environmental protection: Various national parks were now without permanent guards and numerous gangs and poachers took advantage of this to hunt endangered species or to cut precious woods. Foreign attention was now only drawn to developments in Madagascar by negative headlines. Again and again it was reported by <strong>impending famines and an imminent complete collapse of the health and education systems.<\/strong>. With this tragic end of the third republic in Madagascar, which had actually begun so positively with the presidency of Ravalomanana, ends again one of the <strong>dark chapter in the history of the country Madagascar<\/strong>.<\/p>\n<\/div>\n<\/div>\n<\/div>\n<\/div>","protected":false},"excerpt":{"rendered":"<p>Die Unabh\u00e4ngigkeit Madagaskars Eine Zeit nach der Unterdr\u00fcckung Madagaskar war \u00fcber viele Jahre hinweg ein Land der Unterdr\u00fcckten gewesen. Sklavenhandel, grausame Merina-K\u00f6nige und sp\u00e4ter die franz\u00f6sischen Kolonialm\u00e4chte haben diesem Land ihren Stempel aufgedr\u00fcckt und tiefe Wunden in die Seele dieses Landes gegraben. Als Madagaskar am 26. Juni 1960 den Status einer unabh\u00e4ngigen Republik unter dem [&hellip;]<\/p>\n","protected":false},"author":3,"featured_media":520,"parent":0,"menu_order":0,"comment_status":"closed","ping_status":"closed","template":"","meta":{"footnotes":""},"categories":[490],"class_list":["post-2486","page","type-page","status-publish","has-post-thumbnail","hentry","category-geschichte"],"_links":{"self":[{"href":"https:\/\/www.urlaub-auf-madagaskar.com\/en\/wp-json\/wp\/v2\/pages\/2486","targetHints":{"allow":["GET"]}}],"collection":[{"href":"https:\/\/www.urlaub-auf-madagaskar.com\/en\/wp-json\/wp\/v2\/pages"}],"about":[{"href":"https:\/\/www.urlaub-auf-madagaskar.com\/en\/wp-json\/wp\/v2\/types\/page"}],"author":[{"embeddable":true,"href":"https:\/\/www.urlaub-auf-madagaskar.com\/en\/wp-json\/wp\/v2\/users\/3"}],"replies":[{"embeddable":true,"href":"https:\/\/www.urlaub-auf-madagaskar.com\/en\/wp-json\/wp\/v2\/comments?post=2486"}],"version-history":[{"count":0,"href":"https:\/\/www.urlaub-auf-madagaskar.com\/en\/wp-json\/wp\/v2\/pages\/2486\/revisions"}],"wp:featuredmedia":[{"embeddable":true,"href":"https:\/\/www.urlaub-auf-madagaskar.com\/en\/wp-json\/wp\/v2\/media\/520"}],"wp:attachment":[{"href":"https:\/\/www.urlaub-auf-madagaskar.com\/en\/wp-json\/wp\/v2\/media?parent=2486"}],"wp:term":[{"taxonomy":"category","embeddable":true,"href":"https:\/\/www.urlaub-auf-madagaskar.com\/en\/wp-json\/wp\/v2\/categories?post=2486"}],"curies":[{"name":"wp","href":"https:\/\/api.w.org\/{rel}","templated":true}]}}