{"id":1471,"date":"2015-08-06T14:57:50","date_gmt":"2015-08-06T12:57:50","guid":{"rendered":"https:\/\/urlaub-auf-madagaskar.alpha-beta.de\/?page_id=1471"},"modified":"2020-01-28T22:17:06","modified_gmt":"2020-01-28T21:17:06","slug":"antananarivo-und-umgebung","status":"publish","type":"page","link":"https:\/\/www.urlaub-auf-madagaskar.com\/en\/antananarivo-and-environs\/","title":{"rendered":"Antananarivo and surroundings"},"content":{"rendered":"<h1>The Western Environment of Antananarivo: Arivonimamo, Ampefy and Lac Itasy<\/h1>\n<div class=\"bg_white\">\n<div class=\"col-md-12 col-sm-12 bg_white border no_padding margin_bottom_content\">\n<div class=\"col-md-12 col-sm-12 no_padding\">\n<div class=\"home_bg text-center side_bar_padding\" >\n\t\t\t\t<img decoding=\"async\" src=\"https:\/\/www.urlaub-auf-madagaskar.com\/wp-content\/uploads\/2015\/08\/Ampefy_300_x_195.jpg\" alt=\"Frog in Andasibe\" class=\"side_bar_img\">\n\t\t\t<\/div>\n<\/p><\/div>\n<div class=\"col-md-12 col-sm-12 no_padding\">\n<div class=\"home_content_div\">\n<p>Antananarivo is not only the capital of Madagascar, but at the same time the center of a unique and wonderful landscape that offers tourists numerous opportunities for discovery, experience and adventure. Those who want to spend their <strong>Madagascar vacation<\/strong> If you want to spend a few days in Antananarivo and have some time for a small tour through this area, you should not miss the different stations of the region. Basically, we recommend to plan at least two days for this beautiful connecting tour to all trips that end or begin in Antananarivo, to be able to experience at least some of the natural beauty. Spectacular and at the same time <strong>idyllically situated waterfalls<\/strong>, breathtaking geysers, cheerful lemurs and a fertile lake region with numerous volcanic cones are just some of the examples of attractions that can be found in the <strong>Region around Antananarivo<\/strong> let you discover. Below we would like to give you a brief insight into a possible itinerary. This is deliberately not a predefined route, so that you can <strong>As much flexibility as possible <\/strong>remains. Rather, we would like to inspire you with our following tour example. We are happy to assist you with the concrete planning and help you with your <strong>Trip to Madagascar<\/strong> completely according to your individual ideas. Simply contact us for this purpose.<\/p>\n<\/p><\/div>\n<\/p><\/div>\n<\/p><\/div>\n<\/div>\n<div class=\"bg_white\">\n<div class=\"col-md-12 col-sm-12 bg_white border no_padding margin_bottom_content\">\n<div class=\"col-md-12 col-sm-12 no_padding\">\n<div class=\"home_bg text-center side_bar_padding\" >\n\t\t\t\t<img decoding=\"async\" src=\"https:\/\/www.urlaub-auf-madagaskar.com\/wp-content\/uploads\/2015\/08\/lemurs-park-300x225.jpg\" alt=\"Frog in Andasibe\" class=\"side_bar_img\">\n\t\t\t<\/div>\n<\/p><\/div>\n<div class=\"col-md-12 col-sm-12 no_padding\">\n<div class=\"home_content_div\">\n<h3>Via the RN 1 it goes to various tourist highlights<\/h3>\n<p>For those who don't like big tours and travel plans, a small exploration trip can start directly in the capital Antananarivo. From there it is only a proverbial stone's throw to the famous <a href=\"https:\/\/www.urlaub-auf-madagaskar.com\/en\/the-schoenest-lemurs-park-in-madagascar\/\" target=\"_self\" rel=\"noopener noreferrer\"><strong>Lemurs Park<\/strong><\/a>, the <strong>a first impression of the animal world <\/strong>of the island of Madagascar. The park is located about twenty kilometers from the capital and is easily accessible via the solidly built RN 1. From here you can either drive directly to Arivonimamo. This place is a little more than <strong>forty kilometers from Antananarivo <\/strong>and is the ideal starting point for trekking tours in particular. Although the area has not yet been extensively developed for tourists, this can be a tempting attraction for adventurers. We too are always interested in tours and <strong>Experiences in Madagascar<\/strong>, which are located away from the tourist mainstream. If you are in <strong>Arivonimamo<\/strong> do not want to set out on an individual trekking tour, we recommend traveling about fifty kilometers further by car. First of all, you will now reach regions that are economically very important for the country: Here, gray-white marble is quarried and <strong>traditional shrouds <\/strong>produced. Numerous tapia trees also line the path here and serve as an important source of nutrition for the precious wild silkworms. At the end of the path then lays <strong>Analavory<\/strong>, a place that serves as an ideal starting point for <strong>numerous excursions and discovery tours<\/strong> can be considered. By the way, many of the highlights of this region are known as <strong>real insider tips<\/strong> and you can be glad that you will not be met by masses of tourists. Below we present <strong>three examples of excursion destinations <\/strong>in this region, which are especially close to our hearts and which are worthy of your <strong>Madagascar vacation<\/strong> in our experience will certainly make it an unforgettable experience.<\/p>\n<\/p><\/div>\n<\/p><\/div>\n<\/p><\/div>\n<\/div>\n<div class=\"bg_white\">\n<div class=\"col-md-12 col-sm-12 bg_white border no_padding margin_bottom_content\">\n<div class=\"col-md-12 col-sm-12 no_padding\">\n<div class=\"home_bg text-center side_bar_padding\" >\n\t\t\t\t<img decoding=\"async\" src=\"https:\/\/www.urlaub-auf-madagaskar.com\/wp-content\/uploads\/2015\/08\/Itasy-Gegend-300x197.jpg\" alt=\"Frog in Andasibe\" class=\"side_bar_img\">\n\t\t\t<\/div>\n<\/p><\/div>\n<div class=\"col-md-12 col-sm-12 no_padding\">\n<div class=\"home_content_div\">\n<h3>The Lac Itasy<\/h3>\n<p>Lac Itasy invites tourists and travelers to take a long walk followed by a detour to Ampefy. Lac Itasy is surrounded by a <strong>spectacular landscape with numerous volcanic cones<\/strong>which tell of the volcanic origin of the island of Madagascar. At the lake itself you can find <strong>numerous restaurants and bungalow complex<\/strong>n - enjoy the impressive panorama while sipping a delicious cocktail or stay overnight if you like, in order to be close to the <strong>relaxing atmosphere <\/strong>to be able to surrender completely. The climate in the area of Ampefy and Lac Itasy is extremely popular with Europeans, as it is very mild. Also, the prosperity of the region possesses a certain charm that makes it <strong>extremely attractive for tourists<\/strong> to spend a few days at Lac Itasy or even directly in Ampefy. In this case, however, we recommend to contact us in time, so that we can organize an appropriate overnight stay for you. According to our experience, many Madagascans are often attracted to this region at the weekends.<\/p>\n<\/p><\/div>\n<\/p><\/div>\n<\/p><\/div>\n<\/div>\n<div class=\"bg_white\">\n<div class=\"col-md-12 col-sm-12 bg_white border no_padding margin_bottom_content\">\n<div class=\"col-md-12 col-sm-12 no_padding\">\n<div class=\"home_bg text-center side_bar_padding\" >\n\t\t\t\t<img decoding=\"async\" src=\"https:\/\/www.urlaub-auf-madagaskar.com\/wp-content\/uploads\/2015\/08\/AnalavoryGeyser_refait_300_x_210.jpg\" alt=\"Frog in Andasibe\" class=\"side_bar_img\">\n\t\t\t<\/div>\n<\/p><\/div>\n<div class=\"col-md-12 col-sm-12 no_padding\">\n<div class=\"home_content_div\">\n<h3>The geysers of Andranomandraotra<\/h3>\n<p>The small village of Andranomandraotra is located about fifteen kilometers west of Analavory and has with the various geysers a <strong>spectacular attraction<\/strong> in stock. The geysers rise from the bottom of the river valley and spew out bubbling, lukewarm water that is very rich in iron and minerals. We recommend the <strong>Tour of the area with an experienced guide<\/strong>who can not only tell you all kinds of interesting information about the geysers, but who can also show you how the openings of the geysers can be closed for a short time in order to then make a <strong>huge water fountain<\/strong> to conjure up. Be sure to also take a look at a small hole in the ground that can be discovered on the hillside. This hole in the ground is enriched with a heavy and very dense gas that displaces all oxygen inside the hole in the ground. In all likelihood, this is carbon dioxide - a clear sign of this is also the <strong>effervescent nature of the thermal water<\/strong>, which really begins to tickle the mouth. You will also be enchanted by the surrounding landscape, in which the sulfur-yellow towering geysers are a real highlight. Amateur photographers will find numerous worthwhile motifs on site. The <strong>well developed rest area<\/strong> not only invites you to marvel, but also offers clean toilets and numerous picnic facilities that invite you to linger.<\/p>\n<p>More can be found at this <strong><a href=\"https:\/\/www.urlaub-auf-madagaskar.com\/en\/geyser-of-andranomandraotra\/\" target=\"_self\" rel=\"noopener noreferrer\">LINK<\/a><\/strong><\/p>\n<\/p><\/div>\n<\/p><\/div>\n<\/p><\/div>\n<\/div>\n<div class=\"bg_white\">\n<div class=\"col-md-12 col-sm-12 bg_white border no_padding margin_bottom_content\">\n<div class=\"col-md-12 col-sm-12 no_padding\">\n<div class=\"home_bg text-center side_bar_padding\" >\n\t\t\t\t<img decoding=\"async\" src=\"https:\/\/www.urlaub-auf-madagaskar.com\/wp-content\/uploads\/2015\/08\/chute-lily_300_x_200.jpg\" alt=\"Frog in Andasibe\" class=\"side_bar_img\">\n\t\t\t<\/div>\n<\/p><\/div>\n<div class=\"col-md-12 col-sm-12 no_padding\">\n<div class=\"home_content_div\">\n<h3>Chutes de la Lily<\/h3>\n<p>You can get to the Chutes de la Lily from Ampefy by driving about seven kilometers west. These are <strong>dreamlike and absolutely idyllic situated waterfalls<\/strong>, which so far are observed almost exclusively by locals. There are numerous opportunities to enjoy some dreamlike and <strong>unforgettable hours<\/strong> during your <strong>Madagascar vacation <\/strong>to spend: Just enjoy the view with a romantic picnic, let the locals show you around with your small made <strong>Basalt artwork<\/strong>You can also take a short detour to the nearby village and indulge in culinary delights. If you like it a bit more risky and extraordinary, you can after prior registration <strong>with a pulley across the waterfalls<\/strong> glide - a spectacular experience of a special kind.<\/p>\n<p>If you are interested in one or the other <strong>Madagascar day trip<\/strong> are looking for further inspiration or would like to have a ready-made travel package with the above mentioned stops put together, then you should not hesitate to contact us directly. We look forward to receiving your <strong>Trip to Madagascar<\/strong> to become an unforgettable experience.<\/p>\n<\/p><\/div>\n<\/p><\/div>\n<\/p><\/div>\n<\/div>","protected":false},"excerpt":{"rendered":"<p>Die Westliche Umgebung Von Antananarivo: Arivonimamo, Ampefy und der Lac Itasy Antananarivo ist nicht nur die Hauptstadt Madagaskars, sondern gleichzeitig auch das Zentrum einer einzigartigen und wundervollen Landschaft, die f\u00fcr Touristen zahlreiche M\u00f6glichkeiten f\u00fcr Entdeckungen, Erlebnisse und Abenteuer bietet. Wer seinen Urlaub auf Madagaskar verbringen m\u00f6chte und dabei etwas Zeit f\u00fcr eine kleine Tour durch [&hellip;]<\/p>\n","protected":false},"author":3,"featured_media":2223,"parent":0,"menu_order":0,"comment_status":"open","ping_status":"closed","template":"","meta":{"footnotes":""},"categories":[502],"class_list":["post-1471","page","type-page","status-publish","has-post-thumbnail","hentry","category-nach-westen"],"_links":{"self":[{"href":"https:\/\/www.urlaub-auf-madagaskar.com\/en\/wp-json\/wp\/v2\/pages\/1471","targetHints":{"allow":["GET"]}}],"collection":[{"href":"https:\/\/www.urlaub-auf-madagaskar.com\/en\/wp-json\/wp\/v2\/pages"}],"about":[{"href":"https:\/\/www.urlaub-auf-madagaskar.com\/en\/wp-json\/wp\/v2\/types\/page"}],"author":[{"embeddable":true,"href":"https:\/\/www.urlaub-auf-madagaskar.com\/en\/wp-json\/wp\/v2\/users\/3"}],"replies":[{"embeddable":true,"href":"https:\/\/www.urlaub-auf-madagaskar.com\/en\/wp-json\/wp\/v2\/comments?post=1471"}],"version-history":[{"count":0,"href":"https:\/\/www.urlaub-auf-madagaskar.com\/en\/wp-json\/wp\/v2\/pages\/1471\/revisions"}],"wp:featuredmedia":[{"embeddable":true,"href":"https:\/\/www.urlaub-auf-madagaskar.com\/en\/wp-json\/wp\/v2\/media\/2223"}],"wp:attachment":[{"href":"https:\/\/www.urlaub-auf-madagaskar.com\/en\/wp-json\/wp\/v2\/media?parent=1471"}],"wp:term":[{"taxonomy":"category","embeddable":true,"href":"https:\/\/www.urlaub-auf-madagaskar.com\/en\/wp-json\/wp\/v2\/categories?post=1471"}],"curies":[{"name":"wp","href":"https:\/\/api.w.org\/{rel}","templated":true}]}}