{"id":1466,"date":"2015-08-06T14:52:27","date_gmt":"2015-08-06T12:52:27","guid":{"rendered":"https:\/\/urlaub-auf-madagaskar.alpha-beta.de\/?page_id=1466"},"modified":"2020-01-28T21:54:13","modified_gmt":"2020-01-28T20:54:13","slug":"der-heisse-sueden","status":"publish","type":"page","link":"https:\/\/www.urlaub-auf-madagaskar.com\/en\/the-hot-suede\/","title":{"rendered":"The hot south"},"content":{"rendered":"<h1>The south of Madagascar:<\/h1>\n<div class=\"bg_white\">\n<div class=\"col-md-12 col-sm-12 bg_white border no_padding margin_bottom_content\">\n<div class=\"col-md-12 col-sm-12 no_padding\">\n<div class=\"home_bg text-center side_bar_padding\" >\n\t\t\t\t<img decoding=\"async\" src=\"https:\/\/www.urlaub-auf-madagaskar.com\/wp-content\/uploads\/2015\/08\/tsimanampetsotsa-gd-3.gif\" alt=\"Frog in Andasibe\" class=\"side_bar_img\">\n\t\t\t<\/div>\n<\/p><\/div>\n<div class=\"col-md-12 col-sm-12 no_padding\">\n<div class=\"home_content_div\">\n<h3>Numerous sights and adventures await you<\/h3>\n<p>For most tourists who are visiting for the first time a <strong>Madagascar vacation<\/strong> the south of the island seems less attractive as a travel destination at first glance. In contrast to the prosperous north or the green overgrown east of the island, the south of Madagascar awaits a rather <strong>arid and desert region<\/strong> to all adventurous tourists. Long dry periods and areas where it sometimes rains only a few times a year have shaped the landscape as well as the way of life of the people, animals and plants. Those who dare to take on the hardships of the heat and the drought can <strong>in the south of Madagascar<\/strong> a <strong>amazing diversity of life forms<\/strong> discover and marvel at the bizarre ways in which some plants and animals have adapted to the environment.<\/p>\n<\/p><\/div>\n<\/p><\/div>\n<\/p><\/div>\n<\/div>\n<div class=\"bg_white\">\n<div class=\"col-md-12 col-sm-12 bg_white border no_padding margin_bottom_content\">\n<div class=\"col-md-12 col-sm-12 no_padding\">\n<div class=\"home_bg text-center side_bar_padding\" >\n\t\t\t\t<img decoding=\"async\" src=\"https:\/\/www.urlaub-auf-madagaskar.com\/wp-content\/uploads\/2015\/08\/7N5QD00Z-225x300.jpg\" alt=\"Frog in Andasibe\" class=\"side_bar_img\">\n\t\t\t<\/div>\n<\/p><\/div>\n<div class=\"col-md-12 col-sm-12 no_padding\">\n<div class=\"home_content_div\">\n<p>Basically, we advise you to plan around eight days for an extensive tour. For beginners, we recommend tours to the south rather rarely, because on the trip may well be <strong>partly some strains <\/strong>can result. The roads in the south of the island are less developed than in the north and the ride usually proves to be rather bumpy and dusty. In addition, the <strong>Weather or climate conditions in the south sometimes quite strenuous<\/strong> Therefore, it is important to know your own physical condition. In the following we do not want to present you a complete tour proposal, but only to provide you with a few <strong>exceptional highlights<\/strong> inspire on a possible route. If you are looking for your <strong>Madagascar vacation<\/strong> decide to travel through the south, we recommend that you contact us directly. We will then be happy to put together a travel package based on your own personal interests.<\/p>\n<\/p><\/div>\n<\/p><\/div>\n<\/p><\/div>\n<\/div>\n<div class=\"bg_white\">\n<div class=\"col-md-12 col-sm-12 bg_white border no_padding margin_bottom_content\">\n<div class=\"col-md-12 col-sm-12 no_padding\">\n<div class=\"home_bg text-center side_bar_padding\" >\n\t\t\t\t<img decoding=\"async\" src=\"https:\/\/www.urlaub-auf-madagaskar.com\/wp-content\/uploads\/2015\/10\/20151002_072651-300x225.jpg\" alt=\"Frog in Andasibe\" class=\"side_bar_img\">\n\t\t\t<\/div>\n<\/p><\/div>\n<div class=\"col-md-12 col-sm-12 no_padding\">\n<div class=\"home_content_div\">\n<h3>The highlights of southern Madagascar<\/h3>\n<p>As already mentioned, the south of Madagascar offers numerous sights and attractions, some of which we would like to present to you here.Worth mentioning are first of all the impressive and also outside Madagascar known <strong>Tombs of the Mahafaly<\/strong>. These richly decorated tombs are numerous in the south of the country and can be extensively examined on various routes. Also the <strong>Tombs of the Antandroy<\/strong> are on your <strong>Journey through Madagascar<\/strong> definitely worth a look. In general, you will certainly meet the impressive members of the Antandroy people more often on the way through the southern part of Madagascar: The tall and often very gaunt Madagascans are preferred <strong>employed as night watchman<\/strong>They are one of the few tribes in Madagascar who are not afraid of the spirits of the dark. The Antandroy are often equipped with a long spear, which underpins their imposing appearance. Also noteworthy are the scenic regions: From the red desert, which also gave the island of Madagascar its nickname <strong>Red island<\/strong> the various types of products and services. <strong>Succulents as well as the sisal plant<\/strong>n that shape the image of the landscape. In part, these plants take exceedingly <strong>bizarre shapes<\/strong> which can be captured particularly well in photographs. Various cities are also recommended for a visit on the journey through the hot south: <strong>St. Augustine, Ampanihy, Ambovombe or Fort Dauphin <\/strong>are only some of the possible stops on a trip. In Fort Dauphin, numerous dream beaches and a colorful life await you, where you can end a thoroughly strenuous but also breathtaking tour with a few relaxing days of snorkeling, diving or other activities.<\/p>\n<\/p><\/div>\n<\/p><\/div>\n<\/p><\/div>\n<\/div>\n<div class=\"bg_white\">\n<div class=\"col-md-12 col-sm-12 bg_white border no_padding margin_bottom_content\">\n<div class=\"col-md-12 col-sm-12 no_padding\">\n<div class=\"home_bg text-center side_bar_padding\" >\n\t\t\t\t<img decoding=\"async\" src=\"https:\/\/www.urlaub-auf-madagaskar.com\/wp-content\/uploads\/2015\/08\/imagesHH.jpg\" alt=\"Frog in Andasibe\" class=\"side_bar_img\">\n\t\t\t<\/div>\n<\/p><\/div>\n<div class=\"col-md-12 col-sm-12 no_padding\">\n<div class=\"home_content_div\">\n<h3>Precise planning is important<\/h3>\n<p>Regardless of which of the highlights we have presented come closest to meeting your personal interests, we would like to conclude by pointing out once again that a <strong>Tour through the south of Madagascar<\/strong> in the best case should be planned by experienced tour guides. Especially the road and weather conditions are sometimes difficult to judge for someone who is not familiar with them. If you are interested in the south of the country, it is therefore best to contact us directly. After all, we were already allowed in the past <strong>Numerous tours<\/strong> to the hot south of Madagascar and have thus turned the vacation of many tourists into a <strong>unique experience<\/strong> become.<\/p>\n<\/p><\/div>\n<\/p><\/div>\n<\/p><\/div>\n<\/div>","protected":false},"excerpt":{"rendered":"<p>Der S\u00fcden von Madagaskar: Zahlreiche Sehensw\u00fcrdigkeiten und Abenteuer erwarten Sie F\u00fcr die meisten Touristen, die zum ersten Mal einen Urlaub auf Madagaskar verbringen, scheint der S\u00fcden der Insel im ersten Augenblick weniger attraktiv als Reiseziel zu sein. Im Gegensatz zum wohlhabenden Norden oder zum gr\u00fcn bewachsenen Osten der Insel wartet im S\u00fcden Madagaskars eine recht [&hellip;]<\/p>\n","protected":false},"author":3,"featured_media":1468,"parent":0,"menu_order":0,"comment_status":"closed","ping_status":"closed","template":"","meta":{"footnotes":""},"categories":[503],"class_list":["post-1466","page","type-page","status-publish","has-post-thumbnail","hentry","category-nach-sueden","hierachie-level-level-1"],"_links":{"self":[{"href":"https:\/\/www.urlaub-auf-madagaskar.com\/en\/wp-json\/wp\/v2\/pages\/1466","targetHints":{"allow":["GET"]}}],"collection":[{"href":"https:\/\/www.urlaub-auf-madagaskar.com\/en\/wp-json\/wp\/v2\/pages"}],"about":[{"href":"https:\/\/www.urlaub-auf-madagaskar.com\/en\/wp-json\/wp\/v2\/types\/page"}],"author":[{"embeddable":true,"href":"https:\/\/www.urlaub-auf-madagaskar.com\/en\/wp-json\/wp\/v2\/users\/3"}],"replies":[{"embeddable":true,"href":"https:\/\/www.urlaub-auf-madagaskar.com\/en\/wp-json\/wp\/v2\/comments?post=1466"}],"version-history":[{"count":0,"href":"https:\/\/www.urlaub-auf-madagaskar.com\/en\/wp-json\/wp\/v2\/pages\/1466\/revisions"}],"wp:featuredmedia":[{"embeddable":true,"href":"https:\/\/www.urlaub-auf-madagaskar.com\/en\/wp-json\/wp\/v2\/media\/1468"}],"wp:attachment":[{"href":"https:\/\/www.urlaub-auf-madagaskar.com\/en\/wp-json\/wp\/v2\/media?parent=1466"}],"wp:term":[{"taxonomy":"category","embeddable":true,"href":"https:\/\/www.urlaub-auf-madagaskar.com\/en\/wp-json\/wp\/v2\/categories?post=1466"}],"curies":[{"name":"wp","href":"https:\/\/api.w.org\/{rel}","templated":true}]}}