{"id":1412,"date":"2015-08-06T14:07:48","date_gmt":"2015-08-06T12:07:48","guid":{"rendered":"https:\/\/urlaub-auf-madagaskar.alpha-beta.de\/?page_id=1412"},"modified":"2024-12-05T18:45:28","modified_gmt":"2024-12-05T17:45:28","slug":"sainte-marie-madagaskar","status":"publish","type":"page","link":"https:\/\/www.urlaub-auf-madagaskar.com\/en\/island-st-marie\/","title":{"rendered":"Sainte Marie Island Madagascar - The tropical paradise"},"content":{"rendered":"<h1>Madagaskars Insel Sainte Marie<\/h1>\n<div><a href=\"\/wp-content\/uploads\/2015\/08\/SteMarie_800.jpg\"><\/p>\n<p><\/a><a href=\"\/wp-content\/uploads\/2015\/08\/SteMarie_800.jpg\"><img fetchpriority=\"high\" decoding=\"async\" class=\"alignnone\" src=\"https:\/\/www.urlaub-auf-madagaskar.com\/wp-content\/uploads\/2015\/08\/SteMarie_800.jpg\" alt=\"Sainte Marie Madagaskar\" width=\"800\" height=\"505\" \/><\/a><\/div>\n<h3>Entdecken Sie dieses einzigartige Tropenparadies<\/h3>\n<p><strong>Sainte Marie Madagaskar<\/strong>, auch bekannt als Nosy Boraha, ist ein wahres Tropenparadies, das bei keinem Madagaskar Urlaub fehlen sollte. Nur wenige Kilometer von der Ostk\u00fcste entfernt, bietet die knapp 200 Quadratkilometer gro\u00dfe Insel atemberaubende Landschaften und eine reiche Geschichte. Wir empfehlen die Anreise mit dem Flugzeug von Toamasina oder Antananarivo, da die F\u00e4hrverbindung von Soanierana-Ivongo aufgrund unsicherer Bedingungen weniger geeignet ist. Erleben Sie Sainte Marie entspannt und sicher \u2013 ein Paradies, das Ihnen unvergessliche Eindr\u00fccke garantiert.<\/p>\n<div>\n<p>Sainte Marie Str\u00e4nde geh\u00f6ren zu den sch\u00f6nsten in Madagaskar und bieten perfekte Voraussetzungen f\u00fcr einen erholsamen Urlaub. Ob romantische Buchten, tropische Mangrovenw\u00e4lder oder kleine Wasserf\u00e4lle \u2013 die Insel hat f\u00fcr jeden etwas zu bieten. Unsere Erfahrung vor Ort hilft Ihnen, Ihren Aufenthalt individuell und stressfrei zu gestalten.<\/p>\n<\/div>\n<div><a href=\"https:\/\/www.urlaub-auf-madagaskar.com\/wp-content\/uploads\/2015\/08\/Tauchen-auf-Sainte-Marie.jpg\" rel=\"attachment wp-att-2257\"><\/p>\n<p><\/a><a href=\"https:\/\/www.urlaub-auf-madagaskar.com\/wp-content\/uploads\/2015\/08\/Tauchen-auf-Sainte-Marie.jpg\" rel=\"attachment wp-att-2257\"><img decoding=\"async\" class=\"alignnone\" src=\"https:\/\/www.urlaub-auf-madagaskar.com\/wp-content\/uploads\/2015\/08\/Tauchen-auf-Sainte-Marie-300x225.jpg\" alt=\"Tauchen auf Sainte Marie Madagaskar\" width=\"300\" height=\"225\" \/><\/a><\/div>\n<h3>Ein Paradies f\u00fcr Entspannung und Abenteuer<\/h3>\n<p>Sainte Marie Madagaskar begeistert mit seinen Str\u00e4nden nicht nur Naturfreunde, sondern auch Wassersportler. Taucher und Schnorchler sch\u00e4tzen die spektakul\u00e4ren Korallenriffe und Schiffswracks. F\u00fcr romantische Momente bietet Sainte Marie luxuri\u00f6se Unterk\u00fcnfte, die ideal f\u00fcr Flitterwochen oder romantische Urlaube sind. Die Inselhauptstadt Ambodifotatra ist ein idealer Ausgangspunkt f\u00fcr Erkundungen \u2013 ob per Fahrrad, Motorroller oder Quad. Die kurzen Distanzen machen Sainte Marie zu einem perfekten Ziel f\u00fcr Abenteuer und Entspannung.<\/p>\n<div><a href=\"\/wp-content\/uploads\/2015\/08\/3202260500_bc05215c56_m.jpg\"><br \/>\n<img decoding=\"async\" src=\"https:\/\/www.urlaub-auf-madagaskar.com\/wp-content\/uploads\/2015\/08\/3202260500_bc05215c56_m.jpg\" alt=\"Sainte Marie Landschaft\" \/><br \/>\n<\/a><\/div>\n<h3>Piratengeschichten und Meeress\u00e4uger<\/h3>\n<p>Sainte Marie ist nicht nur f\u00fcr ihre Str\u00e4nde, sondern auch f\u00fcr ihre Geschichte bekannt. Der ber\u00fchmte Piratenfriedhof und die spannenden Geschichten der Einheimischen machen die Insel einzigartig. Ein weiteres Highlight sind die Buckelwale, die zwischen Juli und September vor der K\u00fcste von Sainte Marie ziehen. Vom Boot aus k\u00f6nnen Sie diese beeindruckenden Tiere beobachten \u2013 ein Erlebnis, das Ihren Madagaskar Urlaub unvergesslich macht.<\/p>\n<h3>Reisebeschreibung Sainte Marie Madagaskar zum Download<\/h3>\n<p>[wpfd_single_file id=&#8220;10858&#8243; catid=&#8220;548&#8243; name=&#8220;Andasibe-Ankan\u2019y Nofy-Sainte Marie&#8220;]<\/p>\n","protected":false},"excerpt":{"rendered":"<p>Madagaskars Insel Sainte Marie Entdecken Sie dieses einzigartige Tropenparadies Sainte Marie Madagaskar, auch bekannt als Nosy Boraha, ist ein wahres Tropenparadies, das bei keinem Madagaskar Urlaub fehlen sollte. Nur wenige Kilometer von der Ostk\u00fcste entfernt, bietet die knapp 200 Quadratkilometer gro\u00dfe Insel atemberaubende Landschaften und eine reiche Geschichte. Wir empfehlen die Anreise mit dem Flugzeug [&hellip;]<\/p>\n","protected":false},"author":3,"featured_media":1413,"parent":0,"menu_order":0,"comment_status":"open","ping_status":"closed","template":"","meta":{"footnotes":""},"categories":[501],"class_list":["post-1412","page","type-page","status-publish","has-post-thumbnail","hentry","category-nach-osten"],"_links":{"self":[{"href":"https:\/\/www.urlaub-auf-madagaskar.com\/en\/wp-json\/wp\/v2\/pages\/1412","targetHints":{"allow":["GET"]}}],"collection":[{"href":"https:\/\/www.urlaub-auf-madagaskar.com\/en\/wp-json\/wp\/v2\/pages"}],"about":[{"href":"https:\/\/www.urlaub-auf-madagaskar.com\/en\/wp-json\/wp\/v2\/types\/page"}],"author":[{"embeddable":true,"href":"https:\/\/www.urlaub-auf-madagaskar.com\/en\/wp-json\/wp\/v2\/users\/3"}],"replies":[{"embeddable":true,"href":"https:\/\/www.urlaub-auf-madagaskar.com\/en\/wp-json\/wp\/v2\/comments?post=1412"}],"version-history":[{"count":3,"href":"https:\/\/www.urlaub-auf-madagaskar.com\/en\/wp-json\/wp\/v2\/pages\/1412\/revisions"}],"predecessor-version":[{"id":16751,"href":"https:\/\/www.urlaub-auf-madagaskar.com\/en\/wp-json\/wp\/v2\/pages\/1412\/revisions\/16751"}],"wp:featuredmedia":[{"embeddable":true,"href":"https:\/\/www.urlaub-auf-madagaskar.com\/en\/wp-json\/wp\/v2\/media\/1413"}],"wp:attachment":[{"href":"https:\/\/www.urlaub-auf-madagaskar.com\/en\/wp-json\/wp\/v2\/media?parent=1412"}],"wp:term":[{"taxonomy":"category","embeddable":true,"href":"https:\/\/www.urlaub-auf-madagaskar.com\/en\/wp-json\/wp\/v2\/categories?post=1412"}],"curies":[{"name":"wp","href":"https:\/\/api.w.org\/{rel}","templated":true}]}}