{"id":1408,"date":"2015-08-06T14:04:32","date_gmt":"2015-08-06T12:04:32","guid":{"rendered":"https:\/\/urlaub-auf-madagaskar.alpha-beta.de\/?page_id=1408"},"modified":"2020-02-05T23:47:10","modified_gmt":"2020-02-05T22:47:10","slug":"maroantsetra-masoala","status":"publish","type":"page","link":"https:\/\/www.urlaub-auf-madagaskar.com\/en\/maroantsetra-masoala\/","title":{"rendered":"Maroantsetra Masoala"},"content":{"rendered":"<h1>Maroantsetra Masoala<\/h1>\n<div class=\"bg_white\">\n<div class=\"col-md-12 col-sm-12 bg_white border no_padding margin_bottom_content\">\n<div class=\"col-md-12 col-sm-12 no_padding\">\n<div class=\"home_bg text-center side_bar_padding\"><a href=\"\/wp-content\/uploads\/2015\/08\/6258911_1e627b5c45_m.jpg\"><img decoding=\"async\" width=\"240\" height=\"180\" class=\"side_bar_img size-medium wp-image-1410 alignnone\" src=\"https:\/\/www.urlaub-auf-madagaskar.com\/wp-content\/uploads\/2015\/08\/6258911_1e627b5c45_m.jpg\" srcset=\"https:\/\/www.urlaub-auf-madagaskar.com\/wp-content\/uploads\/2015\/08\/6258911_1e627b5c45_m.jpg 240w, https:\/\/www.urlaub-auf-madagaskar.com\/wp-content\/uploads\/2015\/08\/6258911_1e627b5c45_m-20x15.jpg 20w\" sizes=\"(max-width: 240px) 100vw, 240px\" \/><\/a><\/div>\n<\/div>\n<div class=\"col-md-12 col-sm-12 no_padding\">\n<div class=\"home_content_div\">\n<p>Maroantsetra is the northernmost point of the so-called east coast. The region north of the 16th parallel is also called the Vanilla Coast of Madagascar. The city offers - besides record-breaking rainfall of over 4000cm\/year - special predicates.<\/p>\n<p>Firstly, Maroantsetra is the starting and ending point of the \"Masoala trek\" - 100 kilometers on foot through the peninsula of the same name. Apart from airplanes and occasional coastal ships, there is no other connection to the northern part of Madagascar!!!<br \/>\nThe island of Nosy Mangabe, located not far from the city in the bay of Antongil, offers the opportunity to visit an almost untouched nature reserve. Without compromise, each visitor is accommodated in a tent under a wooden roof. Everybody has to take care of the food by himself. The garbage will be taken away again.<\/p>\n<p>Black varis, aye-ayes, chameleons and flat-tailed geckos populate the idyllic island. On a night hike you will also get an insight into the life of nocturnal creatures - of which there is an almost infinite number on Madagascar!<\/p>\n<\/div>\n<\/div>\n<\/div>\n<\/div>\n<div class=\"bg_white\">\n<div class=\"col-md-12 col-sm-12 bg_white border no_padding margin_bottom_content\">\n<div class=\"col-md-12 col-sm-12 no_padding\">\n<div class=\"home_bg text-center side_bar_padding\"><a href=\"\/wp-content\/uploads\/2015\/08\/937087723_b5673e48a5_m.jpg\"><img decoding=\"async\" width=\"240\" height=\"162\" class=\"side_bar_img size-medium wp-image-1409 alignnone\" src=\"https:\/\/www.urlaub-auf-madagaskar.com\/wp-content\/uploads\/2015\/08\/937087723_b5673e48a5_m.jpg\" \/><\/a><\/div>\n<\/div>\n<div class=\"col-md-12 col-sm-12 no_padding\">\n<div class=\"home_content_div\">\n<p>In the Masoala National Park itself, several lodges, some of them very exclusive, invite you to stay - a not entirely cheap pleasure, admittedly.<\/p>\n<p>However, if you want to get a deeper insight into the secrets of Masoala, you have to choose one of the mentioned accommodations. All of them are located near the east coast of the peninsula and can only be reached by motorboat from Maroantsetra. From here you can make excursions of any length into the national park under local and expert guidance.<\/p>\n<p>Another top attraction of the area is the migration of humpback whales that come to the wide Antongil Bay every year from the beginning of August to the end of September - an incomparable experience!<\/p>\n<\/div>\n<\/div>\n<\/div>\n<\/div>","protected":false},"excerpt":{"rendered":"<p>Maroantsetra Masoala Maroantsetra ist n\u00f6rdlichster Punkt der sogenannten Ostk\u00fcste. Die Region n\u00f6rdlich des 16. Breitengrades wird auch als Vanillek\u00fcste von Madagaskar bezeichnet. Die Stadt bietet \u2013 neben rekordverd\u00e4chtigen Niederschlagsmengen von \u00fcber 4000cm\/Jahr \u2013 besondere Pr\u00e4dikate. Zum einen ist Maroantsetra Anfangs- und Endpunkt des \u201eMasoala-Treck\u201c \u2013 100 Kilometer zu Fu\u00df durch die gleichnamige Halbinsel. Neben Flugzeugen [&hellip;]<\/p>\n","protected":false},"author":3,"featured_media":1410,"parent":0,"menu_order":0,"comment_status":"open","ping_status":"closed","template":"","meta":{"footnotes":""},"categories":[501],"class_list":["post-1408","page","type-page","status-publish","has-post-thumbnail","hentry","category-nach-osten"],"_links":{"self":[{"href":"https:\/\/www.urlaub-auf-madagaskar.com\/en\/wp-json\/wp\/v2\/pages\/1408","targetHints":{"allow":["GET"]}}],"collection":[{"href":"https:\/\/www.urlaub-auf-madagaskar.com\/en\/wp-json\/wp\/v2\/pages"}],"about":[{"href":"https:\/\/www.urlaub-auf-madagaskar.com\/en\/wp-json\/wp\/v2\/types\/page"}],"author":[{"embeddable":true,"href":"https:\/\/www.urlaub-auf-madagaskar.com\/en\/wp-json\/wp\/v2\/users\/3"}],"replies":[{"embeddable":true,"href":"https:\/\/www.urlaub-auf-madagaskar.com\/en\/wp-json\/wp\/v2\/comments?post=1408"}],"version-history":[{"count":0,"href":"https:\/\/www.urlaub-auf-madagaskar.com\/en\/wp-json\/wp\/v2\/pages\/1408\/revisions"}],"wp:featuredmedia":[{"embeddable":true,"href":"https:\/\/www.urlaub-auf-madagaskar.com\/en\/wp-json\/wp\/v2\/media\/1410"}],"wp:attachment":[{"href":"https:\/\/www.urlaub-auf-madagaskar.com\/en\/wp-json\/wp\/v2\/media?parent=1408"}],"wp:term":[{"taxonomy":"category","embeddable":true,"href":"https:\/\/www.urlaub-auf-madagaskar.com\/en\/wp-json\/wp\/v2\/categories?post=1408"}],"curies":[{"name":"wp","href":"https:\/\/api.w.org\/{rel}","templated":true}]}}