{"id":1404,"date":"2015-08-06T14:01:29","date_gmt":"2015-08-06T12:01:29","guid":{"rendered":"https:\/\/urlaub-auf-madagaskar.alpha-beta.de\/?page_id=1404"},"modified":"2020-02-05T23:46:04","modified_gmt":"2020-02-05T22:46:04","slug":"andasibe-bis-maroantsetra","status":"publish","type":"page","link":"https:\/\/www.urlaub-auf-madagaskar.com\/en\/andasibe-bis-maroantsetra\/","title":{"rendered":"Andasibe to Maroantsetra"},"content":{"rendered":"<h1>Tour suggestion Northern East Coast:<\/h1>\n<div class=\"bg_white\">\n<div class=\"col-md-12 col-sm-12 bg_white border no_padding margin_bottom_content\">\n<div class=\"col-md-12 col-sm-12 no_padding\">\n<div class=\"home_bg text-center side_bar_padding\"><a href=\"https:\/\/www.urlaub-auf-madagaskar.com\/wp-content\/uploads\/2015\/07\/Karte-Masoala-Andasibe.jpg\" rel=\"attachment wp-att-2145\"><img fetchpriority=\"high\" decoding=\"async\" width=\"291\" height=\"300\" class=\"side_bar_img size-medium wp-image-2145 alignnone\" src=\"https:\/\/www.urlaub-auf-madagaskar.com\/wp-content\/uploads\/2015\/07\/Karte-Masoala-Andasibe-291x300.jpg\" srcset=\"https:\/\/www.urlaub-auf-madagaskar.com\/wp-content\/uploads\/2015\/07\/Karte-Masoala-Andasibe-291x300.jpg 291w, https:\/\/www.urlaub-auf-madagaskar.com\/wp-content\/uploads\/2015\/07\/Karte-Masoala-Andasibe-768x791.jpg 768w, https:\/\/www.urlaub-auf-madagaskar.com\/wp-content\/uploads\/2015\/07\/Karte-Masoala-Andasibe-995x1024.jpg 995w, https:\/\/www.urlaub-auf-madagaskar.com\/wp-content\/uploads\/2015\/07\/Karte-Masoala-Andasibe-20x20.jpg 20w, https:\/\/www.urlaub-auf-madagaskar.com\/wp-content\/uploads\/2015\/07\/Karte-Masoala-Andasibe.jpg 1432w\" sizes=\"(max-width: 291px) 100vw, 291px\" \/><\/a><\/div>\n<\/div>\n<div class=\"col-md-12 col-sm-12 no_padding\">\n<div class=\"home_content_div\">\n<h3><strong>From Andasibe we go via Toamasina to Maroantsetra<\/strong><\/h3>\n<p>The east of Madagascar awaits you with <strong>numerous tourist highlights <\/strong>and offers you hardly countable possibilities to improve your <strong>Madagascar vacation<\/strong> to spend with exciting adventures or relaxing experiences. For those who can only branch off a few free days for a short tour to the east of the island, we recommend the <strong>Route from Andasibe via Toamasina to Maroantsetra<\/strong>. For those who can, on the other hand, also plan a little more time, there are numerous options on this route still a few <strong>separate excursions<\/strong>, for example after <strong>Sainte Marie<\/strong>, the <strong>famous pirate island<\/strong>, to undertake.<\/p>\n<p>With the following suggestions for your tour we would like to show you some of the <strong>various possibilities<\/strong> that are offered to you on this route. If you wish, based on these explanations and suggestions, we can offer you a <strong>Put together a small travel package<\/strong>. So you can be sure that for your <strong>Journey through Madagascar<\/strong> all arrangements and preparations have been made and that you do not have to expect any nasty surprises.<\/p>\n<\/div>\n<\/div>\n<\/div>\n<\/div>\n<div class=\"bg_white\">\n<div class=\"col-md-12 col-sm-12 bg_white border no_padding margin_bottom_content\">\n<div class=\"col-md-12 col-sm-12 no_padding\">\n<div class=\"home_bg text-center side_bar_padding\"><a href=\"https:\/\/www.urlaub-auf-madagaskar.com\/wp-content\/uploads\/2015\/08\/Masoala_Regenwald.jpg\" rel=\"attachment wp-att-1418\"><img decoding=\"async\" width=\"300\" height=\"201\" class=\"side_bar_img size-medium wp-image-1418 alignnone\" src=\"https:\/\/www.urlaub-auf-madagaskar.com\/wp-content\/uploads\/2015\/08\/Masoala_Regenwald-300x201.jpg\" alt=\"Mountain Cloud Forest\" srcset=\"https:\/\/www.urlaub-auf-madagaskar.com\/wp-content\/uploads\/2015\/08\/Masoala_Regenwald-300x201.jpg 300w, https:\/\/www.urlaub-auf-madagaskar.com\/wp-content\/uploads\/2015\/08\/Masoala_Regenwald-20x13.jpg 20w, https:\/\/www.urlaub-auf-madagaskar.com\/wp-content\/uploads\/2015\/08\/Masoala_Regenwald.jpg 320w\" sizes=\"(max-width: 300px) 100vw, 300px\" \/><\/a><\/div>\n<\/div>\n<div class=\"col-md-12 col-sm-12 no_padding\">\n<div class=\"home_content_div\">\n<h3>The tour starts in Andasibe<\/h3>\n<p>Your possible <strong>Tour to Maroantsetra<\/strong> can start, for example, in Andasibe, where you should first definitely take a trip to the Andasibe National Park. This park is more than 150 square kilometers in size and is home to a particularly rich flora and fauna. In the <strong><a href=\"https:\/\/www.urlaub-auf-madagaskar.com\/en\/hintergrundinformationen\/national-parks-madagaskar\/\" target=\"_self\" rel=\"noopener noreferrer\">Andasibe National Park<\/a> <\/strong>you can observe lemurs and colorful birds as well as countless insects, flowering plants and reptiles. Once you have explored the national park extensively, we recommend you to continue your journey to Toamasina via Brickaville. Toamasina is probably the <strong>most important port city of Madagascar<\/strong> and has about 200,000 inhabitants. There you can either wander through the alleys of the city, visit the harbor, be driven around by rickshaw or take a rental bike to one of the nearby beaches.<\/p>\n<p>In addition, it also offers a <a href=\"https:\/\/www.urlaub-auf-madagaskar.com\/wp-admin\/post.php?post=357&amp;action=edit\" target=\"_self\" rel=\"noopener noreferrer\"><strong>Ride on the nearby Canal des Pangalanes<\/strong><\/a> a very popular and important waterway in Madagascar. Toamasina is also the ideal starting point for excursions to Sainte Marie or Foulpointe. For this you only have to travel a little further north. For the <strong>Translate to Sainte Marie <\/strong>we recommend the plane from Tamatave. Although there is also the possibility of Soanierana-Ivongo with the cheap ferry to cross, because the sea is particularly unpredictable at this point, there have been accidents here in the past.<\/p>\n<\/div>\n<\/div>\n<\/div>\n<\/div>\n<div class=\"bg_white\">\n<div class=\"col-md-12 col-sm-12 bg_white border no_padding margin_bottom_content\">\n<div class=\"col-md-12 col-sm-12 no_padding\">\n<div class=\"home_bg text-center side_bar_padding\"><a href=\"https:\/\/www.urlaub-auf-madagaskar.com\/wp-content\/uploads\/2015\/08\/Ambila-7.jpg\" rel=\"attachment wp-att-2251\"><img decoding=\"async\" width=\"300\" height=\"200\" class=\"side_bar_img size-medium wp-image-3738 alignnone\" src=\"https:\/\/www.urlaub-auf-madagaskar.com\/wp-content\/uploads\/2015\/08\/Ambila-7-300x200.jpg\" alt=\"Indian Ocean Fishermen\" \/><\/a><\/div>\n<\/div>\n<div class=\"col-md-12 col-sm-12 no_padding\">\n<div class=\"home_content_div\">\n<h3>It goes on to Maroantsetra<\/h3>\n<p>Maroantsetra is situated on the Madagascan<strong> Masoala Peninsula<\/strong> and is <strong>quite difficult to reach by land<\/strong>. Accordingly, we also recommend the plane from Tamatave in this context. Road connections can be used as an alternative, but the conditions are sometimes more bad than good. Who prefers the land way, should accordingly sufficient <strong>much time in the luggage<\/strong> have. Maroantsetra is a small town in Antongil Bay and has quite an isolated location. Not many tourists come here, which is a special attraction factor. The <strong>Masoala National Park<\/strong> is located in the immediate vicinity and gives an impression into the nature of the original <strong>Primary forests on the island<\/strong> <strong>Madagascar<\/strong>. Also over to the island of Nosy Mangabe it is only a small stone's throw. If you can spare a little more time and are in the mood for some great beaches and bays, a little further north begins the so-called <strong>Vanilla Coast<\/strong>which lives up to its name. For physically fit travelers should be the mastering of the <strong><a href=\"https:\/\/www.urlaub-auf-madagaskar.com\/en\/masoala-trek-in-madagascar\/\" target=\"_self\" rel=\"noopener noreferrer\">Masoala Trecks<\/a><\/strong>which leads over a length of about one hundred kilometers across the Masoala Peninsula, will be a real highlight. Depending on the physical condition are for this around <strong>four days<\/strong> to be scheduled.<\/p>\n<p>If you need more <strong>Information about the cities and stations<\/strong> on this possible itinerary, we would be happy to hear from you. The same is true if you have already decided on a specific tour and would like to <strong>with our help <\/strong>would like to implement. We are always at your disposal for contact.<\/p>\n<\/div>\n<\/div>\n<\/div>\n<\/div>","protected":false},"excerpt":{"rendered":"<p>Tourenvorschlag N\u00f6rdliche Ostk\u00fcste: Von Andasibe geht es \u00fcber Toamasina nach Maroantsetra Der Osten Madagaskars erwartet Sie mit zahlreichen touristischen Highlights und bietet Ihnen kaum z\u00e4hlbare M\u00f6glichkeiten, um Ihren Urlaub auf Madagaskar mit spannenden Abenteuern oder erholsamen Erlebnissen zu verbringen. F\u00fcr alle, die nur einige wenige freie Tage f\u00fcr eine kurze Tour in den Osten der [&hellip;]<\/p>\n","protected":false},"author":3,"featured_media":2145,"parent":0,"menu_order":0,"comment_status":"open","ping_status":"closed","template":"","meta":{"footnotes":""},"categories":[501],"class_list":["post-1404","page","type-page","status-publish","has-post-thumbnail","hentry","category-nach-osten"],"_links":{"self":[{"href":"https:\/\/www.urlaub-auf-madagaskar.com\/en\/wp-json\/wp\/v2\/pages\/1404","targetHints":{"allow":["GET"]}}],"collection":[{"href":"https:\/\/www.urlaub-auf-madagaskar.com\/en\/wp-json\/wp\/v2\/pages"}],"about":[{"href":"https:\/\/www.urlaub-auf-madagaskar.com\/en\/wp-json\/wp\/v2\/types\/page"}],"author":[{"embeddable":true,"href":"https:\/\/www.urlaub-auf-madagaskar.com\/en\/wp-json\/wp\/v2\/users\/3"}],"replies":[{"embeddable":true,"href":"https:\/\/www.urlaub-auf-madagaskar.com\/en\/wp-json\/wp\/v2\/comments?post=1404"}],"version-history":[{"count":0,"href":"https:\/\/www.urlaub-auf-madagaskar.com\/en\/wp-json\/wp\/v2\/pages\/1404\/revisions"}],"wp:featuredmedia":[{"embeddable":true,"href":"https:\/\/www.urlaub-auf-madagaskar.com\/en\/wp-json\/wp\/v2\/media\/2145"}],"wp:attachment":[{"href":"https:\/\/www.urlaub-auf-madagaskar.com\/en\/wp-json\/wp\/v2\/media?parent=1404"}],"wp:term":[{"taxonomy":"category","embeddable":true,"href":"https:\/\/www.urlaub-auf-madagaskar.com\/en\/wp-json\/wp\/v2\/categories?post=1404"}],"curies":[{"name":"wp","href":"https:\/\/api.w.org\/{rel}","templated":true}]}}