{"id":1397,"date":"2015-08-06T13:56:32","date_gmt":"2015-08-06T11:56:32","guid":{"rendered":"https:\/\/urlaub-auf-madagaskar.alpha-beta.de\/?page_id=1397"},"modified":"2020-02-05T23:46:15","modified_gmt":"2020-02-05T22:46:15","slug":"antananarivo-bis-moramanga","status":"publish","type":"page","link":"https:\/\/www.urlaub-auf-madagaskar.com\/en\/antananarivo-bis-moramanga\/","title":{"rendered":"Antananarivo to Moramanga"},"content":{"rendered":"<h1>East Coast tour proposal:<\/h1>\n<div class=\"bg_white\">\n<div class=\"col-md-12 col-sm-12 bg_white border no_padding margin_bottom_content\">\n<div class=\"col-md-12 col-sm-12 no_padding\">\n<div class=\"home_bg text-center side_bar_padding\"><a href=\"https:\/\/www.urlaub-auf-madagaskar.com\/wp-content\/uploads\/2015\/07\/DSC_1837.jpg\" rel=\"attachment wp-att-2009\"><img fetchpriority=\"high\" decoding=\"async\" width=\"300\" height=\"199\" class=\"side_bar_img size-medium wp-image-2009 alignnone\" src=\"https:\/\/www.urlaub-auf-madagaskar.com\/wp-content\/uploads\/2015\/07\/DSC_1837-300x199.jpg\" alt=\"Heterixalus madagascariensis\" srcset=\"https:\/\/www.urlaub-auf-madagaskar.com\/wp-content\/uploads\/2015\/07\/DSC_1837-300x199.jpg 300w, https:\/\/www.urlaub-auf-madagaskar.com\/wp-content\/uploads\/2015\/07\/DSC_1837-20x13.jpg 20w, https:\/\/www.urlaub-auf-madagaskar.com\/wp-content\/uploads\/2015\/07\/DSC_1837.jpg 346w\" sizes=\"(max-width: 300px) 100vw, 300px\" \/><\/a><\/div>\n<\/div>\n<div class=\"col-md-12 col-sm-12 no_padding\">\n<div class=\"home_content_div\">\n<h3>From Antananarivo we go to Moramanga<\/h3>\n<p>Antananarivo is not only the capital of the island of Madagascar, but at the same time also\u00a0<strong>Starting point for numerous tours<\/strong> to the impressive east of the island. From Antananarivo you can often start on relatively well-maintained roads, which increases the comfort of your <strong>Journey through Madagascar<\/strong> significantly increased. Various <strong>Nature reserves and national parks<\/strong> are in the immediate vicinity and for <strong>Adventurers as well as culture enthusiasts<\/strong> there is equally much to discover and experience.<\/p>\n<p>These are ideal connecting tours for longer trips that end or begin in Antananarivo<\/p>\n<p>In the following we would like to give you a <strong>small tour proposal<\/strong> where you will start in Antananarivo and then head towards Moramanga. This small tour offers you <strong>numerous individualization options<\/strong>which we would also like to present to you as ideas and suggestions. If you are concretely interested in a <strong>Tour planning by us as experienced tour guides<\/strong> we ask you to contact us directly. We will then not only initiate all organizational steps, but of course also incorporate your wishes and needs into the planning.<\/p>\n<\/div>\n<\/div>\n<\/div>\n<\/div>\n<div class=\"bg_white\">\n<div class=\"col-md-12 col-sm-12 bg_white border no_padding margin_bottom_content\">\n<div class=\"col-md-12 col-sm-12 no_padding\">\n<div class=\"home_bg text-center side_bar_padding\"><a href=\"https:\/\/www.urlaub-auf-madagaskar.com\/wp-content\/uploads\/2015\/07\/21_pangalane_800x600-84f77.jpg\" rel=\"attachment wp-att-1052\"><img decoding=\"async\" class=\"side_bar_img size-medium wp-image-7979 alignnone\" src=\"https:\/\/www.urlaub-auf-madagaskar.com\/wp-content\/uploads\/2015\/07\/21_pangalane_800x600-84f77-300x225.jpg\" alt=\"Pangalan landscape\" \/><\/a><\/div>\n<\/div>\n<div class=\"col-md-12 col-sm-12 no_padding\">\n<div class=\"home_content_div\">\n<h3>The starting point is in Antananarivo<\/h3>\n<p>If you start from Antananarivo heading east, you will first take the RN 2 by car, which is quite a long road. <strong>well-developed road<\/strong>, which makes this first leg of the journey quite comfortable. Enjoy the view of the scenic diversity during the ride and experience an optimal start to your <strong>Vacation in Madagascar.<\/strong> After a good 65 kilometers you will have the opportunity to make a detour to the private reserve of a French explorer. The name of this station is <strong>Madagascar Exotique<\/strong>However, we can only conditionally recommend a visit to this reserve. Experience has shown that many of the animals are kept primarily for commercial purposes and partly in far too small cages. For conservation reasons, this facility is accordingly not necessarily one of the highlights of the route, even though the reserve has meanwhile earned a <strong>international reputation<\/strong> has worked out. If you are looking for an experience in the Malagasy nature and want to see lemurs, chameleons and other animal inhabitants of the island up close, we strongly recommend you a <strong>Visit the numerous national parks<\/strong> to the heart. There you can see the <strong>Animals in the wild<\/strong> observe and will certainly be able to gather far more memorable experiences.<\/p>\n<\/div>\n<\/div>\n<\/div>\n<\/div>\n<div class=\"bg_white\">\n<div class=\"col-md-12 col-sm-12 bg_white border no_padding margin_bottom_content\">\n<div class=\"col-md-12 col-sm-12 no_padding\">\n<div class=\"home_bg text-center side_bar_padding\"><a href=\"\/wp-content\/uploads\/2015\/08\/indri-indri.jpg\"><img decoding=\"async\" width=\"500\" height=\"357\" class=\"side_bar_img size-medium wp-image-1398 alignnone\" src=\"https:\/\/www.urlaub-auf-madagaskar.com\/wp-content\/uploads\/2015\/08\/indri-indri.jpg\" srcset=\"https:\/\/www.urlaub-auf-madagaskar.com\/wp-content\/uploads\/2015\/08\/indri-indri.jpg 500w, https:\/\/www.urlaub-auf-madagaskar.com\/wp-content\/uploads\/2015\/08\/indri-indri-300x214.jpg 300w, https:\/\/www.urlaub-auf-madagaskar.com\/wp-content\/uploads\/2015\/08\/indri-indri-20x14.jpg 20w\" sizes=\"(max-width: 500px) 100vw, 500px\" \/><\/a><\/div>\n<\/div>\n<div class=\"col-md-12 col-sm-12 no_padding\">\n<div class=\"home_content_div\">\n<h3>Moramanga is the starting point for many excursions<\/h3>\n<p>A few kilometers behind Madagascar Exotique is Moramanga, a town that plays a major role for Madagascar from a historical point of view, but nevertheless is rather one of the smaller towns on the island. Moramanga was i<strong>n the 1940s, important starting point for the Madagascan uprisings<\/strong> against the French colonial power and therefore fulfills a decisive key function in the independence of this country. Today, however, the city is known mainly because of the nearby <strong>Nickel deposit<\/strong> economically successful. Moramanga has often been referred to as a \"boomtown\" where life today is booming. Culturally interested people can accordingly get their money's worth.<\/p>\n<p>But not only Moramanga itself is recommendable, because the small town is especially suitable as an ideal starting point for all kinds of travel activities. For example <strong>the Lac Alaotra situated to the north <\/strong>not very far away. There live not only the particularly rare bamboo lemurs, but it also attracts the nearby <strong>Zahamena National Park,<\/strong> which can be explored in long trekking tours. If you want to venture a little further east, you should also take a detour into the <strong>Analamazoatra Reserve<\/strong> or visit the Andasibe National Park. Everywhere there you can observe the flora and fauna of Madagascar wonderfully and you can be sure to find impressive and <strong>unforgettable memories<\/strong> to take home with you.<\/p>\n<p>We want your <strong>Madagascar vacation<\/strong> will be perfect and therefore would like to take over your travel planning. Since we are right on the spot and have grown up with European standards ourselves, you can be sure when you book a tour that you will be treated with the <strong>best possible service<\/strong> cared for. To offer you this, you just need to contact us.<\/p>\n<\/div>\n<\/div>\n<\/div>\n<\/div>","protected":false},"excerpt":{"rendered":"<p>Tourenvorschlag Ostk\u00fcste: Von Antananarivo geht es nach Moramanga Antananarivo ist nicht nur die Hauptstadt der Insel Madagaskar, sondern gleichzeitig auch\u00a0Ausgangspunkt f\u00fcr zahlreiche Touren in den beeindruckenden Osten der Insel. Von Antananarivo aus k\u00f6nnen Sie oftmals auf relativ gut ausgebauten Stra\u00dfen starten, was den Komfort Ihrer Reise durch Madagaskar deutlich erh\u00f6ht. Verschiedene Naturreservate und Nationalparks liegen [&hellip;]<\/p>\n","protected":false},"author":3,"featured_media":2009,"parent":0,"menu_order":0,"comment_status":"open","ping_status":"closed","template":"","meta":{"footnotes":""},"categories":[501],"class_list":["post-1397","page","type-page","status-publish","has-post-thumbnail","hentry","category-nach-osten"],"_links":{"self":[{"href":"https:\/\/www.urlaub-auf-madagaskar.com\/en\/wp-json\/wp\/v2\/pages\/1397","targetHints":{"allow":["GET"]}}],"collection":[{"href":"https:\/\/www.urlaub-auf-madagaskar.com\/en\/wp-json\/wp\/v2\/pages"}],"about":[{"href":"https:\/\/www.urlaub-auf-madagaskar.com\/en\/wp-json\/wp\/v2\/types\/page"}],"author":[{"embeddable":true,"href":"https:\/\/www.urlaub-auf-madagaskar.com\/en\/wp-json\/wp\/v2\/users\/3"}],"replies":[{"embeddable":true,"href":"https:\/\/www.urlaub-auf-madagaskar.com\/en\/wp-json\/wp\/v2\/comments?post=1397"}],"version-history":[{"count":0,"href":"https:\/\/www.urlaub-auf-madagaskar.com\/en\/wp-json\/wp\/v2\/pages\/1397\/revisions"}],"wp:featuredmedia":[{"embeddable":true,"href":"https:\/\/www.urlaub-auf-madagaskar.com\/en\/wp-json\/wp\/v2\/media\/2009"}],"wp:attachment":[{"href":"https:\/\/www.urlaub-auf-madagaskar.com\/en\/wp-json\/wp\/v2\/media?parent=1397"}],"wp:term":[{"taxonomy":"category","embeddable":true,"href":"https:\/\/www.urlaub-auf-madagaskar.com\/en\/wp-json\/wp\/v2\/categories?post=1397"}],"curies":[{"name":"wp","href":"https:\/\/api.w.org\/{rel}","templated":true}]}}