{"id":1387,"date":"2015-08-06T13:47:23","date_gmt":"2015-08-06T11:47:23","guid":{"rendered":"https:\/\/urlaub-auf-madagaskar.alpha-beta.de\/?page_id=1387"},"modified":"2020-02-12T13:18:18","modified_gmt":"2020-02-12T12:18:18","slug":"anakao-ifaty","status":"publish","type":"page","link":"https:\/\/www.urlaub-auf-madagaskar.com\/en\/anakao-ifaty\/","title":{"rendered":"Anakao \/ Ifaty"},"content":{"rendered":"<h1>From Tulear the journey continues to Anakao or Ifaty<\/h1>\n<div class=\"bg_white\">\n<div class=\"col-md-12 col-sm-12 bg_white border no_padding margin_bottom_content\">\n<div class=\"col-md-12 col-sm-12 no_padding\">\n<div class=\"home_bg text-center side_bar_padding\"><a href=\"https:\/\/www.urlaub-auf-madagaskar.com\/wp-content\/uploads\/2015\/08\/Ifaty-Dornenwald.jpg\" rel=\"attachment wp-att-2314\"><img fetchpriority=\"high\" decoding=\"async\" width=\"200\" height=\"300\" class=\"side_bar_img size-medium wp-image-2314 alignnone\" src=\"https:\/\/www.urlaub-auf-madagaskar.com\/wp-content\/uploads\/2015\/08\/Ifaty-Dornenwald-200x300.jpg\" alt=\"Ifaty thorn forest\" srcset=\"https:\/\/www.urlaub-auf-madagaskar.com\/wp-content\/uploads\/2015\/08\/Ifaty-Dornenwald-200x300.jpg 200w, https:\/\/www.urlaub-auf-madagaskar.com\/wp-content\/uploads\/2015\/08\/Ifaty-Dornenwald-13x20.jpg 13w, https:\/\/www.urlaub-auf-madagaskar.com\/wp-content\/uploads\/2015\/08\/Ifaty-Dornenwald.jpg 209w\" sizes=\"(max-width: 200px) 100vw, 200px\" \/><\/a><\/div>\n<\/div>\n<div class=\"col-md-12 col-sm-12 no_padding\">\n<div class=\"home_content_div\">\n<h3>Discover dream beaches<\/h3>\n<p>After the varied and unforgettable adventures of the last few days, your journey towards southern Madagascar is slowly but surely coming to an end. With the arrival in the city of Tulear, the southernmost part of the island is actually already reached. Nevertheless, at least two more highlights await you here, which you will discover in your <strong>Madagascar vacation<\/strong> should not be allowed to pass by unseen.<\/p>\n<p>You have either the option to choose between two possibilities or, if you still have enough time in your luggage, to go first to <strong>Anakao<\/strong> and then also after <strong>Ifaty<\/strong> to travel. After all, both places offer you all kinds of experiences, especially for <strong>Connoisseurs and friends of aquatic sports activities<\/strong> will be of great relevance. In the following, we will present both tour sections in detail, whereby we will, as always, take care not to reveal too much in some places. Of course you are free to explore the southern tip of Madagascar on your own. However, it will be a bit more relaxed and uncomplicated if we plan the exact tour itineraries for you. If you are interested in this possibility, we would be very happy to hear from you.<\/p>\n<\/div>\n<\/div>\n<\/div>\n<\/div>\n<div class=\"bg_white\">\n<div class=\"col-md-12 col-sm-12 bg_white border no_padding margin_bottom_content\">\n<div class=\"col-md-12 col-sm-12 no_padding\">\n<div class=\"home_bg text-center side_bar_padding\"><a href=\"https:\/\/www.urlaub-auf-madagaskar.com\/wp-content\/uploads\/2015\/08\/7N5QD00Z.jpg\" rel=\"attachment wp-att-1467\"><img decoding=\"async\" width=\"225\" height=\"300\" class=\"side_bar_img size-medium wp-image-1467 alignnone\" src=\"https:\/\/www.urlaub-auf-madagaskar.com\/wp-content\/uploads\/2015\/08\/7N5QD00Z-225x300.jpg\" alt=\"Dideraceae\" srcset=\"https:\/\/www.urlaub-auf-madagaskar.com\/wp-content\/uploads\/2015\/08\/7N5QD00Z-225x300.jpg 225w, https:\/\/www.urlaub-auf-madagaskar.com\/wp-content\/uploads\/2015\/08\/7N5QD00Z-15x20.jpg 15w, https:\/\/www.urlaub-auf-madagaskar.com\/wp-content\/uploads\/2015\/08\/7N5QD00Z.jpg 337w\" sizes=\"(max-width: 225px) 100vw, 225px\" \/><\/a><\/div>\n<\/div>\n<div class=\"col-md-12 col-sm-12 no_padding\">\n<div class=\"home_content_div\">\n<h3>Explore Tulear and the surrounding area<\/h3>\n<p>When you arrive in Tulear, you might be a bit surprised at first. After all, this city seems absolutely <strong>average and not very attractive for tourists<\/strong> to be. This is exactly the case, because the capital of the province of the same name is for most people who do not live directly on site only a <strong>Stopover<\/strong>. From here it finally continues <strong>to the fantastic beaches of Ifaty, Sarondrano and Anakao<\/strong>.<\/p>\n<p>However, all those who are interested in the world of plants can still get their money's worth near Tulear. There you will find the <strong>Arboretum d'Antsokay<\/strong>, which was developed by a Swiss botanist named <strong>Hermann Petignat<\/strong> was founded. After his previous professional career as a soldier and priest, the latter devoted himself to the extensive study of plants and studied in his arboretum <strong>more than 900 different plants<\/strong>which he planted and propagated for this purpose. Today the small arboretum is continued by the son of the botanist and offers also for all those who are less botanically interested, some <strong>revealing insights into the world of plants<\/strong>.<\/p>\n<p>Once you have looked around Tulear and the surrounding area enough and are ready to continue your journey, you will first need to <strong>between two different tours<\/strong> decide. You can either go a little further south and reach Anakao or you can go a little further north and travel to Ifaty. We present you both variants in the following.<\/p>\n<\/div>\n<\/div>\n<\/div>\n<\/div>\n<div class=\"bg_white\">\n<div class=\"col-md-12 col-sm-12 bg_white border no_padding margin_bottom_content\">\n<div class=\"col-md-12 col-sm-12 no_padding\">\n<div class=\"home_bg text-center side_bar_padding\"><a href=\"\/wp-content\/uploads\/2015\/08\/1193443587_14fff90647.jpg\"><img decoding=\"async\" width=\"500\" height=\"333\" class=\"side_bar_img size-medium wp-image-1389 alignnone\" src=\"https:\/\/www.urlaub-auf-madagaskar.com\/wp-content\/uploads\/2015\/08\/1193443587_14fff90647.jpg\" srcset=\"https:\/\/www.urlaub-auf-madagaskar.com\/wp-content\/uploads\/2015\/08\/1193443587_14fff90647.jpg 500w, https:\/\/www.urlaub-auf-madagaskar.com\/wp-content\/uploads\/2015\/08\/1193443587_14fff90647-300x200.jpg 300w, https:\/\/www.urlaub-auf-madagaskar.com\/wp-content\/uploads\/2015\/08\/1193443587_14fff90647-20x13.jpg 20w\" sizes=\"(max-width: 500px) 100vw, 500px\" \/><\/a><\/div>\n<\/div>\n<div class=\"col-md-12 col-sm-12 no_padding\">\n<div class=\"home_content_div\">\n<h3>The southern variant - On the way to Sarondrano<\/h3>\n<p>If you drive a little further south from Tulear, after a few kilometers you will cross the <strong>Tropic of the scorpion<\/strong> and are then greeted by mangrove forests right by the sea. Particularly interesting: opposite the mangrove forests, dry thorn forests rise up, which provide an amazing contrast. We recommend <strong>the journey to Sarondrano<\/strong>, where you can relax for a few days in the most secluded hotel on the entire island. In <a href=\"https:\/\/www.urlaub-auf-madagaskar.com\/en\/hotels\/#residence_eden_lodge\">R\u00e9sidence Eden Lodge<\/a> While first-class luxury is on the agenda, you can stay in cozy bungalows right on the beach and enjoy a little <strong>Robinson Crusoe feeling<\/strong> experience. The restaurant belonging to the hotel also provides you with gastronomic regional food, whose maritime touch is clearly noticeable.<\/p>\n<\/div>\n<\/div>\n<\/div>\n<\/div>\n<div class=\"bg_white\">\n<div class=\"col-md-12 col-sm-12 bg_white border no_padding margin_bottom_content\">\n<div class=\"col-md-12 col-sm-12 no_padding\">\n<div class=\"home_bg text-center side_bar_padding\"><a href=\"https:\/\/www.urlaub-auf-madagaskar.com\/wp-content\/uploads\/2015\/11\/Nosy-Ve-Seevogel.jpg\" rel=\"attachment wp-att-1788\"><img loading=\"lazy\" decoding=\"async\" width=\"300\" height=\"200\" class=\"side_bar_img size-medium wp-image-1788 alignnone\" src=\"https:\/\/www.urlaub-auf-madagaskar.com\/wp-content\/uploads\/2015\/11\/Nosy-Ve-Seevogel-300x200.jpg\" alt=\"Nosy Ve seabird\" srcset=\"https:\/\/www.urlaub-auf-madagaskar.com\/wp-content\/uploads\/2015\/11\/Nosy-Ve-Seevogel-300x200.jpg 300w, https:\/\/www.urlaub-auf-madagaskar.com\/wp-content\/uploads\/2015\/11\/Nosy-Ve-Seevogel-768x512.jpg 768w, https:\/\/www.urlaub-auf-madagaskar.com\/wp-content\/uploads\/2015\/11\/Nosy-Ve-Seevogel-20x13.jpg 20w, https:\/\/www.urlaub-auf-madagaskar.com\/wp-content\/uploads\/2015\/11\/Nosy-Ve-Seevogel.jpg 800w\" sizes=\"(max-width: 300px) 100vw, 300px\" \/><\/a><\/div>\n<\/div>\n<div class=\"col-md-12 col-sm-12 no_padding\">\n<div class=\"home_content_div\">\n<p>Sarondrano is <strong>the ideal starting point for various undertakings<\/strong>: Discover for example <strong>St. Augustine<\/strong>, a <strong>former pirate hideout<\/strong>, which is located on a picturesque sandbank. Or meet the <strong>Vezo people<\/strong>that sets sail with their pirogues and will also gladly take you over to the <strong>Fishing village Anakao<\/strong> drives. Alternatively, you could of course cross by motorboat, but this variant is not only completely overpriced, but also not quite ecologically sound. In addition, the <strong>Ride with the pirogues<\/strong> as much more stylish - another great experience to tell about after your vacation in Madagascar. Spend time having long drinks on the cozy beaches, go swimming, snorkeling or scuba diving, and let your hair down at the southernmost end of Madagascar, right under the <strong>Tropic of the scorpion<\/strong> dangle the soul in a unique way.<\/p>\n<\/div>\n<\/div>\n<\/div>\n<\/div>\n<div class=\"bg_white\">\n<div class=\"col-md-12 col-sm-12 bg_white border no_padding margin_bottom_content\">\n<div class=\"col-md-12 col-sm-12 no_padding\">\n<div class=\"home_bg text-center side_bar_padding\"><a href=\"https:\/\/www.urlaub-auf-madagaskar.com\/wp-content\/uploads\/2015\/08\/Ifaty-Dornenwald-2.jpg\" rel=\"attachment wp-att-2313\"><img loading=\"lazy\" decoding=\"async\" width=\"200\" height=\"300\" class=\"side_bar_img size-medium wp-image-2313 alignnone\" src=\"https:\/\/www.urlaub-auf-madagaskar.com\/wp-content\/uploads\/2015\/08\/Ifaty-Dornenwald-2-200x300.jpg\" alt=\"Ifaty thorn forest \" srcset=\"https:\/\/www.urlaub-auf-madagaskar.com\/wp-content\/uploads\/2015\/08\/Ifaty-Dornenwald-2-200x300.jpg 200w, https:\/\/www.urlaub-auf-madagaskar.com\/wp-content\/uploads\/2015\/08\/Ifaty-Dornenwald-2-13x20.jpg 13w, https:\/\/www.urlaub-auf-madagaskar.com\/wp-content\/uploads\/2015\/08\/Ifaty-Dornenwald-2.jpg 209w\" sizes=\"(max-width: 200px) 100vw, 200px\" \/><\/a><\/div>\n<\/div>\n<div class=\"col-md-12 col-sm-12 no_padding\">\n<div class=\"home_content_div\">\n<h3>The northern variant - On the way to Ifaty<\/h3>\n<p>If you have already visited Anakao or if you want to start directly from Tulear again a little bit to the north, we suggest to you <strong>the two beach areas of Ifaty and Mangily<\/strong> especially to the heart. Sun-seeking beach vacationers and action-loving water sports enthusiasts are equally often seen here. Those who do not tolerate the blazing sun well are better off in Mangily or Ifaty than in Anakao. Ifaty and Mangily are located <strong>about 26 kilometers from Tulear<\/strong> and offer white sandy beaches as you usually only know them from postcards, a tropical heat, numerous coconut trees that characterize the idyllic picture and at the same time provide some shade, as well as numerous hotels and diving stations. But this does not at all mean that the <strong>Beaches of this paradise oasis<\/strong> would be overrun by tourists. On the contrary, if you are looking for some solitude and relaxation, you are guaranteed to find a place all to yourself. Especially for couples who want to spend their <strong>Honeymoon in Madagascar <\/strong>If you want to spend some time here, it's worth taking a detour. Besides the pure <strong>Relaxation on the beach<\/strong> as well as the <strong>aquatic amusement activities<\/strong>\u00a0 we can use the <strong>Visit to the nearby Baobab forest <\/strong>especially recommend. One <strong>extended tour to the south of Madagascar<\/strong> usually finds your end here. Surely there would be also in the connection of this tour still different stations like for example the <a href=\"https:\/\/www.urlaub-auf-madagaskar.com\/en\/westcoast-the-splendor-of-slopes\/\"><strong>Western part of the splendor of the slopes<\/strong><\/a> to discover if you have time for it. However, these can be <strong>in a personal conversation<\/strong> evaluate much better. If you have your <strong>Let us plan your trip to Madagascar<\/strong> or still need a few insider tips, feel free to contact us. We are looking forward to making your vacation in Madagascar unforgettable.<\/p>\n<\/div>\n<\/div>\n<\/div>\n<\/div>","protected":false},"excerpt":{"rendered":"<p>Von Tulear geht die Reise nach Anakao oder Ifaty weiter Entdecken Sie traumhafte Str\u00e4nde Nach den vielseitigen und unvergesslichen Abenteuern der letzten Tage, n\u00e4hert sich Ihre Reise gen s\u00fcdliches Madagaskar langsam aber sicher dem Ende zu. Mit dem Eintreffen in der Stadt Tulear ist der s\u00fcdlichste Teil der Insel eigentlich bereits erreicht. Trotzdem erwarten Sie [&hellip;]<\/p>\n","protected":false},"author":3,"featured_media":2314,"parent":0,"menu_order":9,"comment_status":"open","ping_status":"closed","template":"","meta":{"footnotes":""},"categories":[499],"class_list":["post-1387","page","type-page","status-publish","has-post-thumbnail","hentry","category-rn7"],"_links":{"self":[{"href":"https:\/\/www.urlaub-auf-madagaskar.com\/en\/wp-json\/wp\/v2\/pages\/1387","targetHints":{"allow":["GET"]}}],"collection":[{"href":"https:\/\/www.urlaub-auf-madagaskar.com\/en\/wp-json\/wp\/v2\/pages"}],"about":[{"href":"https:\/\/www.urlaub-auf-madagaskar.com\/en\/wp-json\/wp\/v2\/types\/page"}],"author":[{"embeddable":true,"href":"https:\/\/www.urlaub-auf-madagaskar.com\/en\/wp-json\/wp\/v2\/users\/3"}],"replies":[{"embeddable":true,"href":"https:\/\/www.urlaub-auf-madagaskar.com\/en\/wp-json\/wp\/v2\/comments?post=1387"}],"version-history":[{"count":0,"href":"https:\/\/www.urlaub-auf-madagaskar.com\/en\/wp-json\/wp\/v2\/pages\/1387\/revisions"}],"wp:featuredmedia":[{"embeddable":true,"href":"https:\/\/www.urlaub-auf-madagaskar.com\/en\/wp-json\/wp\/v2\/media\/2314"}],"wp:attachment":[{"href":"https:\/\/www.urlaub-auf-madagaskar.com\/en\/wp-json\/wp\/v2\/media?parent=1387"}],"wp:term":[{"taxonomy":"category","embeddable":true,"href":"https:\/\/www.urlaub-auf-madagaskar.com\/en\/wp-json\/wp\/v2\/categories?post=1387"}],"curies":[{"name":"wp","href":"https:\/\/api.w.org\/{rel}","templated":true}]}}